{"id":9443,"date":"2020-11-27T11:44:08","date_gmt":"2020-11-27T16:44:08","guid":{"rendered":"https:\/\/inducom.us\/?post_type=product&#038;p=9443"},"modified":"2023-05-17T16:24:09","modified_gmt":"2023-05-17T21:24:09","slug":"submersible-pumps","status":"publish","type":"product","link":"https:\/\/www.grupo-inducom.com\/us\/product\/submersible-pumps\/","title":{"rendered":"Submersible pumps"},"content":{"rendered":"<p><span style=\"vertical-align: inherit;\"><span style=\"vertical-align: inherit;\"><span style=\"vertical-align: inherit;\"><span style=\"vertical-align: inherit;\">Estamos clasificados entre las principales empresas que se dedican a distribuir y suministrar una colecci\u00f3n de bombas sumergibles CRI 3P de 52 etapas de 5 HP de excelente calidad en Hyderabad, Telangana, India. <\/span><\/span><\/span><span style=\"vertical-align: inherit;\"><span style=\"vertical-align: inherit;\"><span style=\"vertical-align: inherit;\">Para conservar su calidad \u00f3ptima, nuestros proveedores fabrican esta gama utilizando materiales de la m\u00e1s alta calidad y tecnolog\u00eda contempor\u00e1nea. <\/span><\/span><\/span><span style=\"vertical-align: inherit;\"><span style=\"vertical-align: inherit;\"><span style=\"vertical-align: inherit;\">Nuestra gama ofrece gran demandada en el mercado por presentar variados atributos como durabilidad y dise\u00f1o compacto. <\/span><\/span><\/span><span style=\"vertical-align: inherit;\"><span style=\"vertical-align: inherit;\"><span style=\"vertical-align: inherit;\">Los clientes pueden hacer uso de toda la gama de nosotros a precios l\u00edderes en el mercado.<\/span><\/span><\/span><\/span><\/p>\n<p>&nbsp;<\/p>\n","protected":false},"excerpt":{"rendered":"<p>&nbsp;<\/p>\n<p><img loading=\"lazy\" decoding=\"async\" class=\"alignnone size-medium wp-image-9833\" src=\"https:\/\/inducom.us\/wp-content\/uploads\/2020\/11\/EKKI-Header-Logo-768x387-1-300x151.png\" alt=\"\" width=\"300\" height=\"151\" \/><\/p>\n<p><span style=\"vertical-align: inherit;\"><span style=\"vertical-align: inherit;\">Esta serie de bombas se aplica en la industria, la agricultura, la miner\u00eda, la construcci\u00f3n, las obras municipales y la protecci\u00f3n del medio ambiente. <\/span><span style=\"vertical-align: inherit;\">Son aptas para bombear agua particulada, fibras cortas, trozos de papel, aguas sucias, aguas residuales, lodos y esti\u00e9rcol. <\/span><span style=\"vertical-align: inherit;\">Por otro lado, se utilizan para riego y drenaje agr\u00edcola, limpieza de sedimentos de piscinas y obras de construcci\u00f3n, pero no son adecuados para aplicaciones a prueba de explosiones.<\/span><\/span><\/p>\n<p>&nbsp;<\/p>\n<p><span style=\"vertical-align: inherit;\"><span style=\"vertical-align: inherit;\">[mkdf_button size=&#8221;&#8221; type=&#8221;&#8221; text=&#8221;Folleto General&#8221; custom_class=&#8221;&#8221; icon_pack=&#8221;font_awesome&#8221; fa_icon=&#8221;&#8221; link=&#8221;https:\/\/inducom.us\/wp-content\/uploads\/2020\/11\/ Sub-Bomba-Cat\u00e1logo-60Hz-Inducom.pdf&#8221; target=&#8221;_self&#8221; color=&#8221;&#8221; hover_color=&#8221;&#8221; background_color=&#8221;&#8221; hover_background_color=&#8221;&#8221; border_color=&#8221;&#8221; hover_border_color=&#8221;&#8221; font_size=&#8221;&#8221; font_weight=&#8221;&#8221; margin =&#8221;&#8221;]<\/span><\/span><\/p>\n<p>&nbsp;<\/p>\n","protected":false},"featured_media":229083,"comment_status":"open","ping_status":"closed","template":"","meta":{"_acf_changed":false,"_et_pb_use_builder":"","_et_pb_old_content":"","_et_gb_content_width":"","content-type":""},"product_brand":[],"product_cat":[102],"product_tag":[],"class_list":{"0":"post-9443","1":"product","2":"type-product","3":"status-publish","4":"has-post-thumbnail","6":"product_cat-centrifugal-pumps","8":"first","9":"instock","10":"shipping-taxable","11":"product-type-simple"},"acf":[],"yoast_head":"<!-- This site is optimized with the Yoast SEO plugin v27.4 - https:\/\/yoast.com\/product\/yoast-seo-wordpress\/ -->\n<title>Submersible pumps - Inducom USA<\/title>\n<meta name=\"robots\" content=\"index, follow, max-snippet:-1, max-image-preview:large, max-video-preview:-1\" \/>\n<link rel=\"canonical\" href=\"https:\/\/www.grupo-inducom.com\/us\/product\/submersible-pumps\/\" \/>\n<meta property=\"og:locale\" content=\"en_US\" \/>\n<meta property=\"og:type\" content=\"article\" \/>\n<meta property=\"og:title\" content=\"Submersible pumps - Inducom USA\" \/>\n<meta property=\"og:description\" content=\"&nbsp;    Esta serie de bombas se aplica en la industria, la agricultura, la miner\u00eda, la construcci\u00f3n, las obras municipales y la protecci\u00f3n del medio ambiente. Son aptas para bombear agua particulada, fibras cortas, trozos de papel, aguas sucias, aguas residuales, lodos y esti\u00e9rcol. Por otro lado, se utilizan para riego y drenaje agr\u00edcola, limpieza de sedimentos de piscinas y obras de construcci\u00f3n, pero no son adecuados para aplicaciones a prueba de explosiones.  &nbsp;  [mkdf_button size=&quot;&quot; type=&quot;&quot; text=&quot;Folleto General&quot; custom_class=&quot;&quot; icon_pack=&quot;font_awesome&quot; fa_icon=&quot;&quot; link=&quot;https:\/\/inducom.us\/wp-content\/uploads\/2020\/11\/ Sub-Bomba-Cat\u00e1logo-60Hz-Inducom.pdf&quot; target=&quot;_self&quot; color=&quot;&quot; hover_color=&quot;&quot; background_color=&quot;&quot; hover_background_color=&quot;&quot; border_color=&quot;&quot; hover_border_color=&quot;&quot; font_size=&quot;&quot; font_weight=&quot;&quot; margin =&quot;&quot;]  &nbsp;\" \/>\n<meta property=\"og:url\" content=\"https:\/\/www.grupo-inducom.com\/us\/product\/submersible-pumps\/\" \/>\n<meta property=\"og:site_name\" content=\"Inducom USA\" \/>\n<meta property=\"article:modified_time\" content=\"2023-05-17T21:24:09+00:00\" \/>\n<meta property=\"og:image\" content=\"http:\/\/www.grupo-inducom.com\/us\/wp-content\/uploads\/sites\/6\/2023\/05\/Inner-Main-Borehole-Submersibles-1-1.jpg\" \/>\n\t<meta property=\"og:image:width\" content=\"420\" \/>\n\t<meta property=\"og:image:height\" content=\"320\" \/>\n\t<meta property=\"og:image:type\" content=\"image\/jpeg\" \/>\n<meta name=\"twitter:card\" content=\"summary_large_image\" \/>\n<script type=\"application\/ld+json\" class=\"yoast-schema-graph\">{\"@context\":\"https:\\\/\\\/schema.org\",\"@graph\":[{\"@type\":\"WebPage\",\"@id\":\"https:\\\/\\\/www.grupo-inducom.com\\\/us\\\/product\\\/submersible-pumps\\\/\",\"url\":\"https:\\\/\\\/www.grupo-inducom.com\\\/us\\\/product\\\/submersible-pumps\\\/\",\"name\":\"Submersible pumps - Inducom USA\",\"isPartOf\":{\"@id\":\"https:\\\/\\\/www.grupo-inducom.com\\\/us\\\/#website\"},\"primaryImageOfPage\":{\"@id\":\"https:\\\/\\\/www.grupo-inducom.com\\\/us\\\/product\\\/submersible-pumps\\\/#primaryimage\"},\"image\":{\"@id\":\"https:\\\/\\\/www.grupo-inducom.com\\\/us\\\/product\\\/submersible-pumps\\\/#primaryimage\"},\"thumbnailUrl\":\"https:\\\/\\\/www.grupo-inducom.com\\\/us\\\/wp-content\\\/uploads\\\/sites\\\/6\\\/2023\\\/05\\\/Inner-Main-Borehole-Submersibles-1-1.jpg\",\"datePublished\":\"2020-11-27T16:44:08+00:00\",\"dateModified\":\"2023-05-17T21:24:09+00:00\",\"breadcrumb\":{\"@id\":\"https:\\\/\\\/www.grupo-inducom.com\\\/us\\\/product\\\/submersible-pumps\\\/#breadcrumb\"},\"inLanguage\":\"en-US\",\"potentialAction\":[{\"@type\":\"ReadAction\",\"target\":[\"https:\\\/\\\/www.grupo-inducom.com\\\/us\\\/product\\\/submersible-pumps\\\/\"]}]},{\"@type\":\"ImageObject\",\"inLanguage\":\"en-US\",\"@id\":\"https:\\\/\\\/www.grupo-inducom.com\\\/us\\\/product\\\/submersible-pumps\\\/#primaryimage\",\"url\":\"https:\\\/\\\/www.grupo-inducom.com\\\/us\\\/wp-content\\\/uploads\\\/sites\\\/6\\\/2023\\\/05\\\/Inner-Main-Borehole-Submersibles-1-1.jpg\",\"contentUrl\":\"https:\\\/\\\/www.grupo-inducom.com\\\/us\\\/wp-content\\\/uploads\\\/sites\\\/6\\\/2023\\\/05\\\/Inner-Main-Borehole-Submersibles-1-1.jpg\",\"width\":420,\"height\":320},{\"@type\":\"BreadcrumbList\",\"@id\":\"https:\\\/\\\/www.grupo-inducom.com\\\/us\\\/product\\\/submersible-pumps\\\/#breadcrumb\",\"itemListElement\":[{\"@type\":\"ListItem\",\"position\":1,\"name\":\"Portada\",\"item\":\"https:\\\/\\\/www.grupo-inducom.com\\\/us\\\/\"},{\"@type\":\"ListItem\",\"position\":2,\"name\":\"Products\",\"item\":\"https:\\\/\\\/www.grupo-inducom.com\\\/us\\\/shop\\\/\"},{\"@type\":\"ListItem\",\"position\":3,\"name\":\"Submersible pumps\"}]},{\"@type\":\"WebSite\",\"@id\":\"https:\\\/\\\/www.grupo-inducom.com\\\/us\\\/#website\",\"url\":\"https:\\\/\\\/www.grupo-inducom.com\\\/us\\\/\",\"name\":\"Inducom USA\",\"description\":\"\",\"potentialAction\":[{\"@type\":\"SearchAction\",\"target\":{\"@type\":\"EntryPoint\",\"urlTemplate\":\"https:\\\/\\\/www.grupo-inducom.com\\\/us\\\/?s={search_term_string}\"},\"query-input\":{\"@type\":\"PropertyValueSpecification\",\"valueRequired\":true,\"valueName\":\"search_term_string\"}}],\"inLanguage\":\"en-US\"}]}<\/script>\n<!-- \/ Yoast SEO plugin. -->","yoast_head_json":{"title":"Submersible pumps - Inducom USA","robots":{"index":"index","follow":"follow","max-snippet":"max-snippet:-1","max-image-preview":"max-image-preview:large","max-video-preview":"max-video-preview:-1"},"canonical":"https:\/\/www.grupo-inducom.com\/us\/product\/submersible-pumps\/","og_locale":"en_US","og_type":"article","og_title":"Submersible pumps - Inducom USA","og_description":"&nbsp;    Esta serie de bombas se aplica en la industria, la agricultura, la miner\u00eda, la construcci\u00f3n, las obras municipales y la protecci\u00f3n del medio ambiente. Son aptas para bombear agua particulada, fibras cortas, trozos de papel, aguas sucias, aguas residuales, lodos y esti\u00e9rcol. Por otro lado, se utilizan para riego y drenaje agr\u00edcola, limpieza de sedimentos de piscinas y obras de construcci\u00f3n, pero no son adecuados para aplicaciones a prueba de explosiones.  &nbsp;  [mkdf_button size=\"\" type=\"\" text=\"Folleto General\" custom_class=\"\" icon_pack=\"font_awesome\" fa_icon=\"\" link=\"https:\/\/inducom.us\/wp-content\/uploads\/2020\/11\/ Sub-Bomba-Cat\u00e1logo-60Hz-Inducom.pdf\" target=\"_self\" color=\"\" hover_color=\"\" background_color=\"\" hover_background_color=\"\" border_color=\"\" hover_border_color=\"\" font_size=\"\" font_weight=\"\" margin =\"\"]  &nbsp;","og_url":"https:\/\/www.grupo-inducom.com\/us\/product\/submersible-pumps\/","og_site_name":"Inducom USA","article_modified_time":"2023-05-17T21:24:09+00:00","og_image":[{"width":420,"height":320,"url":"http:\/\/www.grupo-inducom.com\/us\/wp-content\/uploads\/sites\/6\/2023\/05\/Inner-Main-Borehole-Submersibles-1-1.jpg","type":"image\/jpeg"}],"twitter_card":"summary_large_image","schema":{"@context":"https:\/\/schema.org","@graph":[{"@type":"WebPage","@id":"https:\/\/www.grupo-inducom.com\/us\/product\/submersible-pumps\/","url":"https:\/\/www.grupo-inducom.com\/us\/product\/submersible-pumps\/","name":"Submersible pumps - Inducom USA","isPartOf":{"@id":"https:\/\/www.grupo-inducom.com\/us\/#website"},"primaryImageOfPage":{"@id":"https:\/\/www.grupo-inducom.com\/us\/product\/submersible-pumps\/#primaryimage"},"image":{"@id":"https:\/\/www.grupo-inducom.com\/us\/product\/submersible-pumps\/#primaryimage"},"thumbnailUrl":"https:\/\/www.grupo-inducom.com\/us\/wp-content\/uploads\/sites\/6\/2023\/05\/Inner-Main-Borehole-Submersibles-1-1.jpg","datePublished":"2020-11-27T16:44:08+00:00","dateModified":"2023-05-17T21:24:09+00:00","breadcrumb":{"@id":"https:\/\/www.grupo-inducom.com\/us\/product\/submersible-pumps\/#breadcrumb"},"inLanguage":"en-US","potentialAction":[{"@type":"ReadAction","target":["https:\/\/www.grupo-inducom.com\/us\/product\/submersible-pumps\/"]}]},{"@type":"ImageObject","inLanguage":"en-US","@id":"https:\/\/www.grupo-inducom.com\/us\/product\/submersible-pumps\/#primaryimage","url":"https:\/\/www.grupo-inducom.com\/us\/wp-content\/uploads\/sites\/6\/2023\/05\/Inner-Main-Borehole-Submersibles-1-1.jpg","contentUrl":"https:\/\/www.grupo-inducom.com\/us\/wp-content\/uploads\/sites\/6\/2023\/05\/Inner-Main-Borehole-Submersibles-1-1.jpg","width":420,"height":320},{"@type":"BreadcrumbList","@id":"https:\/\/www.grupo-inducom.com\/us\/product\/submersible-pumps\/#breadcrumb","itemListElement":[{"@type":"ListItem","position":1,"name":"Portada","item":"https:\/\/www.grupo-inducom.com\/us\/"},{"@type":"ListItem","position":2,"name":"Products","item":"https:\/\/www.grupo-inducom.com\/us\/shop\/"},{"@type":"ListItem","position":3,"name":"Submersible pumps"}]},{"@type":"WebSite","@id":"https:\/\/www.grupo-inducom.com\/us\/#website","url":"https:\/\/www.grupo-inducom.com\/us\/","name":"Inducom USA","description":"","potentialAction":[{"@type":"SearchAction","target":{"@type":"EntryPoint","urlTemplate":"https:\/\/www.grupo-inducom.com\/us\/?s={search_term_string}"},"query-input":{"@type":"PropertyValueSpecification","valueRequired":true,"valueName":"search_term_string"}}],"inLanguage":"en-US"}]}},"_links":{"self":[{"href":"https:\/\/www.grupo-inducom.com\/us\/wp-json\/wp\/v2\/product\/9443","targetHints":{"allow":["GET"]}}],"collection":[{"href":"https:\/\/www.grupo-inducom.com\/us\/wp-json\/wp\/v2\/product"}],"about":[{"href":"https:\/\/www.grupo-inducom.com\/us\/wp-json\/wp\/v2\/types\/product"}],"replies":[{"embeddable":true,"href":"https:\/\/www.grupo-inducom.com\/us\/wp-json\/wp\/v2\/comments?post=9443"}],"wp:featuredmedia":[{"embeddable":true,"href":"https:\/\/www.grupo-inducom.com\/us\/wp-json\/wp\/v2\/media\/229083"}],"wp:attachment":[{"href":"https:\/\/www.grupo-inducom.com\/us\/wp-json\/wp\/v2\/media?parent=9443"}],"wp:term":[{"taxonomy":"product_brand","embeddable":true,"href":"https:\/\/www.grupo-inducom.com\/us\/wp-json\/wp\/v2\/product_brand?post=9443"},{"taxonomy":"product_cat","embeddable":true,"href":"https:\/\/www.grupo-inducom.com\/us\/wp-json\/wp\/v2\/product_cat?post=9443"},{"taxonomy":"product_tag","embeddable":true,"href":"https:\/\/www.grupo-inducom.com\/us\/wp-json\/wp\/v2\/product_tag?post=9443"}],"curies":[{"name":"wp","href":"https:\/\/api.w.org\/{rel}","templated":true}]}}