{"id":876,"date":"2023-05-04T09:09:48","date_gmt":"2023-05-04T14:09:48","guid":{"rendered":"https:\/\/www.grupo-inducom.com\/?post_type=product&#038;p=876"},"modified":"2023-06-02T11:39:26","modified_gmt":"2023-06-02T16:39:26","slug":"bomba-sanitaria-de-piston-circunferencial-fda","status":"publish","type":"product","link":"https:\/\/www.grupo-inducom.com\/pe\/producto\/bomba-sanitaria-de-piston-circunferencial-fda\/","title":{"rendered":"Bomba Sanitaria de Pist\u00f3n Circunferencial &#8211; FDA"},"content":{"rendered":"<p>La bomba sanitaria de pist\u00f3n circunferencial ZP1 es el caballo de batalla de la industria. Con un dise\u00f1o probado y las caracter\u00edsticas adicionales que ofrece Inducom junto con la marca Ampco Pumps, el ZP1 es una opci\u00f3n simple.<\/p>\n<p>Popular en todo el mundo, pues se podr\u00eda decir que es UNIVERSAL, la bomba sanitaria ZP1 disponible en Ecuador tiene una gran base instalada tanto en aplicaciones sanitarias como no sanitarias.<\/p>\n<p>Con modificaciones de sello como el sello de doble labio de PTFE, el ZP1 est\u00e1 dedicado a las aplicaciones m\u00e1s dif\u00edciles, como el procesamiento de chocolate y pintura. El ZP1 es muy adecuado para aplicaciones sanitarias industriales y qu\u00edmicas y se usa com\u00fanmente en las industrias de petr\u00f3leo, gas y fracking. Ofreciendo una versatilidad impresionante, durabilidad y resistencia al desgaste qu\u00edmico, el ZP1 cumple con los est\u00e1ndares sanitarios 3A.<\/p>\n","protected":false},"excerpt":{"rendered":"<p>Marca: AMPCO<\/p>\n<p><strong>Presi\u00f3n m\u00e1xima de descarga: <\/strong>BARRA 225 PSI \/ 15.5<br \/>\n<strong>Caudal m\u00e1ximo: \u00a0<\/strong>452 GPM \/ 103 m<sup>3<\/sup>\/ Hr<br \/>\n<strong>Max Viscosidad: \u00a0<\/strong>1,000,000 cP<\/p>\n<p>Caja de engranajes de acero inoxidable 304<\/p>\n<p>Aleaci\u00f3n 88 Rotores sin agallas<\/p>\n<p>Retenedores de rodamiento de acero inoxidable<\/p>\n<p>Ejes 17-4ph: m\u00e1s de 3 veces el l\u00edmite el\u00e1stico de 316<\/p>\n<p>Engranajes helicoidales<\/p>\n","protected":false},"featured_media":230681,"comment_status":"open","ping_status":"closed","template":"","meta":{"_acf_changed":false,"_et_pb_use_builder":"","_et_pb_old_content":"","_et_gb_content_width":"","content-type":""},"product_brand":[],"product_cat":[42],"product_tag":[184],"class_list":{"0":"post-876","1":"product","2":"type-product","3":"status-publish","4":"has-post-thumbnail","6":"product_cat-bomba-de-desplazamiento-positivo","7":"product_tag-ampco","9":"first","10":"instock","11":"shipping-taxable","12":"product-type-simple"},"acf":[],"yoast_head":"<!-- This site is optimized with the Yoast SEO plugin v27.4 - https:\/\/yoast.com\/product\/yoast-seo-wordpress\/ -->\n<title>Bomba Sanitaria de Pist\u00f3n Circunferencial - FDA - Inducom Peru<\/title>\n<meta name=\"robots\" content=\"index, follow, max-snippet:-1, max-image-preview:large, max-video-preview:-1\" \/>\n<link rel=\"canonical\" href=\"https:\/\/www.grupo-inducom.com\/pe\/producto\/bomba-sanitaria-de-piston-circunferencial-fda\/\" \/>\n<meta property=\"og:locale\" content=\"es_ES\" \/>\n<meta property=\"og:type\" content=\"article\" \/>\n<meta property=\"og:title\" content=\"Bomba Sanitaria de Pist\u00f3n Circunferencial - FDA - Inducom Peru\" \/>\n<meta property=\"og:description\" content=\"Marca: AMPCO  Presi\u00f3n m\u00e1xima de descarga: BARRA 225 PSI \/ 15.5 Caudal m\u00e1ximo: \u00a0452 GPM \/ 103 m3\/ Hr Max Viscosidad: \u00a01,000,000 cP  Caja de engranajes de acero inoxidable 304  Aleaci\u00f3n 88 Rotores sin agallas  Retenedores de rodamiento de acero inoxidable  Ejes 17-4ph: m\u00e1s de 3 veces el l\u00edmite el\u00e1stico de 316  Engranajes helicoidales\" \/>\n<meta property=\"og:url\" content=\"https:\/\/www.grupo-inducom.com\/pe\/producto\/bomba-sanitaria-de-piston-circunferencial-fda\/\" \/>\n<meta property=\"og:site_name\" content=\"Inducom Peru\" \/>\n<meta property=\"article:modified_time\" content=\"2023-06-02T16:39:26+00:00\" \/>\n<meta property=\"og:image\" content=\"http:\/\/www.grupo-inducom.com\/pe\/wp-content\/uploads\/sites\/3\/2023\/05\/BOMBA-PISTON-CIRCUNFERENCIAL-3-AMPCO.png\" \/>\n\t<meta property=\"og:image:width\" content=\"600\" \/>\n\t<meta property=\"og:image:height\" content=\"450\" \/>\n\t<meta property=\"og:image:type\" content=\"image\/png\" \/>\n<meta name=\"twitter:card\" content=\"summary_large_image\" \/>\n<meta name=\"twitter:label1\" content=\"Est. reading time\" \/>\n\t<meta name=\"twitter:data1\" content=\"1 minuto\" \/>\n<script type=\"application\/ld+json\" class=\"yoast-schema-graph\">{\"@context\":\"https:\\\/\\\/schema.org\",\"@graph\":[{\"@type\":\"WebPage\",\"@id\":\"https:\\\/\\\/www.grupo-inducom.com\\\/pe\\\/producto\\\/bomba-sanitaria-de-piston-circunferencial-fda\\\/\",\"url\":\"https:\\\/\\\/www.grupo-inducom.com\\\/pe\\\/producto\\\/bomba-sanitaria-de-piston-circunferencial-fda\\\/\",\"name\":\"Bomba Sanitaria de Pist\u00f3n Circunferencial - FDA - Inducom Peru\",\"isPartOf\":{\"@id\":\"https:\\\/\\\/www.grupo-inducom.com\\\/pe\\\/#website\"},\"primaryImageOfPage\":{\"@id\":\"https:\\\/\\\/www.grupo-inducom.com\\\/pe\\\/producto\\\/bomba-sanitaria-de-piston-circunferencial-fda\\\/#primaryimage\"},\"image\":{\"@id\":\"https:\\\/\\\/www.grupo-inducom.com\\\/pe\\\/producto\\\/bomba-sanitaria-de-piston-circunferencial-fda\\\/#primaryimage\"},\"thumbnailUrl\":\"https:\\\/\\\/www.grupo-inducom.com\\\/pe\\\/wp-content\\\/uploads\\\/sites\\\/3\\\/2023\\\/05\\\/BOMBA-PISTON-CIRCUNFERENCIAL-3-AMPCO-1.png\",\"datePublished\":\"2023-05-04T14:09:48+00:00\",\"dateModified\":\"2023-06-02T16:39:26+00:00\",\"breadcrumb\":{\"@id\":\"https:\\\/\\\/www.grupo-inducom.com\\\/pe\\\/producto\\\/bomba-sanitaria-de-piston-circunferencial-fda\\\/#breadcrumb\"},\"inLanguage\":\"es-PE\",\"potentialAction\":[{\"@type\":\"ReadAction\",\"target\":[\"https:\\\/\\\/www.grupo-inducom.com\\\/pe\\\/producto\\\/bomba-sanitaria-de-piston-circunferencial-fda\\\/\"]}]},{\"@type\":\"ImageObject\",\"inLanguage\":\"es-PE\",\"@id\":\"https:\\\/\\\/www.grupo-inducom.com\\\/pe\\\/producto\\\/bomba-sanitaria-de-piston-circunferencial-fda\\\/#primaryimage\",\"url\":\"https:\\\/\\\/www.grupo-inducom.com\\\/pe\\\/wp-content\\\/uploads\\\/sites\\\/3\\\/2023\\\/05\\\/BOMBA-PISTON-CIRCUNFERENCIAL-3-AMPCO-1.png\",\"contentUrl\":\"https:\\\/\\\/www.grupo-inducom.com\\\/pe\\\/wp-content\\\/uploads\\\/sites\\\/3\\\/2023\\\/05\\\/BOMBA-PISTON-CIRCUNFERENCIAL-3-AMPCO-1.png\",\"width\":600,\"height\":450},{\"@type\":\"BreadcrumbList\",\"@id\":\"https:\\\/\\\/www.grupo-inducom.com\\\/pe\\\/producto\\\/bomba-sanitaria-de-piston-circunferencial-fda\\\/#breadcrumb\",\"itemListElement\":[{\"@type\":\"ListItem\",\"position\":1,\"name\":\"Portada\",\"item\":\"https:\\\/\\\/www.grupo-inducom.com\\\/pe\\\/\"},{\"@type\":\"ListItem\",\"position\":2,\"name\":\"Tienda\",\"item\":\"https:\\\/\\\/www.grupo-inducom.com\\\/pe\\\/tienda\\\/\"},{\"@type\":\"ListItem\",\"position\":3,\"name\":\"Bomba Sanitaria de Pist\u00f3n Circunferencial &#8211; FDA\"}]},{\"@type\":\"WebSite\",\"@id\":\"https:\\\/\\\/www.grupo-inducom.com\\\/pe\\\/#website\",\"url\":\"https:\\\/\\\/www.grupo-inducom.com\\\/pe\\\/\",\"name\":\"Inducom Peru\",\"description\":\"\",\"potentialAction\":[{\"@type\":\"SearchAction\",\"target\":{\"@type\":\"EntryPoint\",\"urlTemplate\":\"https:\\\/\\\/www.grupo-inducom.com\\\/pe\\\/?s={search_term_string}\"},\"query-input\":{\"@type\":\"PropertyValueSpecification\",\"valueRequired\":true,\"valueName\":\"search_term_string\"}}],\"inLanguage\":\"es-PE\"}]}<\/script>\n<!-- \/ Yoast SEO plugin. -->","yoast_head_json":{"title":"Bomba Sanitaria de Pist\u00f3n Circunferencial - FDA - Inducom Peru","robots":{"index":"index","follow":"follow","max-snippet":"max-snippet:-1","max-image-preview":"max-image-preview:large","max-video-preview":"max-video-preview:-1"},"canonical":"https:\/\/www.grupo-inducom.com\/pe\/producto\/bomba-sanitaria-de-piston-circunferencial-fda\/","og_locale":"es_ES","og_type":"article","og_title":"Bomba Sanitaria de Pist\u00f3n Circunferencial - FDA - Inducom Peru","og_description":"Marca: AMPCO  Presi\u00f3n m\u00e1xima de descarga: BARRA 225 PSI \/ 15.5 Caudal m\u00e1ximo: \u00a0452 GPM \/ 103 m3\/ Hr Max Viscosidad: \u00a01,000,000 cP  Caja de engranajes de acero inoxidable 304  Aleaci\u00f3n 88 Rotores sin agallas  Retenedores de rodamiento de acero inoxidable  Ejes 17-4ph: m\u00e1s de 3 veces el l\u00edmite el\u00e1stico de 316  Engranajes helicoidales","og_url":"https:\/\/www.grupo-inducom.com\/pe\/producto\/bomba-sanitaria-de-piston-circunferencial-fda\/","og_site_name":"Inducom Peru","article_modified_time":"2023-06-02T16:39:26+00:00","og_image":[{"width":600,"height":450,"url":"http:\/\/www.grupo-inducom.com\/pe\/wp-content\/uploads\/sites\/3\/2023\/05\/BOMBA-PISTON-CIRCUNFERENCIAL-3-AMPCO.png","type":"image\/png"}],"twitter_card":"summary_large_image","twitter_misc":{"Est. reading time":"1 minuto"},"schema":{"@context":"https:\/\/schema.org","@graph":[{"@type":"WebPage","@id":"https:\/\/www.grupo-inducom.com\/pe\/producto\/bomba-sanitaria-de-piston-circunferencial-fda\/","url":"https:\/\/www.grupo-inducom.com\/pe\/producto\/bomba-sanitaria-de-piston-circunferencial-fda\/","name":"Bomba Sanitaria de Pist\u00f3n Circunferencial - FDA - Inducom Peru","isPartOf":{"@id":"https:\/\/www.grupo-inducom.com\/pe\/#website"},"primaryImageOfPage":{"@id":"https:\/\/www.grupo-inducom.com\/pe\/producto\/bomba-sanitaria-de-piston-circunferencial-fda\/#primaryimage"},"image":{"@id":"https:\/\/www.grupo-inducom.com\/pe\/producto\/bomba-sanitaria-de-piston-circunferencial-fda\/#primaryimage"},"thumbnailUrl":"https:\/\/www.grupo-inducom.com\/pe\/wp-content\/uploads\/sites\/3\/2023\/05\/BOMBA-PISTON-CIRCUNFERENCIAL-3-AMPCO-1.png","datePublished":"2023-05-04T14:09:48+00:00","dateModified":"2023-06-02T16:39:26+00:00","breadcrumb":{"@id":"https:\/\/www.grupo-inducom.com\/pe\/producto\/bomba-sanitaria-de-piston-circunferencial-fda\/#breadcrumb"},"inLanguage":"es-PE","potentialAction":[{"@type":"ReadAction","target":["https:\/\/www.grupo-inducom.com\/pe\/producto\/bomba-sanitaria-de-piston-circunferencial-fda\/"]}]},{"@type":"ImageObject","inLanguage":"es-PE","@id":"https:\/\/www.grupo-inducom.com\/pe\/producto\/bomba-sanitaria-de-piston-circunferencial-fda\/#primaryimage","url":"https:\/\/www.grupo-inducom.com\/pe\/wp-content\/uploads\/sites\/3\/2023\/05\/BOMBA-PISTON-CIRCUNFERENCIAL-3-AMPCO-1.png","contentUrl":"https:\/\/www.grupo-inducom.com\/pe\/wp-content\/uploads\/sites\/3\/2023\/05\/BOMBA-PISTON-CIRCUNFERENCIAL-3-AMPCO-1.png","width":600,"height":450},{"@type":"BreadcrumbList","@id":"https:\/\/www.grupo-inducom.com\/pe\/producto\/bomba-sanitaria-de-piston-circunferencial-fda\/#breadcrumb","itemListElement":[{"@type":"ListItem","position":1,"name":"Portada","item":"https:\/\/www.grupo-inducom.com\/pe\/"},{"@type":"ListItem","position":2,"name":"Tienda","item":"https:\/\/www.grupo-inducom.com\/pe\/tienda\/"},{"@type":"ListItem","position":3,"name":"Bomba Sanitaria de Pist\u00f3n Circunferencial &#8211; FDA"}]},{"@type":"WebSite","@id":"https:\/\/www.grupo-inducom.com\/pe\/#website","url":"https:\/\/www.grupo-inducom.com\/pe\/","name":"Inducom Peru","description":"","potentialAction":[{"@type":"SearchAction","target":{"@type":"EntryPoint","urlTemplate":"https:\/\/www.grupo-inducom.com\/pe\/?s={search_term_string}"},"query-input":{"@type":"PropertyValueSpecification","valueRequired":true,"valueName":"search_term_string"}}],"inLanguage":"es-PE"}]}},"_links":{"self":[{"href":"https:\/\/www.grupo-inducom.com\/pe\/wp-json\/wp\/v2\/product\/876","targetHints":{"allow":["GET"]}}],"collection":[{"href":"https:\/\/www.grupo-inducom.com\/pe\/wp-json\/wp\/v2\/product"}],"about":[{"href":"https:\/\/www.grupo-inducom.com\/pe\/wp-json\/wp\/v2\/types\/product"}],"replies":[{"embeddable":true,"href":"https:\/\/www.grupo-inducom.com\/pe\/wp-json\/wp\/v2\/comments?post=876"}],"wp:featuredmedia":[{"embeddable":true,"href":"https:\/\/www.grupo-inducom.com\/pe\/wp-json\/wp\/v2\/media\/230681"}],"wp:attachment":[{"href":"https:\/\/www.grupo-inducom.com\/pe\/wp-json\/wp\/v2\/media?parent=876"}],"wp:term":[{"taxonomy":"product_brand","embeddable":true,"href":"https:\/\/www.grupo-inducom.com\/pe\/wp-json\/wp\/v2\/product_brand?post=876"},{"taxonomy":"product_cat","embeddable":true,"href":"https:\/\/www.grupo-inducom.com\/pe\/wp-json\/wp\/v2\/product_cat?post=876"},{"taxonomy":"product_tag","embeddable":true,"href":"https:\/\/www.grupo-inducom.com\/pe\/wp-json\/wp\/v2\/product_tag?post=876"}],"curies":[{"name":"wp","href":"https:\/\/api.w.org\/{rel}","templated":true}]}}