{"id":230782,"date":"2023-06-08T08:40:35","date_gmt":"2023-06-08T13:40:35","guid":{"rendered":"https:\/\/www.grupo-inducom.com\/pe\/?post_type=product&#038;p=230782"},"modified":"2023-06-08T08:44:03","modified_gmt":"2023-06-08T13:44:03","slug":"sello-del-eje-rotatorio-del-mezclador-de-la-serie-split-9700","status":"publish","type":"product","link":"https:\/\/www.grupo-inducom.com\/pe\/producto\/sello-del-eje-rotatorio-del-mezclador-de-la-serie-split-9700\/","title":{"rendered":"Sello del eje rotatorio del mezclador de la serie Split 9700"},"content":{"rendered":"<p>El sello del eje giratorio de la serie 9700 para batidoras y licuadoras industriales se fabrica con acero inoxidable, y todas las partes internas cumplen con los est\u00e1ndares de la FDA para el contacto indirecto con alimentos. Estos sellos mec\u00e1nicos divididos se recomiendan en industrias como la fabricaci\u00f3n de alimentos, queso, especias y saborizantes, as\u00ed como en la industria farmac\u00e9utica y qu\u00edmica, donde se requiere acero inoxidable para manejar lavados c\u00e1usticos y cumplir con los requisitos de higiene. Cada componente del sello est\u00e1 dise\u00f1ado de manera dividida para facilitar la instalaci\u00f3n y las conversiones en equipos de mezcla.<\/p>\n<p>Muchas mezcladoras, licuadoras y secadoras de gran tama\u00f1o se pueden convertir f\u00e1cilmente del empaque mec\u00e1nico al sello del eje giratorio de la serie 9700. Gracias a su dise\u00f1o adaptable, podemos ofrecer este sello a un precio muy econ\u00f3mico, lo que permite obtener un r\u00e1pido retorno de la inversi\u00f3n.<\/p>\n","protected":false},"excerpt":{"rendered":"<ul>\n<li>Desmontable f\u00e1cilmente para una limpieza peri\u00f3dica.<\/li>\n<li>Kits de reconstrucci\u00f3n econ\u00f3micos disponibles para requisitos de saneamiento.<\/li>\n<li>Dise\u00f1o totalmente met\u00e1lico para un servicio confiable y duradero.<\/li>\n<\/ul>\n","protected":false},"featured_media":230783,"comment_status":"open","ping_status":"closed","template":"","meta":{"_acf_changed":false,"_et_pb_use_builder":"","_et_pb_old_content":"","_et_gb_content_width":"","content-type":""},"product_brand":[],"product_cat":[66],"product_tag":[219],"class_list":{"0":"post-230782","1":"product","2":"type-product","3":"status-publish","4":"has-post-thumbnail","6":"product_cat-bombas-centrifugas","7":"product_tag-cinchseal","9":"first","10":"instock","11":"shipping-taxable","12":"product-type-simple"},"acf":[],"yoast_head":"<!-- This site is optimized with the Yoast SEO plugin v27.4 - https:\/\/yoast.com\/product\/yoast-seo-wordpress\/ -->\n<title>Sello del eje rotatorio del mezclador de la serie Split 9700 - Inducom Peru<\/title>\n<meta name=\"robots\" content=\"index, follow, max-snippet:-1, max-image-preview:large, max-video-preview:-1\" \/>\n<link rel=\"canonical\" href=\"https:\/\/www.grupo-inducom.com\/pe\/producto\/sello-del-eje-rotatorio-del-mezclador-de-la-serie-split-9700\/\" \/>\n<meta property=\"og:locale\" content=\"es_ES\" \/>\n<meta property=\"og:type\" content=\"article\" \/>\n<meta property=\"og:title\" content=\"Sello del eje rotatorio del mezclador de la serie Split 9700 - Inducom Peru\" \/>\n<meta property=\"og:description\" content=\"Desmontable f\u00e1cilmente para una limpieza peri\u00f3dica.  Kits de reconstrucci\u00f3n econ\u00f3micos disponibles para requisitos de saneamiento.  Dise\u00f1o totalmente met\u00e1lico para un servicio confiable y duradero.\" \/>\n<meta property=\"og:url\" content=\"https:\/\/www.grupo-inducom.com\/pe\/producto\/sello-del-eje-rotatorio-del-mezclador-de-la-serie-split-9700\/\" \/>\n<meta property=\"og:site_name\" content=\"Inducom Peru\" \/>\n<meta property=\"article:modified_time\" content=\"2023-06-08T13:44:03+00:00\" \/>\n<meta property=\"og:image\" content=\"http:\/\/www.grupo-inducom.com\/pe\/wp-content\/uploads\/sites\/3\/2023\/06\/9700-sanitary-mechanical-rotary-shaft-seal-2.webp\" \/>\n\t<meta property=\"og:image:width\" content=\"300\" \/>\n\t<meta property=\"og:image:height\" content=\"300\" \/>\n\t<meta property=\"og:image:type\" content=\"image\/webp\" \/>\n<meta name=\"twitter:card\" content=\"summary_large_image\" \/>\n<meta name=\"twitter:label1\" content=\"Est. reading time\" \/>\n\t<meta name=\"twitter:data1\" content=\"1 minuto\" \/>\n<script type=\"application\/ld+json\" class=\"yoast-schema-graph\">{\"@context\":\"https:\\\/\\\/schema.org\",\"@graph\":[{\"@type\":\"WebPage\",\"@id\":\"https:\\\/\\\/www.grupo-inducom.com\\\/pe\\\/producto\\\/sello-del-eje-rotatorio-del-mezclador-de-la-serie-split-9700\\\/\",\"url\":\"https:\\\/\\\/www.grupo-inducom.com\\\/pe\\\/producto\\\/sello-del-eje-rotatorio-del-mezclador-de-la-serie-split-9700\\\/\",\"name\":\"Sello del eje rotatorio del mezclador de la serie Split 9700 - Inducom Peru\",\"isPartOf\":{\"@id\":\"https:\\\/\\\/www.grupo-inducom.com\\\/pe\\\/#website\"},\"primaryImageOfPage\":{\"@id\":\"https:\\\/\\\/www.grupo-inducom.com\\\/pe\\\/producto\\\/sello-del-eje-rotatorio-del-mezclador-de-la-serie-split-9700\\\/#primaryimage\"},\"image\":{\"@id\":\"https:\\\/\\\/www.grupo-inducom.com\\\/pe\\\/producto\\\/sello-del-eje-rotatorio-del-mezclador-de-la-serie-split-9700\\\/#primaryimage\"},\"thumbnailUrl\":\"https:\\\/\\\/www.grupo-inducom.com\\\/pe\\\/wp-content\\\/uploads\\\/sites\\\/3\\\/2023\\\/06\\\/9700-sanitary-mechanical-rotary-shaft-seal-2.webp\",\"datePublished\":\"2023-06-08T13:40:35+00:00\",\"dateModified\":\"2023-06-08T13:44:03+00:00\",\"breadcrumb\":{\"@id\":\"https:\\\/\\\/www.grupo-inducom.com\\\/pe\\\/producto\\\/sello-del-eje-rotatorio-del-mezclador-de-la-serie-split-9700\\\/#breadcrumb\"},\"inLanguage\":\"es-PE\",\"potentialAction\":[{\"@type\":\"ReadAction\",\"target\":[\"https:\\\/\\\/www.grupo-inducom.com\\\/pe\\\/producto\\\/sello-del-eje-rotatorio-del-mezclador-de-la-serie-split-9700\\\/\"]}]},{\"@type\":\"ImageObject\",\"inLanguage\":\"es-PE\",\"@id\":\"https:\\\/\\\/www.grupo-inducom.com\\\/pe\\\/producto\\\/sello-del-eje-rotatorio-del-mezclador-de-la-serie-split-9700\\\/#primaryimage\",\"url\":\"https:\\\/\\\/www.grupo-inducom.com\\\/pe\\\/wp-content\\\/uploads\\\/sites\\\/3\\\/2023\\\/06\\\/9700-sanitary-mechanical-rotary-shaft-seal-2.webp\",\"contentUrl\":\"https:\\\/\\\/www.grupo-inducom.com\\\/pe\\\/wp-content\\\/uploads\\\/sites\\\/3\\\/2023\\\/06\\\/9700-sanitary-mechanical-rotary-shaft-seal-2.webp\",\"width\":300,\"height\":300},{\"@type\":\"BreadcrumbList\",\"@id\":\"https:\\\/\\\/www.grupo-inducom.com\\\/pe\\\/producto\\\/sello-del-eje-rotatorio-del-mezclador-de-la-serie-split-9700\\\/#breadcrumb\",\"itemListElement\":[{\"@type\":\"ListItem\",\"position\":1,\"name\":\"Portada\",\"item\":\"https:\\\/\\\/www.grupo-inducom.com\\\/pe\\\/\"},{\"@type\":\"ListItem\",\"position\":2,\"name\":\"Tienda\",\"item\":\"https:\\\/\\\/www.grupo-inducom.com\\\/pe\\\/tienda\\\/\"},{\"@type\":\"ListItem\",\"position\":3,\"name\":\"Sello del eje rotatorio del mezclador de la serie Split 9700\"}]},{\"@type\":\"WebSite\",\"@id\":\"https:\\\/\\\/www.grupo-inducom.com\\\/pe\\\/#website\",\"url\":\"https:\\\/\\\/www.grupo-inducom.com\\\/pe\\\/\",\"name\":\"Inducom Peru\",\"description\":\"\",\"potentialAction\":[{\"@type\":\"SearchAction\",\"target\":{\"@type\":\"EntryPoint\",\"urlTemplate\":\"https:\\\/\\\/www.grupo-inducom.com\\\/pe\\\/?s={search_term_string}\"},\"query-input\":{\"@type\":\"PropertyValueSpecification\",\"valueRequired\":true,\"valueName\":\"search_term_string\"}}],\"inLanguage\":\"es-PE\"}]}<\/script>\n<!-- \/ Yoast SEO plugin. -->","yoast_head_json":{"title":"Sello del eje rotatorio del mezclador de la serie Split 9700 - Inducom Peru","robots":{"index":"index","follow":"follow","max-snippet":"max-snippet:-1","max-image-preview":"max-image-preview:large","max-video-preview":"max-video-preview:-1"},"canonical":"https:\/\/www.grupo-inducom.com\/pe\/producto\/sello-del-eje-rotatorio-del-mezclador-de-la-serie-split-9700\/","og_locale":"es_ES","og_type":"article","og_title":"Sello del eje rotatorio del mezclador de la serie Split 9700 - Inducom Peru","og_description":"Desmontable f\u00e1cilmente para una limpieza peri\u00f3dica.  Kits de reconstrucci\u00f3n econ\u00f3micos disponibles para requisitos de saneamiento.  Dise\u00f1o totalmente met\u00e1lico para un servicio confiable y duradero.","og_url":"https:\/\/www.grupo-inducom.com\/pe\/producto\/sello-del-eje-rotatorio-del-mezclador-de-la-serie-split-9700\/","og_site_name":"Inducom Peru","article_modified_time":"2023-06-08T13:44:03+00:00","og_image":[{"width":300,"height":300,"url":"http:\/\/www.grupo-inducom.com\/pe\/wp-content\/uploads\/sites\/3\/2023\/06\/9700-sanitary-mechanical-rotary-shaft-seal-2.webp","type":"image\/webp"}],"twitter_card":"summary_large_image","twitter_misc":{"Est. reading time":"1 minuto"},"schema":{"@context":"https:\/\/schema.org","@graph":[{"@type":"WebPage","@id":"https:\/\/www.grupo-inducom.com\/pe\/producto\/sello-del-eje-rotatorio-del-mezclador-de-la-serie-split-9700\/","url":"https:\/\/www.grupo-inducom.com\/pe\/producto\/sello-del-eje-rotatorio-del-mezclador-de-la-serie-split-9700\/","name":"Sello del eje rotatorio del mezclador de la serie Split 9700 - Inducom Peru","isPartOf":{"@id":"https:\/\/www.grupo-inducom.com\/pe\/#website"},"primaryImageOfPage":{"@id":"https:\/\/www.grupo-inducom.com\/pe\/producto\/sello-del-eje-rotatorio-del-mezclador-de-la-serie-split-9700\/#primaryimage"},"image":{"@id":"https:\/\/www.grupo-inducom.com\/pe\/producto\/sello-del-eje-rotatorio-del-mezclador-de-la-serie-split-9700\/#primaryimage"},"thumbnailUrl":"https:\/\/www.grupo-inducom.com\/pe\/wp-content\/uploads\/sites\/3\/2023\/06\/9700-sanitary-mechanical-rotary-shaft-seal-2.webp","datePublished":"2023-06-08T13:40:35+00:00","dateModified":"2023-06-08T13:44:03+00:00","breadcrumb":{"@id":"https:\/\/www.grupo-inducom.com\/pe\/producto\/sello-del-eje-rotatorio-del-mezclador-de-la-serie-split-9700\/#breadcrumb"},"inLanguage":"es-PE","potentialAction":[{"@type":"ReadAction","target":["https:\/\/www.grupo-inducom.com\/pe\/producto\/sello-del-eje-rotatorio-del-mezclador-de-la-serie-split-9700\/"]}]},{"@type":"ImageObject","inLanguage":"es-PE","@id":"https:\/\/www.grupo-inducom.com\/pe\/producto\/sello-del-eje-rotatorio-del-mezclador-de-la-serie-split-9700\/#primaryimage","url":"https:\/\/www.grupo-inducom.com\/pe\/wp-content\/uploads\/sites\/3\/2023\/06\/9700-sanitary-mechanical-rotary-shaft-seal-2.webp","contentUrl":"https:\/\/www.grupo-inducom.com\/pe\/wp-content\/uploads\/sites\/3\/2023\/06\/9700-sanitary-mechanical-rotary-shaft-seal-2.webp","width":300,"height":300},{"@type":"BreadcrumbList","@id":"https:\/\/www.grupo-inducom.com\/pe\/producto\/sello-del-eje-rotatorio-del-mezclador-de-la-serie-split-9700\/#breadcrumb","itemListElement":[{"@type":"ListItem","position":1,"name":"Portada","item":"https:\/\/www.grupo-inducom.com\/pe\/"},{"@type":"ListItem","position":2,"name":"Tienda","item":"https:\/\/www.grupo-inducom.com\/pe\/tienda\/"},{"@type":"ListItem","position":3,"name":"Sello del eje rotatorio del mezclador de la serie Split 9700"}]},{"@type":"WebSite","@id":"https:\/\/www.grupo-inducom.com\/pe\/#website","url":"https:\/\/www.grupo-inducom.com\/pe\/","name":"Inducom Peru","description":"","potentialAction":[{"@type":"SearchAction","target":{"@type":"EntryPoint","urlTemplate":"https:\/\/www.grupo-inducom.com\/pe\/?s={search_term_string}"},"query-input":{"@type":"PropertyValueSpecification","valueRequired":true,"valueName":"search_term_string"}}],"inLanguage":"es-PE"}]}},"_links":{"self":[{"href":"https:\/\/www.grupo-inducom.com\/pe\/wp-json\/wp\/v2\/product\/230782","targetHints":{"allow":["GET"]}}],"collection":[{"href":"https:\/\/www.grupo-inducom.com\/pe\/wp-json\/wp\/v2\/product"}],"about":[{"href":"https:\/\/www.grupo-inducom.com\/pe\/wp-json\/wp\/v2\/types\/product"}],"replies":[{"embeddable":true,"href":"https:\/\/www.grupo-inducom.com\/pe\/wp-json\/wp\/v2\/comments?post=230782"}],"wp:featuredmedia":[{"embeddable":true,"href":"https:\/\/www.grupo-inducom.com\/pe\/wp-json\/wp\/v2\/media\/230783"}],"wp:attachment":[{"href":"https:\/\/www.grupo-inducom.com\/pe\/wp-json\/wp\/v2\/media?parent=230782"}],"wp:term":[{"taxonomy":"product_brand","embeddable":true,"href":"https:\/\/www.grupo-inducom.com\/pe\/wp-json\/wp\/v2\/product_brand?post=230782"},{"taxonomy":"product_cat","embeddable":true,"href":"https:\/\/www.grupo-inducom.com\/pe\/wp-json\/wp\/v2\/product_cat?post=230782"},{"taxonomy":"product_tag","embeddable":true,"href":"https:\/\/www.grupo-inducom.com\/pe\/wp-json\/wp\/v2\/product_tag?post=230782"}],"curies":[{"name":"wp","href":"https:\/\/api.w.org\/{rel}","templated":true}]}}