{"id":230775,"date":"2023-06-06T14:50:45","date_gmt":"2023-06-06T19:50:45","guid":{"rendered":"https:\/\/www.grupo-inducom.com\/pe\/?post_type=product&#038;p=230775"},"modified":"2023-06-06T15:06:16","modified_gmt":"2023-06-06T20:06:16","slug":"motor-electrico-sumergible","status":"publish","type":"product","link":"https:\/\/www.grupo-inducom.com\/pe\/producto\/motor-electrico-sumergible\/","title":{"rendered":"Motor el\u00e9ctrico sumergible"},"content":{"rendered":"<p>&nbsp;<\/p>\n<table style=\"width: 521px; height: 266px;\">\n<thead>\n<tr>\n<td style=\"width: 227.075px;\"><strong>Caracter\u00edsticas y beneficios<\/strong><\/td>\n<td style=\"width: 280.325px;\"><strong>Descripci\u00f3n<\/strong><\/td>\n<\/tr>\n<\/thead>\n<tbody>\n<tr>\n<td style=\"width: 227.075px;\">Rango de poder<\/td>\n<td style=\"width: 280.325px;\">7,5 \u2013 55 kW \/ 10 \u2013 75 CV<\/td>\n<\/tr>\n<tr>\n<td style=\"width: 227.075px;\">Velocidad<\/td>\n<td style=\"width: 280.325px;\">2900 rpm<\/td>\n<\/tr>\n<tr>\n<td style=\"width: 227.075px;\">Versiones<\/td>\n<td style=\"width: 280.325px;\">Directo en l\u00ednea (DOL)<\/td>\n<\/tr>\n<tr>\n<td style=\"width: 227.075px;\">Categor\u00eda de aislamiento<\/td>\n<td style=\"width: 280.325px;\">B<\/td>\n<\/tr>\n<tr>\n<td style=\"width: 227.075px;\">Temperatura del l\u00edquido<\/td>\n<td style=\"width: 280.325px;\">m\u00e1x.\u00a0+33\u00b0C<\/td>\n<\/tr>\n<\/tbody>\n<\/table>\n","protected":false},"excerpt":{"rendered":"<ul>\n<li>\u00d3ptimo para usos en energ\u00eda solar y aplicaciones que requieren bajo voltaje.<\/li>\n<li>Rodamientos de empuje de excelente calidad dise\u00f1ados para resistir fuerzas axiales.<\/li>\n<li>Alta capacidad de arranque.<\/li>\n<li>Los rotores est\u00e1n cuidadosamente balanceados para garantizar un funcionamiento sin problemas.<\/li>\n<li>El cuerpo del motor est\u00e1 fabricado completamente en acero inoxidable.<\/li>\n<li>Se utilizan materiales de fundici\u00f3n de alta calidad para las carcasas.<\/li>\n<\/ul>\n","protected":false},"featured_media":230776,"comment_status":"open","ping_status":"closed","template":"","meta":{"_acf_changed":false,"_et_pb_use_builder":"","_et_pb_old_content":"","_et_gb_content_width":"","content-type":""},"product_brand":[],"product_cat":[116],"product_tag":[212],"class_list":{"0":"post-230775","1":"product","2":"type-product","3":"status-publish","4":"has-post-thumbnail","6":"product_cat-motores","7":"product_tag-ekki","9":"first","10":"instock","11":"shipping-taxable","12":"product-type-simple"},"acf":[],"yoast_head":"<!-- This site is optimized with the Yoast SEO plugin v27.4 - https:\/\/yoast.com\/product\/yoast-seo-wordpress\/ -->\n<title>Motor el\u00e9ctrico sumergible - Inducom Peru<\/title>\n<meta name=\"robots\" content=\"index, follow, max-snippet:-1, max-image-preview:large, max-video-preview:-1\" \/>\n<link rel=\"canonical\" href=\"https:\/\/www.grupo-inducom.com\/pe\/producto\/motor-electrico-sumergible\/\" \/>\n<meta property=\"og:locale\" content=\"es_ES\" \/>\n<meta property=\"og:type\" content=\"article\" \/>\n<meta property=\"og:title\" content=\"Motor el\u00e9ctrico sumergible - Inducom Peru\" \/>\n<meta property=\"og:description\" content=\"\u00d3ptimo para usos en energ\u00eda solar y aplicaciones que requieren bajo voltaje.  Rodamientos de empuje de excelente calidad dise\u00f1ados para resistir fuerzas axiales.  Alta capacidad de arranque.  Los rotores est\u00e1n cuidadosamente balanceados para garantizar un funcionamiento sin problemas.  El cuerpo del motor est\u00e1 fabricado completamente en acero inoxidable.  Se utilizan materiales de fundici\u00f3n de alta calidad para las carcasas.\" \/>\n<meta property=\"og:url\" content=\"https:\/\/www.grupo-inducom.com\/pe\/producto\/motor-electrico-sumergible\/\" \/>\n<meta property=\"og:site_name\" content=\"Inducom Peru\" \/>\n<meta property=\"article:modified_time\" content=\"2023-06-06T20:06:16+00:00\" \/>\n<meta property=\"og:image\" content=\"http:\/\/www.grupo-inducom.com\/pe\/wp-content\/uploads\/sites\/3\/2023\/06\/Inner-Main-Submersible-Motors.jpg\" \/>\n\t<meta property=\"og:image:width\" content=\"420\" \/>\n\t<meta property=\"og:image:height\" content=\"320\" \/>\n\t<meta property=\"og:image:type\" content=\"image\/jpeg\" \/>\n<meta name=\"twitter:card\" content=\"summary_large_image\" \/>\n<meta name=\"twitter:label1\" content=\"Est. reading time\" \/>\n\t<meta name=\"twitter:data1\" content=\"1 minuto\" \/>\n<script type=\"application\/ld+json\" class=\"yoast-schema-graph\">{\"@context\":\"https:\\\/\\\/schema.org\",\"@graph\":[{\"@type\":\"WebPage\",\"@id\":\"https:\\\/\\\/www.grupo-inducom.com\\\/pe\\\/producto\\\/motor-electrico-sumergible\\\/\",\"url\":\"https:\\\/\\\/www.grupo-inducom.com\\\/pe\\\/producto\\\/motor-electrico-sumergible\\\/\",\"name\":\"Motor el\u00e9ctrico sumergible - Inducom Peru\",\"isPartOf\":{\"@id\":\"https:\\\/\\\/www.grupo-inducom.com\\\/pe\\\/#website\"},\"primaryImageOfPage\":{\"@id\":\"https:\\\/\\\/www.grupo-inducom.com\\\/pe\\\/producto\\\/motor-electrico-sumergible\\\/#primaryimage\"},\"image\":{\"@id\":\"https:\\\/\\\/www.grupo-inducom.com\\\/pe\\\/producto\\\/motor-electrico-sumergible\\\/#primaryimage\"},\"thumbnailUrl\":\"https:\\\/\\\/www.grupo-inducom.com\\\/pe\\\/wp-content\\\/uploads\\\/sites\\\/3\\\/2023\\\/06\\\/Inner-Main-Submersible-Motors.jpg\",\"datePublished\":\"2023-06-06T19:50:45+00:00\",\"dateModified\":\"2023-06-06T20:06:16+00:00\",\"breadcrumb\":{\"@id\":\"https:\\\/\\\/www.grupo-inducom.com\\\/pe\\\/producto\\\/motor-electrico-sumergible\\\/#breadcrumb\"},\"inLanguage\":\"es-PE\",\"potentialAction\":[{\"@type\":\"ReadAction\",\"target\":[\"https:\\\/\\\/www.grupo-inducom.com\\\/pe\\\/producto\\\/motor-electrico-sumergible\\\/\"]}]},{\"@type\":\"ImageObject\",\"inLanguage\":\"es-PE\",\"@id\":\"https:\\\/\\\/www.grupo-inducom.com\\\/pe\\\/producto\\\/motor-electrico-sumergible\\\/#primaryimage\",\"url\":\"https:\\\/\\\/www.grupo-inducom.com\\\/pe\\\/wp-content\\\/uploads\\\/sites\\\/3\\\/2023\\\/06\\\/Inner-Main-Submersible-Motors.jpg\",\"contentUrl\":\"https:\\\/\\\/www.grupo-inducom.com\\\/pe\\\/wp-content\\\/uploads\\\/sites\\\/3\\\/2023\\\/06\\\/Inner-Main-Submersible-Motors.jpg\",\"width\":420,\"height\":320},{\"@type\":\"BreadcrumbList\",\"@id\":\"https:\\\/\\\/www.grupo-inducom.com\\\/pe\\\/producto\\\/motor-electrico-sumergible\\\/#breadcrumb\",\"itemListElement\":[{\"@type\":\"ListItem\",\"position\":1,\"name\":\"Portada\",\"item\":\"https:\\\/\\\/www.grupo-inducom.com\\\/pe\\\/\"},{\"@type\":\"ListItem\",\"position\":2,\"name\":\"Tienda\",\"item\":\"https:\\\/\\\/www.grupo-inducom.com\\\/pe\\\/tienda\\\/\"},{\"@type\":\"ListItem\",\"position\":3,\"name\":\"Motor el\u00e9ctrico sumergible\"}]},{\"@type\":\"WebSite\",\"@id\":\"https:\\\/\\\/www.grupo-inducom.com\\\/pe\\\/#website\",\"url\":\"https:\\\/\\\/www.grupo-inducom.com\\\/pe\\\/\",\"name\":\"Inducom Peru\",\"description\":\"\",\"potentialAction\":[{\"@type\":\"SearchAction\",\"target\":{\"@type\":\"EntryPoint\",\"urlTemplate\":\"https:\\\/\\\/www.grupo-inducom.com\\\/pe\\\/?s={search_term_string}\"},\"query-input\":{\"@type\":\"PropertyValueSpecification\",\"valueRequired\":true,\"valueName\":\"search_term_string\"}}],\"inLanguage\":\"es-PE\"}]}<\/script>\n<!-- \/ Yoast SEO plugin. -->","yoast_head_json":{"title":"Motor el\u00e9ctrico sumergible - Inducom Peru","robots":{"index":"index","follow":"follow","max-snippet":"max-snippet:-1","max-image-preview":"max-image-preview:large","max-video-preview":"max-video-preview:-1"},"canonical":"https:\/\/www.grupo-inducom.com\/pe\/producto\/motor-electrico-sumergible\/","og_locale":"es_ES","og_type":"article","og_title":"Motor el\u00e9ctrico sumergible - Inducom Peru","og_description":"\u00d3ptimo para usos en energ\u00eda solar y aplicaciones que requieren bajo voltaje.  Rodamientos de empuje de excelente calidad dise\u00f1ados para resistir fuerzas axiales.  Alta capacidad de arranque.  Los rotores est\u00e1n cuidadosamente balanceados para garantizar un funcionamiento sin problemas.  El cuerpo del motor est\u00e1 fabricado completamente en acero inoxidable.  Se utilizan materiales de fundici\u00f3n de alta calidad para las carcasas.","og_url":"https:\/\/www.grupo-inducom.com\/pe\/producto\/motor-electrico-sumergible\/","og_site_name":"Inducom Peru","article_modified_time":"2023-06-06T20:06:16+00:00","og_image":[{"width":420,"height":320,"url":"http:\/\/www.grupo-inducom.com\/pe\/wp-content\/uploads\/sites\/3\/2023\/06\/Inner-Main-Submersible-Motors.jpg","type":"image\/jpeg"}],"twitter_card":"summary_large_image","twitter_misc":{"Est. reading time":"1 minuto"},"schema":{"@context":"https:\/\/schema.org","@graph":[{"@type":"WebPage","@id":"https:\/\/www.grupo-inducom.com\/pe\/producto\/motor-electrico-sumergible\/","url":"https:\/\/www.grupo-inducom.com\/pe\/producto\/motor-electrico-sumergible\/","name":"Motor el\u00e9ctrico sumergible - Inducom Peru","isPartOf":{"@id":"https:\/\/www.grupo-inducom.com\/pe\/#website"},"primaryImageOfPage":{"@id":"https:\/\/www.grupo-inducom.com\/pe\/producto\/motor-electrico-sumergible\/#primaryimage"},"image":{"@id":"https:\/\/www.grupo-inducom.com\/pe\/producto\/motor-electrico-sumergible\/#primaryimage"},"thumbnailUrl":"https:\/\/www.grupo-inducom.com\/pe\/wp-content\/uploads\/sites\/3\/2023\/06\/Inner-Main-Submersible-Motors.jpg","datePublished":"2023-06-06T19:50:45+00:00","dateModified":"2023-06-06T20:06:16+00:00","breadcrumb":{"@id":"https:\/\/www.grupo-inducom.com\/pe\/producto\/motor-electrico-sumergible\/#breadcrumb"},"inLanguage":"es-PE","potentialAction":[{"@type":"ReadAction","target":["https:\/\/www.grupo-inducom.com\/pe\/producto\/motor-electrico-sumergible\/"]}]},{"@type":"ImageObject","inLanguage":"es-PE","@id":"https:\/\/www.grupo-inducom.com\/pe\/producto\/motor-electrico-sumergible\/#primaryimage","url":"https:\/\/www.grupo-inducom.com\/pe\/wp-content\/uploads\/sites\/3\/2023\/06\/Inner-Main-Submersible-Motors.jpg","contentUrl":"https:\/\/www.grupo-inducom.com\/pe\/wp-content\/uploads\/sites\/3\/2023\/06\/Inner-Main-Submersible-Motors.jpg","width":420,"height":320},{"@type":"BreadcrumbList","@id":"https:\/\/www.grupo-inducom.com\/pe\/producto\/motor-electrico-sumergible\/#breadcrumb","itemListElement":[{"@type":"ListItem","position":1,"name":"Portada","item":"https:\/\/www.grupo-inducom.com\/pe\/"},{"@type":"ListItem","position":2,"name":"Tienda","item":"https:\/\/www.grupo-inducom.com\/pe\/tienda\/"},{"@type":"ListItem","position":3,"name":"Motor el\u00e9ctrico sumergible"}]},{"@type":"WebSite","@id":"https:\/\/www.grupo-inducom.com\/pe\/#website","url":"https:\/\/www.grupo-inducom.com\/pe\/","name":"Inducom Peru","description":"","potentialAction":[{"@type":"SearchAction","target":{"@type":"EntryPoint","urlTemplate":"https:\/\/www.grupo-inducom.com\/pe\/?s={search_term_string}"},"query-input":{"@type":"PropertyValueSpecification","valueRequired":true,"valueName":"search_term_string"}}],"inLanguage":"es-PE"}]}},"_links":{"self":[{"href":"https:\/\/www.grupo-inducom.com\/pe\/wp-json\/wp\/v2\/product\/230775","targetHints":{"allow":["GET"]}}],"collection":[{"href":"https:\/\/www.grupo-inducom.com\/pe\/wp-json\/wp\/v2\/product"}],"about":[{"href":"https:\/\/www.grupo-inducom.com\/pe\/wp-json\/wp\/v2\/types\/product"}],"replies":[{"embeddable":true,"href":"https:\/\/www.grupo-inducom.com\/pe\/wp-json\/wp\/v2\/comments?post=230775"}],"wp:featuredmedia":[{"embeddable":true,"href":"https:\/\/www.grupo-inducom.com\/pe\/wp-json\/wp\/v2\/media\/230776"}],"wp:attachment":[{"href":"https:\/\/www.grupo-inducom.com\/pe\/wp-json\/wp\/v2\/media?parent=230775"}],"wp:term":[{"taxonomy":"product_brand","embeddable":true,"href":"https:\/\/www.grupo-inducom.com\/pe\/wp-json\/wp\/v2\/product_brand?post=230775"},{"taxonomy":"product_cat","embeddable":true,"href":"https:\/\/www.grupo-inducom.com\/pe\/wp-json\/wp\/v2\/product_cat?post=230775"},{"taxonomy":"product_tag","embeddable":true,"href":"https:\/\/www.grupo-inducom.com\/pe\/wp-json\/wp\/v2\/product_tag?post=230775"}],"curies":[{"name":"wp","href":"https:\/\/api.w.org\/{rel}","templated":true}]}}