{"id":230771,"date":"2023-06-06T13:03:34","date_gmt":"2023-06-06T18:03:34","guid":{"rendered":"https:\/\/www.grupo-inducom.com\/pe\/?post_type=product&#038;p=230771"},"modified":"2023-06-06T14:47:27","modified_gmt":"2023-06-06T19:47:27","slug":"bombas-sumergibles-tipo-lapiz","status":"publish","type":"product","link":"https:\/\/www.grupo-inducom.com\/pe\/producto\/bombas-sumergibles-tipo-lapiz\/","title":{"rendered":"Bombas sumergibles tipo l\u00e1piz"},"content":{"rendered":"<p>Las bombas sumergibles para pozos de 4&#8243; (100 mm) de profundidad con impulsores de flujo radial acoplados con nuestros motores de alta precisi\u00f3n brindan un rendimiento espl\u00e9ndido. El dise\u00f1o del difusor improvisado brinda mejores propiedades de descarga. Los materiales hidr\u00e1ulicos y de noril evitan que los impulsores se obstruyan incluso despu\u00e9s de largos per\u00edodos de inactividad.<\/p>\n<table class=\" alignleft\" style=\"height: 138px; width: 414px;\">\n<thead>\n<tr style=\"height: 23px;\">\n<td style=\"width: 201.188px; height: 23px; text-align: left;\"><strong>Caracter\u00edsticas y Beneficios<\/strong><\/td>\n<td style=\"width: 199.212px; height: 23px; text-align: left;\"><strong>Descripci\u00f3n<\/strong><\/td>\n<\/tr>\n<\/thead>\n<tbody>\n<tr style=\"height: 23px;\">\n<td style=\"width: 201.188px; height: 23px; text-align: left;\">Rango de poder<\/td>\n<td style=\"width: 199.212px; height: 23px;\">0,5 &#8211; 6,0 CV<\/td>\n<\/tr>\n<tr style=\"height: 23px;\">\n<td style=\"width: 201.188px; height: 23px;\">m\u00e1x.\u00a0Tasa de flujo<\/td>\n<td style=\"width: 199.212px; height: 23px;\">24 m\u00a0<sup>3<\/sup>\u00a0\/h<\/td>\n<\/tr>\n<tr style=\"height: 23px;\">\n<td style=\"width: 201.188px; height: 23px;\">m\u00e1x.\u00a0Cabeza<\/td>\n<td style=\"width: 199.212px; height: 23px;\">370 metros<\/td>\n<\/tr>\n<tr style=\"height: 23px;\">\n<td style=\"width: 201.188px; height: 23px;\">m\u00e1x.\u00a0Temperatura del l\u00edquido<\/td>\n<td style=\"width: 199.212px; height: 23px;\">+33\u00b0C<\/td>\n<\/tr>\n<tr style=\"height: 23px;\">\n<td style=\"width: 201.188px; height: 23px;\">m\u00e1x.\u00a0Presi\u00f3n operacional<\/td>\n<td style=\"width: 199.212px; height: 23px;\">44 bares<\/td>\n<\/tr>\n<\/tbody>\n<\/table>\n<div class=\"application_desc\"><img loading=\"lazy\" decoding=\"async\" class=\"alignleft\" src=\"https:\/\/www.ekkigroup.com\/wp-content\/uploads\/2018\/05\/Curve-4N.jpg\" alt=\"Serie 4N\" width=\"309\" height=\"206\" \/><\/div>\n","protected":false},"excerpt":{"rendered":"<div class=\"specification_top\">\n<ul>\n<li>F\u00e1cil de desmontar, rebobinar e instalar.<\/li>\n<li>Disco de v\u00e1lvula dise\u00f1ado para proteger la bomba de una presi\u00f3n hidrost\u00e1tica excesiva.<\/li>\n<li>Difusor de dise\u00f1o improvisado para alta descarga.<\/li>\n<\/ul>\n<\/div>\n<div class=\"application_desc\">\n<h3>Aplicaciones<\/h3>\n<ul>\n<li>Agricultura<\/li>\n<li>Servicios de construcci\u00f3n dom\u00e9sticos<\/li>\n<li>Utilidades Publicas<\/li>\n<\/ul>\n<\/div>\n","protected":false},"featured_media":230772,"comment_status":"open","ping_status":"closed","template":"","meta":{"_acf_changed":false,"_et_pb_use_builder":"","_et_pb_old_content":"","_et_gb_content_width":"","content-type":""},"product_brand":[],"product_cat":[66],"product_tag":[212],"class_list":{"0":"post-230771","1":"product","2":"type-product","3":"status-publish","4":"has-post-thumbnail","6":"product_cat-bombas-centrifugas","7":"product_tag-ekki","9":"first","10":"instock","11":"shipping-taxable","12":"product-type-simple"},"acf":[],"yoast_head":"<!-- This site is optimized with the Yoast SEO plugin v27.4 - https:\/\/yoast.com\/product\/yoast-seo-wordpress\/ -->\n<title>Bombas sumergibles tipo l\u00e1piz - Inducom Peru<\/title>\n<meta name=\"robots\" content=\"index, follow, max-snippet:-1, max-image-preview:large, max-video-preview:-1\" \/>\n<link rel=\"canonical\" href=\"https:\/\/www.grupo-inducom.com\/pe\/producto\/bombas-sumergibles-tipo-lapiz\/\" \/>\n<meta property=\"og:locale\" content=\"es_ES\" \/>\n<meta property=\"og:type\" content=\"article\" \/>\n<meta property=\"og:title\" content=\"Bombas sumergibles tipo l\u00e1piz - Inducom Peru\" \/>\n<meta property=\"og:description\" content=\"F\u00e1cil de desmontar, rebobinar e instalar.  Disco de v\u00e1lvula dise\u00f1ado para proteger la bomba de una presi\u00f3n hidrost\u00e1tica excesiva.  Difusor de dise\u00f1o improvisado para alta descarga.    Aplicaciones   Agricultura  Servicios de construcci\u00f3n dom\u00e9sticos  Utilidades Publicas\" \/>\n<meta property=\"og:url\" content=\"https:\/\/www.grupo-inducom.com\/pe\/producto\/bombas-sumergibles-tipo-lapiz\/\" \/>\n<meta property=\"og:site_name\" content=\"Inducom Peru\" \/>\n<meta property=\"article:modified_time\" content=\"2023-06-06T19:47:27+00:00\" \/>\n<meta property=\"og:image\" content=\"http:\/\/www.grupo-inducom.com\/pe\/wp-content\/uploads\/sites\/3\/2023\/06\/Inner-Main-Borehole-Submersibles-1.jpg\" \/>\n\t<meta property=\"og:image:width\" content=\"420\" \/>\n\t<meta property=\"og:image:height\" content=\"320\" \/>\n\t<meta property=\"og:image:type\" content=\"image\/jpeg\" \/>\n<meta name=\"twitter:card\" content=\"summary_large_image\" \/>\n<meta name=\"twitter:label1\" content=\"Est. reading time\" \/>\n\t<meta name=\"twitter:data1\" content=\"1 minuto\" \/>\n<script type=\"application\/ld+json\" class=\"yoast-schema-graph\">{\"@context\":\"https:\\\/\\\/schema.org\",\"@graph\":[{\"@type\":\"WebPage\",\"@id\":\"https:\\\/\\\/www.grupo-inducom.com\\\/pe\\\/producto\\\/bombas-sumergibles-tipo-lapiz\\\/\",\"url\":\"https:\\\/\\\/www.grupo-inducom.com\\\/pe\\\/producto\\\/bombas-sumergibles-tipo-lapiz\\\/\",\"name\":\"Bombas sumergibles tipo l\u00e1piz - Inducom Peru\",\"isPartOf\":{\"@id\":\"https:\\\/\\\/www.grupo-inducom.com\\\/pe\\\/#website\"},\"primaryImageOfPage\":{\"@id\":\"https:\\\/\\\/www.grupo-inducom.com\\\/pe\\\/producto\\\/bombas-sumergibles-tipo-lapiz\\\/#primaryimage\"},\"image\":{\"@id\":\"https:\\\/\\\/www.grupo-inducom.com\\\/pe\\\/producto\\\/bombas-sumergibles-tipo-lapiz\\\/#primaryimage\"},\"thumbnailUrl\":\"https:\\\/\\\/www.grupo-inducom.com\\\/pe\\\/wp-content\\\/uploads\\\/sites\\\/3\\\/2023\\\/06\\\/Inner-Main-Borehole-Submersibles-1.jpg\",\"datePublished\":\"2023-06-06T18:03:34+00:00\",\"dateModified\":\"2023-06-06T19:47:27+00:00\",\"breadcrumb\":{\"@id\":\"https:\\\/\\\/www.grupo-inducom.com\\\/pe\\\/producto\\\/bombas-sumergibles-tipo-lapiz\\\/#breadcrumb\"},\"inLanguage\":\"es-PE\",\"potentialAction\":[{\"@type\":\"ReadAction\",\"target\":[\"https:\\\/\\\/www.grupo-inducom.com\\\/pe\\\/producto\\\/bombas-sumergibles-tipo-lapiz\\\/\"]}]},{\"@type\":\"ImageObject\",\"inLanguage\":\"es-PE\",\"@id\":\"https:\\\/\\\/www.grupo-inducom.com\\\/pe\\\/producto\\\/bombas-sumergibles-tipo-lapiz\\\/#primaryimage\",\"url\":\"https:\\\/\\\/www.grupo-inducom.com\\\/pe\\\/wp-content\\\/uploads\\\/sites\\\/3\\\/2023\\\/06\\\/Inner-Main-Borehole-Submersibles-1.jpg\",\"contentUrl\":\"https:\\\/\\\/www.grupo-inducom.com\\\/pe\\\/wp-content\\\/uploads\\\/sites\\\/3\\\/2023\\\/06\\\/Inner-Main-Borehole-Submersibles-1.jpg\",\"width\":420,\"height\":320},{\"@type\":\"BreadcrumbList\",\"@id\":\"https:\\\/\\\/www.grupo-inducom.com\\\/pe\\\/producto\\\/bombas-sumergibles-tipo-lapiz\\\/#breadcrumb\",\"itemListElement\":[{\"@type\":\"ListItem\",\"position\":1,\"name\":\"Portada\",\"item\":\"https:\\\/\\\/www.grupo-inducom.com\\\/pe\\\/\"},{\"@type\":\"ListItem\",\"position\":2,\"name\":\"Tienda\",\"item\":\"https:\\\/\\\/www.grupo-inducom.com\\\/pe\\\/tienda\\\/\"},{\"@type\":\"ListItem\",\"position\":3,\"name\":\"Bombas sumergibles tipo l\u00e1piz\"}]},{\"@type\":\"WebSite\",\"@id\":\"https:\\\/\\\/www.grupo-inducom.com\\\/pe\\\/#website\",\"url\":\"https:\\\/\\\/www.grupo-inducom.com\\\/pe\\\/\",\"name\":\"Inducom Peru\",\"description\":\"\",\"potentialAction\":[{\"@type\":\"SearchAction\",\"target\":{\"@type\":\"EntryPoint\",\"urlTemplate\":\"https:\\\/\\\/www.grupo-inducom.com\\\/pe\\\/?s={search_term_string}\"},\"query-input\":{\"@type\":\"PropertyValueSpecification\",\"valueRequired\":true,\"valueName\":\"search_term_string\"}}],\"inLanguage\":\"es-PE\"}]}<\/script>\n<!-- \/ Yoast SEO plugin. -->","yoast_head_json":{"title":"Bombas sumergibles tipo l\u00e1piz - Inducom Peru","robots":{"index":"index","follow":"follow","max-snippet":"max-snippet:-1","max-image-preview":"max-image-preview:large","max-video-preview":"max-video-preview:-1"},"canonical":"https:\/\/www.grupo-inducom.com\/pe\/producto\/bombas-sumergibles-tipo-lapiz\/","og_locale":"es_ES","og_type":"article","og_title":"Bombas sumergibles tipo l\u00e1piz - Inducom Peru","og_description":"F\u00e1cil de desmontar, rebobinar e instalar.  Disco de v\u00e1lvula dise\u00f1ado para proteger la bomba de una presi\u00f3n hidrost\u00e1tica excesiva.  Difusor de dise\u00f1o improvisado para alta descarga.    Aplicaciones   Agricultura  Servicios de construcci\u00f3n dom\u00e9sticos  Utilidades Publicas","og_url":"https:\/\/www.grupo-inducom.com\/pe\/producto\/bombas-sumergibles-tipo-lapiz\/","og_site_name":"Inducom Peru","article_modified_time":"2023-06-06T19:47:27+00:00","og_image":[{"width":420,"height":320,"url":"http:\/\/www.grupo-inducom.com\/pe\/wp-content\/uploads\/sites\/3\/2023\/06\/Inner-Main-Borehole-Submersibles-1.jpg","type":"image\/jpeg"}],"twitter_card":"summary_large_image","twitter_misc":{"Est. reading time":"1 minuto"},"schema":{"@context":"https:\/\/schema.org","@graph":[{"@type":"WebPage","@id":"https:\/\/www.grupo-inducom.com\/pe\/producto\/bombas-sumergibles-tipo-lapiz\/","url":"https:\/\/www.grupo-inducom.com\/pe\/producto\/bombas-sumergibles-tipo-lapiz\/","name":"Bombas sumergibles tipo l\u00e1piz - Inducom Peru","isPartOf":{"@id":"https:\/\/www.grupo-inducom.com\/pe\/#website"},"primaryImageOfPage":{"@id":"https:\/\/www.grupo-inducom.com\/pe\/producto\/bombas-sumergibles-tipo-lapiz\/#primaryimage"},"image":{"@id":"https:\/\/www.grupo-inducom.com\/pe\/producto\/bombas-sumergibles-tipo-lapiz\/#primaryimage"},"thumbnailUrl":"https:\/\/www.grupo-inducom.com\/pe\/wp-content\/uploads\/sites\/3\/2023\/06\/Inner-Main-Borehole-Submersibles-1.jpg","datePublished":"2023-06-06T18:03:34+00:00","dateModified":"2023-06-06T19:47:27+00:00","breadcrumb":{"@id":"https:\/\/www.grupo-inducom.com\/pe\/producto\/bombas-sumergibles-tipo-lapiz\/#breadcrumb"},"inLanguage":"es-PE","potentialAction":[{"@type":"ReadAction","target":["https:\/\/www.grupo-inducom.com\/pe\/producto\/bombas-sumergibles-tipo-lapiz\/"]}]},{"@type":"ImageObject","inLanguage":"es-PE","@id":"https:\/\/www.grupo-inducom.com\/pe\/producto\/bombas-sumergibles-tipo-lapiz\/#primaryimage","url":"https:\/\/www.grupo-inducom.com\/pe\/wp-content\/uploads\/sites\/3\/2023\/06\/Inner-Main-Borehole-Submersibles-1.jpg","contentUrl":"https:\/\/www.grupo-inducom.com\/pe\/wp-content\/uploads\/sites\/3\/2023\/06\/Inner-Main-Borehole-Submersibles-1.jpg","width":420,"height":320},{"@type":"BreadcrumbList","@id":"https:\/\/www.grupo-inducom.com\/pe\/producto\/bombas-sumergibles-tipo-lapiz\/#breadcrumb","itemListElement":[{"@type":"ListItem","position":1,"name":"Portada","item":"https:\/\/www.grupo-inducom.com\/pe\/"},{"@type":"ListItem","position":2,"name":"Tienda","item":"https:\/\/www.grupo-inducom.com\/pe\/tienda\/"},{"@type":"ListItem","position":3,"name":"Bombas sumergibles tipo l\u00e1piz"}]},{"@type":"WebSite","@id":"https:\/\/www.grupo-inducom.com\/pe\/#website","url":"https:\/\/www.grupo-inducom.com\/pe\/","name":"Inducom Peru","description":"","potentialAction":[{"@type":"SearchAction","target":{"@type":"EntryPoint","urlTemplate":"https:\/\/www.grupo-inducom.com\/pe\/?s={search_term_string}"},"query-input":{"@type":"PropertyValueSpecification","valueRequired":true,"valueName":"search_term_string"}}],"inLanguage":"es-PE"}]}},"_links":{"self":[{"href":"https:\/\/www.grupo-inducom.com\/pe\/wp-json\/wp\/v2\/product\/230771","targetHints":{"allow":["GET"]}}],"collection":[{"href":"https:\/\/www.grupo-inducom.com\/pe\/wp-json\/wp\/v2\/product"}],"about":[{"href":"https:\/\/www.grupo-inducom.com\/pe\/wp-json\/wp\/v2\/types\/product"}],"replies":[{"embeddable":true,"href":"https:\/\/www.grupo-inducom.com\/pe\/wp-json\/wp\/v2\/comments?post=230771"}],"wp:featuredmedia":[{"embeddable":true,"href":"https:\/\/www.grupo-inducom.com\/pe\/wp-json\/wp\/v2\/media\/230772"}],"wp:attachment":[{"href":"https:\/\/www.grupo-inducom.com\/pe\/wp-json\/wp\/v2\/media?parent=230771"}],"wp:term":[{"taxonomy":"product_brand","embeddable":true,"href":"https:\/\/www.grupo-inducom.com\/pe\/wp-json\/wp\/v2\/product_brand?post=230771"},{"taxonomy":"product_cat","embeddable":true,"href":"https:\/\/www.grupo-inducom.com\/pe\/wp-json\/wp\/v2\/product_cat?post=230771"},{"taxonomy":"product_tag","embeddable":true,"href":"https:\/\/www.grupo-inducom.com\/pe\/wp-json\/wp\/v2\/product_tag?post=230771"}],"curies":[{"name":"wp","href":"https:\/\/api.w.org\/{rel}","templated":true}]}}