{"id":229214,"date":"2023-05-04T14:09:48","date_gmt":"2023-05-04T14:09:48","guid":{"rendered":"https:\/\/www.grupo-inducom.com\/?post_type=product&#038;p=875"},"modified":"2023-06-02T11:39:41","modified_gmt":"2023-06-02T16:39:41","slug":"bomba-centrifuga-sanitaria-serie-ac","status":"publish","type":"product","link":"https:\/\/www.grupo-inducom.com\/pe\/producto\/bomba-centrifuga-sanitaria-serie-ac\/","title":{"rendered":"Bomba centr\u00edfuga sanitaria serie AC"},"content":{"rendered":"<p>Las bombas centrifugas sanitarias de Ampco presentan un dise\u00f1o sanitario simple y f\u00e1cil de mantener. Con piezas h\u00famedas construidas en acero inoxidable 316L, la serie AC es resistente a la corrosi\u00f3n, est\u00e1 certificado por 3A para uso sanitario y ofrece rendimiento y confiabilidad a un precio rentable. Y como todas las bombas est\u00e1n dise\u00f1adas seg\u00fan el est\u00e1ndar original de la serie C, las piezas y las bombas completas son intercambiables tanto hidr\u00e1ulica como dimensionalmente con las bombas de otros fabricantes. Actualice su bomba de la Serie C hoy al est\u00e1ndar de excelencia, el Ampco AC \/ AC +.<\/p>\n<ul>\n<li>Las piezas AC \/ AC + son 100% intercambiables con marcas competidoras<\/li>\n<li>AC + tiene un dise\u00f1o de eje \u00fanico comparable a los modelos m\u00e1s costosos de la competencia<\/li>\n<li>La construcci\u00f3n de acero inoxidable 316L y los adaptadores de acero inoxidable son est\u00e1ndar<\/li>\n<li>NPT opcional o conexiones de brida<\/li>\n<li>Bajo costo<\/li>\n<li>Entrega est\u00e1ndar de una semana<\/li>\n<\/ul>\n","protected":false},"excerpt":{"rendered":"<p>Marca: AMPCO<\/p>\n<p><strong>Presi\u00f3n m\u00e1xima de entrada:<\/strong>\u00a0\u00a060\u00a0PSI \/ 4 BAR<br \/>\n<strong>Caudal m\u00e1ximo:\u00a0 <\/strong>1100 gal\/min\/250 m<sup>3<\/sup>\/ Hr<br \/>\n<strong>Max Viscosidad: \u00a0<\/strong>1200 cP<\/p>\n<p>Construcci\u00f3n de acero inoxidable 316L<\/p>\n<p>Los adaptadores de acero inoxidable 304 son est\u00e1ndar<\/p>\n<p>El dise\u00f1o del eje AC + agrega valor y durabilidad<\/p>\n<p>Facilidad de montaje y mantenimiento<\/p>\n<p>Conexiones de triple abrazadera<\/p>\n","protected":false},"featured_media":229027,"comment_status":"open","ping_status":"closed","template":"","meta":{"_acf_changed":false,"_et_pb_use_builder":"","_et_pb_old_content":"","_et_gb_content_width":"","content-type":""},"product_brand":[],"product_cat":[66],"product_tag":[184],"class_list":{"0":"post-229214","1":"product","2":"type-product","3":"status-publish","4":"has-post-thumbnail","6":"product_cat-bombas-centrifugas","7":"product_tag-ampco","9":"first","10":"instock","11":"shipping-taxable","12":"product-type-simple"},"acf":[],"yoast_head":"<!-- This site is optimized with the Yoast SEO plugin v27.4 - https:\/\/yoast.com\/product\/yoast-seo-wordpress\/ -->\n<title>Bomba centr\u00edfuga sanitaria serie AC - Inducom Peru<\/title>\n<meta name=\"robots\" content=\"index, follow, max-snippet:-1, max-image-preview:large, max-video-preview:-1\" \/>\n<link rel=\"canonical\" href=\"https:\/\/www.grupo-inducom.com\/pe\/producto\/bomba-centrifuga-sanitaria-serie-ac\/\" \/>\n<meta property=\"og:locale\" content=\"es_ES\" \/>\n<meta property=\"og:type\" content=\"article\" \/>\n<meta property=\"og:title\" content=\"Bomba centr\u00edfuga sanitaria serie AC - Inducom Peru\" \/>\n<meta property=\"og:description\" content=\"Marca: AMPCO  Presi\u00f3n m\u00e1xima de entrada:\u00a0\u00a060\u00a0PSI \/ 4 BAR Caudal m\u00e1ximo:\u00a0 1100 gal\/min\/250 m3\/ Hr Max Viscosidad: \u00a01200 cP  Construcci\u00f3n de acero inoxidable 316L  Los adaptadores de acero inoxidable 304 son est\u00e1ndar  El dise\u00f1o del eje AC + agrega valor y durabilidad  Facilidad de montaje y mantenimiento  Conexiones de triple abrazadera\" \/>\n<meta property=\"og:url\" content=\"https:\/\/www.grupo-inducom.com\/pe\/producto\/bomba-centrifuga-sanitaria-serie-ac\/\" \/>\n<meta property=\"og:site_name\" content=\"Inducom Peru\" \/>\n<meta property=\"article:modified_time\" content=\"2023-06-02T16:39:41+00:00\" \/>\n<meta property=\"og:image\" content=\"http:\/\/www.grupo-inducom.com\/pe\/wp-content\/uploads\/sites\/3\/2023\/05\/Centrifuga-sanitaria-1-AMPCO.png\" \/>\n\t<meta property=\"og:image:width\" content=\"600\" \/>\n\t<meta property=\"og:image:height\" content=\"450\" \/>\n\t<meta property=\"og:image:type\" content=\"image\/png\" \/>\n<meta name=\"twitter:card\" content=\"summary_large_image\" \/>\n<meta name=\"twitter:label1\" content=\"Est. reading time\" \/>\n\t<meta name=\"twitter:data1\" content=\"1 minuto\" \/>\n<script type=\"application\/ld+json\" class=\"yoast-schema-graph\">{\"@context\":\"https:\\\/\\\/schema.org\",\"@graph\":[{\"@type\":\"WebPage\",\"@id\":\"https:\\\/\\\/www.grupo-inducom.com\\\/pe\\\/producto\\\/bomba-centrifuga-sanitaria-serie-ac\\\/\",\"url\":\"https:\\\/\\\/www.grupo-inducom.com\\\/pe\\\/producto\\\/bomba-centrifuga-sanitaria-serie-ac\\\/\",\"name\":\"Bomba centr\u00edfuga sanitaria serie AC - Inducom Peru\",\"isPartOf\":{\"@id\":\"https:\\\/\\\/www.grupo-inducom.com\\\/pe\\\/#website\"},\"primaryImageOfPage\":{\"@id\":\"https:\\\/\\\/www.grupo-inducom.com\\\/pe\\\/producto\\\/bomba-centrifuga-sanitaria-serie-ac\\\/#primaryimage\"},\"image\":{\"@id\":\"https:\\\/\\\/www.grupo-inducom.com\\\/pe\\\/producto\\\/bomba-centrifuga-sanitaria-serie-ac\\\/#primaryimage\"},\"thumbnailUrl\":\"https:\\\/\\\/www.grupo-inducom.com\\\/pe\\\/wp-content\\\/uploads\\\/sites\\\/3\\\/2023\\\/05\\\/Centrifuga-sanitaria-1-AMPCO.png\",\"datePublished\":\"2023-05-04T14:09:48+00:00\",\"dateModified\":\"2023-06-02T16:39:41+00:00\",\"breadcrumb\":{\"@id\":\"https:\\\/\\\/www.grupo-inducom.com\\\/pe\\\/producto\\\/bomba-centrifuga-sanitaria-serie-ac\\\/#breadcrumb\"},\"inLanguage\":\"es-PE\",\"potentialAction\":[{\"@type\":\"ReadAction\",\"target\":[\"https:\\\/\\\/www.grupo-inducom.com\\\/pe\\\/producto\\\/bomba-centrifuga-sanitaria-serie-ac\\\/\"]}]},{\"@type\":\"ImageObject\",\"inLanguage\":\"es-PE\",\"@id\":\"https:\\\/\\\/www.grupo-inducom.com\\\/pe\\\/producto\\\/bomba-centrifuga-sanitaria-serie-ac\\\/#primaryimage\",\"url\":\"https:\\\/\\\/www.grupo-inducom.com\\\/pe\\\/wp-content\\\/uploads\\\/sites\\\/3\\\/2023\\\/05\\\/Centrifuga-sanitaria-1-AMPCO.png\",\"contentUrl\":\"https:\\\/\\\/www.grupo-inducom.com\\\/pe\\\/wp-content\\\/uploads\\\/sites\\\/3\\\/2023\\\/05\\\/Centrifuga-sanitaria-1-AMPCO.png\",\"width\":600,\"height\":450},{\"@type\":\"BreadcrumbList\",\"@id\":\"https:\\\/\\\/www.grupo-inducom.com\\\/pe\\\/producto\\\/bomba-centrifuga-sanitaria-serie-ac\\\/#breadcrumb\",\"itemListElement\":[{\"@type\":\"ListItem\",\"position\":1,\"name\":\"Portada\",\"item\":\"https:\\\/\\\/www.grupo-inducom.com\\\/pe\\\/\"},{\"@type\":\"ListItem\",\"position\":2,\"name\":\"Tienda\",\"item\":\"https:\\\/\\\/www.grupo-inducom.com\\\/pe\\\/tienda\\\/\"},{\"@type\":\"ListItem\",\"position\":3,\"name\":\"Bomba centr\u00edfuga sanitaria serie AC\"}]},{\"@type\":\"WebSite\",\"@id\":\"https:\\\/\\\/www.grupo-inducom.com\\\/pe\\\/#website\",\"url\":\"https:\\\/\\\/www.grupo-inducom.com\\\/pe\\\/\",\"name\":\"Inducom Peru\",\"description\":\"\",\"potentialAction\":[{\"@type\":\"SearchAction\",\"target\":{\"@type\":\"EntryPoint\",\"urlTemplate\":\"https:\\\/\\\/www.grupo-inducom.com\\\/pe\\\/?s={search_term_string}\"},\"query-input\":{\"@type\":\"PropertyValueSpecification\",\"valueRequired\":true,\"valueName\":\"search_term_string\"}}],\"inLanguage\":\"es-PE\"}]}<\/script>\n<!-- \/ Yoast SEO plugin. -->","yoast_head_json":{"title":"Bomba centr\u00edfuga sanitaria serie AC - Inducom Peru","robots":{"index":"index","follow":"follow","max-snippet":"max-snippet:-1","max-image-preview":"max-image-preview:large","max-video-preview":"max-video-preview:-1"},"canonical":"https:\/\/www.grupo-inducom.com\/pe\/producto\/bomba-centrifuga-sanitaria-serie-ac\/","og_locale":"es_ES","og_type":"article","og_title":"Bomba centr\u00edfuga sanitaria serie AC - Inducom Peru","og_description":"Marca: AMPCO  Presi\u00f3n m\u00e1xima de entrada:\u00a0\u00a060\u00a0PSI \/ 4 BAR Caudal m\u00e1ximo:\u00a0 1100 gal\/min\/250 m3\/ Hr Max Viscosidad: \u00a01200 cP  Construcci\u00f3n de acero inoxidable 316L  Los adaptadores de acero inoxidable 304 son est\u00e1ndar  El dise\u00f1o del eje AC + agrega valor y durabilidad  Facilidad de montaje y mantenimiento  Conexiones de triple abrazadera","og_url":"https:\/\/www.grupo-inducom.com\/pe\/producto\/bomba-centrifuga-sanitaria-serie-ac\/","og_site_name":"Inducom Peru","article_modified_time":"2023-06-02T16:39:41+00:00","og_image":[{"width":600,"height":450,"url":"http:\/\/www.grupo-inducom.com\/pe\/wp-content\/uploads\/sites\/3\/2023\/05\/Centrifuga-sanitaria-1-AMPCO.png","type":"image\/png"}],"twitter_card":"summary_large_image","twitter_misc":{"Est. reading time":"1 minuto"},"schema":{"@context":"https:\/\/schema.org","@graph":[{"@type":"WebPage","@id":"https:\/\/www.grupo-inducom.com\/pe\/producto\/bomba-centrifuga-sanitaria-serie-ac\/","url":"https:\/\/www.grupo-inducom.com\/pe\/producto\/bomba-centrifuga-sanitaria-serie-ac\/","name":"Bomba centr\u00edfuga sanitaria serie AC - Inducom Peru","isPartOf":{"@id":"https:\/\/www.grupo-inducom.com\/pe\/#website"},"primaryImageOfPage":{"@id":"https:\/\/www.grupo-inducom.com\/pe\/producto\/bomba-centrifuga-sanitaria-serie-ac\/#primaryimage"},"image":{"@id":"https:\/\/www.grupo-inducom.com\/pe\/producto\/bomba-centrifuga-sanitaria-serie-ac\/#primaryimage"},"thumbnailUrl":"https:\/\/www.grupo-inducom.com\/pe\/wp-content\/uploads\/sites\/3\/2023\/05\/Centrifuga-sanitaria-1-AMPCO.png","datePublished":"2023-05-04T14:09:48+00:00","dateModified":"2023-06-02T16:39:41+00:00","breadcrumb":{"@id":"https:\/\/www.grupo-inducom.com\/pe\/producto\/bomba-centrifuga-sanitaria-serie-ac\/#breadcrumb"},"inLanguage":"es-PE","potentialAction":[{"@type":"ReadAction","target":["https:\/\/www.grupo-inducom.com\/pe\/producto\/bomba-centrifuga-sanitaria-serie-ac\/"]}]},{"@type":"ImageObject","inLanguage":"es-PE","@id":"https:\/\/www.grupo-inducom.com\/pe\/producto\/bomba-centrifuga-sanitaria-serie-ac\/#primaryimage","url":"https:\/\/www.grupo-inducom.com\/pe\/wp-content\/uploads\/sites\/3\/2023\/05\/Centrifuga-sanitaria-1-AMPCO.png","contentUrl":"https:\/\/www.grupo-inducom.com\/pe\/wp-content\/uploads\/sites\/3\/2023\/05\/Centrifuga-sanitaria-1-AMPCO.png","width":600,"height":450},{"@type":"BreadcrumbList","@id":"https:\/\/www.grupo-inducom.com\/pe\/producto\/bomba-centrifuga-sanitaria-serie-ac\/#breadcrumb","itemListElement":[{"@type":"ListItem","position":1,"name":"Portada","item":"https:\/\/www.grupo-inducom.com\/pe\/"},{"@type":"ListItem","position":2,"name":"Tienda","item":"https:\/\/www.grupo-inducom.com\/pe\/tienda\/"},{"@type":"ListItem","position":3,"name":"Bomba centr\u00edfuga sanitaria serie AC"}]},{"@type":"WebSite","@id":"https:\/\/www.grupo-inducom.com\/pe\/#website","url":"https:\/\/www.grupo-inducom.com\/pe\/","name":"Inducom Peru","description":"","potentialAction":[{"@type":"SearchAction","target":{"@type":"EntryPoint","urlTemplate":"https:\/\/www.grupo-inducom.com\/pe\/?s={search_term_string}"},"query-input":{"@type":"PropertyValueSpecification","valueRequired":true,"valueName":"search_term_string"}}],"inLanguage":"es-PE"}]}},"_links":{"self":[{"href":"https:\/\/www.grupo-inducom.com\/pe\/wp-json\/wp\/v2\/product\/229214","targetHints":{"allow":["GET"]}}],"collection":[{"href":"https:\/\/www.grupo-inducom.com\/pe\/wp-json\/wp\/v2\/product"}],"about":[{"href":"https:\/\/www.grupo-inducom.com\/pe\/wp-json\/wp\/v2\/types\/product"}],"replies":[{"embeddable":true,"href":"https:\/\/www.grupo-inducom.com\/pe\/wp-json\/wp\/v2\/comments?post=229214"}],"wp:featuredmedia":[{"embeddable":true,"href":"https:\/\/www.grupo-inducom.com\/pe\/wp-json\/wp\/v2\/media\/229027"}],"wp:attachment":[{"href":"https:\/\/www.grupo-inducom.com\/pe\/wp-json\/wp\/v2\/media?parent=229214"}],"wp:term":[{"taxonomy":"product_brand","embeddable":true,"href":"https:\/\/www.grupo-inducom.com\/pe\/wp-json\/wp\/v2\/product_brand?post=229214"},{"taxonomy":"product_cat","embeddable":true,"href":"https:\/\/www.grupo-inducom.com\/pe\/wp-json\/wp\/v2\/product_cat?post=229214"},{"taxonomy":"product_tag","embeddable":true,"href":"https:\/\/www.grupo-inducom.com\/pe\/wp-json\/wp\/v2\/product_tag?post=229214"}],"curies":[{"name":"wp","href":"https:\/\/api.w.org\/{rel}","templated":true}]}}