{"id":229213,"date":"2023-05-04T14:09:48","date_gmt":"2023-05-04T14:09:48","guid":{"rendered":"https:\/\/www.grupo-inducom.com\/?post_type=product&#038;p=873"},"modified":"2023-06-02T11:39:40","modified_gmt":"2023-06-02T16:39:40","slug":"sistemas-sanitarios-de-descarga-de-pastas","status":"publish","type":"product","link":"https:\/\/www.grupo-inducom.com\/pe\/producto\/sistemas-sanitarios-de-descarga-de-pastas\/","title":{"rendered":"Sistemas Sanitarios De Descarga de Pastas"},"content":{"rendered":"<p>El sistema de descarga de bidones BINEM fue dise\u00f1ado para maximizar el procesamiento higi\u00e9nico al tiempo que reduce el desperdicio mediante la utilizaci\u00f3n de un Bomba de doble tornillo Bornemann. Esta tecnolog\u00eda ofrece un rendimiento y una eficiencia \u00f3ptimos en comparaci\u00f3n con los equipos tradicionales de descarga de tambores accionados por aire.<\/p>\n<p>Las capacidades de dosificaci\u00f3n personalizables garantizan la coherencia para cada lote y protegen el producto restante de la exposici\u00f3n insalubre entre usos. El sistema de descarga de tambor BINEM se empareja f\u00e1cilmente con los dispositivos de control para que pueda bombear cantidades precisas de pasta de tomate, pasta de carne, chocolate para untar, relleno de galletas, mantequilla de man\u00ed y m\u00e1s.<\/p>\n<p>Los productos de alta viscosidad y los que no son autonivelantes son perfectos para el sistema de descarga de bidones BINEM. Esto se debe a la placa seguidora \u00fanica y al dise\u00f1o de limpiaparabrisas de goma inflable. Juntos, brindan un rendimiento y una eficiencia \u00f3ptimos en comparaci\u00f3n con las bombas de tambor y las varillas de succi\u00f3n tradicionales.<\/p>\n","protected":false},"excerpt":{"rendered":"<p>Marca: AMPCO<\/p>\n<p><strong>Presi\u00f3n:\u00a0<\/strong>362 PSI m\u00e1x.<br \/>\n<strong>Tasa de flujo del producto:<\/strong>\u00a0Hasta 53 gpm<br \/>\n<strong>Viscosidad:<\/strong> Hasta 1.000.000 cP<br \/>\n<strong>Producto<\/strong><strong> Temperatura:<\/strong> M\u00e1ximo 212 \u00b0 F<\/p>\n<p>Impulsado por una bomba de doble tornillo Bornemann<\/p>\n<p>Dise\u00f1ado para productos altamente agresivos y no autonivelantes.<\/p>\n<p>M\u00faltiples opciones para el tama\u00f1o \/ manejo del tambor<\/p>\n<p>Se empareja con dispositivos de control para dosificaci\u00f3n por lotes<\/p>\n<p>Cumple estrictos requisitos higi\u00e9nicos<\/p>\n","protected":false},"featured_media":229026,"comment_status":"open","ping_status":"closed","template":"","meta":{"_acf_changed":false,"_et_pb_use_builder":"","_et_pb_old_content":"","_et_gb_content_width":"","content-type":""},"product_brand":[],"product_cat":[113],"product_tag":[184],"class_list":{"0":"post-229213","1":"product","2":"type-product","3":"status-publish","4":"has-post-thumbnail","6":"product_cat-linea-sanitaria","7":"product_tag-ampco","9":"first","10":"instock","11":"shipping-taxable","12":"product-type-simple"},"acf":[],"yoast_head":"<!-- This site is optimized with the Yoast SEO plugin v27.4 - https:\/\/yoast.com\/product\/yoast-seo-wordpress\/ -->\n<title>Sistemas Sanitarios De Descarga de Pastas - Inducom Peru<\/title>\n<meta name=\"robots\" content=\"index, follow, max-snippet:-1, max-image-preview:large, max-video-preview:-1\" \/>\n<link rel=\"canonical\" href=\"https:\/\/www.grupo-inducom.com\/pe\/producto\/sistemas-sanitarios-de-descarga-de-pastas\/\" \/>\n<meta property=\"og:locale\" content=\"es_ES\" \/>\n<meta property=\"og:type\" content=\"article\" \/>\n<meta property=\"og:title\" content=\"Sistemas Sanitarios De Descarga de Pastas - Inducom Peru\" \/>\n<meta property=\"og:description\" content=\"Marca: AMPCO  Presi\u00f3n:\u00a0362 PSI m\u00e1x. Tasa de flujo del producto:\u00a0Hasta 53 gpm Viscosidad: Hasta 1.000.000 cP Producto Temperatura: M\u00e1ximo 212 \u00b0 F  Impulsado por una bomba de doble tornillo Bornemann  Dise\u00f1ado para productos altamente agresivos y no autonivelantes.  M\u00faltiples opciones para el tama\u00f1o \/ manejo del tambor  Se empareja con dispositivos de control para dosificaci\u00f3n por lotes  Cumple estrictos requisitos higi\u00e9nicos\" \/>\n<meta property=\"og:url\" content=\"https:\/\/www.grupo-inducom.com\/pe\/producto\/sistemas-sanitarios-de-descarga-de-pastas\/\" \/>\n<meta property=\"og:site_name\" content=\"Inducom Peru\" \/>\n<meta property=\"article:modified_time\" content=\"2023-06-02T16:39:40+00:00\" \/>\n<meta property=\"og:image\" content=\"http:\/\/www.grupo-inducom.com\/pe\/wp-content\/uploads\/sites\/3\/2023\/05\/DESCARGA-DE-PASTASAMPCO.png\" \/>\n\t<meta property=\"og:image:width\" content=\"600\" \/>\n\t<meta property=\"og:image:height\" content=\"450\" \/>\n\t<meta property=\"og:image:type\" content=\"image\/png\" \/>\n<meta name=\"twitter:card\" content=\"summary_large_image\" \/>\n<meta name=\"twitter:label1\" content=\"Est. reading time\" \/>\n\t<meta name=\"twitter:data1\" content=\"1 minuto\" \/>\n<script type=\"application\/ld+json\" class=\"yoast-schema-graph\">{\"@context\":\"https:\\\/\\\/schema.org\",\"@graph\":[{\"@type\":\"WebPage\",\"@id\":\"https:\\\/\\\/www.grupo-inducom.com\\\/pe\\\/producto\\\/sistemas-sanitarios-de-descarga-de-pastas\\\/\",\"url\":\"https:\\\/\\\/www.grupo-inducom.com\\\/pe\\\/producto\\\/sistemas-sanitarios-de-descarga-de-pastas\\\/\",\"name\":\"Sistemas Sanitarios De Descarga de Pastas - Inducom Peru\",\"isPartOf\":{\"@id\":\"https:\\\/\\\/www.grupo-inducom.com\\\/pe\\\/#website\"},\"primaryImageOfPage\":{\"@id\":\"https:\\\/\\\/www.grupo-inducom.com\\\/pe\\\/producto\\\/sistemas-sanitarios-de-descarga-de-pastas\\\/#primaryimage\"},\"image\":{\"@id\":\"https:\\\/\\\/www.grupo-inducom.com\\\/pe\\\/producto\\\/sistemas-sanitarios-de-descarga-de-pastas\\\/#primaryimage\"},\"thumbnailUrl\":\"https:\\\/\\\/www.grupo-inducom.com\\\/pe\\\/wp-content\\\/uploads\\\/sites\\\/3\\\/2023\\\/05\\\/DESCARGA-DE-PASTASAMPCO.png\",\"datePublished\":\"2023-05-04T14:09:48+00:00\",\"dateModified\":\"2023-06-02T16:39:40+00:00\",\"breadcrumb\":{\"@id\":\"https:\\\/\\\/www.grupo-inducom.com\\\/pe\\\/producto\\\/sistemas-sanitarios-de-descarga-de-pastas\\\/#breadcrumb\"},\"inLanguage\":\"es-PE\",\"potentialAction\":[{\"@type\":\"ReadAction\",\"target\":[\"https:\\\/\\\/www.grupo-inducom.com\\\/pe\\\/producto\\\/sistemas-sanitarios-de-descarga-de-pastas\\\/\"]}]},{\"@type\":\"ImageObject\",\"inLanguage\":\"es-PE\",\"@id\":\"https:\\\/\\\/www.grupo-inducom.com\\\/pe\\\/producto\\\/sistemas-sanitarios-de-descarga-de-pastas\\\/#primaryimage\",\"url\":\"https:\\\/\\\/www.grupo-inducom.com\\\/pe\\\/wp-content\\\/uploads\\\/sites\\\/3\\\/2023\\\/05\\\/DESCARGA-DE-PASTASAMPCO.png\",\"contentUrl\":\"https:\\\/\\\/www.grupo-inducom.com\\\/pe\\\/wp-content\\\/uploads\\\/sites\\\/3\\\/2023\\\/05\\\/DESCARGA-DE-PASTASAMPCO.png\",\"width\":600,\"height\":450},{\"@type\":\"BreadcrumbList\",\"@id\":\"https:\\\/\\\/www.grupo-inducom.com\\\/pe\\\/producto\\\/sistemas-sanitarios-de-descarga-de-pastas\\\/#breadcrumb\",\"itemListElement\":[{\"@type\":\"ListItem\",\"position\":1,\"name\":\"Portada\",\"item\":\"https:\\\/\\\/www.grupo-inducom.com\\\/pe\\\/\"},{\"@type\":\"ListItem\",\"position\":2,\"name\":\"Tienda\",\"item\":\"https:\\\/\\\/www.grupo-inducom.com\\\/pe\\\/tienda\\\/\"},{\"@type\":\"ListItem\",\"position\":3,\"name\":\"Sistemas Sanitarios De Descarga de Pastas\"}]},{\"@type\":\"WebSite\",\"@id\":\"https:\\\/\\\/www.grupo-inducom.com\\\/pe\\\/#website\",\"url\":\"https:\\\/\\\/www.grupo-inducom.com\\\/pe\\\/\",\"name\":\"Inducom Peru\",\"description\":\"\",\"potentialAction\":[{\"@type\":\"SearchAction\",\"target\":{\"@type\":\"EntryPoint\",\"urlTemplate\":\"https:\\\/\\\/www.grupo-inducom.com\\\/pe\\\/?s={search_term_string}\"},\"query-input\":{\"@type\":\"PropertyValueSpecification\",\"valueRequired\":true,\"valueName\":\"search_term_string\"}}],\"inLanguage\":\"es-PE\"}]}<\/script>\n<!-- \/ Yoast SEO plugin. -->","yoast_head_json":{"title":"Sistemas Sanitarios De Descarga de Pastas - Inducom Peru","robots":{"index":"index","follow":"follow","max-snippet":"max-snippet:-1","max-image-preview":"max-image-preview:large","max-video-preview":"max-video-preview:-1"},"canonical":"https:\/\/www.grupo-inducom.com\/pe\/producto\/sistemas-sanitarios-de-descarga-de-pastas\/","og_locale":"es_ES","og_type":"article","og_title":"Sistemas Sanitarios De Descarga de Pastas - Inducom Peru","og_description":"Marca: AMPCO  Presi\u00f3n:\u00a0362 PSI m\u00e1x. Tasa de flujo del producto:\u00a0Hasta 53 gpm Viscosidad: Hasta 1.000.000 cP Producto Temperatura: M\u00e1ximo 212 \u00b0 F  Impulsado por una bomba de doble tornillo Bornemann  Dise\u00f1ado para productos altamente agresivos y no autonivelantes.  M\u00faltiples opciones para el tama\u00f1o \/ manejo del tambor  Se empareja con dispositivos de control para dosificaci\u00f3n por lotes  Cumple estrictos requisitos higi\u00e9nicos","og_url":"https:\/\/www.grupo-inducom.com\/pe\/producto\/sistemas-sanitarios-de-descarga-de-pastas\/","og_site_name":"Inducom Peru","article_modified_time":"2023-06-02T16:39:40+00:00","og_image":[{"width":600,"height":450,"url":"http:\/\/www.grupo-inducom.com\/pe\/wp-content\/uploads\/sites\/3\/2023\/05\/DESCARGA-DE-PASTASAMPCO.png","type":"image\/png"}],"twitter_card":"summary_large_image","twitter_misc":{"Est. reading time":"1 minuto"},"schema":{"@context":"https:\/\/schema.org","@graph":[{"@type":"WebPage","@id":"https:\/\/www.grupo-inducom.com\/pe\/producto\/sistemas-sanitarios-de-descarga-de-pastas\/","url":"https:\/\/www.grupo-inducom.com\/pe\/producto\/sistemas-sanitarios-de-descarga-de-pastas\/","name":"Sistemas Sanitarios De Descarga de Pastas - Inducom Peru","isPartOf":{"@id":"https:\/\/www.grupo-inducom.com\/pe\/#website"},"primaryImageOfPage":{"@id":"https:\/\/www.grupo-inducom.com\/pe\/producto\/sistemas-sanitarios-de-descarga-de-pastas\/#primaryimage"},"image":{"@id":"https:\/\/www.grupo-inducom.com\/pe\/producto\/sistemas-sanitarios-de-descarga-de-pastas\/#primaryimage"},"thumbnailUrl":"https:\/\/www.grupo-inducom.com\/pe\/wp-content\/uploads\/sites\/3\/2023\/05\/DESCARGA-DE-PASTASAMPCO.png","datePublished":"2023-05-04T14:09:48+00:00","dateModified":"2023-06-02T16:39:40+00:00","breadcrumb":{"@id":"https:\/\/www.grupo-inducom.com\/pe\/producto\/sistemas-sanitarios-de-descarga-de-pastas\/#breadcrumb"},"inLanguage":"es-PE","potentialAction":[{"@type":"ReadAction","target":["https:\/\/www.grupo-inducom.com\/pe\/producto\/sistemas-sanitarios-de-descarga-de-pastas\/"]}]},{"@type":"ImageObject","inLanguage":"es-PE","@id":"https:\/\/www.grupo-inducom.com\/pe\/producto\/sistemas-sanitarios-de-descarga-de-pastas\/#primaryimage","url":"https:\/\/www.grupo-inducom.com\/pe\/wp-content\/uploads\/sites\/3\/2023\/05\/DESCARGA-DE-PASTASAMPCO.png","contentUrl":"https:\/\/www.grupo-inducom.com\/pe\/wp-content\/uploads\/sites\/3\/2023\/05\/DESCARGA-DE-PASTASAMPCO.png","width":600,"height":450},{"@type":"BreadcrumbList","@id":"https:\/\/www.grupo-inducom.com\/pe\/producto\/sistemas-sanitarios-de-descarga-de-pastas\/#breadcrumb","itemListElement":[{"@type":"ListItem","position":1,"name":"Portada","item":"https:\/\/www.grupo-inducom.com\/pe\/"},{"@type":"ListItem","position":2,"name":"Tienda","item":"https:\/\/www.grupo-inducom.com\/pe\/tienda\/"},{"@type":"ListItem","position":3,"name":"Sistemas Sanitarios De Descarga de Pastas"}]},{"@type":"WebSite","@id":"https:\/\/www.grupo-inducom.com\/pe\/#website","url":"https:\/\/www.grupo-inducom.com\/pe\/","name":"Inducom Peru","description":"","potentialAction":[{"@type":"SearchAction","target":{"@type":"EntryPoint","urlTemplate":"https:\/\/www.grupo-inducom.com\/pe\/?s={search_term_string}"},"query-input":{"@type":"PropertyValueSpecification","valueRequired":true,"valueName":"search_term_string"}}],"inLanguage":"es-PE"}]}},"_links":{"self":[{"href":"https:\/\/www.grupo-inducom.com\/pe\/wp-json\/wp\/v2\/product\/229213","targetHints":{"allow":["GET"]}}],"collection":[{"href":"https:\/\/www.grupo-inducom.com\/pe\/wp-json\/wp\/v2\/product"}],"about":[{"href":"https:\/\/www.grupo-inducom.com\/pe\/wp-json\/wp\/v2\/types\/product"}],"replies":[{"embeddable":true,"href":"https:\/\/www.grupo-inducom.com\/pe\/wp-json\/wp\/v2\/comments?post=229213"}],"wp:featuredmedia":[{"embeddable":true,"href":"https:\/\/www.grupo-inducom.com\/pe\/wp-json\/wp\/v2\/media\/229026"}],"wp:attachment":[{"href":"https:\/\/www.grupo-inducom.com\/pe\/wp-json\/wp\/v2\/media?parent=229213"}],"wp:term":[{"taxonomy":"product_brand","embeddable":true,"href":"https:\/\/www.grupo-inducom.com\/pe\/wp-json\/wp\/v2\/product_brand?post=229213"},{"taxonomy":"product_cat","embeddable":true,"href":"https:\/\/www.grupo-inducom.com\/pe\/wp-json\/wp\/v2\/product_cat?post=229213"},{"taxonomy":"product_tag","embeddable":true,"href":"https:\/\/www.grupo-inducom.com\/pe\/wp-json\/wp\/v2\/product_tag?post=229213"}],"curies":[{"name":"wp","href":"https:\/\/api.w.org\/{rel}","templated":true}]}}