{"id":229211,"date":"2023-05-04T14:09:47","date_gmt":"2023-05-04T14:09:47","guid":{"rendered":"https:\/\/www.grupo-inducom.com\/?post_type=product&#038;p=869"},"modified":"2023-06-02T09:11:18","modified_gmt":"2023-06-02T14:11:18","slug":"pausterizador-de-leche-sistema-sanitario","status":"publish","type":"product","link":"https:\/\/www.grupo-inducom.com\/pe\/producto\/pausterizador-de-leche-sistema-sanitario\/","title":{"rendered":"Pausterizador de leche \u2013 Sistema sanitario"},"content":{"rendered":"<p><strong>Disponible para capacidades de 3.000 a 10.000 l\/h:<\/strong><\/p>\n<ul>\n<li>Pasteurizador de leche INOXPA 3000<\/li>\n<li>Pasteurizador de leche INOXPA 5000<\/li>\n<li>Pasteurizadora de leche INOXPA 10000<\/li>\n<\/ul>\n<p><strong>Centr\u00edfugas desnatadoras disponibles<\/strong><\/p>\n<ul>\n<li>INOXPA desnatadora de leche pro 20<\/li>\n<li>INOXPA desnatadora pro 40<\/li>\n<li>INOXPA ecocream<\/li>\n<\/ul>\n<p><strong>Funcionamiento flexible:<\/strong><\/p>\n<ul>\n<li>Leche<\/li>\n<li>Nata<\/li>\n<li>Opciones<\/li>\n<li>Leche para queso<\/li>\n<li>Leche para yogur<\/li>\n<li>Homogeneizaci\u00f3n parcial<\/li>\n<li>Enfriador de nata<\/li>\n<li>Dosificaci\u00f3n CIP<\/li>\n<\/ul>\n<p><strong>Las ventajas de un vistazo<\/strong><\/p>\n<ul>\n<li>Dise\u00f1o compacto del pasteurizador<\/li>\n<li>Ocupa poco espacio<\/li>\n<li>F\u00e1cil de manejar &#8211; rendimiento optimizado<\/li>\n<li>Mantenimiento sencillo: menos tiempo de inactividad<\/li>\n<li>Funcionamiento flexible<\/li>\n<li>Capaz de procesar leche y nata<\/li>\n<li>Con o sin separador<\/li>\n<li>Soluci\u00f3n montada sobre patines<\/li>\n<li>Integraci\u00f3n f\u00e1cil y r\u00e1pida<\/li>\n<li>R\u00e1pida puesta en marcha<\/li>\n<li>Sin necesidad de abrir el suelo<\/li>\n<li>Menor esfuerzo de coordinaci\u00f3n con terceros<\/li>\n<li>F\u00e1cil manejo a trav\u00e9s de una HMI intuitiva<\/li>\n<li>Preparado para IoT y opci\u00f3n de acceso remoto<\/li>\n<\/ul>\n","protected":false},"excerpt":{"rendered":"<p>Marca: INOXPA<\/p>\n<p>L\u00ednea de pasteurizaci\u00f3n completa.<\/p>\n<p>Retome la producci\u00f3n r\u00e1pidamente con instalaci\u00f3n y puesta en marcha simplificada.<\/p>\n<p>Soluci\u00f3n flexible que permite procesar f\u00e1cilmente la leche cruda y la nata.<\/p>\n<p>F\u00e1cil de usar, ayude al operario a optimizar la producci\u00f3n.<\/p>\n","protected":false},"featured_media":229020,"comment_status":"open","ping_status":"closed","template":"","meta":{"_acf_changed":false,"_et_pb_use_builder":"","_et_pb_old_content":"","_et_gb_content_width":"","content-type":""},"product_brand":[],"product_cat":[113],"product_tag":[203],"class_list":{"0":"post-229211","1":"product","2":"type-product","3":"status-publish","4":"has-post-thumbnail","6":"product_cat-linea-sanitaria","7":"product_tag-inoxpa","9":"first","10":"instock","11":"shipping-taxable","12":"product-type-simple"},"acf":[],"yoast_head":"<!-- This site is optimized with the Yoast SEO plugin v27.4 - https:\/\/yoast.com\/product\/yoast-seo-wordpress\/ -->\n<title>Pausterizador de leche \u2013 Sistema sanitario - Inducom Peru<\/title>\n<meta name=\"robots\" content=\"index, follow, max-snippet:-1, max-image-preview:large, max-video-preview:-1\" \/>\n<link rel=\"canonical\" href=\"https:\/\/www.grupo-inducom.com\/pe\/producto\/pausterizador-de-leche-sistema-sanitario\/\" \/>\n<meta property=\"og:locale\" content=\"es_ES\" \/>\n<meta property=\"og:type\" content=\"article\" \/>\n<meta property=\"og:title\" content=\"Pausterizador de leche \u2013 Sistema sanitario - Inducom Peru\" \/>\n<meta property=\"og:description\" content=\"Marca: INOXPA  L\u00ednea de pasteurizaci\u00f3n completa.  Retome la producci\u00f3n r\u00e1pidamente con instalaci\u00f3n y puesta en marcha simplificada.  Soluci\u00f3n flexible que permite procesar f\u00e1cilmente la leche cruda y la nata.  F\u00e1cil de usar, ayude al operario a optimizar la producci\u00f3n.\" \/>\n<meta property=\"og:url\" content=\"https:\/\/www.grupo-inducom.com\/pe\/producto\/pausterizador-de-leche-sistema-sanitario\/\" \/>\n<meta property=\"og:site_name\" content=\"Inducom Peru\" \/>\n<meta property=\"article:modified_time\" content=\"2023-06-02T14:11:18+00:00\" \/>\n<meta property=\"og:image\" content=\"http:\/\/www.grupo-inducom.com\/pe\/wp-content\/uploads\/sites\/3\/2023\/05\/SISTEMAS-SANITARIOSGEA-.png\" \/>\n\t<meta property=\"og:image:width\" content=\"600\" \/>\n\t<meta property=\"og:image:height\" content=\"450\" \/>\n\t<meta property=\"og:image:type\" content=\"image\/png\" \/>\n<meta name=\"twitter:card\" content=\"summary_large_image\" \/>\n<meta name=\"twitter:label1\" content=\"Est. reading time\" \/>\n\t<meta name=\"twitter:data1\" content=\"1 minuto\" \/>\n<script type=\"application\/ld+json\" class=\"yoast-schema-graph\">{\"@context\":\"https:\\\/\\\/schema.org\",\"@graph\":[{\"@type\":\"WebPage\",\"@id\":\"https:\\\/\\\/www.grupo-inducom.com\\\/pe\\\/producto\\\/pausterizador-de-leche-sistema-sanitario\\\/\",\"url\":\"https:\\\/\\\/www.grupo-inducom.com\\\/pe\\\/producto\\\/pausterizador-de-leche-sistema-sanitario\\\/\",\"name\":\"Pausterizador de leche \u2013 Sistema sanitario - Inducom Peru\",\"isPartOf\":{\"@id\":\"https:\\\/\\\/www.grupo-inducom.com\\\/pe\\\/#website\"},\"primaryImageOfPage\":{\"@id\":\"https:\\\/\\\/www.grupo-inducom.com\\\/pe\\\/producto\\\/pausterizador-de-leche-sistema-sanitario\\\/#primaryimage\"},\"image\":{\"@id\":\"https:\\\/\\\/www.grupo-inducom.com\\\/pe\\\/producto\\\/pausterizador-de-leche-sistema-sanitario\\\/#primaryimage\"},\"thumbnailUrl\":\"https:\\\/\\\/www.grupo-inducom.com\\\/pe\\\/wp-content\\\/uploads\\\/sites\\\/3\\\/2023\\\/05\\\/SISTEMAS-SANITARIOSGEA-.png\",\"datePublished\":\"2023-05-04T14:09:47+00:00\",\"dateModified\":\"2023-06-02T14:11:18+00:00\",\"breadcrumb\":{\"@id\":\"https:\\\/\\\/www.grupo-inducom.com\\\/pe\\\/producto\\\/pausterizador-de-leche-sistema-sanitario\\\/#breadcrumb\"},\"inLanguage\":\"es-PE\",\"potentialAction\":[{\"@type\":\"ReadAction\",\"target\":[\"https:\\\/\\\/www.grupo-inducom.com\\\/pe\\\/producto\\\/pausterizador-de-leche-sistema-sanitario\\\/\"]}]},{\"@type\":\"ImageObject\",\"inLanguage\":\"es-PE\",\"@id\":\"https:\\\/\\\/www.grupo-inducom.com\\\/pe\\\/producto\\\/pausterizador-de-leche-sistema-sanitario\\\/#primaryimage\",\"url\":\"https:\\\/\\\/www.grupo-inducom.com\\\/pe\\\/wp-content\\\/uploads\\\/sites\\\/3\\\/2023\\\/05\\\/SISTEMAS-SANITARIOSGEA-.png\",\"contentUrl\":\"https:\\\/\\\/www.grupo-inducom.com\\\/pe\\\/wp-content\\\/uploads\\\/sites\\\/3\\\/2023\\\/05\\\/SISTEMAS-SANITARIOSGEA-.png\",\"width\":600,\"height\":450},{\"@type\":\"BreadcrumbList\",\"@id\":\"https:\\\/\\\/www.grupo-inducom.com\\\/pe\\\/producto\\\/pausterizador-de-leche-sistema-sanitario\\\/#breadcrumb\",\"itemListElement\":[{\"@type\":\"ListItem\",\"position\":1,\"name\":\"Portada\",\"item\":\"https:\\\/\\\/www.grupo-inducom.com\\\/pe\\\/\"},{\"@type\":\"ListItem\",\"position\":2,\"name\":\"Tienda\",\"item\":\"https:\\\/\\\/www.grupo-inducom.com\\\/pe\\\/tienda\\\/\"},{\"@type\":\"ListItem\",\"position\":3,\"name\":\"Pausterizador de leche \u2013 Sistema sanitario\"}]},{\"@type\":\"WebSite\",\"@id\":\"https:\\\/\\\/www.grupo-inducom.com\\\/pe\\\/#website\",\"url\":\"https:\\\/\\\/www.grupo-inducom.com\\\/pe\\\/\",\"name\":\"Inducom Peru\",\"description\":\"\",\"potentialAction\":[{\"@type\":\"SearchAction\",\"target\":{\"@type\":\"EntryPoint\",\"urlTemplate\":\"https:\\\/\\\/www.grupo-inducom.com\\\/pe\\\/?s={search_term_string}\"},\"query-input\":{\"@type\":\"PropertyValueSpecification\",\"valueRequired\":true,\"valueName\":\"search_term_string\"}}],\"inLanguage\":\"es-PE\"}]}<\/script>\n<!-- \/ Yoast SEO plugin. -->","yoast_head_json":{"title":"Pausterizador de leche \u2013 Sistema sanitario - Inducom Peru","robots":{"index":"index","follow":"follow","max-snippet":"max-snippet:-1","max-image-preview":"max-image-preview:large","max-video-preview":"max-video-preview:-1"},"canonical":"https:\/\/www.grupo-inducom.com\/pe\/producto\/pausterizador-de-leche-sistema-sanitario\/","og_locale":"es_ES","og_type":"article","og_title":"Pausterizador de leche \u2013 Sistema sanitario - Inducom Peru","og_description":"Marca: INOXPA  L\u00ednea de pasteurizaci\u00f3n completa.  Retome la producci\u00f3n r\u00e1pidamente con instalaci\u00f3n y puesta en marcha simplificada.  Soluci\u00f3n flexible que permite procesar f\u00e1cilmente la leche cruda y la nata.  F\u00e1cil de usar, ayude al operario a optimizar la producci\u00f3n.","og_url":"https:\/\/www.grupo-inducom.com\/pe\/producto\/pausterizador-de-leche-sistema-sanitario\/","og_site_name":"Inducom Peru","article_modified_time":"2023-06-02T14:11:18+00:00","og_image":[{"width":600,"height":450,"url":"http:\/\/www.grupo-inducom.com\/pe\/wp-content\/uploads\/sites\/3\/2023\/05\/SISTEMAS-SANITARIOSGEA-.png","type":"image\/png"}],"twitter_card":"summary_large_image","twitter_misc":{"Est. reading time":"1 minuto"},"schema":{"@context":"https:\/\/schema.org","@graph":[{"@type":"WebPage","@id":"https:\/\/www.grupo-inducom.com\/pe\/producto\/pausterizador-de-leche-sistema-sanitario\/","url":"https:\/\/www.grupo-inducom.com\/pe\/producto\/pausterizador-de-leche-sistema-sanitario\/","name":"Pausterizador de leche \u2013 Sistema sanitario - Inducom Peru","isPartOf":{"@id":"https:\/\/www.grupo-inducom.com\/pe\/#website"},"primaryImageOfPage":{"@id":"https:\/\/www.grupo-inducom.com\/pe\/producto\/pausterizador-de-leche-sistema-sanitario\/#primaryimage"},"image":{"@id":"https:\/\/www.grupo-inducom.com\/pe\/producto\/pausterizador-de-leche-sistema-sanitario\/#primaryimage"},"thumbnailUrl":"https:\/\/www.grupo-inducom.com\/pe\/wp-content\/uploads\/sites\/3\/2023\/05\/SISTEMAS-SANITARIOSGEA-.png","datePublished":"2023-05-04T14:09:47+00:00","dateModified":"2023-06-02T14:11:18+00:00","breadcrumb":{"@id":"https:\/\/www.grupo-inducom.com\/pe\/producto\/pausterizador-de-leche-sistema-sanitario\/#breadcrumb"},"inLanguage":"es-PE","potentialAction":[{"@type":"ReadAction","target":["https:\/\/www.grupo-inducom.com\/pe\/producto\/pausterizador-de-leche-sistema-sanitario\/"]}]},{"@type":"ImageObject","inLanguage":"es-PE","@id":"https:\/\/www.grupo-inducom.com\/pe\/producto\/pausterizador-de-leche-sistema-sanitario\/#primaryimage","url":"https:\/\/www.grupo-inducom.com\/pe\/wp-content\/uploads\/sites\/3\/2023\/05\/SISTEMAS-SANITARIOSGEA-.png","contentUrl":"https:\/\/www.grupo-inducom.com\/pe\/wp-content\/uploads\/sites\/3\/2023\/05\/SISTEMAS-SANITARIOSGEA-.png","width":600,"height":450},{"@type":"BreadcrumbList","@id":"https:\/\/www.grupo-inducom.com\/pe\/producto\/pausterizador-de-leche-sistema-sanitario\/#breadcrumb","itemListElement":[{"@type":"ListItem","position":1,"name":"Portada","item":"https:\/\/www.grupo-inducom.com\/pe\/"},{"@type":"ListItem","position":2,"name":"Tienda","item":"https:\/\/www.grupo-inducom.com\/pe\/tienda\/"},{"@type":"ListItem","position":3,"name":"Pausterizador de leche \u2013 Sistema sanitario"}]},{"@type":"WebSite","@id":"https:\/\/www.grupo-inducom.com\/pe\/#website","url":"https:\/\/www.grupo-inducom.com\/pe\/","name":"Inducom Peru","description":"","potentialAction":[{"@type":"SearchAction","target":{"@type":"EntryPoint","urlTemplate":"https:\/\/www.grupo-inducom.com\/pe\/?s={search_term_string}"},"query-input":{"@type":"PropertyValueSpecification","valueRequired":true,"valueName":"search_term_string"}}],"inLanguage":"es-PE"}]}},"_links":{"self":[{"href":"https:\/\/www.grupo-inducom.com\/pe\/wp-json\/wp\/v2\/product\/229211","targetHints":{"allow":["GET"]}}],"collection":[{"href":"https:\/\/www.grupo-inducom.com\/pe\/wp-json\/wp\/v2\/product"}],"about":[{"href":"https:\/\/www.grupo-inducom.com\/pe\/wp-json\/wp\/v2\/types\/product"}],"replies":[{"embeddable":true,"href":"https:\/\/www.grupo-inducom.com\/pe\/wp-json\/wp\/v2\/comments?post=229211"}],"wp:featuredmedia":[{"embeddable":true,"href":"https:\/\/www.grupo-inducom.com\/pe\/wp-json\/wp\/v2\/media\/229020"}],"wp:attachment":[{"href":"https:\/\/www.grupo-inducom.com\/pe\/wp-json\/wp\/v2\/media?parent=229211"}],"wp:term":[{"taxonomy":"product_brand","embeddable":true,"href":"https:\/\/www.grupo-inducom.com\/pe\/wp-json\/wp\/v2\/product_brand?post=229211"},{"taxonomy":"product_cat","embeddable":true,"href":"https:\/\/www.grupo-inducom.com\/pe\/wp-json\/wp\/v2\/product_cat?post=229211"},{"taxonomy":"product_tag","embeddable":true,"href":"https:\/\/www.grupo-inducom.com\/pe\/wp-json\/wp\/v2\/product_tag?post=229211"}],"curies":[{"name":"wp","href":"https:\/\/api.w.org\/{rel}","templated":true}]}}