{"id":229206,"date":"2023-05-04T14:09:47","date_gmt":"2023-05-04T14:09:47","guid":{"rendered":"https:\/\/www.grupo-inducom.com\/?post_type=product&#038;p=865"},"modified":"2023-06-02T08:54:54","modified_gmt":"2023-06-02T13:54:54","slug":"clarificadora-de-bacterias-centrifugadora-de-lacteos","status":"publish","type":"product","link":"https:\/\/www.grupo-inducom.com\/pe\/producto\/clarificadora-de-bacterias-centrifugadora-de-lacteos\/","title":{"rendered":"Clarificadora de bacterias \/ Centrifugadora de L\u00e1cteos"},"content":{"rendered":"<p><strong>Aumento del rendimiento de las prote\u00ednas con el sistema proplus de AMPCO<\/strong><\/p>\n<p>Opcionalmente, las separadoras de eliminaci\u00f3n de bacterias pueden equiparse con el sistema proplus Con proplus es posible incrementar por seis los intervalos de eyecci\u00f3n durante la producci\u00f3n, si se compara con separadoras de eliminaci\u00f3n de bacterias convencionales. Esto se traduce en un considerable aumento del rendimiento prote\u00ednico de la leche cruda mediante una minimizaci\u00f3n constante de p\u00e9rdida de hasta el 75%. Adem\u00e1s, esto supone una reducci\u00f3n de los costes por tratamiento de aguas residuales, mantenimiento y desgaste.<\/p>\n<p><strong>Clarificadores de bacterias AMPCO que separan determinadas formadoras de esporas<\/strong><\/p>\n<p>La centr\u00edfuga de eliminaci\u00f3n de bacterias, tambi\u00e9n conocida como clarificador de bacterias, separa, en particular, formadoras de esporas, como Bacillus cereus, simult\u00e1neamente resistente a una temperatura m\u00e1xima de 128 \u00b0C y tolerante al fr\u00edo, que afectan negativamente al tiempo de conservaci\u00f3n de la leche de consumo debido a la coagulaci\u00f3n dulce. Asimismo, es posible prevenir con eficacia un elevado n\u00famero de anomal\u00edas en el queso mediante la aplicaci\u00f3n de centr\u00edfugas de eliminaci\u00f3n de bacterias.<\/p>\n","protected":false},"excerpt":{"rendered":"<p>Marca: AMPCO<\/p>\n<p>Los productos l\u00e1cteos pueden contaminarse fuertemente por bacterias, esporas, c\u00e9lulas som\u00e1ticas y constituyentes no l\u00e1cteos. La Clarificadora de bacterias elimina los contaminantes.<\/p>\n<p>El espectro de aplicaci\u00f3n abarca desde la clarificaci\u00f3n bacteriana especial de una y dos fases de la leche de consumo, hasta el tratamiento del concentrado de lactosuero, pasando por la clarificaci\u00f3n bacteriana variable de la leche para elaborar queso.<\/p>\n","protected":false},"featured_media":894,"comment_status":"open","ping_status":"closed","template":"","meta":{"_acf_changed":false,"_et_pb_use_builder":"","_et_pb_old_content":"","_et_gb_content_width":"","content-type":""},"product_brand":[],"product_cat":[113],"product_tag":[184],"class_list":{"0":"post-229206","1":"product","2":"type-product","3":"status-publish","4":"has-post-thumbnail","6":"product_cat-linea-sanitaria","7":"product_tag-ampco","9":"first","10":"instock","11":"shipping-taxable","12":"product-type-simple"},"acf":[],"yoast_head":"<!-- This site is optimized with the Yoast SEO plugin v27.4 - https:\/\/yoast.com\/product\/yoast-seo-wordpress\/ -->\n<title>Clarificadora de bacterias \/ Centrifugadora de L\u00e1cteos - Inducom Peru<\/title>\n<meta name=\"robots\" content=\"index, follow, max-snippet:-1, max-image-preview:large, max-video-preview:-1\" \/>\n<link rel=\"canonical\" href=\"https:\/\/www.grupo-inducom.com\/pe\/producto\/clarificadora-de-bacterias-centrifugadora-de-lacteos\/\" \/>\n<meta property=\"og:locale\" content=\"es_ES\" \/>\n<meta property=\"og:type\" content=\"article\" \/>\n<meta property=\"og:title\" content=\"Clarificadora de bacterias \/ Centrifugadora de L\u00e1cteos - Inducom Peru\" \/>\n<meta property=\"og:description\" content=\"Marca: AMPCO  Los productos l\u00e1cteos pueden contaminarse fuertemente por bacterias, esporas, c\u00e9lulas som\u00e1ticas y constituyentes no l\u00e1cteos. La Clarificadora de bacterias elimina los contaminantes.  El espectro de aplicaci\u00f3n abarca desde la clarificaci\u00f3n bacteriana especial de una y dos fases de la leche de consumo, hasta el tratamiento del concentrado de lactosuero, pasando por la clarificaci\u00f3n bacteriana variable de la leche para elaborar queso.\" \/>\n<meta property=\"og:url\" content=\"https:\/\/www.grupo-inducom.com\/pe\/producto\/clarificadora-de-bacterias-centrifugadora-de-lacteos\/\" \/>\n<meta property=\"og:site_name\" content=\"Inducom Peru\" \/>\n<meta property=\"article:modified_time\" content=\"2023-06-02T13:54:54+00:00\" \/>\n<meta property=\"og:image\" content=\"http:\/\/www.grupo-inducom.com\/pe\/wp-content\/uploads\/sites\/3\/2023\/05\/CLARIFICADORAGEA.png\" \/>\n\t<meta property=\"og:image:width\" content=\"600\" \/>\n\t<meta property=\"og:image:height\" content=\"450\" \/>\n\t<meta property=\"og:image:type\" content=\"image\/png\" \/>\n<meta name=\"twitter:card\" content=\"summary_large_image\" \/>\n<meta name=\"twitter:label1\" content=\"Est. reading time\" \/>\n\t<meta name=\"twitter:data1\" content=\"1 minuto\" \/>\n<script type=\"application\/ld+json\" class=\"yoast-schema-graph\">{\"@context\":\"https:\\\/\\\/schema.org\",\"@graph\":[{\"@type\":\"WebPage\",\"@id\":\"https:\\\/\\\/www.grupo-inducom.com\\\/pe\\\/producto\\\/clarificadora-de-bacterias-centrifugadora-de-lacteos\\\/\",\"url\":\"https:\\\/\\\/www.grupo-inducom.com\\\/pe\\\/producto\\\/clarificadora-de-bacterias-centrifugadora-de-lacteos\\\/\",\"name\":\"Clarificadora de bacterias \\\/ Centrifugadora de L\u00e1cteos - Inducom Peru\",\"isPartOf\":{\"@id\":\"https:\\\/\\\/www.grupo-inducom.com\\\/pe\\\/#website\"},\"primaryImageOfPage\":{\"@id\":\"https:\\\/\\\/www.grupo-inducom.com\\\/pe\\\/producto\\\/clarificadora-de-bacterias-centrifugadora-de-lacteos\\\/#primaryimage\"},\"image\":{\"@id\":\"https:\\\/\\\/www.grupo-inducom.com\\\/pe\\\/producto\\\/clarificadora-de-bacterias-centrifugadora-de-lacteos\\\/#primaryimage\"},\"thumbnailUrl\":\"https:\\\/\\\/www.grupo-inducom.com\\\/pe\\\/wp-content\\\/uploads\\\/sites\\\/3\\\/2023\\\/05\\\/CLARIFICADORAGEA.png\",\"datePublished\":\"2023-05-04T14:09:47+00:00\",\"dateModified\":\"2023-06-02T13:54:54+00:00\",\"breadcrumb\":{\"@id\":\"https:\\\/\\\/www.grupo-inducom.com\\\/pe\\\/producto\\\/clarificadora-de-bacterias-centrifugadora-de-lacteos\\\/#breadcrumb\"},\"inLanguage\":\"es-PE\",\"potentialAction\":[{\"@type\":\"ReadAction\",\"target\":[\"https:\\\/\\\/www.grupo-inducom.com\\\/pe\\\/producto\\\/clarificadora-de-bacterias-centrifugadora-de-lacteos\\\/\"]}]},{\"@type\":\"ImageObject\",\"inLanguage\":\"es-PE\",\"@id\":\"https:\\\/\\\/www.grupo-inducom.com\\\/pe\\\/producto\\\/clarificadora-de-bacterias-centrifugadora-de-lacteos\\\/#primaryimage\",\"url\":\"https:\\\/\\\/www.grupo-inducom.com\\\/pe\\\/wp-content\\\/uploads\\\/sites\\\/3\\\/2023\\\/05\\\/CLARIFICADORAGEA.png\",\"contentUrl\":\"https:\\\/\\\/www.grupo-inducom.com\\\/pe\\\/wp-content\\\/uploads\\\/sites\\\/3\\\/2023\\\/05\\\/CLARIFICADORAGEA.png\",\"width\":600,\"height\":450},{\"@type\":\"BreadcrumbList\",\"@id\":\"https:\\\/\\\/www.grupo-inducom.com\\\/pe\\\/producto\\\/clarificadora-de-bacterias-centrifugadora-de-lacteos\\\/#breadcrumb\",\"itemListElement\":[{\"@type\":\"ListItem\",\"position\":1,\"name\":\"Portada\",\"item\":\"https:\\\/\\\/www.grupo-inducom.com\\\/pe\\\/\"},{\"@type\":\"ListItem\",\"position\":2,\"name\":\"Tienda\",\"item\":\"https:\\\/\\\/www.grupo-inducom.com\\\/pe\\\/tienda\\\/\"},{\"@type\":\"ListItem\",\"position\":3,\"name\":\"Clarificadora de bacterias \\\/ Centrifugadora de L\u00e1cteos\"}]},{\"@type\":\"WebSite\",\"@id\":\"https:\\\/\\\/www.grupo-inducom.com\\\/pe\\\/#website\",\"url\":\"https:\\\/\\\/www.grupo-inducom.com\\\/pe\\\/\",\"name\":\"Inducom Peru\",\"description\":\"\",\"potentialAction\":[{\"@type\":\"SearchAction\",\"target\":{\"@type\":\"EntryPoint\",\"urlTemplate\":\"https:\\\/\\\/www.grupo-inducom.com\\\/pe\\\/?s={search_term_string}\"},\"query-input\":{\"@type\":\"PropertyValueSpecification\",\"valueRequired\":true,\"valueName\":\"search_term_string\"}}],\"inLanguage\":\"es-PE\"}]}<\/script>\n<!-- \/ Yoast SEO plugin. -->","yoast_head_json":{"title":"Clarificadora de bacterias \/ Centrifugadora de L\u00e1cteos - Inducom Peru","robots":{"index":"index","follow":"follow","max-snippet":"max-snippet:-1","max-image-preview":"max-image-preview:large","max-video-preview":"max-video-preview:-1"},"canonical":"https:\/\/www.grupo-inducom.com\/pe\/producto\/clarificadora-de-bacterias-centrifugadora-de-lacteos\/","og_locale":"es_ES","og_type":"article","og_title":"Clarificadora de bacterias \/ Centrifugadora de L\u00e1cteos - Inducom Peru","og_description":"Marca: AMPCO  Los productos l\u00e1cteos pueden contaminarse fuertemente por bacterias, esporas, c\u00e9lulas som\u00e1ticas y constituyentes no l\u00e1cteos. La Clarificadora de bacterias elimina los contaminantes.  El espectro de aplicaci\u00f3n abarca desde la clarificaci\u00f3n bacteriana especial de una y dos fases de la leche de consumo, hasta el tratamiento del concentrado de lactosuero, pasando por la clarificaci\u00f3n bacteriana variable de la leche para elaborar queso.","og_url":"https:\/\/www.grupo-inducom.com\/pe\/producto\/clarificadora-de-bacterias-centrifugadora-de-lacteos\/","og_site_name":"Inducom Peru","article_modified_time":"2023-06-02T13:54:54+00:00","og_image":[{"width":600,"height":450,"url":"http:\/\/www.grupo-inducom.com\/pe\/wp-content\/uploads\/sites\/3\/2023\/05\/CLARIFICADORAGEA.png","type":"image\/png"}],"twitter_card":"summary_large_image","twitter_misc":{"Est. reading time":"1 minuto"},"schema":{"@context":"https:\/\/schema.org","@graph":[{"@type":"WebPage","@id":"https:\/\/www.grupo-inducom.com\/pe\/producto\/clarificadora-de-bacterias-centrifugadora-de-lacteos\/","url":"https:\/\/www.grupo-inducom.com\/pe\/producto\/clarificadora-de-bacterias-centrifugadora-de-lacteos\/","name":"Clarificadora de bacterias \/ Centrifugadora de L\u00e1cteos - Inducom Peru","isPartOf":{"@id":"https:\/\/www.grupo-inducom.com\/pe\/#website"},"primaryImageOfPage":{"@id":"https:\/\/www.grupo-inducom.com\/pe\/producto\/clarificadora-de-bacterias-centrifugadora-de-lacteos\/#primaryimage"},"image":{"@id":"https:\/\/www.grupo-inducom.com\/pe\/producto\/clarificadora-de-bacterias-centrifugadora-de-lacteos\/#primaryimage"},"thumbnailUrl":"https:\/\/www.grupo-inducom.com\/pe\/wp-content\/uploads\/sites\/3\/2023\/05\/CLARIFICADORAGEA.png","datePublished":"2023-05-04T14:09:47+00:00","dateModified":"2023-06-02T13:54:54+00:00","breadcrumb":{"@id":"https:\/\/www.grupo-inducom.com\/pe\/producto\/clarificadora-de-bacterias-centrifugadora-de-lacteos\/#breadcrumb"},"inLanguage":"es-PE","potentialAction":[{"@type":"ReadAction","target":["https:\/\/www.grupo-inducom.com\/pe\/producto\/clarificadora-de-bacterias-centrifugadora-de-lacteos\/"]}]},{"@type":"ImageObject","inLanguage":"es-PE","@id":"https:\/\/www.grupo-inducom.com\/pe\/producto\/clarificadora-de-bacterias-centrifugadora-de-lacteos\/#primaryimage","url":"https:\/\/www.grupo-inducom.com\/pe\/wp-content\/uploads\/sites\/3\/2023\/05\/CLARIFICADORAGEA.png","contentUrl":"https:\/\/www.grupo-inducom.com\/pe\/wp-content\/uploads\/sites\/3\/2023\/05\/CLARIFICADORAGEA.png","width":600,"height":450},{"@type":"BreadcrumbList","@id":"https:\/\/www.grupo-inducom.com\/pe\/producto\/clarificadora-de-bacterias-centrifugadora-de-lacteos\/#breadcrumb","itemListElement":[{"@type":"ListItem","position":1,"name":"Portada","item":"https:\/\/www.grupo-inducom.com\/pe\/"},{"@type":"ListItem","position":2,"name":"Tienda","item":"https:\/\/www.grupo-inducom.com\/pe\/tienda\/"},{"@type":"ListItem","position":3,"name":"Clarificadora de bacterias \/ Centrifugadora de L\u00e1cteos"}]},{"@type":"WebSite","@id":"https:\/\/www.grupo-inducom.com\/pe\/#website","url":"https:\/\/www.grupo-inducom.com\/pe\/","name":"Inducom Peru","description":"","potentialAction":[{"@type":"SearchAction","target":{"@type":"EntryPoint","urlTemplate":"https:\/\/www.grupo-inducom.com\/pe\/?s={search_term_string}"},"query-input":{"@type":"PropertyValueSpecification","valueRequired":true,"valueName":"search_term_string"}}],"inLanguage":"es-PE"}]}},"_links":{"self":[{"href":"https:\/\/www.grupo-inducom.com\/pe\/wp-json\/wp\/v2\/product\/229206","targetHints":{"allow":["GET"]}}],"collection":[{"href":"https:\/\/www.grupo-inducom.com\/pe\/wp-json\/wp\/v2\/product"}],"about":[{"href":"https:\/\/www.grupo-inducom.com\/pe\/wp-json\/wp\/v2\/types\/product"}],"replies":[{"embeddable":true,"href":"https:\/\/www.grupo-inducom.com\/pe\/wp-json\/wp\/v2\/comments?post=229206"}],"wp:featuredmedia":[{"embeddable":true,"href":"https:\/\/www.grupo-inducom.com\/pe\/wp-json\/wp\/v2\/media\/894"}],"wp:attachment":[{"href":"https:\/\/www.grupo-inducom.com\/pe\/wp-json\/wp\/v2\/media?parent=229206"}],"wp:term":[{"taxonomy":"product_brand","embeddable":true,"href":"https:\/\/www.grupo-inducom.com\/pe\/wp-json\/wp\/v2\/product_brand?post=229206"},{"taxonomy":"product_cat","embeddable":true,"href":"https:\/\/www.grupo-inducom.com\/pe\/wp-json\/wp\/v2\/product_cat?post=229206"},{"taxonomy":"product_tag","embeddable":true,"href":"https:\/\/www.grupo-inducom.com\/pe\/wp-json\/wp\/v2\/product_tag?post=229206"}],"curies":[{"name":"wp","href":"https:\/\/api.w.org\/{rel}","templated":true}]}}