{"id":229191,"date":"2023-05-04T14:09:25","date_gmt":"2023-05-04T14:09:25","guid":{"rendered":"https:\/\/www.grupo-inducom.com\/?post_type=product&#038;p=806"},"modified":"2023-06-02T11:39:36","modified_gmt":"2023-06-02T16:39:36","slug":"reductor-y-mortoreductor-planetario-serie-300m-2","status":"publish","type":"product","link":"https:\/\/www.grupo-inducom.com\/pe\/producto\/reductor-y-mortoreductor-planetario-serie-300m-2\/","title":{"rendered":"Reductor y mortoreductor planet\u00e1rio serie 300m"},"content":{"rendered":"<p>Motorreductor Bonfigliolo de la serie 300M es una soluci\u00f3n excepcional para todas las aplicaciones de servicio pesado donde la compacidad no es una opci\u00f3n. Gracias a su dise\u00f1o modular, la serie 300M puede personalizarse para adaptarse a una amplia gama de aplicaciones.<\/p>\n<p>La experiencia de Bonfiglioli en tecnolog\u00eda planetaria garantiza procedimientos de fabricaci\u00f3n y dise\u00f1o de productos de alta calidad. La serie 300 funciona sin tiempo de inactividad no deseado, incluso en los entornos m\u00e1s duros.<\/p>\n<p>Esta caja de engranajes planetarios logra una flexibilidad de primera clase gracias a varias salidas, as\u00ed como a las configuraciones de entrada disponibles para los 20 tama\u00f1os.<\/p>\n<p>La serie 300M se puede completar con una amplia gama de motores el\u00e9ctricos fabricados en su totalidad por Bonfiglioli. Los motores as\u00edncronos (B-BE-BX \/ M-ME-MX) se pueden acoplar a las cajas de engranajes de la serie 300M, lo que brinda a nuestros clientes una soluci\u00f3n completa.<\/p>\n","protected":false},"excerpt":{"rendered":"<ul>\n<li>Marca: Bonfiglioli<\/li>\n<li>Son compactos y extremadamente potentes.<\/li>\n<li>Es altamente configurable<\/li>\n<li>Sistema de autoenfriamiento<\/li>\n<\/ul>\n","protected":false},"featured_media":228997,"comment_status":"closed","ping_status":"closed","template":"","meta":{"_acf_changed":false,"_et_pb_use_builder":"","_et_pb_old_content":"","_et_gb_content_width":"","content-type":""},"product_brand":[],"product_cat":[124],"product_tag":[84,117],"class_list":{"0":"post-229191","1":"product","2":"type-product","3":"status-publish","4":"has-post-thumbnail","6":"product_cat-reductores","7":"product_tag-bonfiglioli","8":"product_tag-motorreductor","10":"first","11":"instock","12":"shipping-taxable","13":"product-type-simple"},"acf":[],"yoast_head":"<!-- This site is optimized with the Yoast SEO plugin v27.4 - https:\/\/yoast.com\/product\/yoast-seo-wordpress\/ -->\n<title>Reductor y mortoreductor planet\u00e1rio serie 300m - Venta de Motorreductor bonfiglioli<\/title>\n<meta name=\"description\" content=\"Motorreductores industriales y unidades de serie 300M de Bonfiglioli es una soluci\u00f3n excepcional para todas las aplicaciones. -\" \/>\n<meta name=\"robots\" content=\"index, follow, max-snippet:-1, max-image-preview:large, max-video-preview:-1\" \/>\n<link rel=\"canonical\" href=\"https:\/\/www.grupo-inducom.com\/pe\/producto\/reductor-y-mortoreductor-planetario-serie-300m-2\/\" \/>\n<meta property=\"og:locale\" content=\"es_ES\" \/>\n<meta property=\"og:type\" content=\"article\" \/>\n<meta property=\"og:title\" content=\"Reductor y mortoreductor planet\u00e1rio serie 300m - Venta de Motorreductor bonfiglioli\" \/>\n<meta property=\"og:description\" content=\"Motorreductores industriales y unidades de serie 300M de Bonfiglioli es una soluci\u00f3n excepcional para todas las aplicaciones. -\" \/>\n<meta property=\"og:url\" content=\"https:\/\/www.grupo-inducom.com\/pe\/producto\/reductor-y-mortoreductor-planetario-serie-300m-2\/\" \/>\n<meta property=\"og:site_name\" content=\"Inducom Peru\" \/>\n<meta property=\"article:modified_time\" content=\"2023-06-02T16:39:36+00:00\" \/>\n<meta property=\"og:image\" content=\"http:\/\/www.grupo-inducom.com\/pe\/wp-content\/uploads\/sites\/3\/2023\/05\/59.png\" \/>\n\t<meta property=\"og:image:width\" content=\"300\" \/>\n\t<meta property=\"og:image:height\" content=\"225\" \/>\n\t<meta property=\"og:image:type\" content=\"image\/png\" \/>\n<meta name=\"twitter:card\" content=\"summary_large_image\" \/>\n<meta name=\"twitter:label1\" content=\"Est. reading time\" \/>\n\t<meta name=\"twitter:data1\" content=\"1 minuto\" \/>\n<script type=\"application\/ld+json\" class=\"yoast-schema-graph\">{\"@context\":\"https:\\\/\\\/schema.org\",\"@graph\":[{\"@type\":\"WebPage\",\"@id\":\"https:\\\/\\\/www.grupo-inducom.com\\\/pe\\\/producto\\\/reductor-y-mortoreductor-planetario-serie-300m-2\\\/\",\"url\":\"https:\\\/\\\/www.grupo-inducom.com\\\/pe\\\/producto\\\/reductor-y-mortoreductor-planetario-serie-300m-2\\\/\",\"name\":\"Reductor y mortoreductor planet\u00e1rio serie 300m - Venta de Motorreductor bonfiglioli\",\"isPartOf\":{\"@id\":\"https:\\\/\\\/www.grupo-inducom.com\\\/pe\\\/#website\"},\"primaryImageOfPage\":{\"@id\":\"https:\\\/\\\/www.grupo-inducom.com\\\/pe\\\/producto\\\/reductor-y-mortoreductor-planetario-serie-300m-2\\\/#primaryimage\"},\"image\":{\"@id\":\"https:\\\/\\\/www.grupo-inducom.com\\\/pe\\\/producto\\\/reductor-y-mortoreductor-planetario-serie-300m-2\\\/#primaryimage\"},\"thumbnailUrl\":\"https:\\\/\\\/www.grupo-inducom.com\\\/pe\\\/wp-content\\\/uploads\\\/sites\\\/3\\\/2023\\\/05\\\/59.png\",\"datePublished\":\"2023-05-04T14:09:25+00:00\",\"dateModified\":\"2023-06-02T16:39:36+00:00\",\"description\":\"Motorreductores industriales y unidades de serie 300M de Bonfiglioli es una soluci\u00f3n excepcional para todas las aplicaciones. -\",\"breadcrumb\":{\"@id\":\"https:\\\/\\\/www.grupo-inducom.com\\\/pe\\\/producto\\\/reductor-y-mortoreductor-planetario-serie-300m-2\\\/#breadcrumb\"},\"inLanguage\":\"es-PE\",\"potentialAction\":[{\"@type\":\"ReadAction\",\"target\":[\"https:\\\/\\\/www.grupo-inducom.com\\\/pe\\\/producto\\\/reductor-y-mortoreductor-planetario-serie-300m-2\\\/\"]}]},{\"@type\":\"ImageObject\",\"inLanguage\":\"es-PE\",\"@id\":\"https:\\\/\\\/www.grupo-inducom.com\\\/pe\\\/producto\\\/reductor-y-mortoreductor-planetario-serie-300m-2\\\/#primaryimage\",\"url\":\"https:\\\/\\\/www.grupo-inducom.com\\\/pe\\\/wp-content\\\/uploads\\\/sites\\\/3\\\/2023\\\/05\\\/59.png\",\"contentUrl\":\"https:\\\/\\\/www.grupo-inducom.com\\\/pe\\\/wp-content\\\/uploads\\\/sites\\\/3\\\/2023\\\/05\\\/59.png\",\"width\":300,\"height\":225},{\"@type\":\"BreadcrumbList\",\"@id\":\"https:\\\/\\\/www.grupo-inducom.com\\\/pe\\\/producto\\\/reductor-y-mortoreductor-planetario-serie-300m-2\\\/#breadcrumb\",\"itemListElement\":[{\"@type\":\"ListItem\",\"position\":1,\"name\":\"Portada\",\"item\":\"https:\\\/\\\/www.grupo-inducom.com\\\/pe\\\/\"},{\"@type\":\"ListItem\",\"position\":2,\"name\":\"Tienda\",\"item\":\"https:\\\/\\\/www.grupo-inducom.com\\\/pe\\\/tienda\\\/\"},{\"@type\":\"ListItem\",\"position\":3,\"name\":\"Reductor y mortoreductor planet\u00e1rio serie 300m\"}]},{\"@type\":\"WebSite\",\"@id\":\"https:\\\/\\\/www.grupo-inducom.com\\\/pe\\\/#website\",\"url\":\"https:\\\/\\\/www.grupo-inducom.com\\\/pe\\\/\",\"name\":\"Inducom Peru\",\"description\":\"\",\"potentialAction\":[{\"@type\":\"SearchAction\",\"target\":{\"@type\":\"EntryPoint\",\"urlTemplate\":\"https:\\\/\\\/www.grupo-inducom.com\\\/pe\\\/?s={search_term_string}\"},\"query-input\":{\"@type\":\"PropertyValueSpecification\",\"valueRequired\":true,\"valueName\":\"search_term_string\"}}],\"inLanguage\":\"es-PE\"}]}<\/script>\n<!-- \/ Yoast SEO plugin. -->","yoast_head_json":{"title":"Reductor y mortoreductor planet\u00e1rio serie 300m - Venta de Motorreductor bonfiglioli","description":"Motorreductores industriales y unidades de serie 300M de Bonfiglioli es una soluci\u00f3n excepcional para todas las aplicaciones. -","robots":{"index":"index","follow":"follow","max-snippet":"max-snippet:-1","max-image-preview":"max-image-preview:large","max-video-preview":"max-video-preview:-1"},"canonical":"https:\/\/www.grupo-inducom.com\/pe\/producto\/reductor-y-mortoreductor-planetario-serie-300m-2\/","og_locale":"es_ES","og_type":"article","og_title":"Reductor y mortoreductor planet\u00e1rio serie 300m - Venta de Motorreductor bonfiglioli","og_description":"Motorreductores industriales y unidades de serie 300M de Bonfiglioli es una soluci\u00f3n excepcional para todas las aplicaciones. -","og_url":"https:\/\/www.grupo-inducom.com\/pe\/producto\/reductor-y-mortoreductor-planetario-serie-300m-2\/","og_site_name":"Inducom Peru","article_modified_time":"2023-06-02T16:39:36+00:00","og_image":[{"width":300,"height":225,"url":"http:\/\/www.grupo-inducom.com\/pe\/wp-content\/uploads\/sites\/3\/2023\/05\/59.png","type":"image\/png"}],"twitter_card":"summary_large_image","twitter_misc":{"Est. reading time":"1 minuto"},"schema":{"@context":"https:\/\/schema.org","@graph":[{"@type":"WebPage","@id":"https:\/\/www.grupo-inducom.com\/pe\/producto\/reductor-y-mortoreductor-planetario-serie-300m-2\/","url":"https:\/\/www.grupo-inducom.com\/pe\/producto\/reductor-y-mortoreductor-planetario-serie-300m-2\/","name":"Reductor y mortoreductor planet\u00e1rio serie 300m - Venta de Motorreductor bonfiglioli","isPartOf":{"@id":"https:\/\/www.grupo-inducom.com\/pe\/#website"},"primaryImageOfPage":{"@id":"https:\/\/www.grupo-inducom.com\/pe\/producto\/reductor-y-mortoreductor-planetario-serie-300m-2\/#primaryimage"},"image":{"@id":"https:\/\/www.grupo-inducom.com\/pe\/producto\/reductor-y-mortoreductor-planetario-serie-300m-2\/#primaryimage"},"thumbnailUrl":"https:\/\/www.grupo-inducom.com\/pe\/wp-content\/uploads\/sites\/3\/2023\/05\/59.png","datePublished":"2023-05-04T14:09:25+00:00","dateModified":"2023-06-02T16:39:36+00:00","description":"Motorreductores industriales y unidades de serie 300M de Bonfiglioli es una soluci\u00f3n excepcional para todas las aplicaciones. -","breadcrumb":{"@id":"https:\/\/www.grupo-inducom.com\/pe\/producto\/reductor-y-mortoreductor-planetario-serie-300m-2\/#breadcrumb"},"inLanguage":"es-PE","potentialAction":[{"@type":"ReadAction","target":["https:\/\/www.grupo-inducom.com\/pe\/producto\/reductor-y-mortoreductor-planetario-serie-300m-2\/"]}]},{"@type":"ImageObject","inLanguage":"es-PE","@id":"https:\/\/www.grupo-inducom.com\/pe\/producto\/reductor-y-mortoreductor-planetario-serie-300m-2\/#primaryimage","url":"https:\/\/www.grupo-inducom.com\/pe\/wp-content\/uploads\/sites\/3\/2023\/05\/59.png","contentUrl":"https:\/\/www.grupo-inducom.com\/pe\/wp-content\/uploads\/sites\/3\/2023\/05\/59.png","width":300,"height":225},{"@type":"BreadcrumbList","@id":"https:\/\/www.grupo-inducom.com\/pe\/producto\/reductor-y-mortoreductor-planetario-serie-300m-2\/#breadcrumb","itemListElement":[{"@type":"ListItem","position":1,"name":"Portada","item":"https:\/\/www.grupo-inducom.com\/pe\/"},{"@type":"ListItem","position":2,"name":"Tienda","item":"https:\/\/www.grupo-inducom.com\/pe\/tienda\/"},{"@type":"ListItem","position":3,"name":"Reductor y mortoreductor planet\u00e1rio serie 300m"}]},{"@type":"WebSite","@id":"https:\/\/www.grupo-inducom.com\/pe\/#website","url":"https:\/\/www.grupo-inducom.com\/pe\/","name":"Inducom Peru","description":"","potentialAction":[{"@type":"SearchAction","target":{"@type":"EntryPoint","urlTemplate":"https:\/\/www.grupo-inducom.com\/pe\/?s={search_term_string}"},"query-input":{"@type":"PropertyValueSpecification","valueRequired":true,"valueName":"search_term_string"}}],"inLanguage":"es-PE"}]}},"_links":{"self":[{"href":"https:\/\/www.grupo-inducom.com\/pe\/wp-json\/wp\/v2\/product\/229191","targetHints":{"allow":["GET"]}}],"collection":[{"href":"https:\/\/www.grupo-inducom.com\/pe\/wp-json\/wp\/v2\/product"}],"about":[{"href":"https:\/\/www.grupo-inducom.com\/pe\/wp-json\/wp\/v2\/types\/product"}],"replies":[{"embeddable":true,"href":"https:\/\/www.grupo-inducom.com\/pe\/wp-json\/wp\/v2\/comments?post=229191"}],"wp:featuredmedia":[{"embeddable":true,"href":"https:\/\/www.grupo-inducom.com\/pe\/wp-json\/wp\/v2\/media\/228997"}],"wp:attachment":[{"href":"https:\/\/www.grupo-inducom.com\/pe\/wp-json\/wp\/v2\/media?parent=229191"}],"wp:term":[{"taxonomy":"product_brand","embeddable":true,"href":"https:\/\/www.grupo-inducom.com\/pe\/wp-json\/wp\/v2\/product_brand?post=229191"},{"taxonomy":"product_cat","embeddable":true,"href":"https:\/\/www.grupo-inducom.com\/pe\/wp-json\/wp\/v2\/product_cat?post=229191"},{"taxonomy":"product_tag","embeddable":true,"href":"https:\/\/www.grupo-inducom.com\/pe\/wp-json\/wp\/v2\/product_tag?post=229191"}],"curies":[{"name":"wp","href":"https:\/\/api.w.org\/{rel}","templated":true}]}}