{"id":229180,"date":"2023-05-04T09:09:23","date_gmt":"2023-05-04T14:09:23","guid":{"rendered":"https:\/\/www.grupo-inducom.com\/?post_type=product&#038;p=788"},"modified":"2023-06-02T11:39:32","modified_gmt":"2023-06-02T16:39:32","slug":"bomba-centrifuga-ansi-2196-2175-2","status":"publish","type":"product","link":"https:\/\/www.grupo-inducom.com\/pe\/producto\/bomba-centrifuga-ansi-2196-2175-2\/","title":{"rendered":"Bomba centr\u00edfuga Ansi 2196 &#8211; 2175"},"content":{"rendered":"<p>La Bomba Centr\u00edfuga es utilizada en el sector de industria qu\u00edmicas, farmac\u00e9uticas, termoel\u00e9ctricas,qu\u00edmicas , petroleoqu\u00edmicas, de alcohol, az\u00facar entre otras.<\/p>\n<p>&nbsp;<\/p>\n<p><b>Caracter\u00edsticas<\/b><\/p>\n<ul>\n<li>10 HP &#8211; 200 HP Eje libre<\/li>\n<li class=\"font_8\">Cumple norma ANSI<\/li>\n<li class=\"font_8\">Conexiones brida ANSI 150 (est\u00e1ndar)<\/li>\n<li class=\"font_8\">Cumple con desarme hacia atr\u00e1s para no desmontar carcasa de la tuber\u00eda<\/li>\n<li class=\"font_8\">Con bajo NPSH<\/li>\n<li class=\"font_8\">Con opci\u00f3n de empaquetadura o sello mec\u00e1nico dependiendo de la aplicaci\u00f3n<\/li>\n<\/ul>\n<p><strong>Rangos de temperaturas<\/strong><\/p>\n<ul>\n<li class=\"font_8\">Est\u00e1ndar \u201329\u00b0C hasta 149\u00b0C<\/li>\n<li class=\"font_8\">Alta\u00a0 149\u00b0C y hasta 370\u00b0C<\/li>\n<li class=\"font_8\">Baja -29\u00b0C y hasta -129\u00b0C<\/li>\n<\/ul>\n<p>&nbsp;<\/p>\n","protected":false},"excerpt":{"rendered":"<ul>\n<li>Marca: Hidromac<\/li>\n<li>Aplicada en varios mercados.<\/li>\n<li>Filtrador<\/li>\n<li>Distribuci\u00f2n, aguas de proceso.<\/li>\n<li>Sistemas de riego e Irrigaci\u00f2n<\/li>\n<li>Hidrataci\u00f2n de ca\u00f1a.<\/li>\n<li>Distribuci\u00f2n, Aspersi\u00f2n, Goteo, Trasvase.<\/li>\n<\/ul>\n","protected":false},"featured_media":228984,"comment_status":"closed","ping_status":"closed","template":"","meta":{"_acf_changed":false,"_et_pb_use_builder":"","_et_pb_old_content":"","_et_gb_content_width":"","content-type":""},"product_brand":[],"product_cat":[66],"product_tag":[40,77,83,107],"class_list":{"0":"post-229180","1":"product","2":"type-product","3":"status-publish","4":"has-post-thumbnail","6":"product_cat-bombas-centrifugas","7":"product_tag-bomba-de-agua","8":"product_tag-bombas-para-riego","9":"product_tag-bombeo-resistente","10":"product_tag-hidromac","12":"first","13":"instock","14":"shipping-taxable","15":"product-type-simple"},"acf":[],"yoast_head":"<!-- This site is optimized with the Yoast SEO plugin v27.4 - https:\/\/yoast.com\/product\/yoast-seo-wordpress\/ -->\n<title>Bomba centr\u00edfuga Ansi 2196 - 2175 - Venta de Bomba Centr\u00edfuga Ansi - Ecuador<\/title>\n<meta name=\"description\" content=\"La Bomba Centr\u00edfuga es utilizada en el sector de industria quimicas, farmaceuticas, termoelectricas,quimicas y petroquimicas, etc- Guayaquil, Quito, Cuenca,\" \/>\n<meta name=\"robots\" content=\"index, follow, max-snippet:-1, max-image-preview:large, max-video-preview:-1\" \/>\n<link rel=\"canonical\" href=\"https:\/\/www.grupo-inducom.com\/pe\/producto\/bomba-centrifuga-ansi-2196-2175-2\/\" \/>\n<meta property=\"og:locale\" content=\"es_ES\" \/>\n<meta property=\"og:type\" content=\"article\" \/>\n<meta property=\"og:title\" content=\"Bomba centr\u00edfuga Ansi 2196 - 2175 - Venta de Bomba Centr\u00edfuga Ansi - Ecuador\" \/>\n<meta property=\"og:description\" content=\"La Bomba Centr\u00edfuga es utilizada en el sector de industria quimicas, farmaceuticas, termoelectricas,quimicas y petroquimicas, etc- Guayaquil, Quito, Cuenca,\" \/>\n<meta property=\"og:url\" content=\"https:\/\/www.grupo-inducom.com\/pe\/producto\/bomba-centrifuga-ansi-2196-2175-2\/\" \/>\n<meta property=\"og:site_name\" content=\"Inducom Peru\" \/>\n<meta property=\"article:modified_time\" content=\"2023-06-02T16:39:32+00:00\" \/>\n<meta property=\"og:image\" content=\"http:\/\/www.grupo-inducom.com\/pe\/wp-content\/uploads\/sites\/3\/2023\/05\/10-2.webp\" \/>\n\t<meta property=\"og:image:width\" content=\"300\" \/>\n\t<meta property=\"og:image:height\" content=\"225\" \/>\n\t<meta property=\"og:image:type\" content=\"image\/webp\" \/>\n<meta name=\"twitter:card\" content=\"summary_large_image\" \/>\n<script type=\"application\/ld+json\" class=\"yoast-schema-graph\">{\"@context\":\"https:\\\/\\\/schema.org\",\"@graph\":[{\"@type\":\"WebPage\",\"@id\":\"https:\\\/\\\/www.grupo-inducom.com\\\/pe\\\/producto\\\/bomba-centrifuga-ansi-2196-2175-2\\\/\",\"url\":\"https:\\\/\\\/www.grupo-inducom.com\\\/pe\\\/producto\\\/bomba-centrifuga-ansi-2196-2175-2\\\/\",\"name\":\"Bomba centr\u00edfuga Ansi 2196 - 2175 - Venta de Bomba Centr\u00edfuga Ansi - Ecuador\",\"isPartOf\":{\"@id\":\"https:\\\/\\\/www.grupo-inducom.com\\\/pe\\\/#website\"},\"primaryImageOfPage\":{\"@id\":\"https:\\\/\\\/www.grupo-inducom.com\\\/pe\\\/producto\\\/bomba-centrifuga-ansi-2196-2175-2\\\/#primaryimage\"},\"image\":{\"@id\":\"https:\\\/\\\/www.grupo-inducom.com\\\/pe\\\/producto\\\/bomba-centrifuga-ansi-2196-2175-2\\\/#primaryimage\"},\"thumbnailUrl\":\"https:\\\/\\\/www.grupo-inducom.com\\\/pe\\\/wp-content\\\/uploads\\\/sites\\\/3\\\/2023\\\/05\\\/10-2.webp\",\"datePublished\":\"2023-05-04T14:09:23+00:00\",\"dateModified\":\"2023-06-02T16:39:32+00:00\",\"description\":\"La Bomba Centr\u00edfuga es utilizada en el sector de industria quimicas, farmaceuticas, termoelectricas,quimicas y petroquimicas, etc- Guayaquil, Quito, Cuenca,\",\"breadcrumb\":{\"@id\":\"https:\\\/\\\/www.grupo-inducom.com\\\/pe\\\/producto\\\/bomba-centrifuga-ansi-2196-2175-2\\\/#breadcrumb\"},\"inLanguage\":\"es-PE\",\"potentialAction\":[{\"@type\":\"ReadAction\",\"target\":[\"https:\\\/\\\/www.grupo-inducom.com\\\/pe\\\/producto\\\/bomba-centrifuga-ansi-2196-2175-2\\\/\"]}]},{\"@type\":\"ImageObject\",\"inLanguage\":\"es-PE\",\"@id\":\"https:\\\/\\\/www.grupo-inducom.com\\\/pe\\\/producto\\\/bomba-centrifuga-ansi-2196-2175-2\\\/#primaryimage\",\"url\":\"https:\\\/\\\/www.grupo-inducom.com\\\/pe\\\/wp-content\\\/uploads\\\/sites\\\/3\\\/2023\\\/05\\\/10-2.webp\",\"contentUrl\":\"https:\\\/\\\/www.grupo-inducom.com\\\/pe\\\/wp-content\\\/uploads\\\/sites\\\/3\\\/2023\\\/05\\\/10-2.webp\",\"width\":300,\"height\":225},{\"@type\":\"BreadcrumbList\",\"@id\":\"https:\\\/\\\/www.grupo-inducom.com\\\/pe\\\/producto\\\/bomba-centrifuga-ansi-2196-2175-2\\\/#breadcrumb\",\"itemListElement\":[{\"@type\":\"ListItem\",\"position\":1,\"name\":\"Portada\",\"item\":\"https:\\\/\\\/www.grupo-inducom.com\\\/pe\\\/\"},{\"@type\":\"ListItem\",\"position\":2,\"name\":\"Tienda\",\"item\":\"https:\\\/\\\/www.grupo-inducom.com\\\/pe\\\/tienda\\\/\"},{\"@type\":\"ListItem\",\"position\":3,\"name\":\"Bomba centr\u00edfuga Ansi 2196 &#8211; 2175\"}]},{\"@type\":\"WebSite\",\"@id\":\"https:\\\/\\\/www.grupo-inducom.com\\\/pe\\\/#website\",\"url\":\"https:\\\/\\\/www.grupo-inducom.com\\\/pe\\\/\",\"name\":\"Inducom Peru\",\"description\":\"\",\"potentialAction\":[{\"@type\":\"SearchAction\",\"target\":{\"@type\":\"EntryPoint\",\"urlTemplate\":\"https:\\\/\\\/www.grupo-inducom.com\\\/pe\\\/?s={search_term_string}\"},\"query-input\":{\"@type\":\"PropertyValueSpecification\",\"valueRequired\":true,\"valueName\":\"search_term_string\"}}],\"inLanguage\":\"es-PE\"}]}<\/script>\n<!-- \/ Yoast SEO plugin. -->","yoast_head_json":{"title":"Bomba centr\u00edfuga Ansi 2196 - 2175 - Venta de Bomba Centr\u00edfuga Ansi - Ecuador","description":"La Bomba Centr\u00edfuga es utilizada en el sector de industria quimicas, farmaceuticas, termoelectricas,quimicas y petroquimicas, etc- Guayaquil, Quito, Cuenca,","robots":{"index":"index","follow":"follow","max-snippet":"max-snippet:-1","max-image-preview":"max-image-preview:large","max-video-preview":"max-video-preview:-1"},"canonical":"https:\/\/www.grupo-inducom.com\/pe\/producto\/bomba-centrifuga-ansi-2196-2175-2\/","og_locale":"es_ES","og_type":"article","og_title":"Bomba centr\u00edfuga Ansi 2196 - 2175 - Venta de Bomba Centr\u00edfuga Ansi - Ecuador","og_description":"La Bomba Centr\u00edfuga es utilizada en el sector de industria quimicas, farmaceuticas, termoelectricas,quimicas y petroquimicas, etc- Guayaquil, Quito, Cuenca,","og_url":"https:\/\/www.grupo-inducom.com\/pe\/producto\/bomba-centrifuga-ansi-2196-2175-2\/","og_site_name":"Inducom Peru","article_modified_time":"2023-06-02T16:39:32+00:00","og_image":[{"width":300,"height":225,"url":"http:\/\/www.grupo-inducom.com\/pe\/wp-content\/uploads\/sites\/3\/2023\/05\/10-2.webp","type":"image\/webp"}],"twitter_card":"summary_large_image","schema":{"@context":"https:\/\/schema.org","@graph":[{"@type":"WebPage","@id":"https:\/\/www.grupo-inducom.com\/pe\/producto\/bomba-centrifuga-ansi-2196-2175-2\/","url":"https:\/\/www.grupo-inducom.com\/pe\/producto\/bomba-centrifuga-ansi-2196-2175-2\/","name":"Bomba centr\u00edfuga Ansi 2196 - 2175 - Venta de Bomba Centr\u00edfuga Ansi - Ecuador","isPartOf":{"@id":"https:\/\/www.grupo-inducom.com\/pe\/#website"},"primaryImageOfPage":{"@id":"https:\/\/www.grupo-inducom.com\/pe\/producto\/bomba-centrifuga-ansi-2196-2175-2\/#primaryimage"},"image":{"@id":"https:\/\/www.grupo-inducom.com\/pe\/producto\/bomba-centrifuga-ansi-2196-2175-2\/#primaryimage"},"thumbnailUrl":"https:\/\/www.grupo-inducom.com\/pe\/wp-content\/uploads\/sites\/3\/2023\/05\/10-2.webp","datePublished":"2023-05-04T14:09:23+00:00","dateModified":"2023-06-02T16:39:32+00:00","description":"La Bomba Centr\u00edfuga es utilizada en el sector de industria quimicas, farmaceuticas, termoelectricas,quimicas y petroquimicas, etc- Guayaquil, Quito, Cuenca,","breadcrumb":{"@id":"https:\/\/www.grupo-inducom.com\/pe\/producto\/bomba-centrifuga-ansi-2196-2175-2\/#breadcrumb"},"inLanguage":"es-PE","potentialAction":[{"@type":"ReadAction","target":["https:\/\/www.grupo-inducom.com\/pe\/producto\/bomba-centrifuga-ansi-2196-2175-2\/"]}]},{"@type":"ImageObject","inLanguage":"es-PE","@id":"https:\/\/www.grupo-inducom.com\/pe\/producto\/bomba-centrifuga-ansi-2196-2175-2\/#primaryimage","url":"https:\/\/www.grupo-inducom.com\/pe\/wp-content\/uploads\/sites\/3\/2023\/05\/10-2.webp","contentUrl":"https:\/\/www.grupo-inducom.com\/pe\/wp-content\/uploads\/sites\/3\/2023\/05\/10-2.webp","width":300,"height":225},{"@type":"BreadcrumbList","@id":"https:\/\/www.grupo-inducom.com\/pe\/producto\/bomba-centrifuga-ansi-2196-2175-2\/#breadcrumb","itemListElement":[{"@type":"ListItem","position":1,"name":"Portada","item":"https:\/\/www.grupo-inducom.com\/pe\/"},{"@type":"ListItem","position":2,"name":"Tienda","item":"https:\/\/www.grupo-inducom.com\/pe\/tienda\/"},{"@type":"ListItem","position":3,"name":"Bomba centr\u00edfuga Ansi 2196 &#8211; 2175"}]},{"@type":"WebSite","@id":"https:\/\/www.grupo-inducom.com\/pe\/#website","url":"https:\/\/www.grupo-inducom.com\/pe\/","name":"Inducom Peru","description":"","potentialAction":[{"@type":"SearchAction","target":{"@type":"EntryPoint","urlTemplate":"https:\/\/www.grupo-inducom.com\/pe\/?s={search_term_string}"},"query-input":{"@type":"PropertyValueSpecification","valueRequired":true,"valueName":"search_term_string"}}],"inLanguage":"es-PE"}]}},"_links":{"self":[{"href":"https:\/\/www.grupo-inducom.com\/pe\/wp-json\/wp\/v2\/product\/229180","targetHints":{"allow":["GET"]}}],"collection":[{"href":"https:\/\/www.grupo-inducom.com\/pe\/wp-json\/wp\/v2\/product"}],"about":[{"href":"https:\/\/www.grupo-inducom.com\/pe\/wp-json\/wp\/v2\/types\/product"}],"replies":[{"embeddable":true,"href":"https:\/\/www.grupo-inducom.com\/pe\/wp-json\/wp\/v2\/comments?post=229180"}],"wp:featuredmedia":[{"embeddable":true,"href":"https:\/\/www.grupo-inducom.com\/pe\/wp-json\/wp\/v2\/media\/228984"}],"wp:attachment":[{"href":"https:\/\/www.grupo-inducom.com\/pe\/wp-json\/wp\/v2\/media?parent=229180"}],"wp:term":[{"taxonomy":"product_brand","embeddable":true,"href":"https:\/\/www.grupo-inducom.com\/pe\/wp-json\/wp\/v2\/product_brand?post=229180"},{"taxonomy":"product_cat","embeddable":true,"href":"https:\/\/www.grupo-inducom.com\/pe\/wp-json\/wp\/v2\/product_cat?post=229180"},{"taxonomy":"product_tag","embeddable":true,"href":"https:\/\/www.grupo-inducom.com\/pe\/wp-json\/wp\/v2\/product_tag?post=229180"}],"curies":[{"name":"wp","href":"https:\/\/api.w.org\/{rel}","templated":true}]}}