{"id":872,"date":"2023-05-04T14:09:47","date_gmt":"2023-05-04T19:09:47","guid":{"rendered":"https:\/\/www.grupo-inducom.com\/?post_type=product&#038;p=872"},"modified":"2023-06-05T15:07:39","modified_gmt":"2023-06-05T20:07:39","slug":"mixer-and-blenders-licuadoras-sanitarias","status":"publish","type":"product","link":"https:\/\/www.grupo-inducom.com\/ec\/productos\/mixer-and-blenders-licuadoras-sanitarias\/","title":{"rendered":"Mixer and Blenders &#8211; Licuadoras Sanitarias"},"content":{"rendered":"<p><strong>Licuadora de alto cizallamiento <\/strong><\/p>\n<p>La gran capacidad de mezcla de corte se ve facilitada por el mayor n\u00famero y las filas expandidas de dientes de forma rectangular con ranuras radiales para las tasas de corte m\u00e1s altas.<\/p>\n<p>Se encuentran disponibles diferentes conjuntos de cubierta e impulsor para diferentes requisitos de aplicaci\u00f3n. La serie SBH se basa en el dise\u00f1o de la bomba de la serie LF y ofrece m\u00faltiples opciones de sellado de carga frontal.<\/p>\n<p><strong>Bomba de corte<\/strong><\/p>\n<p>Bombea y combina el producto en una sola etapa. Este dise\u00f1o innovador puede mover el producto y crear una presi\u00f3n considerable por medio de un impulsor h\u00edbrido.<\/p>\n<p>Este dise\u00f1o de impulsor afinado, utilizado en combinaci\u00f3n con dos filas de dientes de corte rectangulares, puede alcanzar niveles de rendimiento sorprendentes. Al igual que con el SBH, el SBI se basa en la bomba de la serie Ampco LF y ofrece m\u00faltiples opciones de sellado de carga frontal.<\/p>\n","protected":false},"excerpt":{"rendered":"<p>Marca: AMPCO<\/p>\n<p>Caudal m\u00e1ximo: 200 GPM \/ 45 M\u1d4c \/ h<\/p>\n<p>Especificaciones del sello: 2 opciones de sellado<\/p>\n<p>Niveles de corte medio &#8211; alto<\/p>\n<p>Construcci\u00f3n de pared pesada de acero inoxidable 316L<\/p>\n<p>Fundido y mecanizado<\/p>\n<p>Adaptador de acero inoxidable 304<\/p>\n<p>Impulsor equilibrado din\u00e1micamente<\/p>\n<p>Eje de acero inoxidable 316L<\/p>\n","protected":false},"featured_media":908,"comment_status":"open","ping_status":"closed","template":"","meta":{"_acf_changed":false,"_et_pb_use_builder":"","_et_pb_old_content":"","_et_gb_content_width":"","content-type":""},"product_brand":[],"product_cat":[146],"product_tag":[68],"class_list":{"0":"post-872","1":"product","2":"type-product","3":"status-publish","4":"has-post-thumbnail","6":"product_cat-linea-sanitaria","7":"product_tag-ampco","9":"first","10":"instock","11":"shipping-taxable","12":"product-type-simple"},"acf":[],"yoast_head":"<!-- This site is optimized with the Yoast SEO plugin v27.4 - https:\/\/yoast.com\/product\/yoast-seo-wordpress\/ -->\n<title>Mixer and Blenders - Licuadoras Sanitarias - Inducom Ecuador<\/title>\n<meta name=\"robots\" content=\"index, follow, max-snippet:-1, max-image-preview:large, max-video-preview:-1\" \/>\n<link rel=\"canonical\" href=\"https:\/\/www.grupo-inducom.com\/ec\/productos\/mixer-and-blenders-licuadoras-sanitarias\/\" \/>\n<meta property=\"og:locale\" content=\"es_ES\" \/>\n<meta property=\"og:type\" content=\"article\" \/>\n<meta property=\"og:title\" content=\"Mixer and Blenders - Licuadoras Sanitarias - Inducom Ecuador\" \/>\n<meta property=\"og:description\" content=\"Marca: AMPCO Caudal m\u00e1ximo: 200 GPM \/ 45 M\u1d4c \/ h Especificaciones del sello: 2 opciones de sellado Niveles de corte medio - alto Construcci\u00f3n de pared pesada de acero inoxidable 316L Fundido y mecanizado Adaptador de acero inoxidable 304 Impulsor equilibrado din\u00e1micamente Eje de acero inoxidable 316L\" \/>\n<meta property=\"og:url\" content=\"https:\/\/www.grupo-inducom.com\/ec\/productos\/mixer-and-blenders-licuadoras-sanitarias\/\" \/>\n<meta property=\"og:site_name\" content=\"Inducom Ecuador\" \/>\n<meta property=\"article:modified_time\" content=\"2023-06-05T20:07:39+00:00\" \/>\n<meta property=\"og:image\" content=\"http:\/\/www.grupo-inducom.com\/ec\/wp-content\/uploads\/sites\/2\/2023\/05\/mezclador-mixer-2AMPCO.png\" \/>\n\t<meta property=\"og:image:width\" content=\"600\" \/>\n\t<meta property=\"og:image:height\" content=\"450\" \/>\n\t<meta property=\"og:image:type\" content=\"image\/png\" \/>\n<meta name=\"twitter:card\" content=\"summary_large_image\" \/>\n<meta name=\"twitter:label1\" content=\"Tiempo de lectura\" \/>\n\t<meta name=\"twitter:data1\" content=\"1 minuto\" \/>\n<script type=\"application\/ld+json\" class=\"yoast-schema-graph\">{\"@context\":\"https:\\\/\\\/schema.org\",\"@graph\":[{\"@type\":\"WebPage\",\"@id\":\"https:\\\/\\\/www.grupo-inducom.com\\\/ec\\\/productos\\\/mixer-and-blenders-licuadoras-sanitarias\\\/\",\"url\":\"https:\\\/\\\/www.grupo-inducom.com\\\/ec\\\/productos\\\/mixer-and-blenders-licuadoras-sanitarias\\\/\",\"name\":\"Mixer and Blenders - Licuadoras Sanitarias - Inducom Ecuador\",\"isPartOf\":{\"@id\":\"https:\\\/\\\/www.grupo-inducom.com\\\/ec\\\/#website\"},\"primaryImageOfPage\":{\"@id\":\"https:\\\/\\\/www.grupo-inducom.com\\\/ec\\\/productos\\\/mixer-and-blenders-licuadoras-sanitarias\\\/#primaryimage\"},\"image\":{\"@id\":\"https:\\\/\\\/www.grupo-inducom.com\\\/ec\\\/productos\\\/mixer-and-blenders-licuadoras-sanitarias\\\/#primaryimage\"},\"thumbnailUrl\":\"https:\\\/\\\/www.grupo-inducom.com\\\/ec\\\/wp-content\\\/uploads\\\/sites\\\/2\\\/2023\\\/05\\\/mezclador-mixer-2AMPCO.png\",\"datePublished\":\"2023-05-04T19:09:47+00:00\",\"dateModified\":\"2023-06-05T20:07:39+00:00\",\"breadcrumb\":{\"@id\":\"https:\\\/\\\/www.grupo-inducom.com\\\/ec\\\/productos\\\/mixer-and-blenders-licuadoras-sanitarias\\\/#breadcrumb\"},\"inLanguage\":\"es\",\"potentialAction\":[{\"@type\":\"ReadAction\",\"target\":[\"https:\\\/\\\/www.grupo-inducom.com\\\/ec\\\/productos\\\/mixer-and-blenders-licuadoras-sanitarias\\\/\"]}]},{\"@type\":\"ImageObject\",\"inLanguage\":\"es\",\"@id\":\"https:\\\/\\\/www.grupo-inducom.com\\\/ec\\\/productos\\\/mixer-and-blenders-licuadoras-sanitarias\\\/#primaryimage\",\"url\":\"https:\\\/\\\/www.grupo-inducom.com\\\/ec\\\/wp-content\\\/uploads\\\/sites\\\/2\\\/2023\\\/05\\\/mezclador-mixer-2AMPCO.png\",\"contentUrl\":\"https:\\\/\\\/www.grupo-inducom.com\\\/ec\\\/wp-content\\\/uploads\\\/sites\\\/2\\\/2023\\\/05\\\/mezclador-mixer-2AMPCO.png\",\"width\":600,\"height\":450},{\"@type\":\"BreadcrumbList\",\"@id\":\"https:\\\/\\\/www.grupo-inducom.com\\\/ec\\\/productos\\\/mixer-and-blenders-licuadoras-sanitarias\\\/#breadcrumb\",\"itemListElement\":[{\"@type\":\"ListItem\",\"position\":1,\"name\":\"Portada\",\"item\":\"https:\\\/\\\/www.grupo-inducom.com\\\/ec\\\/\"},{\"@type\":\"ListItem\",\"position\":2,\"name\":\"Tienda\",\"item\":\"https:\\\/\\\/www.grupo-inducom.com\\\/ec\\\/tienda\\\/\"},{\"@type\":\"ListItem\",\"position\":3,\"name\":\"Mixer and Blenders &#8211; Licuadoras Sanitarias\"}]},{\"@type\":\"WebSite\",\"@id\":\"https:\\\/\\\/www.grupo-inducom.com\\\/ec\\\/#website\",\"url\":\"https:\\\/\\\/www.grupo-inducom.com\\\/ec\\\/\",\"name\":\"Inducom Ecuador\",\"description\":\"\",\"potentialAction\":[{\"@type\":\"SearchAction\",\"target\":{\"@type\":\"EntryPoint\",\"urlTemplate\":\"https:\\\/\\\/www.grupo-inducom.com\\\/ec\\\/?s={search_term_string}\"},\"query-input\":{\"@type\":\"PropertyValueSpecification\",\"valueRequired\":true,\"valueName\":\"search_term_string\"}}],\"inLanguage\":\"es\"}]}<\/script>\n<!-- \/ Yoast SEO plugin. -->","yoast_head_json":{"title":"Mixer and Blenders - Licuadoras Sanitarias - Inducom Ecuador","robots":{"index":"index","follow":"follow","max-snippet":"max-snippet:-1","max-image-preview":"max-image-preview:large","max-video-preview":"max-video-preview:-1"},"canonical":"https:\/\/www.grupo-inducom.com\/ec\/productos\/mixer-and-blenders-licuadoras-sanitarias\/","og_locale":"es_ES","og_type":"article","og_title":"Mixer and Blenders - Licuadoras Sanitarias - Inducom Ecuador","og_description":"Marca: AMPCO Caudal m\u00e1ximo: 200 GPM \/ 45 M\u1d4c \/ h Especificaciones del sello: 2 opciones de sellado Niveles de corte medio - alto Construcci\u00f3n de pared pesada de acero inoxidable 316L Fundido y mecanizado Adaptador de acero inoxidable 304 Impulsor equilibrado din\u00e1micamente Eje de acero inoxidable 316L","og_url":"https:\/\/www.grupo-inducom.com\/ec\/productos\/mixer-and-blenders-licuadoras-sanitarias\/","og_site_name":"Inducom Ecuador","article_modified_time":"2023-06-05T20:07:39+00:00","og_image":[{"width":600,"height":450,"url":"http:\/\/www.grupo-inducom.com\/ec\/wp-content\/uploads\/sites\/2\/2023\/05\/mezclador-mixer-2AMPCO.png","type":"image\/png"}],"twitter_card":"summary_large_image","twitter_misc":{"Tiempo de lectura":"1 minuto"},"schema":{"@context":"https:\/\/schema.org","@graph":[{"@type":"WebPage","@id":"https:\/\/www.grupo-inducom.com\/ec\/productos\/mixer-and-blenders-licuadoras-sanitarias\/","url":"https:\/\/www.grupo-inducom.com\/ec\/productos\/mixer-and-blenders-licuadoras-sanitarias\/","name":"Mixer and Blenders - Licuadoras Sanitarias - Inducom Ecuador","isPartOf":{"@id":"https:\/\/www.grupo-inducom.com\/ec\/#website"},"primaryImageOfPage":{"@id":"https:\/\/www.grupo-inducom.com\/ec\/productos\/mixer-and-blenders-licuadoras-sanitarias\/#primaryimage"},"image":{"@id":"https:\/\/www.grupo-inducom.com\/ec\/productos\/mixer-and-blenders-licuadoras-sanitarias\/#primaryimage"},"thumbnailUrl":"https:\/\/www.grupo-inducom.com\/ec\/wp-content\/uploads\/sites\/2\/2023\/05\/mezclador-mixer-2AMPCO.png","datePublished":"2023-05-04T19:09:47+00:00","dateModified":"2023-06-05T20:07:39+00:00","breadcrumb":{"@id":"https:\/\/www.grupo-inducom.com\/ec\/productos\/mixer-and-blenders-licuadoras-sanitarias\/#breadcrumb"},"inLanguage":"es","potentialAction":[{"@type":"ReadAction","target":["https:\/\/www.grupo-inducom.com\/ec\/productos\/mixer-and-blenders-licuadoras-sanitarias\/"]}]},{"@type":"ImageObject","inLanguage":"es","@id":"https:\/\/www.grupo-inducom.com\/ec\/productos\/mixer-and-blenders-licuadoras-sanitarias\/#primaryimage","url":"https:\/\/www.grupo-inducom.com\/ec\/wp-content\/uploads\/sites\/2\/2023\/05\/mezclador-mixer-2AMPCO.png","contentUrl":"https:\/\/www.grupo-inducom.com\/ec\/wp-content\/uploads\/sites\/2\/2023\/05\/mezclador-mixer-2AMPCO.png","width":600,"height":450},{"@type":"BreadcrumbList","@id":"https:\/\/www.grupo-inducom.com\/ec\/productos\/mixer-and-blenders-licuadoras-sanitarias\/#breadcrumb","itemListElement":[{"@type":"ListItem","position":1,"name":"Portada","item":"https:\/\/www.grupo-inducom.com\/ec\/"},{"@type":"ListItem","position":2,"name":"Tienda","item":"https:\/\/www.grupo-inducom.com\/ec\/tienda\/"},{"@type":"ListItem","position":3,"name":"Mixer and Blenders &#8211; Licuadoras Sanitarias"}]},{"@type":"WebSite","@id":"https:\/\/www.grupo-inducom.com\/ec\/#website","url":"https:\/\/www.grupo-inducom.com\/ec\/","name":"Inducom Ecuador","description":"","potentialAction":[{"@type":"SearchAction","target":{"@type":"EntryPoint","urlTemplate":"https:\/\/www.grupo-inducom.com\/ec\/?s={search_term_string}"},"query-input":{"@type":"PropertyValueSpecification","valueRequired":true,"valueName":"search_term_string"}}],"inLanguage":"es"}]}},"_links":{"self":[{"href":"https:\/\/www.grupo-inducom.com\/ec\/wp-json\/wp\/v2\/product\/872","targetHints":{"allow":["GET"]}}],"collection":[{"href":"https:\/\/www.grupo-inducom.com\/ec\/wp-json\/wp\/v2\/product"}],"about":[{"href":"https:\/\/www.grupo-inducom.com\/ec\/wp-json\/wp\/v2\/types\/product"}],"replies":[{"embeddable":true,"href":"https:\/\/www.grupo-inducom.com\/ec\/wp-json\/wp\/v2\/comments?post=872"}],"wp:featuredmedia":[{"embeddable":true,"href":"https:\/\/www.grupo-inducom.com\/ec\/wp-json\/wp\/v2\/media\/908"}],"wp:attachment":[{"href":"https:\/\/www.grupo-inducom.com\/ec\/wp-json\/wp\/v2\/media?parent=872"}],"wp:term":[{"taxonomy":"product_brand","embeddable":true,"href":"https:\/\/www.grupo-inducom.com\/ec\/wp-json\/wp\/v2\/product_brand?post=872"},{"taxonomy":"product_cat","embeddable":true,"href":"https:\/\/www.grupo-inducom.com\/ec\/wp-json\/wp\/v2\/product_cat?post=872"},{"taxonomy":"product_tag","embeddable":true,"href":"https:\/\/www.grupo-inducom.com\/ec\/wp-json\/wp\/v2\/product_tag?post=872"}],"curies":[{"name":"wp","href":"https:\/\/api.w.org\/{rel}","templated":true}]}}