{"id":871,"date":"2023-05-04T14:09:47","date_gmt":"2023-05-04T19:09:47","guid":{"rendered":"https:\/\/www.grupo-inducom.com\/?post_type=product&#038;p=871"},"modified":"2023-06-05T15:07:03","modified_gmt":"2023-06-05T20:07:03","slug":"mezcladores-sanitarios-para-cervecerias","status":"publish","type":"product","link":"https:\/\/www.grupo-inducom.com\/ec\/productos\/mezcladores-sanitarios-para-cervecerias\/","title":{"rendered":"Mezcladores sanitarios para cervecer\u00edas"},"content":{"rendered":"<p>Desarrollado por la divisi\u00f3n de productos aplicados de Ampco con las necesidades de los cerveceros artesanales en mente. Esta innovadora oferta de l\u00ednea de productos fue dise\u00f1ada espec\u00edficamente para ayudar al mercado de la cerveza artesanal a alcanzar su notable potencial de crecimiento.<br \/>\nLos modelos ROLEC DH45, ROLEC DH90 y ROLEC DH250 ofrecen a las cervecer\u00edas de peque\u00f1a a gran escala una forma segura y eficiente de secar el l\u00fapulo e inducir creativamente sabores a la cerveza.<br \/>\nLa bomba SBI recircula el fermentador mientras induce l\u00fapulo seco y otros medios inducidos directamente en la corriente de cerveza; todo desde un ambiente libre de ox\u00edgeno.<br \/>\nEl DH90 y el DH250 est\u00e1n construidos con una c\u00e1mara de di\u00f3xido de carbono a presi\u00f3n para mitigar la intrusi\u00f3n de ox\u00edgeno. El DH45 es una versi\u00f3n a menor escala que ofrece un recipiente no presurizado que utiliza una \u00abcapa\u00bb de CO\u2082 para proteger el producto de la intrusi\u00f3n de ox\u00edgeno. El DH45 es capaz de inducci\u00f3n en fermentadores con una altura m\u00e1xima de 20 pies y puede usarse adicionalmente como bombas de transferencia y CIP.<\/p>\n","protected":false},"excerpt":{"rendered":"<p>Marca: AMPCO<\/p>\n<p>Material base de acero inoxidable 304<\/p>\n<p>Piezas mojadas 316L<\/p>\n<p>Todos los modelos incluyen VFD (est\u00e1ndar NEMA4X)<\/p>\n<p>Ruedas de acero inoxidable \/ poliuretano<\/p>\n<p>DH45 \/ DH90 \/ DH250 son totalmente compatibles con CIP sin necesidad de bomba CIP adicional<\/p>\n<p>Cable est\u00e1ndar de 50 &#8216;\/ 15 m<\/p>\n","protected":false},"featured_media":906,"comment_status":"open","ping_status":"closed","template":"","meta":{"_acf_changed":false,"_et_pb_use_builder":"","_et_pb_old_content":"","_et_gb_content_width":"","content-type":""},"product_brand":[],"product_cat":[146],"product_tag":[68],"class_list":{"0":"post-871","1":"product","2":"type-product","3":"status-publish","4":"has-post-thumbnail","6":"product_cat-linea-sanitaria","7":"product_tag-ampco","9":"first","10":"instock","11":"shipping-taxable","12":"product-type-simple"},"acf":[],"yoast_head":"<!-- This site is optimized with the Yoast SEO plugin v27.4 - https:\/\/yoast.com\/product\/yoast-seo-wordpress\/ -->\n<title>Mezcladores sanitarios para cervecer\u00edas - Inducom Ecuador<\/title>\n<meta name=\"robots\" content=\"index, follow, max-snippet:-1, max-image-preview:large, max-video-preview:-1\" \/>\n<link rel=\"canonical\" href=\"https:\/\/www.grupo-inducom.com\/ec\/productos\/mezcladores-sanitarios-para-cervecerias\/\" \/>\n<meta property=\"og:locale\" content=\"es_ES\" \/>\n<meta property=\"og:type\" content=\"article\" \/>\n<meta property=\"og:title\" content=\"Mezcladores sanitarios para cervecer\u00edas - Inducom Ecuador\" \/>\n<meta property=\"og:description\" content=\"Marca: AMPCO Material base de acero inoxidable 304 Piezas mojadas 316L Todos los modelos incluyen VFD (est\u00e1ndar NEMA4X) Ruedas de acero inoxidable \/ poliuretano DH45 \/ DH90 \/ DH250 son totalmente compatibles con CIP sin necesidad de bomba CIP adicional Cable est\u00e1ndar de 50 &#039;\/ 15 m\" \/>\n<meta property=\"og:url\" content=\"https:\/\/www.grupo-inducom.com\/ec\/productos\/mezcladores-sanitarios-para-cervecerias\/\" \/>\n<meta property=\"og:site_name\" content=\"Inducom Ecuador\" \/>\n<meta property=\"article:modified_time\" content=\"2023-06-05T20:07:03+00:00\" \/>\n<meta property=\"og:image\" content=\"http:\/\/www.grupo-inducom.com\/ec\/wp-content\/uploads\/sites\/2\/2023\/05\/mezcladorAMPCO.png\" \/>\n\t<meta property=\"og:image:width\" content=\"600\" \/>\n\t<meta property=\"og:image:height\" content=\"450\" \/>\n\t<meta property=\"og:image:type\" content=\"image\/png\" \/>\n<meta name=\"twitter:card\" content=\"summary_large_image\" \/>\n<meta name=\"twitter:label1\" content=\"Tiempo de lectura\" \/>\n\t<meta name=\"twitter:data1\" content=\"1 minuto\" \/>\n<script type=\"application\/ld+json\" class=\"yoast-schema-graph\">{\"@context\":\"https:\\\/\\\/schema.org\",\"@graph\":[{\"@type\":\"WebPage\",\"@id\":\"https:\\\/\\\/www.grupo-inducom.com\\\/ec\\\/productos\\\/mezcladores-sanitarios-para-cervecerias\\\/\",\"url\":\"https:\\\/\\\/www.grupo-inducom.com\\\/ec\\\/productos\\\/mezcladores-sanitarios-para-cervecerias\\\/\",\"name\":\"Mezcladores sanitarios para cervecer\u00edas - Inducom Ecuador\",\"isPartOf\":{\"@id\":\"https:\\\/\\\/www.grupo-inducom.com\\\/ec\\\/#website\"},\"primaryImageOfPage\":{\"@id\":\"https:\\\/\\\/www.grupo-inducom.com\\\/ec\\\/productos\\\/mezcladores-sanitarios-para-cervecerias\\\/#primaryimage\"},\"image\":{\"@id\":\"https:\\\/\\\/www.grupo-inducom.com\\\/ec\\\/productos\\\/mezcladores-sanitarios-para-cervecerias\\\/#primaryimage\"},\"thumbnailUrl\":\"https:\\\/\\\/www.grupo-inducom.com\\\/ec\\\/wp-content\\\/uploads\\\/sites\\\/2\\\/2023\\\/05\\\/mezcladorAMPCO.png\",\"datePublished\":\"2023-05-04T19:09:47+00:00\",\"dateModified\":\"2023-06-05T20:07:03+00:00\",\"breadcrumb\":{\"@id\":\"https:\\\/\\\/www.grupo-inducom.com\\\/ec\\\/productos\\\/mezcladores-sanitarios-para-cervecerias\\\/#breadcrumb\"},\"inLanguage\":\"es\",\"potentialAction\":[{\"@type\":\"ReadAction\",\"target\":[\"https:\\\/\\\/www.grupo-inducom.com\\\/ec\\\/productos\\\/mezcladores-sanitarios-para-cervecerias\\\/\"]}]},{\"@type\":\"ImageObject\",\"inLanguage\":\"es\",\"@id\":\"https:\\\/\\\/www.grupo-inducom.com\\\/ec\\\/productos\\\/mezcladores-sanitarios-para-cervecerias\\\/#primaryimage\",\"url\":\"https:\\\/\\\/www.grupo-inducom.com\\\/ec\\\/wp-content\\\/uploads\\\/sites\\\/2\\\/2023\\\/05\\\/mezcladorAMPCO.png\",\"contentUrl\":\"https:\\\/\\\/www.grupo-inducom.com\\\/ec\\\/wp-content\\\/uploads\\\/sites\\\/2\\\/2023\\\/05\\\/mezcladorAMPCO.png\",\"width\":600,\"height\":450},{\"@type\":\"BreadcrumbList\",\"@id\":\"https:\\\/\\\/www.grupo-inducom.com\\\/ec\\\/productos\\\/mezcladores-sanitarios-para-cervecerias\\\/#breadcrumb\",\"itemListElement\":[{\"@type\":\"ListItem\",\"position\":1,\"name\":\"Portada\",\"item\":\"https:\\\/\\\/www.grupo-inducom.com\\\/ec\\\/\"},{\"@type\":\"ListItem\",\"position\":2,\"name\":\"Tienda\",\"item\":\"https:\\\/\\\/www.grupo-inducom.com\\\/ec\\\/tienda\\\/\"},{\"@type\":\"ListItem\",\"position\":3,\"name\":\"Mezcladores sanitarios para cervecer\u00edas\"}]},{\"@type\":\"WebSite\",\"@id\":\"https:\\\/\\\/www.grupo-inducom.com\\\/ec\\\/#website\",\"url\":\"https:\\\/\\\/www.grupo-inducom.com\\\/ec\\\/\",\"name\":\"Inducom Ecuador\",\"description\":\"\",\"potentialAction\":[{\"@type\":\"SearchAction\",\"target\":{\"@type\":\"EntryPoint\",\"urlTemplate\":\"https:\\\/\\\/www.grupo-inducom.com\\\/ec\\\/?s={search_term_string}\"},\"query-input\":{\"@type\":\"PropertyValueSpecification\",\"valueRequired\":true,\"valueName\":\"search_term_string\"}}],\"inLanguage\":\"es\"}]}<\/script>\n<!-- \/ Yoast SEO plugin. -->","yoast_head_json":{"title":"Mezcladores sanitarios para cervecer\u00edas - Inducom Ecuador","robots":{"index":"index","follow":"follow","max-snippet":"max-snippet:-1","max-image-preview":"max-image-preview:large","max-video-preview":"max-video-preview:-1"},"canonical":"https:\/\/www.grupo-inducom.com\/ec\/productos\/mezcladores-sanitarios-para-cervecerias\/","og_locale":"es_ES","og_type":"article","og_title":"Mezcladores sanitarios para cervecer\u00edas - Inducom Ecuador","og_description":"Marca: AMPCO Material base de acero inoxidable 304 Piezas mojadas 316L Todos los modelos incluyen VFD (est\u00e1ndar NEMA4X) Ruedas de acero inoxidable \/ poliuretano DH45 \/ DH90 \/ DH250 son totalmente compatibles con CIP sin necesidad de bomba CIP adicional Cable est\u00e1ndar de 50 '\/ 15 m","og_url":"https:\/\/www.grupo-inducom.com\/ec\/productos\/mezcladores-sanitarios-para-cervecerias\/","og_site_name":"Inducom Ecuador","article_modified_time":"2023-06-05T20:07:03+00:00","og_image":[{"width":600,"height":450,"url":"http:\/\/www.grupo-inducom.com\/ec\/wp-content\/uploads\/sites\/2\/2023\/05\/mezcladorAMPCO.png","type":"image\/png"}],"twitter_card":"summary_large_image","twitter_misc":{"Tiempo de lectura":"1 minuto"},"schema":{"@context":"https:\/\/schema.org","@graph":[{"@type":"WebPage","@id":"https:\/\/www.grupo-inducom.com\/ec\/productos\/mezcladores-sanitarios-para-cervecerias\/","url":"https:\/\/www.grupo-inducom.com\/ec\/productos\/mezcladores-sanitarios-para-cervecerias\/","name":"Mezcladores sanitarios para cervecer\u00edas - Inducom Ecuador","isPartOf":{"@id":"https:\/\/www.grupo-inducom.com\/ec\/#website"},"primaryImageOfPage":{"@id":"https:\/\/www.grupo-inducom.com\/ec\/productos\/mezcladores-sanitarios-para-cervecerias\/#primaryimage"},"image":{"@id":"https:\/\/www.grupo-inducom.com\/ec\/productos\/mezcladores-sanitarios-para-cervecerias\/#primaryimage"},"thumbnailUrl":"https:\/\/www.grupo-inducom.com\/ec\/wp-content\/uploads\/sites\/2\/2023\/05\/mezcladorAMPCO.png","datePublished":"2023-05-04T19:09:47+00:00","dateModified":"2023-06-05T20:07:03+00:00","breadcrumb":{"@id":"https:\/\/www.grupo-inducom.com\/ec\/productos\/mezcladores-sanitarios-para-cervecerias\/#breadcrumb"},"inLanguage":"es","potentialAction":[{"@type":"ReadAction","target":["https:\/\/www.grupo-inducom.com\/ec\/productos\/mezcladores-sanitarios-para-cervecerias\/"]}]},{"@type":"ImageObject","inLanguage":"es","@id":"https:\/\/www.grupo-inducom.com\/ec\/productos\/mezcladores-sanitarios-para-cervecerias\/#primaryimage","url":"https:\/\/www.grupo-inducom.com\/ec\/wp-content\/uploads\/sites\/2\/2023\/05\/mezcladorAMPCO.png","contentUrl":"https:\/\/www.grupo-inducom.com\/ec\/wp-content\/uploads\/sites\/2\/2023\/05\/mezcladorAMPCO.png","width":600,"height":450},{"@type":"BreadcrumbList","@id":"https:\/\/www.grupo-inducom.com\/ec\/productos\/mezcladores-sanitarios-para-cervecerias\/#breadcrumb","itemListElement":[{"@type":"ListItem","position":1,"name":"Portada","item":"https:\/\/www.grupo-inducom.com\/ec\/"},{"@type":"ListItem","position":2,"name":"Tienda","item":"https:\/\/www.grupo-inducom.com\/ec\/tienda\/"},{"@type":"ListItem","position":3,"name":"Mezcladores sanitarios para cervecer\u00edas"}]},{"@type":"WebSite","@id":"https:\/\/www.grupo-inducom.com\/ec\/#website","url":"https:\/\/www.grupo-inducom.com\/ec\/","name":"Inducom Ecuador","description":"","potentialAction":[{"@type":"SearchAction","target":{"@type":"EntryPoint","urlTemplate":"https:\/\/www.grupo-inducom.com\/ec\/?s={search_term_string}"},"query-input":{"@type":"PropertyValueSpecification","valueRequired":true,"valueName":"search_term_string"}}],"inLanguage":"es"}]}},"_links":{"self":[{"href":"https:\/\/www.grupo-inducom.com\/ec\/wp-json\/wp\/v2\/product\/871","targetHints":{"allow":["GET"]}}],"collection":[{"href":"https:\/\/www.grupo-inducom.com\/ec\/wp-json\/wp\/v2\/product"}],"about":[{"href":"https:\/\/www.grupo-inducom.com\/ec\/wp-json\/wp\/v2\/types\/product"}],"replies":[{"embeddable":true,"href":"https:\/\/www.grupo-inducom.com\/ec\/wp-json\/wp\/v2\/comments?post=871"}],"wp:featuredmedia":[{"embeddable":true,"href":"https:\/\/www.grupo-inducom.com\/ec\/wp-json\/wp\/v2\/media\/906"}],"wp:attachment":[{"href":"https:\/\/www.grupo-inducom.com\/ec\/wp-json\/wp\/v2\/media?parent=871"}],"wp:term":[{"taxonomy":"product_brand","embeddable":true,"href":"https:\/\/www.grupo-inducom.com\/ec\/wp-json\/wp\/v2\/product_brand?post=871"},{"taxonomy":"product_cat","embeddable":true,"href":"https:\/\/www.grupo-inducom.com\/ec\/wp-json\/wp\/v2\/product_cat?post=871"},{"taxonomy":"product_tag","embeddable":true,"href":"https:\/\/www.grupo-inducom.com\/ec\/wp-json\/wp\/v2\/product_tag?post=871"}],"curies":[{"name":"wp","href":"https:\/\/api.w.org\/{rel}","templated":true}]}}