{"id":868,"date":"2023-05-04T14:09:47","date_gmt":"2023-05-04T19:09:47","guid":{"rendered":"https:\/\/www.grupo-inducom.com\/?post_type=product&#038;p=868"},"modified":"2023-06-05T15:04:35","modified_gmt":"2023-06-05T20:04:35","slug":"intercambiador-de-calor-por-placas","status":"publish","type":"product","link":"https:\/\/www.grupo-inducom.com\/ec\/productos\/intercambiador-de-calor-por-placas\/","title":{"rendered":"Intercambiador de calor por placas"},"content":{"rendered":"<p>Los intercambiadores de calor de placas con empaquetaduras son la prueba de aquello que es posible lograr con pasi\u00f3n, curiosidad cient\u00edfica y experiencia tecnol\u00f3gica. Los hechos: alta eficiencia con bajos costes de funcionamiento, mayores posibilidades de aplicaci\u00f3n con menores costes de inversi\u00f3n.<\/p>\n<p>La serie N de intercambiadores de calor de placas con empaquetaduras (GPHE) presenta un avanzado dise\u00f1o del bastidor con una amplia variedad de materiales de placa, configuraciones y tama\u00f1os de los orificios. Las placas interiores de la serie N son las placas de transferencia de calor m\u00e1s avanzadas tecnol\u00f3gicamente del mercado.<\/p>\n<p>Cuentan con funciones para procesar cualquier producto de manera eficiente, incluidos los productos de alta viscosidad y tendencia a obstrucciones, lo que convierte la serie N en la mejor opci\u00f3n para las especificaciones de transferencia de calor m\u00e1s exigentes<\/p>\n<p><strong>OptiWave\u00a0&#8211; Patr\u00f3n de las placas<\/strong><\/p>\n<p>El exclusivo patr\u00f3n de ondulaci\u00f3n de las placas de Kelvion permite una distribuci\u00f3n uniforme del flujo a trav\u00e9s de toda la superficie, de modo que se maximiza la transferencia de calor a la vez que se minimizan las obstrucciones, el contenido de g\u00e9rmenes y el coste.<\/p>\n<p><strong>EcoLoc \u2013 Empaquetaduras<\/strong><\/p>\n<p>Las empaquetaduras Kelvion funcionan en perfecta combinaci\u00f3n con nuestras placas para garantizar un funcionamiento sin problemas. La abertura biselada permite que cada empaquetadura se asiente en su posici\u00f3n y evita que la pesta\u00f1a de bloqueo se rompa. Las empaquetaduras se pueden instalar f\u00e1cilmente sin necesidad de herramientas ni adhesivos y se asientan solas durante el cierre. Se tarda solo unos segundos en sustituir una empaquetadura, lo que hace que el mantenimiento sea r\u00e1pido y sencillo.<\/p>\n<p><strong>PosLoc\u00a0\u2013 Montaje<\/strong><\/p>\n<p>El dise\u00f1o de las placas PosLoc de Kelvion permite que las placas de los intercambiadores de calor de placas con empaquetaduras (GPHE) se alineen solas y sellen herm\u00e9ticamente cada vez que se cierra la unidad. Esta caracter\u00edstica elimina pr\u00e1cticamente el serpenteo del conjunto de placas, incluso si el bastidor est\u00e1 desalineado y tras un mantenimiento repetido. Ofrece a\u00f1os de funcionamiento y mantenimiento sin tensi\u00f3n.<\/p>\n<p><strong>Un bastidor \u00fanico<\/strong><\/p>\n<p>Incluso si el medio o las necesidades cambian, no existe una flexibilidad mayor. Todas las placas de la serie N se pueden utilizar en el mismo bastidor con un n\u00famero variable de placas. El desarrollo continuo de la serie de placas destinadas a satisfacer sus necesidades relacionadas con el rendimiento termodin\u00e1mico y fluidodin\u00e1mico tambi\u00e9n garantiza que se pueda lograr la m\u00e1xima rentabilidad.<\/p>\n<p>La gama de ondulaciones de placas, tama\u00f1os de conexi\u00f3n, anchuras y longitudes de placa permite fabricarlas seg\u00fan sus necesidades. Adem\u00e1s, se utilizan tecnolog\u00edas de sellado y montaje para facilitar el mantenimiento, lo que garantiza que los costes de servicio y mantenimiento se mantengan bajos.<\/p>\n","protected":false},"excerpt":{"rendered":"<p>Marca: GEA<\/p>\n<p>Alto rendimiento con bajos costes operativos<\/p>\n<p>Amplio espectro de aplicaci\u00f3n con menores costes de inversi\u00f3n<\/p>\n<p>Alto rango de ondulaciones de placa, tama\u00f1os de conexi\u00f3n, anchos y largos de placas<\/p>\n<p>Montaje y tecnolog\u00edas de sellado que facilitan el mantenimiento<\/p>\n","protected":false},"featured_media":899,"comment_status":"open","ping_status":"closed","template":"","meta":{"_acf_changed":false,"_et_pb_use_builder":"","_et_pb_old_content":"","_et_gb_content_width":"","content-type":""},"product_brand":[],"product_cat":[146],"product_tag":[135],"class_list":{"0":"post-868","1":"product","2":"type-product","3":"status-publish","4":"has-post-thumbnail","6":"product_cat-linea-sanitaria","7":"product_tag-gea","9":"first","10":"instock","11":"shipping-taxable","12":"product-type-simple"},"acf":[],"yoast_head":"<!-- This site is optimized with the Yoast SEO plugin v27.4 - https:\/\/yoast.com\/product\/yoast-seo-wordpress\/ -->\n<title>Intercambiador de calor por placas - Inducom Ecuador<\/title>\n<meta name=\"robots\" content=\"index, follow, max-snippet:-1, max-image-preview:large, max-video-preview:-1\" \/>\n<link rel=\"canonical\" href=\"https:\/\/www.grupo-inducom.com\/ec\/productos\/intercambiador-de-calor-por-placas\/\" \/>\n<meta property=\"og:locale\" content=\"es_ES\" \/>\n<meta property=\"og:type\" content=\"article\" \/>\n<meta property=\"og:title\" content=\"Intercambiador de calor por placas - Inducom Ecuador\" \/>\n<meta property=\"og:description\" content=\"Marca: GEA Alto rendimiento con bajos costes operativos Amplio espectro de aplicaci\u00f3n con menores costes de inversi\u00f3n Alto rango de ondulaciones de placa, tama\u00f1os de conexi\u00f3n, anchos y largos de placas Montaje y tecnolog\u00edas de sellado que facilitan el mantenimiento\" \/>\n<meta property=\"og:url\" content=\"https:\/\/www.grupo-inducom.com\/ec\/productos\/intercambiador-de-calor-por-placas\/\" \/>\n<meta property=\"og:site_name\" content=\"Inducom Ecuador\" \/>\n<meta property=\"article:modified_time\" content=\"2023-06-05T20:04:35+00:00\" \/>\n<meta property=\"og:image\" content=\"http:\/\/www.grupo-inducom.com\/ec\/wp-content\/uploads\/sites\/2\/2023\/05\/intercambiador-de-calor-1GEA-Kelvion.png\" \/>\n\t<meta property=\"og:image:width\" content=\"600\" \/>\n\t<meta property=\"og:image:height\" content=\"450\" \/>\n\t<meta property=\"og:image:type\" content=\"image\/png\" \/>\n<meta name=\"twitter:card\" content=\"summary_large_image\" \/>\n<meta name=\"twitter:label1\" content=\"Tiempo de lectura\" \/>\n\t<meta name=\"twitter:data1\" content=\"2 minutos\" \/>\n<script type=\"application\/ld+json\" class=\"yoast-schema-graph\">{\"@context\":\"https:\\\/\\\/schema.org\",\"@graph\":[{\"@type\":\"WebPage\",\"@id\":\"https:\\\/\\\/www.grupo-inducom.com\\\/ec\\\/productos\\\/intercambiador-de-calor-por-placas\\\/\",\"url\":\"https:\\\/\\\/www.grupo-inducom.com\\\/ec\\\/productos\\\/intercambiador-de-calor-por-placas\\\/\",\"name\":\"Intercambiador de calor por placas - Inducom Ecuador\",\"isPartOf\":{\"@id\":\"https:\\\/\\\/www.grupo-inducom.com\\\/ec\\\/#website\"},\"primaryImageOfPage\":{\"@id\":\"https:\\\/\\\/www.grupo-inducom.com\\\/ec\\\/productos\\\/intercambiador-de-calor-por-placas\\\/#primaryimage\"},\"image\":{\"@id\":\"https:\\\/\\\/www.grupo-inducom.com\\\/ec\\\/productos\\\/intercambiador-de-calor-por-placas\\\/#primaryimage\"},\"thumbnailUrl\":\"https:\\\/\\\/www.grupo-inducom.com\\\/ec\\\/wp-content\\\/uploads\\\/sites\\\/2\\\/2023\\\/05\\\/intercambiador-de-calor-1GEA-Kelvion.png\",\"datePublished\":\"2023-05-04T19:09:47+00:00\",\"dateModified\":\"2023-06-05T20:04:35+00:00\",\"breadcrumb\":{\"@id\":\"https:\\\/\\\/www.grupo-inducom.com\\\/ec\\\/productos\\\/intercambiador-de-calor-por-placas\\\/#breadcrumb\"},\"inLanguage\":\"es\",\"potentialAction\":[{\"@type\":\"ReadAction\",\"target\":[\"https:\\\/\\\/www.grupo-inducom.com\\\/ec\\\/productos\\\/intercambiador-de-calor-por-placas\\\/\"]}]},{\"@type\":\"ImageObject\",\"inLanguage\":\"es\",\"@id\":\"https:\\\/\\\/www.grupo-inducom.com\\\/ec\\\/productos\\\/intercambiador-de-calor-por-placas\\\/#primaryimage\",\"url\":\"https:\\\/\\\/www.grupo-inducom.com\\\/ec\\\/wp-content\\\/uploads\\\/sites\\\/2\\\/2023\\\/05\\\/intercambiador-de-calor-1GEA-Kelvion.png\",\"contentUrl\":\"https:\\\/\\\/www.grupo-inducom.com\\\/ec\\\/wp-content\\\/uploads\\\/sites\\\/2\\\/2023\\\/05\\\/intercambiador-de-calor-1GEA-Kelvion.png\",\"width\":600,\"height\":450},{\"@type\":\"BreadcrumbList\",\"@id\":\"https:\\\/\\\/www.grupo-inducom.com\\\/ec\\\/productos\\\/intercambiador-de-calor-por-placas\\\/#breadcrumb\",\"itemListElement\":[{\"@type\":\"ListItem\",\"position\":1,\"name\":\"Portada\",\"item\":\"https:\\\/\\\/www.grupo-inducom.com\\\/ec\\\/\"},{\"@type\":\"ListItem\",\"position\":2,\"name\":\"Tienda\",\"item\":\"https:\\\/\\\/www.grupo-inducom.com\\\/ec\\\/tienda\\\/\"},{\"@type\":\"ListItem\",\"position\":3,\"name\":\"Intercambiador de calor por placas\"}]},{\"@type\":\"WebSite\",\"@id\":\"https:\\\/\\\/www.grupo-inducom.com\\\/ec\\\/#website\",\"url\":\"https:\\\/\\\/www.grupo-inducom.com\\\/ec\\\/\",\"name\":\"Inducom Ecuador\",\"description\":\"\",\"potentialAction\":[{\"@type\":\"SearchAction\",\"target\":{\"@type\":\"EntryPoint\",\"urlTemplate\":\"https:\\\/\\\/www.grupo-inducom.com\\\/ec\\\/?s={search_term_string}\"},\"query-input\":{\"@type\":\"PropertyValueSpecification\",\"valueRequired\":true,\"valueName\":\"search_term_string\"}}],\"inLanguage\":\"es\"}]}<\/script>\n<!-- \/ Yoast SEO plugin. -->","yoast_head_json":{"title":"Intercambiador de calor por placas - Inducom Ecuador","robots":{"index":"index","follow":"follow","max-snippet":"max-snippet:-1","max-image-preview":"max-image-preview:large","max-video-preview":"max-video-preview:-1"},"canonical":"https:\/\/www.grupo-inducom.com\/ec\/productos\/intercambiador-de-calor-por-placas\/","og_locale":"es_ES","og_type":"article","og_title":"Intercambiador de calor por placas - Inducom Ecuador","og_description":"Marca: GEA Alto rendimiento con bajos costes operativos Amplio espectro de aplicaci\u00f3n con menores costes de inversi\u00f3n Alto rango de ondulaciones de placa, tama\u00f1os de conexi\u00f3n, anchos y largos de placas Montaje y tecnolog\u00edas de sellado que facilitan el mantenimiento","og_url":"https:\/\/www.grupo-inducom.com\/ec\/productos\/intercambiador-de-calor-por-placas\/","og_site_name":"Inducom Ecuador","article_modified_time":"2023-06-05T20:04:35+00:00","og_image":[{"width":600,"height":450,"url":"http:\/\/www.grupo-inducom.com\/ec\/wp-content\/uploads\/sites\/2\/2023\/05\/intercambiador-de-calor-1GEA-Kelvion.png","type":"image\/png"}],"twitter_card":"summary_large_image","twitter_misc":{"Tiempo de lectura":"2 minutos"},"schema":{"@context":"https:\/\/schema.org","@graph":[{"@type":"WebPage","@id":"https:\/\/www.grupo-inducom.com\/ec\/productos\/intercambiador-de-calor-por-placas\/","url":"https:\/\/www.grupo-inducom.com\/ec\/productos\/intercambiador-de-calor-por-placas\/","name":"Intercambiador de calor por placas - Inducom Ecuador","isPartOf":{"@id":"https:\/\/www.grupo-inducom.com\/ec\/#website"},"primaryImageOfPage":{"@id":"https:\/\/www.grupo-inducom.com\/ec\/productos\/intercambiador-de-calor-por-placas\/#primaryimage"},"image":{"@id":"https:\/\/www.grupo-inducom.com\/ec\/productos\/intercambiador-de-calor-por-placas\/#primaryimage"},"thumbnailUrl":"https:\/\/www.grupo-inducom.com\/ec\/wp-content\/uploads\/sites\/2\/2023\/05\/intercambiador-de-calor-1GEA-Kelvion.png","datePublished":"2023-05-04T19:09:47+00:00","dateModified":"2023-06-05T20:04:35+00:00","breadcrumb":{"@id":"https:\/\/www.grupo-inducom.com\/ec\/productos\/intercambiador-de-calor-por-placas\/#breadcrumb"},"inLanguage":"es","potentialAction":[{"@type":"ReadAction","target":["https:\/\/www.grupo-inducom.com\/ec\/productos\/intercambiador-de-calor-por-placas\/"]}]},{"@type":"ImageObject","inLanguage":"es","@id":"https:\/\/www.grupo-inducom.com\/ec\/productos\/intercambiador-de-calor-por-placas\/#primaryimage","url":"https:\/\/www.grupo-inducom.com\/ec\/wp-content\/uploads\/sites\/2\/2023\/05\/intercambiador-de-calor-1GEA-Kelvion.png","contentUrl":"https:\/\/www.grupo-inducom.com\/ec\/wp-content\/uploads\/sites\/2\/2023\/05\/intercambiador-de-calor-1GEA-Kelvion.png","width":600,"height":450},{"@type":"BreadcrumbList","@id":"https:\/\/www.grupo-inducom.com\/ec\/productos\/intercambiador-de-calor-por-placas\/#breadcrumb","itemListElement":[{"@type":"ListItem","position":1,"name":"Portada","item":"https:\/\/www.grupo-inducom.com\/ec\/"},{"@type":"ListItem","position":2,"name":"Tienda","item":"https:\/\/www.grupo-inducom.com\/ec\/tienda\/"},{"@type":"ListItem","position":3,"name":"Intercambiador de calor por placas"}]},{"@type":"WebSite","@id":"https:\/\/www.grupo-inducom.com\/ec\/#website","url":"https:\/\/www.grupo-inducom.com\/ec\/","name":"Inducom Ecuador","description":"","potentialAction":[{"@type":"SearchAction","target":{"@type":"EntryPoint","urlTemplate":"https:\/\/www.grupo-inducom.com\/ec\/?s={search_term_string}"},"query-input":{"@type":"PropertyValueSpecification","valueRequired":true,"valueName":"search_term_string"}}],"inLanguage":"es"}]}},"_links":{"self":[{"href":"https:\/\/www.grupo-inducom.com\/ec\/wp-json\/wp\/v2\/product\/868","targetHints":{"allow":["GET"]}}],"collection":[{"href":"https:\/\/www.grupo-inducom.com\/ec\/wp-json\/wp\/v2\/product"}],"about":[{"href":"https:\/\/www.grupo-inducom.com\/ec\/wp-json\/wp\/v2\/types\/product"}],"replies":[{"embeddable":true,"href":"https:\/\/www.grupo-inducom.com\/ec\/wp-json\/wp\/v2\/comments?post=868"}],"wp:featuredmedia":[{"embeddable":true,"href":"https:\/\/www.grupo-inducom.com\/ec\/wp-json\/wp\/v2\/media\/899"}],"wp:attachment":[{"href":"https:\/\/www.grupo-inducom.com\/ec\/wp-json\/wp\/v2\/media?parent=868"}],"wp:term":[{"taxonomy":"product_brand","embeddable":true,"href":"https:\/\/www.grupo-inducom.com\/ec\/wp-json\/wp\/v2\/product_brand?post=868"},{"taxonomy":"product_cat","embeddable":true,"href":"https:\/\/www.grupo-inducom.com\/ec\/wp-json\/wp\/v2\/product_cat?post=868"},{"taxonomy":"product_tag","embeddable":true,"href":"https:\/\/www.grupo-inducom.com\/ec\/wp-json\/wp\/v2\/product_tag?post=868"}],"curies":[{"name":"wp","href":"https:\/\/api.w.org\/{rel}","templated":true}]}}