{"id":866,"date":"2023-05-04T14:09:47","date_gmt":"2023-05-04T19:09:47","guid":{"rendered":"https:\/\/www.grupo-inducom.com\/?post_type=product&#038;p=866"},"modified":"2023-06-05T15:40:34","modified_gmt":"2023-06-05T20:40:34","slug":"valvula-sanitaria-de-desvio","status":"publish","type":"product","link":"https:\/\/www.grupo-inducom.com\/ec\/productos\/valvula-sanitaria-de-desvio\/","title":{"rendered":"V\u00e1lvula sanitaria de desv\u00edo"},"content":{"rendered":"<p>Marca: GEA<\/p>\n<p>Se utilizan para funciones de desv\u00edo en plantas de proceso.<\/p>\n<p>Las v\u00e1lvulas son un recurso id\u00f3neo para aplicaciones ultralimpias, aunque tambi\u00e9n pueden utilizarse as\u00e9pticamente.<\/p>\n<p>Cumplen los est\u00e1ndares de higiene requeridos, como las normas EHEDG y 3-A.<\/p>\n<p>Incrementa la seguridad tanto del proceso como del producto.<\/p>\n","protected":false},"excerpt":{"rendered":"<p><strong>Conoce las V\u00e1lvulas sanitarias disponibles en Inducom<\/strong><\/p>\n<p>Las v\u00e1lvulas sanitarias en Ecuador D-tec\u00ae con diafragma de v\u00e1stago se caracterizan por una superior protecci\u00f3n de seguridad contra la contaminaci\u00f3n del entorno, garantizando la estabilidad microbiana del producto durante todo el proceso. Aunque las v\u00e1lvulas D-tec\u00ae son id\u00f3neas para procesos as\u00e9pticos, el principal enfoque de esta l\u00ednea de v\u00e1lvulas son las aplicaciones ultralimpias de la industria alimentaria, l\u00e1ctea y de bebidas.<\/p>\n<p><strong>Aplicaciones ultralimpias<\/strong><\/p>\n<p>El par\u00e1metro de producto m\u00e1s importante para las aplicaciones ultralimpias es la duraci\u00f3n de almacenamiento. Viene determinada, principalmente, por el pH y el valor aw del producto. Adem\u00e1s, es necesario considerar las propiedades sensoriales y la cadena log\u00edstica de distribuci\u00f3n. Una de las ventajas del proceso ultralimpio es la reducida cantidad de conservantes que se necesita para mantener la duraci\u00f3n de almacenamiento del producto.<\/p>\n<p><strong>Ejemplos de aplicaci\u00f3n<\/strong><\/p>\n<ul>\n<li>Industria cervecera: cerveza y bebidas mezcladas con cerveza (por ejemplo, cultivo de levadura pura y conexi\u00f3n de tanques est\u00e9riles y m\u00e1quinas de llenado tras la esterilizaci\u00f3n).<\/li>\n<li>Industria de bebidas: bebidas mezcladas a base de agua (por ejemplo, refrescos, zumos de fruta y bebidas a base de fruta, concentrados, bebidas con pulpa).<\/li>\n<li>Industria l\u00e1ctea: productos a base de leche y productos de \u00e1cido l\u00e1ctico fermentado (por ejemplo, leche ESL, postres, productos cristalizados como lactosa).<\/li>\n<\/ul>\n<p>Industria alimentaria y de bebidas: salsas y manjares (por ejemplo, fabricaci\u00f3n de ingredientes de fruta b\u00e1sicos incluyendo part\u00edculas como frutos secos).<\/p>\n","protected":false},"featured_media":895,"comment_status":"open","ping_status":"closed","template":"","meta":{"_acf_changed":false,"_et_pb_use_builder":"","_et_pb_old_content":"","_et_gb_content_width":"","content-type":""},"product_brand":[],"product_cat":[146],"product_tag":[135],"class_list":{"0":"post-866","1":"product","2":"type-product","3":"status-publish","4":"has-post-thumbnail","6":"product_cat-linea-sanitaria","7":"product_tag-gea","9":"first","10":"instock","11":"shipping-taxable","12":"product-type-simple"},"acf":[],"yoast_head":"<!-- This site is optimized with the Yoast SEO plugin v27.4 - https:\/\/yoast.com\/product\/yoast-seo-wordpress\/ -->\n<title>V\u00e1lvula sanitaria de desv\u00edo - Inducom Ecuador<\/title>\n<meta name=\"robots\" content=\"index, follow, max-snippet:-1, max-image-preview:large, max-video-preview:-1\" \/>\n<link rel=\"canonical\" href=\"https:\/\/www.grupo-inducom.com\/ec\/productos\/valvula-sanitaria-de-desvio\/\" \/>\n<meta property=\"og:locale\" content=\"es_ES\" \/>\n<meta property=\"og:type\" content=\"article\" \/>\n<meta property=\"og:title\" content=\"V\u00e1lvula sanitaria de desv\u00edo - Inducom Ecuador\" \/>\n<meta property=\"og:description\" content=\"Conoce las V\u00e1lvulas sanitarias disponibles en Inducom Las v\u00e1lvulas sanitarias en Ecuador D-tec\u00ae con diafragma de v\u00e1stago se caracterizan por una superior protecci\u00f3n de seguridad contra la contaminaci\u00f3n del entorno, garantizando la estabilidad microbiana del producto durante todo el proceso. Aunque las v\u00e1lvulas D-tec\u00ae son id\u00f3neas para procesos as\u00e9pticos, el principal enfoque de esta l\u00ednea de v\u00e1lvulas son las aplicaciones ultralimpias de la industria alimentaria, l\u00e1ctea y de bebidas. Aplicaciones ultralimpias El par\u00e1metro de producto m\u00e1s importante para las aplicaciones ultralimpias es la duraci\u00f3n de almacenamiento. Viene determinada, principalmente, por el pH y el valor aw del producto. Adem\u00e1s, es necesario considerar las propiedades sensoriales y la cadena log\u00edstica de distribuci\u00f3n. Una de las ventajas del proceso ultralimpio es la reducida cantidad de conservantes que se necesita para mantener la duraci\u00f3n de almacenamiento del producto. Ejemplos de aplicaci\u00f3n  Industria cervecera: cerveza y bebidas mezcladas con cerveza (por ejemplo, cultivo de levadura pura y conexi\u00f3n de tanques est\u00e9riles y m\u00e1quinas de llenado tras la esterilizaci\u00f3n).  Industria de bebidas: bebidas mezcladas a base de agua (por ejemplo, refrescos, zumos de fruta y bebidas a base de fruta, concentrados, bebidas con pulpa).  Industria l\u00e1ctea: productos a base de leche y productos de \u00e1cido l\u00e1ctico fermentado (por ejemplo, leche ESL, postres, productos cristalizados como lactosa). Industria alimentaria y de bebidas: salsas y manjares (por ejemplo, fabricaci\u00f3n de ingredientes de fruta b\u00e1sicos incluyendo part\u00edculas como frutos secos).\" \/>\n<meta property=\"og:url\" content=\"https:\/\/www.grupo-inducom.com\/ec\/productos\/valvula-sanitaria-de-desvio\/\" \/>\n<meta property=\"og:site_name\" content=\"Inducom Ecuador\" \/>\n<meta property=\"article:modified_time\" content=\"2023-06-05T20:40:34+00:00\" \/>\n<meta property=\"og:image\" content=\"http:\/\/www.grupo-inducom.com\/ec\/wp-content\/uploads\/sites\/2\/2023\/05\/valvulas-2GEA.png\" \/>\n\t<meta property=\"og:image:width\" content=\"600\" \/>\n\t<meta property=\"og:image:height\" content=\"450\" \/>\n\t<meta property=\"og:image:type\" content=\"image\/png\" \/>\n<meta name=\"twitter:card\" content=\"summary_large_image\" \/>\n<script type=\"application\/ld+json\" class=\"yoast-schema-graph\">{\"@context\":\"https:\\\/\\\/schema.org\",\"@graph\":[{\"@type\":\"WebPage\",\"@id\":\"https:\\\/\\\/www.grupo-inducom.com\\\/ec\\\/productos\\\/valvula-sanitaria-de-desvio\\\/\",\"url\":\"https:\\\/\\\/www.grupo-inducom.com\\\/ec\\\/productos\\\/valvula-sanitaria-de-desvio\\\/\",\"name\":\"V\u00e1lvula sanitaria de desv\u00edo - Inducom Ecuador\",\"isPartOf\":{\"@id\":\"https:\\\/\\\/www.grupo-inducom.com\\\/ec\\\/#website\"},\"primaryImageOfPage\":{\"@id\":\"https:\\\/\\\/www.grupo-inducom.com\\\/ec\\\/productos\\\/valvula-sanitaria-de-desvio\\\/#primaryimage\"},\"image\":{\"@id\":\"https:\\\/\\\/www.grupo-inducom.com\\\/ec\\\/productos\\\/valvula-sanitaria-de-desvio\\\/#primaryimage\"},\"thumbnailUrl\":\"https:\\\/\\\/www.grupo-inducom.com\\\/ec\\\/wp-content\\\/uploads\\\/sites\\\/2\\\/2023\\\/05\\\/valvulas-2GEA.png\",\"datePublished\":\"2023-05-04T19:09:47+00:00\",\"dateModified\":\"2023-06-05T20:40:34+00:00\",\"breadcrumb\":{\"@id\":\"https:\\\/\\\/www.grupo-inducom.com\\\/ec\\\/productos\\\/valvula-sanitaria-de-desvio\\\/#breadcrumb\"},\"inLanguage\":\"es\",\"potentialAction\":[{\"@type\":\"ReadAction\",\"target\":[\"https:\\\/\\\/www.grupo-inducom.com\\\/ec\\\/productos\\\/valvula-sanitaria-de-desvio\\\/\"]}]},{\"@type\":\"ImageObject\",\"inLanguage\":\"es\",\"@id\":\"https:\\\/\\\/www.grupo-inducom.com\\\/ec\\\/productos\\\/valvula-sanitaria-de-desvio\\\/#primaryimage\",\"url\":\"https:\\\/\\\/www.grupo-inducom.com\\\/ec\\\/wp-content\\\/uploads\\\/sites\\\/2\\\/2023\\\/05\\\/valvulas-2GEA.png\",\"contentUrl\":\"https:\\\/\\\/www.grupo-inducom.com\\\/ec\\\/wp-content\\\/uploads\\\/sites\\\/2\\\/2023\\\/05\\\/valvulas-2GEA.png\",\"width\":600,\"height\":450},{\"@type\":\"BreadcrumbList\",\"@id\":\"https:\\\/\\\/www.grupo-inducom.com\\\/ec\\\/productos\\\/valvula-sanitaria-de-desvio\\\/#breadcrumb\",\"itemListElement\":[{\"@type\":\"ListItem\",\"position\":1,\"name\":\"Portada\",\"item\":\"https:\\\/\\\/www.grupo-inducom.com\\\/ec\\\/\"},{\"@type\":\"ListItem\",\"position\":2,\"name\":\"Tienda\",\"item\":\"https:\\\/\\\/www.grupo-inducom.com\\\/ec\\\/tienda\\\/\"},{\"@type\":\"ListItem\",\"position\":3,\"name\":\"V\u00e1lvula sanitaria de desv\u00edo\"}]},{\"@type\":\"WebSite\",\"@id\":\"https:\\\/\\\/www.grupo-inducom.com\\\/ec\\\/#website\",\"url\":\"https:\\\/\\\/www.grupo-inducom.com\\\/ec\\\/\",\"name\":\"Inducom Ecuador\",\"description\":\"\",\"potentialAction\":[{\"@type\":\"SearchAction\",\"target\":{\"@type\":\"EntryPoint\",\"urlTemplate\":\"https:\\\/\\\/www.grupo-inducom.com\\\/ec\\\/?s={search_term_string}\"},\"query-input\":{\"@type\":\"PropertyValueSpecification\",\"valueRequired\":true,\"valueName\":\"search_term_string\"}}],\"inLanguage\":\"es\"}]}<\/script>\n<!-- \/ Yoast SEO plugin. -->","yoast_head_json":{"title":"V\u00e1lvula sanitaria de desv\u00edo - Inducom Ecuador","robots":{"index":"index","follow":"follow","max-snippet":"max-snippet:-1","max-image-preview":"max-image-preview:large","max-video-preview":"max-video-preview:-1"},"canonical":"https:\/\/www.grupo-inducom.com\/ec\/productos\/valvula-sanitaria-de-desvio\/","og_locale":"es_ES","og_type":"article","og_title":"V\u00e1lvula sanitaria de desv\u00edo - Inducom Ecuador","og_description":"Conoce las V\u00e1lvulas sanitarias disponibles en Inducom Las v\u00e1lvulas sanitarias en Ecuador D-tec\u00ae con diafragma de v\u00e1stago se caracterizan por una superior protecci\u00f3n de seguridad contra la contaminaci\u00f3n del entorno, garantizando la estabilidad microbiana del producto durante todo el proceso. Aunque las v\u00e1lvulas D-tec\u00ae son id\u00f3neas para procesos as\u00e9pticos, el principal enfoque de esta l\u00ednea de v\u00e1lvulas son las aplicaciones ultralimpias de la industria alimentaria, l\u00e1ctea y de bebidas. Aplicaciones ultralimpias El par\u00e1metro de producto m\u00e1s importante para las aplicaciones ultralimpias es la duraci\u00f3n de almacenamiento. Viene determinada, principalmente, por el pH y el valor aw del producto. Adem\u00e1s, es necesario considerar las propiedades sensoriales y la cadena log\u00edstica de distribuci\u00f3n. Una de las ventajas del proceso ultralimpio es la reducida cantidad de conservantes que se necesita para mantener la duraci\u00f3n de almacenamiento del producto. Ejemplos de aplicaci\u00f3n  Industria cervecera: cerveza y bebidas mezcladas con cerveza (por ejemplo, cultivo de levadura pura y conexi\u00f3n de tanques est\u00e9riles y m\u00e1quinas de llenado tras la esterilizaci\u00f3n).  Industria de bebidas: bebidas mezcladas a base de agua (por ejemplo, refrescos, zumos de fruta y bebidas a base de fruta, concentrados, bebidas con pulpa).  Industria l\u00e1ctea: productos a base de leche y productos de \u00e1cido l\u00e1ctico fermentado (por ejemplo, leche ESL, postres, productos cristalizados como lactosa). Industria alimentaria y de bebidas: salsas y manjares (por ejemplo, fabricaci\u00f3n de ingredientes de fruta b\u00e1sicos incluyendo part\u00edculas como frutos secos).","og_url":"https:\/\/www.grupo-inducom.com\/ec\/productos\/valvula-sanitaria-de-desvio\/","og_site_name":"Inducom Ecuador","article_modified_time":"2023-06-05T20:40:34+00:00","og_image":[{"width":600,"height":450,"url":"http:\/\/www.grupo-inducom.com\/ec\/wp-content\/uploads\/sites\/2\/2023\/05\/valvulas-2GEA.png","type":"image\/png"}],"twitter_card":"summary_large_image","schema":{"@context":"https:\/\/schema.org","@graph":[{"@type":"WebPage","@id":"https:\/\/www.grupo-inducom.com\/ec\/productos\/valvula-sanitaria-de-desvio\/","url":"https:\/\/www.grupo-inducom.com\/ec\/productos\/valvula-sanitaria-de-desvio\/","name":"V\u00e1lvula sanitaria de desv\u00edo - Inducom Ecuador","isPartOf":{"@id":"https:\/\/www.grupo-inducom.com\/ec\/#website"},"primaryImageOfPage":{"@id":"https:\/\/www.grupo-inducom.com\/ec\/productos\/valvula-sanitaria-de-desvio\/#primaryimage"},"image":{"@id":"https:\/\/www.grupo-inducom.com\/ec\/productos\/valvula-sanitaria-de-desvio\/#primaryimage"},"thumbnailUrl":"https:\/\/www.grupo-inducom.com\/ec\/wp-content\/uploads\/sites\/2\/2023\/05\/valvulas-2GEA.png","datePublished":"2023-05-04T19:09:47+00:00","dateModified":"2023-06-05T20:40:34+00:00","breadcrumb":{"@id":"https:\/\/www.grupo-inducom.com\/ec\/productos\/valvula-sanitaria-de-desvio\/#breadcrumb"},"inLanguage":"es","potentialAction":[{"@type":"ReadAction","target":["https:\/\/www.grupo-inducom.com\/ec\/productos\/valvula-sanitaria-de-desvio\/"]}]},{"@type":"ImageObject","inLanguage":"es","@id":"https:\/\/www.grupo-inducom.com\/ec\/productos\/valvula-sanitaria-de-desvio\/#primaryimage","url":"https:\/\/www.grupo-inducom.com\/ec\/wp-content\/uploads\/sites\/2\/2023\/05\/valvulas-2GEA.png","contentUrl":"https:\/\/www.grupo-inducom.com\/ec\/wp-content\/uploads\/sites\/2\/2023\/05\/valvulas-2GEA.png","width":600,"height":450},{"@type":"BreadcrumbList","@id":"https:\/\/www.grupo-inducom.com\/ec\/productos\/valvula-sanitaria-de-desvio\/#breadcrumb","itemListElement":[{"@type":"ListItem","position":1,"name":"Portada","item":"https:\/\/www.grupo-inducom.com\/ec\/"},{"@type":"ListItem","position":2,"name":"Tienda","item":"https:\/\/www.grupo-inducom.com\/ec\/tienda\/"},{"@type":"ListItem","position":3,"name":"V\u00e1lvula sanitaria de desv\u00edo"}]},{"@type":"WebSite","@id":"https:\/\/www.grupo-inducom.com\/ec\/#website","url":"https:\/\/www.grupo-inducom.com\/ec\/","name":"Inducom Ecuador","description":"","potentialAction":[{"@type":"SearchAction","target":{"@type":"EntryPoint","urlTemplate":"https:\/\/www.grupo-inducom.com\/ec\/?s={search_term_string}"},"query-input":{"@type":"PropertyValueSpecification","valueRequired":true,"valueName":"search_term_string"}}],"inLanguage":"es"}]}},"_links":{"self":[{"href":"https:\/\/www.grupo-inducom.com\/ec\/wp-json\/wp\/v2\/product\/866","targetHints":{"allow":["GET"]}}],"collection":[{"href":"https:\/\/www.grupo-inducom.com\/ec\/wp-json\/wp\/v2\/product"}],"about":[{"href":"https:\/\/www.grupo-inducom.com\/ec\/wp-json\/wp\/v2\/types\/product"}],"replies":[{"embeddable":true,"href":"https:\/\/www.grupo-inducom.com\/ec\/wp-json\/wp\/v2\/comments?post=866"}],"wp:featuredmedia":[{"embeddable":true,"href":"https:\/\/www.grupo-inducom.com\/ec\/wp-json\/wp\/v2\/media\/895"}],"wp:attachment":[{"href":"https:\/\/www.grupo-inducom.com\/ec\/wp-json\/wp\/v2\/media?parent=866"}],"wp:term":[{"taxonomy":"product_brand","embeddable":true,"href":"https:\/\/www.grupo-inducom.com\/ec\/wp-json\/wp\/v2\/product_brand?post=866"},{"taxonomy":"product_cat","embeddable":true,"href":"https:\/\/www.grupo-inducom.com\/ec\/wp-json\/wp\/v2\/product_cat?post=866"},{"taxonomy":"product_tag","embeddable":true,"href":"https:\/\/www.grupo-inducom.com\/ec\/wp-json\/wp\/v2\/product_tag?post=866"}],"curies":[{"name":"wp","href":"https:\/\/api.w.org\/{rel}","templated":true}]}}