{"id":860,"date":"2023-05-04T14:09:46","date_gmt":"2023-05-04T14:09:46","guid":{"rendered":"https:\/\/www.grupo-inducom.com\/?post_type=product&#038;p=860"},"modified":"2023-05-04T14:09:46","modified_gmt":"2023-05-04T14:09:46","slug":"reductor-y-motoreductor-angular-serie-wmrv","status":"publish","type":"product","link":"https:\/\/www.grupo-inducom.com\/ec\/productos\/reductor-y-motoreductor-angular-serie-wmrv\/","title":{"rendered":"Reductor y motoreductor angular serie WMRV"},"content":{"rendered":"<p>Basado en el dise\u00f1o de la caja de cambios helicoidal tradicional, as\u00ed como para satisfacer la fuerte demanda<br \/>\ndel mercado, Everlast combina la experiencia t\u00e9cnica avanzada europea, despu\u00e9s de tres a\u00f1os de<br \/>\ninvestigaci\u00f3n y desarrollo, el acceso de la caja de cambios modular de la serie MK al mercado con \u00e9xito.<\/p>\n<p>&nbsp;<\/p>\n<p>Caracteristicas<br \/>\n1.- Ahorro de la inversi\u00f3n de inventario y espacio de almac\u00e9n<br \/>\n2.- Alta eciencia de transmisi\u00f3n, la m\u00e1quina individual puede alcanzar hasta un 96%<br \/>\n3.- El dise\u00f1o de m\u00f3dulos puede proporcionar varios tipos de combinaci\u00f3n de<br \/>\nrelaciones solo a trav\u00e9s de la simple transformaci\u00f3n de engranajes de alta velocidad.<br \/>\n4.- La modularidad permite a los distribuidores crear cualquier nueva relaci\u00f3n de forma<br \/>\nr\u00e1pida y Flexible por s\u00ed mismos para acortar en gran medida el tiempo de entrega<\/p>\n","protected":false},"excerpt":{"rendered":"<ul>\n<li>Marca: Everlast<\/li>\n<li>Sin limitaci\u00f3n de la industria<\/li>\n<li>Reducen los costes en el mantenimiento de la maquinaria<\/li>\n<li>Su reducido tama\u00f1o les a\u00f1ade una gran versatilidad<\/li>\n<li>Facilita la instalaci\u00f3n<\/li>\n<\/ul>\n","protected":false},"featured_media":886,"comment_status":"open","ping_status":"closed","template":"","meta":{"_acf_changed":false,"_et_pb_use_builder":"","_et_pb_old_content":"","_et_gb_content_width":"","content-type":""},"product_brand":[],"product_cat":[157],"product_tag":[133,155,156],"class_list":{"0":"post-860","1":"product","2":"type-product","3":"status-publish","4":"has-post-thumbnail","6":"product_cat-reductores","7":"product_tag-everlast","8":"product_tag-reductor","9":"product_tag-reductor-industrial","11":"first","12":"instock","13":"shipping-taxable","14":"product-type-simple"},"acf":[],"yoast_head":"<!-- This site is optimized with the Yoast SEO plugin v27.4 - https:\/\/yoast.com\/product\/yoast-seo-wordpress\/ -->\n<title>Reductor y motoreductor angular serie WMRV - Inducom Ecuador<\/title>\n<meta name=\"robots\" content=\"index, follow, max-snippet:-1, max-image-preview:large, max-video-preview:-1\" \/>\n<link rel=\"canonical\" href=\"https:\/\/www.grupo-inducom.com\/ec\/productos\/reductor-y-motoreductor-angular-serie-wmrv\/\" \/>\n<meta property=\"og:locale\" content=\"es_ES\" \/>\n<meta property=\"og:type\" content=\"article\" \/>\n<meta property=\"og:title\" content=\"Reductor y motoreductor angular serie WMRV - Inducom Ecuador\" \/>\n<meta property=\"og:description\" content=\"Marca: Everlast  Sin limitaci\u00f3n de la industria  Reducen los costes en el mantenimiento de la maquinaria  Su reducido tama\u00f1o les a\u00f1ade una gran versatilidad  Facilita la instalaci\u00f3n\" \/>\n<meta property=\"og:url\" content=\"https:\/\/www.grupo-inducom.com\/ec\/productos\/reductor-y-motoreductor-angular-serie-wmrv\/\" \/>\n<meta property=\"og:site_name\" content=\"Inducom Ecuador\" \/>\n<meta property=\"og:image\" content=\"https:\/\/www.grupo-inducom.com\/ec\/wp-content\/uploads\/sites\/2\/2023\/05\/62.png\" \/>\n\t<meta property=\"og:image:width\" content=\"300\" \/>\n\t<meta property=\"og:image:height\" content=\"225\" \/>\n\t<meta property=\"og:image:type\" content=\"image\/png\" \/>\n<meta name=\"twitter:card\" content=\"summary_large_image\" \/>\n<meta name=\"twitter:label1\" content=\"Tiempo de lectura\" \/>\n\t<meta name=\"twitter:data1\" content=\"1 minuto\" \/>\n<script type=\"application\/ld+json\" class=\"yoast-schema-graph\">{\"@context\":\"https:\\\/\\\/schema.org\",\"@graph\":[{\"@type\":\"WebPage\",\"@id\":\"https:\\\/\\\/www.grupo-inducom.com\\\/ec\\\/productos\\\/reductor-y-motoreductor-angular-serie-wmrv\\\/\",\"url\":\"https:\\\/\\\/www.grupo-inducom.com\\\/ec\\\/productos\\\/reductor-y-motoreductor-angular-serie-wmrv\\\/\",\"name\":\"Reductor y motoreductor angular serie WMRV - Inducom Ecuador\",\"isPartOf\":{\"@id\":\"https:\\\/\\\/www.grupo-inducom.com\\\/ec\\\/#website\"},\"primaryImageOfPage\":{\"@id\":\"https:\\\/\\\/www.grupo-inducom.com\\\/ec\\\/productos\\\/reductor-y-motoreductor-angular-serie-wmrv\\\/#primaryimage\"},\"image\":{\"@id\":\"https:\\\/\\\/www.grupo-inducom.com\\\/ec\\\/productos\\\/reductor-y-motoreductor-angular-serie-wmrv\\\/#primaryimage\"},\"thumbnailUrl\":\"https:\\\/\\\/www.grupo-inducom.com\\\/ec\\\/wp-content\\\/uploads\\\/sites\\\/2\\\/2023\\\/05\\\/62.png\",\"datePublished\":\"2023-05-04T14:09:46+00:00\",\"breadcrumb\":{\"@id\":\"https:\\\/\\\/www.grupo-inducom.com\\\/ec\\\/productos\\\/reductor-y-motoreductor-angular-serie-wmrv\\\/#breadcrumb\"},\"inLanguage\":\"es\",\"potentialAction\":[{\"@type\":\"ReadAction\",\"target\":[\"https:\\\/\\\/www.grupo-inducom.com\\\/ec\\\/productos\\\/reductor-y-motoreductor-angular-serie-wmrv\\\/\"]}]},{\"@type\":\"ImageObject\",\"inLanguage\":\"es\",\"@id\":\"https:\\\/\\\/www.grupo-inducom.com\\\/ec\\\/productos\\\/reductor-y-motoreductor-angular-serie-wmrv\\\/#primaryimage\",\"url\":\"https:\\\/\\\/www.grupo-inducom.com\\\/ec\\\/wp-content\\\/uploads\\\/sites\\\/2\\\/2023\\\/05\\\/62.png\",\"contentUrl\":\"https:\\\/\\\/www.grupo-inducom.com\\\/ec\\\/wp-content\\\/uploads\\\/sites\\\/2\\\/2023\\\/05\\\/62.png\",\"width\":300,\"height\":225},{\"@type\":\"BreadcrumbList\",\"@id\":\"https:\\\/\\\/www.grupo-inducom.com\\\/ec\\\/productos\\\/reductor-y-motoreductor-angular-serie-wmrv\\\/#breadcrumb\",\"itemListElement\":[{\"@type\":\"ListItem\",\"position\":1,\"name\":\"Portada\",\"item\":\"https:\\\/\\\/www.grupo-inducom.com\\\/ec\\\/\"},{\"@type\":\"ListItem\",\"position\":2,\"name\":\"Tienda\",\"item\":\"https:\\\/\\\/www.grupo-inducom.com\\\/ec\\\/tienda\\\/\"},{\"@type\":\"ListItem\",\"position\":3,\"name\":\"Reductor y motoreductor angular serie WMRV\"}]},{\"@type\":\"WebSite\",\"@id\":\"https:\\\/\\\/www.grupo-inducom.com\\\/ec\\\/#website\",\"url\":\"https:\\\/\\\/www.grupo-inducom.com\\\/ec\\\/\",\"name\":\"Inducom Ecuador\",\"description\":\"\",\"potentialAction\":[{\"@type\":\"SearchAction\",\"target\":{\"@type\":\"EntryPoint\",\"urlTemplate\":\"https:\\\/\\\/www.grupo-inducom.com\\\/ec\\\/?s={search_term_string}\"},\"query-input\":{\"@type\":\"PropertyValueSpecification\",\"valueRequired\":true,\"valueName\":\"search_term_string\"}}],\"inLanguage\":\"es\"}]}<\/script>\n<!-- \/ Yoast SEO plugin. -->","yoast_head_json":{"title":"Reductor y motoreductor angular serie WMRV - Inducom Ecuador","robots":{"index":"index","follow":"follow","max-snippet":"max-snippet:-1","max-image-preview":"max-image-preview:large","max-video-preview":"max-video-preview:-1"},"canonical":"https:\/\/www.grupo-inducom.com\/ec\/productos\/reductor-y-motoreductor-angular-serie-wmrv\/","og_locale":"es_ES","og_type":"article","og_title":"Reductor y motoreductor angular serie WMRV - Inducom Ecuador","og_description":"Marca: Everlast  Sin limitaci\u00f3n de la industria  Reducen los costes en el mantenimiento de la maquinaria  Su reducido tama\u00f1o les a\u00f1ade una gran versatilidad  Facilita la instalaci\u00f3n","og_url":"https:\/\/www.grupo-inducom.com\/ec\/productos\/reductor-y-motoreductor-angular-serie-wmrv\/","og_site_name":"Inducom Ecuador","og_image":[{"width":300,"height":225,"url":"https:\/\/www.grupo-inducom.com\/ec\/wp-content\/uploads\/sites\/2\/2023\/05\/62.png","type":"image\/png"}],"twitter_card":"summary_large_image","twitter_misc":{"Tiempo de lectura":"1 minuto"},"schema":{"@context":"https:\/\/schema.org","@graph":[{"@type":"WebPage","@id":"https:\/\/www.grupo-inducom.com\/ec\/productos\/reductor-y-motoreductor-angular-serie-wmrv\/","url":"https:\/\/www.grupo-inducom.com\/ec\/productos\/reductor-y-motoreductor-angular-serie-wmrv\/","name":"Reductor y motoreductor angular serie WMRV - Inducom Ecuador","isPartOf":{"@id":"https:\/\/www.grupo-inducom.com\/ec\/#website"},"primaryImageOfPage":{"@id":"https:\/\/www.grupo-inducom.com\/ec\/productos\/reductor-y-motoreductor-angular-serie-wmrv\/#primaryimage"},"image":{"@id":"https:\/\/www.grupo-inducom.com\/ec\/productos\/reductor-y-motoreductor-angular-serie-wmrv\/#primaryimage"},"thumbnailUrl":"https:\/\/www.grupo-inducom.com\/ec\/wp-content\/uploads\/sites\/2\/2023\/05\/62.png","datePublished":"2023-05-04T14:09:46+00:00","breadcrumb":{"@id":"https:\/\/www.grupo-inducom.com\/ec\/productos\/reductor-y-motoreductor-angular-serie-wmrv\/#breadcrumb"},"inLanguage":"es","potentialAction":[{"@type":"ReadAction","target":["https:\/\/www.grupo-inducom.com\/ec\/productos\/reductor-y-motoreductor-angular-serie-wmrv\/"]}]},{"@type":"ImageObject","inLanguage":"es","@id":"https:\/\/www.grupo-inducom.com\/ec\/productos\/reductor-y-motoreductor-angular-serie-wmrv\/#primaryimage","url":"https:\/\/www.grupo-inducom.com\/ec\/wp-content\/uploads\/sites\/2\/2023\/05\/62.png","contentUrl":"https:\/\/www.grupo-inducom.com\/ec\/wp-content\/uploads\/sites\/2\/2023\/05\/62.png","width":300,"height":225},{"@type":"BreadcrumbList","@id":"https:\/\/www.grupo-inducom.com\/ec\/productos\/reductor-y-motoreductor-angular-serie-wmrv\/#breadcrumb","itemListElement":[{"@type":"ListItem","position":1,"name":"Portada","item":"https:\/\/www.grupo-inducom.com\/ec\/"},{"@type":"ListItem","position":2,"name":"Tienda","item":"https:\/\/www.grupo-inducom.com\/ec\/tienda\/"},{"@type":"ListItem","position":3,"name":"Reductor y motoreductor angular serie WMRV"}]},{"@type":"WebSite","@id":"https:\/\/www.grupo-inducom.com\/ec\/#website","url":"https:\/\/www.grupo-inducom.com\/ec\/","name":"Inducom Ecuador","description":"","potentialAction":[{"@type":"SearchAction","target":{"@type":"EntryPoint","urlTemplate":"https:\/\/www.grupo-inducom.com\/ec\/?s={search_term_string}"},"query-input":{"@type":"PropertyValueSpecification","valueRequired":true,"valueName":"search_term_string"}}],"inLanguage":"es"}]}},"_links":{"self":[{"href":"https:\/\/www.grupo-inducom.com\/ec\/wp-json\/wp\/v2\/product\/860","targetHints":{"allow":["GET"]}}],"collection":[{"href":"https:\/\/www.grupo-inducom.com\/ec\/wp-json\/wp\/v2\/product"}],"about":[{"href":"https:\/\/www.grupo-inducom.com\/ec\/wp-json\/wp\/v2\/types\/product"}],"replies":[{"embeddable":true,"href":"https:\/\/www.grupo-inducom.com\/ec\/wp-json\/wp\/v2\/comments?post=860"}],"wp:featuredmedia":[{"embeddable":true,"href":"https:\/\/www.grupo-inducom.com\/ec\/wp-json\/wp\/v2\/media\/886"}],"wp:attachment":[{"href":"https:\/\/www.grupo-inducom.com\/ec\/wp-json\/wp\/v2\/media?parent=860"}],"wp:term":[{"taxonomy":"product_brand","embeddable":true,"href":"https:\/\/www.grupo-inducom.com\/ec\/wp-json\/wp\/v2\/product_brand?post=860"},{"taxonomy":"product_cat","embeddable":true,"href":"https:\/\/www.grupo-inducom.com\/ec\/wp-json\/wp\/v2\/product_cat?post=860"},{"taxonomy":"product_tag","embeddable":true,"href":"https:\/\/www.grupo-inducom.com\/ec\/wp-json\/wp\/v2\/product_tag?post=860"}],"curies":[{"name":"wp","href":"https:\/\/api.w.org\/{rel}","templated":true}]}}