{"id":851,"date":"2023-05-04T14:09:45","date_gmt":"2023-05-04T19:09:45","guid":{"rendered":"https:\/\/www.grupo-inducom.com\/?post_type=product&#038;p=851"},"modified":"2023-06-05T12:46:18","modified_gmt":"2023-06-05T17:46:18","slug":"bomba-de-vacio-de-paletas-secas","status":"publish","type":"product","link":"https:\/\/www.grupo-inducom.com\/ec\/productos\/bomba-de-vacio-de-paletas-secas\/","title":{"rendered":"Bomba de vac\u00edo de paletas secas"},"content":{"rendered":"<h3>Sujeci\u00f3n por vac\u00edo<\/h3>\n<ul>\n<li>El vac\u00edo se utiliza como una fuerza de sujeci\u00f3n para las mesas de corte CNC<\/li>\n<li>Brinda una fuerza de fijaci\u00f3n uniforme para evitar el desplazamiento de material<\/li>\n<li>La madera, el pl\u00e1stico y el metal se mantendr\u00e1n en su lugar mientras la maquina realiza los cortes<\/li>\n<\/ul>\n<h3>Laminaci\u00f3n por vac\u00edo<\/h3>\n<ul>\n<li>El vaci\u00f3 se utiliza como fuerza de presi\u00f3n para los productos con laminado de madera.<\/li>\n<li>Los productos laminados se ubican en una prensa o bolsa de vaci\u00f3 para su curado.<\/li>\n<li>La fuerza de vaci\u00f3 presiona las capas entre s\u00ed y extrae el exceso de cola para una mayor uniformidad.<\/li>\n<\/ul>\n<h3>Secado de madera<\/h3>\n<ul>\n<li>El contenido de humedad de la madera se reduce con el secado por vac\u00edo.<\/li>\n<li>La madera se coloca en una c\u00e1mara y se aplica el vaci\u00f3 .<\/li>\n<li>El tiempo de secado reduce de varias semanas a 3 o 4 d\u00edas.<\/li>\n<\/ul>\n<h3>Impregnaci\u00f3n de vac\u00edo<\/h3>\n<ul>\n<li>Las madreas tratadas con presi\u00f3n primero se secan al vac\u00edo<\/li>\n<li>Luego se aplica presi\u00f3n para impulsar el conservante hasta las capas inferior<\/li>\n<li>El vaci\u00f3 produce desgasificaci\u00f3n y seca la madera, prepar\u00e1ndola para la aplicaci\u00f3n del liquido conservante.<\/li>\n<\/ul>\n<p>&nbsp;<\/p>\n<ul>\n<li>Dise\u00f1o compacto\u00a0 que ocupa poco espacio<\/li>\n<li>Larga vida \u00fatil de las paletas<\/li>\n<li>Dise\u00f1os libres de aceite o lubricados<\/li>\n<li>Intervalos de mantenimiento extendidos<\/li>\n<\/ul>\n","protected":false},"excerpt":{"rendered":"<ul>\n<li>Marca: Gardner Denver<\/li>\n<li>Nivel de vac\u00edo Profundo<\/li>\n<li>Velocidades m\u00e1s r\u00e1pidas de bombeo<\/li>\n<li>Mantenimiento f\u00e1cil<\/li>\n<\/ul>\n","protected":false},"featured_media":878,"comment_status":"open","ping_status":"closed","template":"","meta":{"_acf_changed":false,"_et_pb_use_builder":"","_et_pb_old_content":"","_et_gb_content_width":"","content-type":""},"product_brand":[],"product_cat":[75],"product_tag":[69,106,129,132],"class_list":{"0":"post-851","1":"product","2":"type-product","3":"status-publish","4":"has-post-thumbnail","6":"product_cat-blowers-y-vacio","7":"product_tag-atlas-copco","8":"product_tag-bombas-de-vacio","9":"product_tag-dekker","10":"product_tag-elmo-rietschle","12":"first","13":"instock","14":"shipping-taxable","15":"product-type-simple"},"acf":[],"yoast_head":"<!-- This site is optimized with the Yoast SEO plugin v27.4 - https:\/\/yoast.com\/product\/yoast-seo-wordpress\/ -->\n<title>Bomba de vac\u00edo de paletas secas - Venta de Bomba - Bomba de vac\u00edo industrial<\/title>\n<meta name=\"robots\" content=\"index, follow, max-snippet:-1, max-image-preview:large, max-video-preview:-1\" \/>\n<link rel=\"canonical\" href=\"https:\/\/www.grupo-inducom.com\/ec\/productos\/bomba-de-vacio-de-paletas-secas\/\" \/>\n<meta property=\"og:locale\" content=\"es_ES\" \/>\n<meta property=\"og:type\" content=\"article\" \/>\n<meta property=\"og:title\" content=\"Bomba de vac\u00edo de paletas secas - Venta de Bomba - Bomba de vac\u00edo industrial\" \/>\n<meta property=\"og:description\" content=\"Marca: Gardner Denver  Nivel de vac\u00edo Profundo  Velocidades m\u00e1s r\u00e1pidas de bombeo  Mantenimiento f\u00e1cil\" \/>\n<meta property=\"og:url\" content=\"https:\/\/www.grupo-inducom.com\/ec\/productos\/bomba-de-vacio-de-paletas-secas\/\" \/>\n<meta property=\"og:site_name\" content=\"Inducom Ecuador\" \/>\n<meta property=\"article:modified_time\" content=\"2023-06-05T17:46:18+00:00\" \/>\n<meta property=\"og:image\" content=\"http:\/\/www.grupo-inducom.com\/ec\/wp-content\/uploads\/sites\/2\/2023\/05\/6-4.webp\" \/>\n\t<meta property=\"og:image:width\" content=\"300\" \/>\n\t<meta property=\"og:image:height\" content=\"225\" \/>\n\t<meta property=\"og:image:type\" content=\"image\/webp\" \/>\n<meta name=\"twitter:card\" content=\"summary_large_image\" \/>\n<meta name=\"twitter:label1\" content=\"Tiempo de lectura\" \/>\n\t<meta name=\"twitter:data1\" content=\"1 minuto\" \/>\n<script type=\"application\/ld+json\" class=\"yoast-schema-graph\">{\"@context\":\"https:\\\/\\\/schema.org\",\"@graph\":[{\"@type\":\"WebPage\",\"@id\":\"https:\\\/\\\/www.grupo-inducom.com\\\/ec\\\/productos\\\/bomba-de-vacio-de-paletas-secas\\\/\",\"url\":\"https:\\\/\\\/www.grupo-inducom.com\\\/ec\\\/productos\\\/bomba-de-vacio-de-paletas-secas\\\/\",\"name\":\"Bomba de vac\u00edo de paletas secas - Venta de Bomba - Bomba de vac\u00edo industrial\",\"isPartOf\":{\"@id\":\"https:\\\/\\\/www.grupo-inducom.com\\\/ec\\\/#website\"},\"primaryImageOfPage\":{\"@id\":\"https:\\\/\\\/www.grupo-inducom.com\\\/ec\\\/productos\\\/bomba-de-vacio-de-paletas-secas\\\/#primaryimage\"},\"image\":{\"@id\":\"https:\\\/\\\/www.grupo-inducom.com\\\/ec\\\/productos\\\/bomba-de-vacio-de-paletas-secas\\\/#primaryimage\"},\"thumbnailUrl\":\"https:\\\/\\\/www.grupo-inducom.com\\\/ec\\\/wp-content\\\/uploads\\\/sites\\\/2\\\/2023\\\/05\\\/6-4.webp\",\"datePublished\":\"2023-05-04T19:09:45+00:00\",\"dateModified\":\"2023-06-05T17:46:18+00:00\",\"breadcrumb\":{\"@id\":\"https:\\\/\\\/www.grupo-inducom.com\\\/ec\\\/productos\\\/bomba-de-vacio-de-paletas-secas\\\/#breadcrumb\"},\"inLanguage\":\"es\",\"potentialAction\":[{\"@type\":\"ReadAction\",\"target\":[\"https:\\\/\\\/www.grupo-inducom.com\\\/ec\\\/productos\\\/bomba-de-vacio-de-paletas-secas\\\/\"]}]},{\"@type\":\"ImageObject\",\"inLanguage\":\"es\",\"@id\":\"https:\\\/\\\/www.grupo-inducom.com\\\/ec\\\/productos\\\/bomba-de-vacio-de-paletas-secas\\\/#primaryimage\",\"url\":\"https:\\\/\\\/www.grupo-inducom.com\\\/ec\\\/wp-content\\\/uploads\\\/sites\\\/2\\\/2023\\\/05\\\/6-4.webp\",\"contentUrl\":\"https:\\\/\\\/www.grupo-inducom.com\\\/ec\\\/wp-content\\\/uploads\\\/sites\\\/2\\\/2023\\\/05\\\/6-4.webp\",\"width\":300,\"height\":225},{\"@type\":\"BreadcrumbList\",\"@id\":\"https:\\\/\\\/www.grupo-inducom.com\\\/ec\\\/productos\\\/bomba-de-vacio-de-paletas-secas\\\/#breadcrumb\",\"itemListElement\":[{\"@type\":\"ListItem\",\"position\":1,\"name\":\"Portada\",\"item\":\"https:\\\/\\\/www.grupo-inducom.com\\\/ec\\\/\"},{\"@type\":\"ListItem\",\"position\":2,\"name\":\"Tienda\",\"item\":\"https:\\\/\\\/www.grupo-inducom.com\\\/ec\\\/tienda\\\/\"},{\"@type\":\"ListItem\",\"position\":3,\"name\":\"Bomba de vac\u00edo de paletas secas\"}]},{\"@type\":\"WebSite\",\"@id\":\"https:\\\/\\\/www.grupo-inducom.com\\\/ec\\\/#website\",\"url\":\"https:\\\/\\\/www.grupo-inducom.com\\\/ec\\\/\",\"name\":\"Inducom Ecuador\",\"description\":\"\",\"potentialAction\":[{\"@type\":\"SearchAction\",\"target\":{\"@type\":\"EntryPoint\",\"urlTemplate\":\"https:\\\/\\\/www.grupo-inducom.com\\\/ec\\\/?s={search_term_string}\"},\"query-input\":{\"@type\":\"PropertyValueSpecification\",\"valueRequired\":true,\"valueName\":\"search_term_string\"}}],\"inLanguage\":\"es\"}]}<\/script>\n<!-- \/ Yoast SEO plugin. -->","yoast_head_json":{"title":"Bomba de vac\u00edo de paletas secas - Venta de Bomba - Bomba de vac\u00edo industrial","robots":{"index":"index","follow":"follow","max-snippet":"max-snippet:-1","max-image-preview":"max-image-preview:large","max-video-preview":"max-video-preview:-1"},"canonical":"https:\/\/www.grupo-inducom.com\/ec\/productos\/bomba-de-vacio-de-paletas-secas\/","og_locale":"es_ES","og_type":"article","og_title":"Bomba de vac\u00edo de paletas secas - Venta de Bomba - Bomba de vac\u00edo industrial","og_description":"Marca: Gardner Denver  Nivel de vac\u00edo Profundo  Velocidades m\u00e1s r\u00e1pidas de bombeo  Mantenimiento f\u00e1cil","og_url":"https:\/\/www.grupo-inducom.com\/ec\/productos\/bomba-de-vacio-de-paletas-secas\/","og_site_name":"Inducom Ecuador","article_modified_time":"2023-06-05T17:46:18+00:00","og_image":[{"width":300,"height":225,"url":"http:\/\/www.grupo-inducom.com\/ec\/wp-content\/uploads\/sites\/2\/2023\/05\/6-4.webp","type":"image\/webp"}],"twitter_card":"summary_large_image","twitter_misc":{"Tiempo de lectura":"1 minuto"},"schema":{"@context":"https:\/\/schema.org","@graph":[{"@type":"WebPage","@id":"https:\/\/www.grupo-inducom.com\/ec\/productos\/bomba-de-vacio-de-paletas-secas\/","url":"https:\/\/www.grupo-inducom.com\/ec\/productos\/bomba-de-vacio-de-paletas-secas\/","name":"Bomba de vac\u00edo de paletas secas - Venta de Bomba - Bomba de vac\u00edo industrial","isPartOf":{"@id":"https:\/\/www.grupo-inducom.com\/ec\/#website"},"primaryImageOfPage":{"@id":"https:\/\/www.grupo-inducom.com\/ec\/productos\/bomba-de-vacio-de-paletas-secas\/#primaryimage"},"image":{"@id":"https:\/\/www.grupo-inducom.com\/ec\/productos\/bomba-de-vacio-de-paletas-secas\/#primaryimage"},"thumbnailUrl":"https:\/\/www.grupo-inducom.com\/ec\/wp-content\/uploads\/sites\/2\/2023\/05\/6-4.webp","datePublished":"2023-05-04T19:09:45+00:00","dateModified":"2023-06-05T17:46:18+00:00","breadcrumb":{"@id":"https:\/\/www.grupo-inducom.com\/ec\/productos\/bomba-de-vacio-de-paletas-secas\/#breadcrumb"},"inLanguage":"es","potentialAction":[{"@type":"ReadAction","target":["https:\/\/www.grupo-inducom.com\/ec\/productos\/bomba-de-vacio-de-paletas-secas\/"]}]},{"@type":"ImageObject","inLanguage":"es","@id":"https:\/\/www.grupo-inducom.com\/ec\/productos\/bomba-de-vacio-de-paletas-secas\/#primaryimage","url":"https:\/\/www.grupo-inducom.com\/ec\/wp-content\/uploads\/sites\/2\/2023\/05\/6-4.webp","contentUrl":"https:\/\/www.grupo-inducom.com\/ec\/wp-content\/uploads\/sites\/2\/2023\/05\/6-4.webp","width":300,"height":225},{"@type":"BreadcrumbList","@id":"https:\/\/www.grupo-inducom.com\/ec\/productos\/bomba-de-vacio-de-paletas-secas\/#breadcrumb","itemListElement":[{"@type":"ListItem","position":1,"name":"Portada","item":"https:\/\/www.grupo-inducom.com\/ec\/"},{"@type":"ListItem","position":2,"name":"Tienda","item":"https:\/\/www.grupo-inducom.com\/ec\/tienda\/"},{"@type":"ListItem","position":3,"name":"Bomba de vac\u00edo de paletas secas"}]},{"@type":"WebSite","@id":"https:\/\/www.grupo-inducom.com\/ec\/#website","url":"https:\/\/www.grupo-inducom.com\/ec\/","name":"Inducom Ecuador","description":"","potentialAction":[{"@type":"SearchAction","target":{"@type":"EntryPoint","urlTemplate":"https:\/\/www.grupo-inducom.com\/ec\/?s={search_term_string}"},"query-input":{"@type":"PropertyValueSpecification","valueRequired":true,"valueName":"search_term_string"}}],"inLanguage":"es"}]}},"_links":{"self":[{"href":"https:\/\/www.grupo-inducom.com\/ec\/wp-json\/wp\/v2\/product\/851","targetHints":{"allow":["GET"]}}],"collection":[{"href":"https:\/\/www.grupo-inducom.com\/ec\/wp-json\/wp\/v2\/product"}],"about":[{"href":"https:\/\/www.grupo-inducom.com\/ec\/wp-json\/wp\/v2\/types\/product"}],"replies":[{"embeddable":true,"href":"https:\/\/www.grupo-inducom.com\/ec\/wp-json\/wp\/v2\/comments?post=851"}],"wp:featuredmedia":[{"embeddable":true,"href":"https:\/\/www.grupo-inducom.com\/ec\/wp-json\/wp\/v2\/media\/878"}],"wp:attachment":[{"href":"https:\/\/www.grupo-inducom.com\/ec\/wp-json\/wp\/v2\/media?parent=851"}],"wp:term":[{"taxonomy":"product_brand","embeddable":true,"href":"https:\/\/www.grupo-inducom.com\/ec\/wp-json\/wp\/v2\/product_brand?post=851"},{"taxonomy":"product_cat","embeddable":true,"href":"https:\/\/www.grupo-inducom.com\/ec\/wp-json\/wp\/v2\/product_cat?post=851"},{"taxonomy":"product_tag","embeddable":true,"href":"https:\/\/www.grupo-inducom.com\/ec\/wp-json\/wp\/v2\/product_tag?post=851"}],"curies":[{"name":"wp","href":"https:\/\/api.w.org\/{rel}","templated":true}]}}