{"id":816,"date":"2023-05-04T14:09:26","date_gmt":"2023-05-04T14:09:26","guid":{"rendered":"https:\/\/www.grupo-inducom.com\/?post_type=product&#038;p=816"},"modified":"2023-05-04T14:09:26","modified_gmt":"2023-05-04T14:09:26","slug":"compresor-de-aire-de-tornillo-l45","status":"publish","type":"product","link":"https:\/\/www.grupo-inducom.com\/ec\/productos\/compresor-de-aire-de-tornillo-l45\/","title":{"rendered":"Compresor de aire de tornillo L45"},"content":{"rendered":"","protected":false},"excerpt":{"rendered":"<p><span class=\"\" title=\"\">El compresor es un tornillo rotatorio de inyecci\u00f3n de aceite de una sola etapa completamente cerrado que consiste en un elemento de compresi\u00f3n, unidad de mando directo de un motor de tracci\u00f3n est\u00e1ndar de 2 polos, 60 Hz IP55 TEFC.<\/span><span title=\"\">Incluido con el extremo de aire y motor de alta eficiencia, <\/span><span class=\"\" title=\"\">el paquete cuenta con un recipiente de separaci\u00f3n de aceite con elemento separador de aire \/ aceite, enfriador de aire \/ aceite combinado y un <\/span><span class=\"\" title=\"\">Microprocesador de control electr\u00f3nico y unidad de monitorizaci\u00f3n.<\/span>\u00a0<span class=\"\" title=\"\">Todos los componentes est\u00e1n montados en un epoxi forrado ac\u00fasticamente<\/span><\/p>\n","protected":false},"featured_media":830,"comment_status":"open","ping_status":"closed","template":"","meta":{"_acf_changed":false,"_et_pb_use_builder":"","_et_pb_old_content":"","_et_gb_content_width":"","content-type":""},"product_brand":[],"product_cat":[123],"product_tag":[134],"class_list":{"0":"post-816","1":"product","2":"type-product","3":"status-publish","4":"has-post-thumbnail","6":"product_cat-compresor-de-aire","7":"product_tag-gardner-denver","9":"first","10":"instock","11":"shipping-taxable","12":"product-type-simple"},"acf":[],"yoast_head":"<!-- This site is optimized with the Yoast SEO plugin v27.4 - https:\/\/yoast.com\/product\/yoast-seo-wordpress\/ -->\n<title>Compresor de aire de tornillo L45 - Inducom Ecuador<\/title>\n<meta name=\"robots\" content=\"index, follow, max-snippet:-1, max-image-preview:large, max-video-preview:-1\" \/>\n<link rel=\"canonical\" href=\"https:\/\/www.grupo-inducom.com\/ec\/productos\/compresor-de-aire-de-tornillo-l45\/\" \/>\n<meta property=\"og:locale\" content=\"es_ES\" \/>\n<meta property=\"og:type\" content=\"article\" \/>\n<meta property=\"og:title\" content=\"Compresor de aire de tornillo L45 - Inducom Ecuador\" \/>\n<meta property=\"og:description\" content=\"El compresor es un tornillo rotatorio de inyecci\u00f3n de aceite de una sola etapa completamente cerrado que consiste en un elemento de compresi\u00f3n, unidad de mando directo de un motor de tracci\u00f3n est\u00e1ndar de 2 polos, 60 Hz IP55 TEFC.Incluido con el extremo de aire y motor de alta eficiencia, el paquete cuenta con un recipiente de separaci\u00f3n de aceite con elemento separador de aire \/ aceite, enfriador de aire \/ aceite combinado y un Microprocesador de control electr\u00f3nico y unidad de monitorizaci\u00f3n.\u00a0Todos los componentes est\u00e1n montados en un epoxi forrado ac\u00fasticamente\" \/>\n<meta property=\"og:url\" content=\"https:\/\/www.grupo-inducom.com\/ec\/productos\/compresor-de-aire-de-tornillo-l45\/\" \/>\n<meta property=\"og:site_name\" content=\"Inducom Ecuador\" \/>\n<meta property=\"og:image\" content=\"https:\/\/www.grupo-inducom.com\/ec\/wp-content\/uploads\/sites\/2\/2023\/05\/48.png\" \/>\n\t<meta property=\"og:image:width\" content=\"300\" \/>\n\t<meta property=\"og:image:height\" content=\"225\" \/>\n\t<meta property=\"og:image:type\" content=\"image\/png\" \/>\n<meta name=\"twitter:card\" content=\"summary_large_image\" \/>\n<script type=\"application\/ld+json\" class=\"yoast-schema-graph\">{\"@context\":\"https:\\\/\\\/schema.org\",\"@graph\":[{\"@type\":\"WebPage\",\"@id\":\"https:\\\/\\\/www.grupo-inducom.com\\\/ec\\\/productos\\\/compresor-de-aire-de-tornillo-l45\\\/\",\"url\":\"https:\\\/\\\/www.grupo-inducom.com\\\/ec\\\/productos\\\/compresor-de-aire-de-tornillo-l45\\\/\",\"name\":\"Compresor de aire de tornillo L45 - Inducom Ecuador\",\"isPartOf\":{\"@id\":\"https:\\\/\\\/www.grupo-inducom.com\\\/ec\\\/#website\"},\"primaryImageOfPage\":{\"@id\":\"https:\\\/\\\/www.grupo-inducom.com\\\/ec\\\/productos\\\/compresor-de-aire-de-tornillo-l45\\\/#primaryimage\"},\"image\":{\"@id\":\"https:\\\/\\\/www.grupo-inducom.com\\\/ec\\\/productos\\\/compresor-de-aire-de-tornillo-l45\\\/#primaryimage\"},\"thumbnailUrl\":\"https:\\\/\\\/www.grupo-inducom.com\\\/ec\\\/wp-content\\\/uploads\\\/sites\\\/2\\\/2023\\\/05\\\/48.png\",\"datePublished\":\"2023-05-04T14:09:26+00:00\",\"breadcrumb\":{\"@id\":\"https:\\\/\\\/www.grupo-inducom.com\\\/ec\\\/productos\\\/compresor-de-aire-de-tornillo-l45\\\/#breadcrumb\"},\"inLanguage\":\"es\",\"potentialAction\":[{\"@type\":\"ReadAction\",\"target\":[\"https:\\\/\\\/www.grupo-inducom.com\\\/ec\\\/productos\\\/compresor-de-aire-de-tornillo-l45\\\/\"]}]},{\"@type\":\"ImageObject\",\"inLanguage\":\"es\",\"@id\":\"https:\\\/\\\/www.grupo-inducom.com\\\/ec\\\/productos\\\/compresor-de-aire-de-tornillo-l45\\\/#primaryimage\",\"url\":\"https:\\\/\\\/www.grupo-inducom.com\\\/ec\\\/wp-content\\\/uploads\\\/sites\\\/2\\\/2023\\\/05\\\/48.png\",\"contentUrl\":\"https:\\\/\\\/www.grupo-inducom.com\\\/ec\\\/wp-content\\\/uploads\\\/sites\\\/2\\\/2023\\\/05\\\/48.png\",\"width\":300,\"height\":225},{\"@type\":\"BreadcrumbList\",\"@id\":\"https:\\\/\\\/www.grupo-inducom.com\\\/ec\\\/productos\\\/compresor-de-aire-de-tornillo-l45\\\/#breadcrumb\",\"itemListElement\":[{\"@type\":\"ListItem\",\"position\":1,\"name\":\"Portada\",\"item\":\"https:\\\/\\\/www.grupo-inducom.com\\\/ec\\\/\"},{\"@type\":\"ListItem\",\"position\":2,\"name\":\"Tienda\",\"item\":\"https:\\\/\\\/www.grupo-inducom.com\\\/ec\\\/tienda\\\/\"},{\"@type\":\"ListItem\",\"position\":3,\"name\":\"Compresor de aire de tornillo L45\"}]},{\"@type\":\"WebSite\",\"@id\":\"https:\\\/\\\/www.grupo-inducom.com\\\/ec\\\/#website\",\"url\":\"https:\\\/\\\/www.grupo-inducom.com\\\/ec\\\/\",\"name\":\"Inducom Ecuador\",\"description\":\"\",\"potentialAction\":[{\"@type\":\"SearchAction\",\"target\":{\"@type\":\"EntryPoint\",\"urlTemplate\":\"https:\\\/\\\/www.grupo-inducom.com\\\/ec\\\/?s={search_term_string}\"},\"query-input\":{\"@type\":\"PropertyValueSpecification\",\"valueRequired\":true,\"valueName\":\"search_term_string\"}}],\"inLanguage\":\"es\"}]}<\/script>\n<!-- \/ Yoast SEO plugin. -->","yoast_head_json":{"title":"Compresor de aire de tornillo L45 - Inducom Ecuador","robots":{"index":"index","follow":"follow","max-snippet":"max-snippet:-1","max-image-preview":"max-image-preview:large","max-video-preview":"max-video-preview:-1"},"canonical":"https:\/\/www.grupo-inducom.com\/ec\/productos\/compresor-de-aire-de-tornillo-l45\/","og_locale":"es_ES","og_type":"article","og_title":"Compresor de aire de tornillo L45 - Inducom Ecuador","og_description":"El compresor es un tornillo rotatorio de inyecci\u00f3n de aceite de una sola etapa completamente cerrado que consiste en un elemento de compresi\u00f3n, unidad de mando directo de un motor de tracci\u00f3n est\u00e1ndar de 2 polos, 60 Hz IP55 TEFC.Incluido con el extremo de aire y motor de alta eficiencia, el paquete cuenta con un recipiente de separaci\u00f3n de aceite con elemento separador de aire \/ aceite, enfriador de aire \/ aceite combinado y un Microprocesador de control electr\u00f3nico y unidad de monitorizaci\u00f3n.\u00a0Todos los componentes est\u00e1n montados en un epoxi forrado ac\u00fasticamente","og_url":"https:\/\/www.grupo-inducom.com\/ec\/productos\/compresor-de-aire-de-tornillo-l45\/","og_site_name":"Inducom Ecuador","og_image":[{"width":300,"height":225,"url":"https:\/\/www.grupo-inducom.com\/ec\/wp-content\/uploads\/sites\/2\/2023\/05\/48.png","type":"image\/png"}],"twitter_card":"summary_large_image","schema":{"@context":"https:\/\/schema.org","@graph":[{"@type":"WebPage","@id":"https:\/\/www.grupo-inducom.com\/ec\/productos\/compresor-de-aire-de-tornillo-l45\/","url":"https:\/\/www.grupo-inducom.com\/ec\/productos\/compresor-de-aire-de-tornillo-l45\/","name":"Compresor de aire de tornillo L45 - Inducom Ecuador","isPartOf":{"@id":"https:\/\/www.grupo-inducom.com\/ec\/#website"},"primaryImageOfPage":{"@id":"https:\/\/www.grupo-inducom.com\/ec\/productos\/compresor-de-aire-de-tornillo-l45\/#primaryimage"},"image":{"@id":"https:\/\/www.grupo-inducom.com\/ec\/productos\/compresor-de-aire-de-tornillo-l45\/#primaryimage"},"thumbnailUrl":"https:\/\/www.grupo-inducom.com\/ec\/wp-content\/uploads\/sites\/2\/2023\/05\/48.png","datePublished":"2023-05-04T14:09:26+00:00","breadcrumb":{"@id":"https:\/\/www.grupo-inducom.com\/ec\/productos\/compresor-de-aire-de-tornillo-l45\/#breadcrumb"},"inLanguage":"es","potentialAction":[{"@type":"ReadAction","target":["https:\/\/www.grupo-inducom.com\/ec\/productos\/compresor-de-aire-de-tornillo-l45\/"]}]},{"@type":"ImageObject","inLanguage":"es","@id":"https:\/\/www.grupo-inducom.com\/ec\/productos\/compresor-de-aire-de-tornillo-l45\/#primaryimage","url":"https:\/\/www.grupo-inducom.com\/ec\/wp-content\/uploads\/sites\/2\/2023\/05\/48.png","contentUrl":"https:\/\/www.grupo-inducom.com\/ec\/wp-content\/uploads\/sites\/2\/2023\/05\/48.png","width":300,"height":225},{"@type":"BreadcrumbList","@id":"https:\/\/www.grupo-inducom.com\/ec\/productos\/compresor-de-aire-de-tornillo-l45\/#breadcrumb","itemListElement":[{"@type":"ListItem","position":1,"name":"Portada","item":"https:\/\/www.grupo-inducom.com\/ec\/"},{"@type":"ListItem","position":2,"name":"Tienda","item":"https:\/\/www.grupo-inducom.com\/ec\/tienda\/"},{"@type":"ListItem","position":3,"name":"Compresor de aire de tornillo L45"}]},{"@type":"WebSite","@id":"https:\/\/www.grupo-inducom.com\/ec\/#website","url":"https:\/\/www.grupo-inducom.com\/ec\/","name":"Inducom Ecuador","description":"","potentialAction":[{"@type":"SearchAction","target":{"@type":"EntryPoint","urlTemplate":"https:\/\/www.grupo-inducom.com\/ec\/?s={search_term_string}"},"query-input":{"@type":"PropertyValueSpecification","valueRequired":true,"valueName":"search_term_string"}}],"inLanguage":"es"}]}},"_links":{"self":[{"href":"https:\/\/www.grupo-inducom.com\/ec\/wp-json\/wp\/v2\/product\/816","targetHints":{"allow":["GET"]}}],"collection":[{"href":"https:\/\/www.grupo-inducom.com\/ec\/wp-json\/wp\/v2\/product"}],"about":[{"href":"https:\/\/www.grupo-inducom.com\/ec\/wp-json\/wp\/v2\/types\/product"}],"replies":[{"embeddable":true,"href":"https:\/\/www.grupo-inducom.com\/ec\/wp-json\/wp\/v2\/comments?post=816"}],"wp:featuredmedia":[{"embeddable":true,"href":"https:\/\/www.grupo-inducom.com\/ec\/wp-json\/wp\/v2\/media\/830"}],"wp:attachment":[{"href":"https:\/\/www.grupo-inducom.com\/ec\/wp-json\/wp\/v2\/media?parent=816"}],"wp:term":[{"taxonomy":"product_brand","embeddable":true,"href":"https:\/\/www.grupo-inducom.com\/ec\/wp-json\/wp\/v2\/product_brand?post=816"},{"taxonomy":"product_cat","embeddable":true,"href":"https:\/\/www.grupo-inducom.com\/ec\/wp-json\/wp\/v2\/product_cat?post=816"},{"taxonomy":"product_tag","embeddable":true,"href":"https:\/\/www.grupo-inducom.com\/ec\/wp-json\/wp\/v2\/product_tag?post=816"}],"curies":[{"name":"wp","href":"https:\/\/api.w.org\/{rel}","templated":true}]}}