{"id":812,"date":"2023-05-04T14:09:26","date_gmt":"2023-05-04T14:09:26","guid":{"rendered":"https:\/\/www.grupo-inducom.com\/?post_type=product&#038;p=812"},"modified":"2023-05-04T14:09:26","modified_gmt":"2023-05-04T14:09:26","slug":"compresor-de-aire-de-piston-serie-r","status":"publish","type":"product","link":"https:\/\/www.grupo-inducom.com\/ec\/productos\/compresor-de-aire-de-piston-serie-r\/","title":{"rendered":"Compresor de aire de piston serie R"},"content":{"rendered":"<p>Los compresores de la serie R est\u00e1n cargados con caracter\u00edsticas dise\u00f1adas para el rendimiento d\u00eda tras d\u00eda.\u00a0Cargados con caracter\u00edsticas robustas, estos compresores ofrecen un alto rendimiento y un gran valor.\u00a0Esta bomba compresora viene con una garant\u00eda prorrateada de 5 a\u00f1os.\u00a0Como resultado, los compresores de la serie R ofrecen un servicio prolongado y sin problemas con una eficiencia de operaci\u00f3n desenfrenada.<\/p>\n<p>&nbsp;<\/p>\n","protected":false},"excerpt":{"rendered":"<h4>Especificaciones y caracter\u00edsticas<\/h4>\n<ul>\n<li>2 \u2013 30 CV<\/li>\n<li>Hasta 175 psig<\/li>\n<li>4.2 \u2013 202 acfm a 175 psig en unidades el\u00e9ctricas<\/li>\n<li>Modelos de motores a gas y diesel disponibles<\/li>\n<li>Tanque o base montada, modelos simples y d\u00faplex<\/li>\n<li>Bombas lubricadas por salpicadura de una o dos etapas<\/li>\n<li>Garant\u00eda prorrateada de 5 a\u00f1os en la bomba\n<ul>\n<li>Llenado de f\u00e1brica con lubricante AEON<\/li>\n<\/ul>\n<\/li>\n<\/ul>\n","protected":false},"featured_media":845,"comment_status":"open","ping_status":"closed","template":"","meta":{"_acf_changed":false,"_et_pb_use_builder":"","_et_pb_old_content":"","_et_gb_content_width":"","content-type":""},"product_brand":[],"product_cat":[123],"product_tag":[124,134],"class_list":{"0":"post-812","1":"product","2":"type-product","3":"status-publish","4":"has-post-thumbnail","6":"product_cat-compresor-de-aire","7":"product_tag-compresor-de-aire","8":"product_tag-gardner-denver","10":"first","11":"instock","12":"shipping-taxable","13":"product-type-simple"},"acf":[],"yoast_head":"<!-- This site is optimized with the Yoast SEO plugin v27.4 - https:\/\/yoast.com\/product\/yoast-seo-wordpress\/ -->\n<title>Compresor de aire de piston serie R - Inducom Ecuador<\/title>\n<meta name=\"description\" content=\"Compresor de aire de piston serie R - Inducom Ecuador vistanos en nuestra secci\u00f3n productos. Compresor de aire de piston serie R\" \/>\n<meta name=\"robots\" content=\"index, follow, max-snippet:-1, max-image-preview:large, max-video-preview:-1\" \/>\n<link rel=\"canonical\" href=\"https:\/\/www.grupo-inducom.com\/ec\/productos\/compresor-de-aire-de-piston-serie-r\/\" \/>\n<meta property=\"og:locale\" content=\"es_ES\" \/>\n<meta property=\"og:type\" content=\"article\" \/>\n<meta property=\"og:title\" content=\"Compresor de aire de piston serie R - Inducom Ecuador\" \/>\n<meta property=\"og:description\" content=\"Compresor de aire de piston serie R - Inducom Ecuador vistanos en nuestra secci\u00f3n productos. Compresor de aire de piston serie R\" \/>\n<meta property=\"og:url\" content=\"https:\/\/www.grupo-inducom.com\/ec\/productos\/compresor-de-aire-de-piston-serie-r\/\" \/>\n<meta property=\"og:site_name\" content=\"Inducom Ecuador\" \/>\n<meta property=\"og:image\" content=\"http:\/\/www.grupo-inducom.com\/ec\/wp-content\/uploads\/sites\/2\/2023\/05\/43.png\" \/>\n\t<meta property=\"og:image:width\" content=\"300\" \/>\n\t<meta property=\"og:image:height\" content=\"225\" \/>\n\t<meta property=\"og:image:type\" content=\"image\/png\" \/>\n<meta name=\"twitter:card\" content=\"summary_large_image\" \/>\n<script type=\"application\/ld+json\" class=\"yoast-schema-graph\">{\"@context\":\"https:\\\/\\\/schema.org\",\"@graph\":[{\"@type\":\"WebPage\",\"@id\":\"https:\\\/\\\/www.grupo-inducom.com\\\/ec\\\/productos\\\/compresor-de-aire-de-piston-serie-r\\\/\",\"url\":\"https:\\\/\\\/www.grupo-inducom.com\\\/ec\\\/productos\\\/compresor-de-aire-de-piston-serie-r\\\/\",\"name\":\"Compresor de aire de piston serie R - Inducom Ecuador\",\"isPartOf\":{\"@id\":\"https:\\\/\\\/www.grupo-inducom.com\\\/ec\\\/#website\"},\"primaryImageOfPage\":{\"@id\":\"https:\\\/\\\/www.grupo-inducom.com\\\/ec\\\/productos\\\/compresor-de-aire-de-piston-serie-r\\\/#primaryimage\"},\"image\":{\"@id\":\"https:\\\/\\\/www.grupo-inducom.com\\\/ec\\\/productos\\\/compresor-de-aire-de-piston-serie-r\\\/#primaryimage\"},\"thumbnailUrl\":\"https:\\\/\\\/www.grupo-inducom.com\\\/ec\\\/wp-content\\\/uploads\\\/sites\\\/2\\\/2023\\\/05\\\/43.png\",\"datePublished\":\"2023-05-04T14:09:26+00:00\",\"description\":\"Compresor de aire de piston serie R - Inducom Ecuador vistanos en nuestra secci\u00f3n productos. Compresor de aire de piston serie R\",\"breadcrumb\":{\"@id\":\"https:\\\/\\\/www.grupo-inducom.com\\\/ec\\\/productos\\\/compresor-de-aire-de-piston-serie-r\\\/#breadcrumb\"},\"inLanguage\":\"es\",\"potentialAction\":[{\"@type\":\"ReadAction\",\"target\":[\"https:\\\/\\\/www.grupo-inducom.com\\\/ec\\\/productos\\\/compresor-de-aire-de-piston-serie-r\\\/\"]}]},{\"@type\":\"ImageObject\",\"inLanguage\":\"es\",\"@id\":\"https:\\\/\\\/www.grupo-inducom.com\\\/ec\\\/productos\\\/compresor-de-aire-de-piston-serie-r\\\/#primaryimage\",\"url\":\"https:\\\/\\\/www.grupo-inducom.com\\\/ec\\\/wp-content\\\/uploads\\\/sites\\\/2\\\/2023\\\/05\\\/43.png\",\"contentUrl\":\"https:\\\/\\\/www.grupo-inducom.com\\\/ec\\\/wp-content\\\/uploads\\\/sites\\\/2\\\/2023\\\/05\\\/43.png\",\"width\":300,\"height\":225},{\"@type\":\"BreadcrumbList\",\"@id\":\"https:\\\/\\\/www.grupo-inducom.com\\\/ec\\\/productos\\\/compresor-de-aire-de-piston-serie-r\\\/#breadcrumb\",\"itemListElement\":[{\"@type\":\"ListItem\",\"position\":1,\"name\":\"Portada\",\"item\":\"https:\\\/\\\/www.grupo-inducom.com\\\/ec\\\/\"},{\"@type\":\"ListItem\",\"position\":2,\"name\":\"Tienda\",\"item\":\"https:\\\/\\\/www.grupo-inducom.com\\\/ec\\\/tienda\\\/\"},{\"@type\":\"ListItem\",\"position\":3,\"name\":\"Compresor de aire de piston serie R\"}]},{\"@type\":\"WebSite\",\"@id\":\"https:\\\/\\\/www.grupo-inducom.com\\\/ec\\\/#website\",\"url\":\"https:\\\/\\\/www.grupo-inducom.com\\\/ec\\\/\",\"name\":\"Inducom Ecuador\",\"description\":\"\",\"potentialAction\":[{\"@type\":\"SearchAction\",\"target\":{\"@type\":\"EntryPoint\",\"urlTemplate\":\"https:\\\/\\\/www.grupo-inducom.com\\\/ec\\\/?s={search_term_string}\"},\"query-input\":{\"@type\":\"PropertyValueSpecification\",\"valueRequired\":true,\"valueName\":\"search_term_string\"}}],\"inLanguage\":\"es\"}]}<\/script>\n<!-- \/ Yoast SEO plugin. -->","yoast_head_json":{"title":"Compresor de aire de piston serie R - Inducom Ecuador","description":"Compresor de aire de piston serie R - Inducom Ecuador vistanos en nuestra secci\u00f3n productos. Compresor de aire de piston serie R","robots":{"index":"index","follow":"follow","max-snippet":"max-snippet:-1","max-image-preview":"max-image-preview:large","max-video-preview":"max-video-preview:-1"},"canonical":"https:\/\/www.grupo-inducom.com\/ec\/productos\/compresor-de-aire-de-piston-serie-r\/","og_locale":"es_ES","og_type":"article","og_title":"Compresor de aire de piston serie R - Inducom Ecuador","og_description":"Compresor de aire de piston serie R - Inducom Ecuador vistanos en nuestra secci\u00f3n productos. Compresor de aire de piston serie R","og_url":"https:\/\/www.grupo-inducom.com\/ec\/productos\/compresor-de-aire-de-piston-serie-r\/","og_site_name":"Inducom Ecuador","og_image":[{"width":300,"height":225,"url":"http:\/\/www.grupo-inducom.com\/ec\/wp-content\/uploads\/sites\/2\/2023\/05\/43.png","type":"image\/png"}],"twitter_card":"summary_large_image","schema":{"@context":"https:\/\/schema.org","@graph":[{"@type":"WebPage","@id":"https:\/\/www.grupo-inducom.com\/ec\/productos\/compresor-de-aire-de-piston-serie-r\/","url":"https:\/\/www.grupo-inducom.com\/ec\/productos\/compresor-de-aire-de-piston-serie-r\/","name":"Compresor de aire de piston serie R - Inducom Ecuador","isPartOf":{"@id":"https:\/\/www.grupo-inducom.com\/ec\/#website"},"primaryImageOfPage":{"@id":"https:\/\/www.grupo-inducom.com\/ec\/productos\/compresor-de-aire-de-piston-serie-r\/#primaryimage"},"image":{"@id":"https:\/\/www.grupo-inducom.com\/ec\/productos\/compresor-de-aire-de-piston-serie-r\/#primaryimage"},"thumbnailUrl":"https:\/\/www.grupo-inducom.com\/ec\/wp-content\/uploads\/sites\/2\/2023\/05\/43.png","datePublished":"2023-05-04T14:09:26+00:00","description":"Compresor de aire de piston serie R - Inducom Ecuador vistanos en nuestra secci\u00f3n productos. Compresor de aire de piston serie R","breadcrumb":{"@id":"https:\/\/www.grupo-inducom.com\/ec\/productos\/compresor-de-aire-de-piston-serie-r\/#breadcrumb"},"inLanguage":"es","potentialAction":[{"@type":"ReadAction","target":["https:\/\/www.grupo-inducom.com\/ec\/productos\/compresor-de-aire-de-piston-serie-r\/"]}]},{"@type":"ImageObject","inLanguage":"es","@id":"https:\/\/www.grupo-inducom.com\/ec\/productos\/compresor-de-aire-de-piston-serie-r\/#primaryimage","url":"https:\/\/www.grupo-inducom.com\/ec\/wp-content\/uploads\/sites\/2\/2023\/05\/43.png","contentUrl":"https:\/\/www.grupo-inducom.com\/ec\/wp-content\/uploads\/sites\/2\/2023\/05\/43.png","width":300,"height":225},{"@type":"BreadcrumbList","@id":"https:\/\/www.grupo-inducom.com\/ec\/productos\/compresor-de-aire-de-piston-serie-r\/#breadcrumb","itemListElement":[{"@type":"ListItem","position":1,"name":"Portada","item":"https:\/\/www.grupo-inducom.com\/ec\/"},{"@type":"ListItem","position":2,"name":"Tienda","item":"https:\/\/www.grupo-inducom.com\/ec\/tienda\/"},{"@type":"ListItem","position":3,"name":"Compresor de aire de piston serie R"}]},{"@type":"WebSite","@id":"https:\/\/www.grupo-inducom.com\/ec\/#website","url":"https:\/\/www.grupo-inducom.com\/ec\/","name":"Inducom Ecuador","description":"","potentialAction":[{"@type":"SearchAction","target":{"@type":"EntryPoint","urlTemplate":"https:\/\/www.grupo-inducom.com\/ec\/?s={search_term_string}"},"query-input":{"@type":"PropertyValueSpecification","valueRequired":true,"valueName":"search_term_string"}}],"inLanguage":"es"}]}},"_links":{"self":[{"href":"https:\/\/www.grupo-inducom.com\/ec\/wp-json\/wp\/v2\/product\/812","targetHints":{"allow":["GET"]}}],"collection":[{"href":"https:\/\/www.grupo-inducom.com\/ec\/wp-json\/wp\/v2\/product"}],"about":[{"href":"https:\/\/www.grupo-inducom.com\/ec\/wp-json\/wp\/v2\/types\/product"}],"replies":[{"embeddable":true,"href":"https:\/\/www.grupo-inducom.com\/ec\/wp-json\/wp\/v2\/comments?post=812"}],"wp:featuredmedia":[{"embeddable":true,"href":"https:\/\/www.grupo-inducom.com\/ec\/wp-json\/wp\/v2\/media\/845"}],"wp:attachment":[{"href":"https:\/\/www.grupo-inducom.com\/ec\/wp-json\/wp\/v2\/media?parent=812"}],"wp:term":[{"taxonomy":"product_brand","embeddable":true,"href":"https:\/\/www.grupo-inducom.com\/ec\/wp-json\/wp\/v2\/product_brand?post=812"},{"taxonomy":"product_cat","embeddable":true,"href":"https:\/\/www.grupo-inducom.com\/ec\/wp-json\/wp\/v2\/product_cat?post=812"},{"taxonomy":"product_tag","embeddable":true,"href":"https:\/\/www.grupo-inducom.com\/ec\/wp-json\/wp\/v2\/product_tag?post=812"}],"curies":[{"name":"wp","href":"https:\/\/api.w.org\/{rel}","templated":true}]}}