{"id":811,"date":"2023-05-04T14:09:26","date_gmt":"2023-05-04T14:09:26","guid":{"rendered":"https:\/\/www.grupo-inducom.com\/?post_type=product&#038;p=811"},"modified":"2023-05-04T14:09:26","modified_gmt":"2023-05-04T14:09:26","slug":"colector-de-polvos-y-humos","status":"publish","type":"product","link":"https:\/\/www.grupo-inducom.com\/ec\/productos\/colector-de-polvos-y-humos\/","title":{"rendered":"Colector de polvos y humos"},"content":{"rendered":"<p>Donaldson Torit\u00ae puso d\u00e9cadas de experiencia en la industria a trabajar en la producci\u00f3n de un nuevo colector de polvo que fuera el mejor en su clase, capaz de reducir el tama\u00f1o de los equipos y la cantidad de filtros requeridos hasta en un 40% en comparaci\u00f3n con un colector tipo cartucho t\u00edpico. <span style=\"color: #ffffff\">Colector de polvo<\/span><\/p>\n<p>&nbsp;<\/p>\n<p><b>MANEJO REVOLUCIONARIO DE FLUJO DE AIRE<\/b><\/p>\n<p>Dirige el aire entrante a una zona de ca\u00edda inteligente para reducir la carga del filtro<\/p>\n<p>&nbsp;<\/p>\n<p><b>DISE\u00d1O DE FILTRACI\u00d3N L\u00cdDER EN LA INDUSTRIA<\/b><\/p>\n<p>Posiciona mayor media filtrante en lugares ben\u00e9ficos y asegura una instalaci\u00f3n f\u00e1cil, libre de fugas con la media filtrante Ultra-Web como est\u00e1ndar.<\/p>\n<p>&nbsp;<\/p>\n<p>&nbsp;<\/p>\n<ul>\n<li>Colectores de humo<\/li>\n<li>Colectores de polvo<\/li>\n<li>Qu\u00edmicos, Alimenticios<\/li>\n<\/ul>\n<p>&nbsp;<\/p>\n","protected":false},"excerpt":{"rendered":"<ul>\n<li><strong>Marca: Donaldson<\/strong><\/li>\n<li>Soluci\u00f3n de filtraci\u00f3n industrial polvos qu\u00edmicos y nieblas<\/li>\n<li>Variedad de medias filtrante<\/li>\n<li>Cambio r\u00e1pido de filtro<\/li>\n<li>Desempe\u00f1o de limpieza avanzada<\/li>\n<\/ul>\n","protected":false},"featured_media":844,"comment_status":"closed","ping_status":"closed","template":"","meta":{"_acf_changed":false,"_et_pb_use_builder":"","_et_pb_old_content":"","_et_gb_content_width":"","content-type":""},"product_brand":[],"product_cat":[139],"product_tag":[130],"class_list":{"0":"post-811","1":"product","2":"type-product","3":"status-publish","4":"has-post-thumbnail","6":"product_cat-hidrolavadoras","7":"product_tag-donaldson","9":"first","10":"instock","11":"shipping-taxable","12":"product-type-simple"},"acf":[],"yoast_head":"<!-- This site is optimized with the Yoast SEO plugin v27.4 - https:\/\/yoast.com\/product\/yoast-seo-wordpress\/ -->\n<title>Colector de polvos y humos - Venta de Colectores de polvo - Guayaquil-Ecuador<\/title>\n<meta name=\"description\" content=\"Los colectores de polvos Donaldson permite un manejo revolucionario de flujo de aire dirigiendo el aire entrante a una zona de ca\u00edda inteligente - Guayaquil\" \/>\n<meta name=\"robots\" content=\"index, follow, max-snippet:-1, max-image-preview:large, max-video-preview:-1\" \/>\n<link rel=\"canonical\" href=\"https:\/\/www.grupo-inducom.com\/ec\/productos\/colector-de-polvos-y-humos\/\" \/>\n<meta property=\"og:locale\" content=\"es_ES\" \/>\n<meta property=\"og:type\" content=\"article\" \/>\n<meta property=\"og:title\" content=\"Colector de polvos y humos - Venta de Colectores de polvo - Guayaquil-Ecuador\" \/>\n<meta property=\"og:description\" content=\"Los colectores de polvos Donaldson permite un manejo revolucionario de flujo de aire dirigiendo el aire entrante a una zona de ca\u00edda inteligente - Guayaquil\" \/>\n<meta property=\"og:url\" content=\"https:\/\/www.grupo-inducom.com\/ec\/productos\/colector-de-polvos-y-humos\/\" \/>\n<meta property=\"og:site_name\" content=\"Inducom Ecuador\" \/>\n<meta property=\"og:image\" content=\"https:\/\/www.grupo-inducom.com\/ec\/wp-content\/uploads\/sites\/2\/2023\/05\/42.png\" \/>\n\t<meta property=\"og:image:width\" content=\"300\" \/>\n\t<meta property=\"og:image:height\" content=\"225\" \/>\n\t<meta property=\"og:image:type\" content=\"image\/png\" \/>\n<meta name=\"twitter:card\" content=\"summary_large_image\" \/>\n<meta name=\"twitter:label1\" content=\"Tiempo de lectura\" \/>\n\t<meta name=\"twitter:data1\" content=\"1 minuto\" \/>\n<script type=\"application\/ld+json\" class=\"yoast-schema-graph\">{\"@context\":\"https:\\\/\\\/schema.org\",\"@graph\":[{\"@type\":\"WebPage\",\"@id\":\"https:\\\/\\\/www.grupo-inducom.com\\\/ec\\\/productos\\\/colector-de-polvos-y-humos\\\/\",\"url\":\"https:\\\/\\\/www.grupo-inducom.com\\\/ec\\\/productos\\\/colector-de-polvos-y-humos\\\/\",\"name\":\"Colector de polvos y humos - Venta de Colectores de polvo - Guayaquil-Ecuador\",\"isPartOf\":{\"@id\":\"https:\\\/\\\/www.grupo-inducom.com\\\/ec\\\/#website\"},\"primaryImageOfPage\":{\"@id\":\"https:\\\/\\\/www.grupo-inducom.com\\\/ec\\\/productos\\\/colector-de-polvos-y-humos\\\/#primaryimage\"},\"image\":{\"@id\":\"https:\\\/\\\/www.grupo-inducom.com\\\/ec\\\/productos\\\/colector-de-polvos-y-humos\\\/#primaryimage\"},\"thumbnailUrl\":\"https:\\\/\\\/www.grupo-inducom.com\\\/ec\\\/wp-content\\\/uploads\\\/sites\\\/2\\\/2023\\\/05\\\/42.png\",\"datePublished\":\"2023-05-04T14:09:26+00:00\",\"description\":\"Los colectores de polvos Donaldson permite un manejo revolucionario de flujo de aire dirigiendo el aire entrante a una zona de ca\u00edda inteligente - Guayaquil\",\"breadcrumb\":{\"@id\":\"https:\\\/\\\/www.grupo-inducom.com\\\/ec\\\/productos\\\/colector-de-polvos-y-humos\\\/#breadcrumb\"},\"inLanguage\":\"es\",\"potentialAction\":[{\"@type\":\"ReadAction\",\"target\":[\"https:\\\/\\\/www.grupo-inducom.com\\\/ec\\\/productos\\\/colector-de-polvos-y-humos\\\/\"]}]},{\"@type\":\"ImageObject\",\"inLanguage\":\"es\",\"@id\":\"https:\\\/\\\/www.grupo-inducom.com\\\/ec\\\/productos\\\/colector-de-polvos-y-humos\\\/#primaryimage\",\"url\":\"https:\\\/\\\/www.grupo-inducom.com\\\/ec\\\/wp-content\\\/uploads\\\/sites\\\/2\\\/2023\\\/05\\\/42.png\",\"contentUrl\":\"https:\\\/\\\/www.grupo-inducom.com\\\/ec\\\/wp-content\\\/uploads\\\/sites\\\/2\\\/2023\\\/05\\\/42.png\",\"width\":300,\"height\":225},{\"@type\":\"BreadcrumbList\",\"@id\":\"https:\\\/\\\/www.grupo-inducom.com\\\/ec\\\/productos\\\/colector-de-polvos-y-humos\\\/#breadcrumb\",\"itemListElement\":[{\"@type\":\"ListItem\",\"position\":1,\"name\":\"Portada\",\"item\":\"https:\\\/\\\/www.grupo-inducom.com\\\/ec\\\/\"},{\"@type\":\"ListItem\",\"position\":2,\"name\":\"Tienda\",\"item\":\"https:\\\/\\\/www.grupo-inducom.com\\\/ec\\\/tienda\\\/\"},{\"@type\":\"ListItem\",\"position\":3,\"name\":\"Colector de polvos y humos\"}]},{\"@type\":\"WebSite\",\"@id\":\"https:\\\/\\\/www.grupo-inducom.com\\\/ec\\\/#website\",\"url\":\"https:\\\/\\\/www.grupo-inducom.com\\\/ec\\\/\",\"name\":\"Inducom Ecuador\",\"description\":\"\",\"potentialAction\":[{\"@type\":\"SearchAction\",\"target\":{\"@type\":\"EntryPoint\",\"urlTemplate\":\"https:\\\/\\\/www.grupo-inducom.com\\\/ec\\\/?s={search_term_string}\"},\"query-input\":{\"@type\":\"PropertyValueSpecification\",\"valueRequired\":true,\"valueName\":\"search_term_string\"}}],\"inLanguage\":\"es\"}]}<\/script>\n<!-- \/ Yoast SEO plugin. -->","yoast_head_json":{"title":"Colector de polvos y humos - Venta de Colectores de polvo - Guayaquil-Ecuador","description":"Los colectores de polvos Donaldson permite un manejo revolucionario de flujo de aire dirigiendo el aire entrante a una zona de ca\u00edda inteligente - Guayaquil","robots":{"index":"index","follow":"follow","max-snippet":"max-snippet:-1","max-image-preview":"max-image-preview:large","max-video-preview":"max-video-preview:-1"},"canonical":"https:\/\/www.grupo-inducom.com\/ec\/productos\/colector-de-polvos-y-humos\/","og_locale":"es_ES","og_type":"article","og_title":"Colector de polvos y humos - Venta de Colectores de polvo - Guayaquil-Ecuador","og_description":"Los colectores de polvos Donaldson permite un manejo revolucionario de flujo de aire dirigiendo el aire entrante a una zona de ca\u00edda inteligente - Guayaquil","og_url":"https:\/\/www.grupo-inducom.com\/ec\/productos\/colector-de-polvos-y-humos\/","og_site_name":"Inducom Ecuador","og_image":[{"width":300,"height":225,"url":"https:\/\/www.grupo-inducom.com\/ec\/wp-content\/uploads\/sites\/2\/2023\/05\/42.png","type":"image\/png"}],"twitter_card":"summary_large_image","twitter_misc":{"Tiempo de lectura":"1 minuto"},"schema":{"@context":"https:\/\/schema.org","@graph":[{"@type":"WebPage","@id":"https:\/\/www.grupo-inducom.com\/ec\/productos\/colector-de-polvos-y-humos\/","url":"https:\/\/www.grupo-inducom.com\/ec\/productos\/colector-de-polvos-y-humos\/","name":"Colector de polvos y humos - Venta de Colectores de polvo - Guayaquil-Ecuador","isPartOf":{"@id":"https:\/\/www.grupo-inducom.com\/ec\/#website"},"primaryImageOfPage":{"@id":"https:\/\/www.grupo-inducom.com\/ec\/productos\/colector-de-polvos-y-humos\/#primaryimage"},"image":{"@id":"https:\/\/www.grupo-inducom.com\/ec\/productos\/colector-de-polvos-y-humos\/#primaryimage"},"thumbnailUrl":"https:\/\/www.grupo-inducom.com\/ec\/wp-content\/uploads\/sites\/2\/2023\/05\/42.png","datePublished":"2023-05-04T14:09:26+00:00","description":"Los colectores de polvos Donaldson permite un manejo revolucionario de flujo de aire dirigiendo el aire entrante a una zona de ca\u00edda inteligente - Guayaquil","breadcrumb":{"@id":"https:\/\/www.grupo-inducom.com\/ec\/productos\/colector-de-polvos-y-humos\/#breadcrumb"},"inLanguage":"es","potentialAction":[{"@type":"ReadAction","target":["https:\/\/www.grupo-inducom.com\/ec\/productos\/colector-de-polvos-y-humos\/"]}]},{"@type":"ImageObject","inLanguage":"es","@id":"https:\/\/www.grupo-inducom.com\/ec\/productos\/colector-de-polvos-y-humos\/#primaryimage","url":"https:\/\/www.grupo-inducom.com\/ec\/wp-content\/uploads\/sites\/2\/2023\/05\/42.png","contentUrl":"https:\/\/www.grupo-inducom.com\/ec\/wp-content\/uploads\/sites\/2\/2023\/05\/42.png","width":300,"height":225},{"@type":"BreadcrumbList","@id":"https:\/\/www.grupo-inducom.com\/ec\/productos\/colector-de-polvos-y-humos\/#breadcrumb","itemListElement":[{"@type":"ListItem","position":1,"name":"Portada","item":"https:\/\/www.grupo-inducom.com\/ec\/"},{"@type":"ListItem","position":2,"name":"Tienda","item":"https:\/\/www.grupo-inducom.com\/ec\/tienda\/"},{"@type":"ListItem","position":3,"name":"Colector de polvos y humos"}]},{"@type":"WebSite","@id":"https:\/\/www.grupo-inducom.com\/ec\/#website","url":"https:\/\/www.grupo-inducom.com\/ec\/","name":"Inducom Ecuador","description":"","potentialAction":[{"@type":"SearchAction","target":{"@type":"EntryPoint","urlTemplate":"https:\/\/www.grupo-inducom.com\/ec\/?s={search_term_string}"},"query-input":{"@type":"PropertyValueSpecification","valueRequired":true,"valueName":"search_term_string"}}],"inLanguage":"es"}]}},"_links":{"self":[{"href":"https:\/\/www.grupo-inducom.com\/ec\/wp-json\/wp\/v2\/product\/811","targetHints":{"allow":["GET"]}}],"collection":[{"href":"https:\/\/www.grupo-inducom.com\/ec\/wp-json\/wp\/v2\/product"}],"about":[{"href":"https:\/\/www.grupo-inducom.com\/ec\/wp-json\/wp\/v2\/types\/product"}],"replies":[{"embeddable":true,"href":"https:\/\/www.grupo-inducom.com\/ec\/wp-json\/wp\/v2\/comments?post=811"}],"wp:featuredmedia":[{"embeddable":true,"href":"https:\/\/www.grupo-inducom.com\/ec\/wp-json\/wp\/v2\/media\/844"}],"wp:attachment":[{"href":"https:\/\/www.grupo-inducom.com\/ec\/wp-json\/wp\/v2\/media?parent=811"}],"wp:term":[{"taxonomy":"product_brand","embeddable":true,"href":"https:\/\/www.grupo-inducom.com\/ec\/wp-json\/wp\/v2\/product_brand?post=811"},{"taxonomy":"product_cat","embeddable":true,"href":"https:\/\/www.grupo-inducom.com\/ec\/wp-json\/wp\/v2\/product_cat?post=811"},{"taxonomy":"product_tag","embeddable":true,"href":"https:\/\/www.grupo-inducom.com\/ec\/wp-json\/wp\/v2\/product_tag?post=811"}],"curies":[{"name":"wp","href":"https:\/\/api.w.org\/{rel}","templated":true}]}}