{"id":803,"date":"2023-05-04T14:09:25","date_gmt":"2023-05-04T19:09:25","guid":{"rendered":"https:\/\/www.grupo-inducom.com\/?post_type=product&#038;p=803"},"modified":"2023-06-05T12:58:46","modified_gmt":"2023-06-05T17:58:46","slug":"bomba-para-aguas-residuales","status":"publish","type":"product","link":"https:\/\/www.grupo-inducom.com\/ec\/productos\/bomba-para-aguas-residuales\/","title":{"rendered":"Bomba para aguas residuales"},"content":{"rendered":"<p class=\"x_MsoNormal\">Abastecimiento de agua o drenaje en agricultura, acuicultura y drenaje general.<\/p>\n<p class=\"x_MsoNormal\"><b>CARACTER\u00cdSTICAS<\/b><\/p>\n<p class=\"x_MsoNormal\">El dise\u00f1o de descarga superior garantiza que el motor se enfr\u00ede lo suficiente mientras est\u00e1 en funcionamiento.<\/p>\n<p class=\"x_MsoNormal\">Equipado con un impulsor de bronce para el bombeo de agua de mar.<\/p>\n<p class=\"x_MsoNormal\">Se utiliza para transferir agua libre de s\u00f3lidos.<\/p>\n<p class=\"x_MsoNormal\">La gama incluye 1.1kW hasta e incluyendo bombas de 3.7kW. Est\u00e1n disponibles en monof\u00e1sico de 240 voltios y trif\u00e1sico de 400 y 550 voltios.<\/p>\n<p class=\"x_MsoNormal\">Las bombas cuentan con un doble; sello mec\u00e1nico de espalda con espalda (interior = carbono frente a cer\u00e1mica, exterior = carburo de silicona frente a carburo de silicona) El sello se encuentra en la carcasa del aceite y funciona independientemente del producto bombeado. Por lo tanto, no depende del producto para enfriamiento o lubricaci\u00f3n.<\/p>\n<p class=\"x_MsoNormal\">Todas las bombas HCP est\u00e1n equipadas con un dispositivo t\u00e9rmico de protecci\u00f3n autom\u00e1tica de motor. El protector de corte autom\u00e1tico es un interruptor t\u00e9rmico mec\u00e1nico que corta la alimentaci\u00f3n el\u00e9ctrica del motor el\u00e9ctrico en caso de una sobrecarga de energ\u00eda, un rotor de bloqueo, una falla de fase y una sobrecarga. El interruptor reinicia autom\u00e1ticamente el motor una vez que la temperatura en el interior del motor desciende a 60-70 \u00b0 C<\/p>\n<p class=\"x_MsoNormal\">El impulsor de bronce y la construcci\u00f3n de acero inoxidable hacen que estas bombas sean adecuadas para aplicaciones de bombeo de agua de mar.<\/p>\n","protected":false},"excerpt":{"rendered":"<ul>\n<li>Marca: HCP<\/li>\n<li>Rango de Potencia\u00a0 3.7 \/ 5 HP<\/li>\n<li>Aplicaciones Aguas residuales<\/li>\n<li>Motor 4 polos<\/li>\n<li>Tama\u00f1o de S\u00f3lidos Recomendado 3&#8243;<\/li>\n<li>Altura M\u00e1xima de Caudal\u00a0 75 pies<\/li>\n<li>Flujo M\u00e1ximo\u00a0 500 GPM<\/li>\n<\/ul>\n","protected":false},"featured_media":835,"comment_status":"closed","ping_status":"closed","template":"","meta":{"_acf_changed":false,"_et_pb_use_builder":"","_et_pb_old_content":"","_et_gb_content_width":"","content-type":""},"product_brand":[],"product_cat":[103],"product_tag":[109,119,127,131,215],"class_list":{"0":"post-803","1":"product","2":"type-product","3":"status-publish","4":"has-post-thumbnail","6":"product_cat-bombas-centrifugas","7":"product_tag-bombas-para-aguas-residuales","8":"product_tag-bombas-sumergibles","9":"product_tag-corvex-pumps","10":"product_tag-ebara","11":"product_tag-tsurumi-pumps","13":"first","14":"instock","15":"shipping-taxable","16":"product-type-simple"},"acf":[],"yoast_head":"<!-- This site is optimized with the Yoast SEO plugin v27.4 - https:\/\/yoast.com\/product\/yoast-seo-wordpress\/ -->\n<title>Bomba para aguas residuales - Venta en Bomba de aguas Sumergibles<\/title>\n<meta name=\"description\" content=\"La bomba de aguas sumergibles tiene un dise\u00f1o de descarga superior garantiza que el motor se enfr\u00ede lo suficiente mientras est\u00e1 en funcionamiento.\" \/>\n<meta name=\"robots\" content=\"index, follow, max-snippet:-1, max-image-preview:large, max-video-preview:-1\" \/>\n<link rel=\"canonical\" href=\"https:\/\/www.grupo-inducom.com\/ec\/productos\/bomba-para-aguas-residuales\/\" \/>\n<meta property=\"og:locale\" content=\"es_ES\" \/>\n<meta property=\"og:type\" content=\"article\" \/>\n<meta property=\"og:title\" content=\"Bomba para aguas residuales - Venta en Bomba de aguas Sumergibles\" \/>\n<meta property=\"og:description\" content=\"La bomba de aguas sumergibles tiene un dise\u00f1o de descarga superior garantiza que el motor se enfr\u00ede lo suficiente mientras est\u00e1 en funcionamiento.\" \/>\n<meta property=\"og:url\" content=\"https:\/\/www.grupo-inducom.com\/ec\/productos\/bomba-para-aguas-residuales\/\" \/>\n<meta property=\"og:site_name\" content=\"Inducom Ecuador\" \/>\n<meta property=\"article:modified_time\" content=\"2023-06-05T17:58:46+00:00\" \/>\n<meta property=\"og:image\" content=\"http:\/\/www.grupo-inducom.com\/ec\/wp-content\/uploads\/sites\/2\/2023\/05\/18-2.png\" \/>\n\t<meta property=\"og:image:width\" content=\"300\" \/>\n\t<meta property=\"og:image:height\" content=\"225\" \/>\n\t<meta property=\"og:image:type\" content=\"image\/png\" \/>\n<meta name=\"twitter:card\" content=\"summary_large_image\" \/>\n<meta name=\"twitter:label1\" content=\"Tiempo de lectura\" \/>\n\t<meta name=\"twitter:data1\" content=\"1 minuto\" \/>\n<script type=\"application\/ld+json\" class=\"yoast-schema-graph\">{\"@context\":\"https:\\\/\\\/schema.org\",\"@graph\":[{\"@type\":\"WebPage\",\"@id\":\"https:\\\/\\\/www.grupo-inducom.com\\\/ec\\\/productos\\\/bomba-para-aguas-residuales\\\/\",\"url\":\"https:\\\/\\\/www.grupo-inducom.com\\\/ec\\\/productos\\\/bomba-para-aguas-residuales\\\/\",\"name\":\"Bomba para aguas residuales - Venta en Bomba de aguas Sumergibles\",\"isPartOf\":{\"@id\":\"https:\\\/\\\/www.grupo-inducom.com\\\/ec\\\/#website\"},\"primaryImageOfPage\":{\"@id\":\"https:\\\/\\\/www.grupo-inducom.com\\\/ec\\\/productos\\\/bomba-para-aguas-residuales\\\/#primaryimage\"},\"image\":{\"@id\":\"https:\\\/\\\/www.grupo-inducom.com\\\/ec\\\/productos\\\/bomba-para-aguas-residuales\\\/#primaryimage\"},\"thumbnailUrl\":\"https:\\\/\\\/www.grupo-inducom.com\\\/ec\\\/wp-content\\\/uploads\\\/sites\\\/2\\\/2023\\\/05\\\/18-2.png\",\"datePublished\":\"2023-05-04T19:09:25+00:00\",\"dateModified\":\"2023-06-05T17:58:46+00:00\",\"description\":\"La bomba de aguas sumergibles tiene un dise\u00f1o de descarga superior garantiza que el motor se enfr\u00ede lo suficiente mientras est\u00e1 en funcionamiento.\",\"breadcrumb\":{\"@id\":\"https:\\\/\\\/www.grupo-inducom.com\\\/ec\\\/productos\\\/bomba-para-aguas-residuales\\\/#breadcrumb\"},\"inLanguage\":\"es\",\"potentialAction\":[{\"@type\":\"ReadAction\",\"target\":[\"https:\\\/\\\/www.grupo-inducom.com\\\/ec\\\/productos\\\/bomba-para-aguas-residuales\\\/\"]}]},{\"@type\":\"ImageObject\",\"inLanguage\":\"es\",\"@id\":\"https:\\\/\\\/www.grupo-inducom.com\\\/ec\\\/productos\\\/bomba-para-aguas-residuales\\\/#primaryimage\",\"url\":\"https:\\\/\\\/www.grupo-inducom.com\\\/ec\\\/wp-content\\\/uploads\\\/sites\\\/2\\\/2023\\\/05\\\/18-2.png\",\"contentUrl\":\"https:\\\/\\\/www.grupo-inducom.com\\\/ec\\\/wp-content\\\/uploads\\\/sites\\\/2\\\/2023\\\/05\\\/18-2.png\",\"width\":300,\"height\":225},{\"@type\":\"BreadcrumbList\",\"@id\":\"https:\\\/\\\/www.grupo-inducom.com\\\/ec\\\/productos\\\/bomba-para-aguas-residuales\\\/#breadcrumb\",\"itemListElement\":[{\"@type\":\"ListItem\",\"position\":1,\"name\":\"Portada\",\"item\":\"https:\\\/\\\/www.grupo-inducom.com\\\/ec\\\/\"},{\"@type\":\"ListItem\",\"position\":2,\"name\":\"Tienda\",\"item\":\"https:\\\/\\\/www.grupo-inducom.com\\\/ec\\\/tienda\\\/\"},{\"@type\":\"ListItem\",\"position\":3,\"name\":\"Bomba para aguas residuales\"}]},{\"@type\":\"WebSite\",\"@id\":\"https:\\\/\\\/www.grupo-inducom.com\\\/ec\\\/#website\",\"url\":\"https:\\\/\\\/www.grupo-inducom.com\\\/ec\\\/\",\"name\":\"Inducom Ecuador\",\"description\":\"\",\"potentialAction\":[{\"@type\":\"SearchAction\",\"target\":{\"@type\":\"EntryPoint\",\"urlTemplate\":\"https:\\\/\\\/www.grupo-inducom.com\\\/ec\\\/?s={search_term_string}\"},\"query-input\":{\"@type\":\"PropertyValueSpecification\",\"valueRequired\":true,\"valueName\":\"search_term_string\"}}],\"inLanguage\":\"es\"}]}<\/script>\n<!-- \/ Yoast SEO plugin. -->","yoast_head_json":{"title":"Bomba para aguas residuales - Venta en Bomba de aguas Sumergibles","description":"La bomba de aguas sumergibles tiene un dise\u00f1o de descarga superior garantiza que el motor se enfr\u00ede lo suficiente mientras est\u00e1 en funcionamiento.","robots":{"index":"index","follow":"follow","max-snippet":"max-snippet:-1","max-image-preview":"max-image-preview:large","max-video-preview":"max-video-preview:-1"},"canonical":"https:\/\/www.grupo-inducom.com\/ec\/productos\/bomba-para-aguas-residuales\/","og_locale":"es_ES","og_type":"article","og_title":"Bomba para aguas residuales - Venta en Bomba de aguas Sumergibles","og_description":"La bomba de aguas sumergibles tiene un dise\u00f1o de descarga superior garantiza que el motor se enfr\u00ede lo suficiente mientras est\u00e1 en funcionamiento.","og_url":"https:\/\/www.grupo-inducom.com\/ec\/productos\/bomba-para-aguas-residuales\/","og_site_name":"Inducom Ecuador","article_modified_time":"2023-06-05T17:58:46+00:00","og_image":[{"width":300,"height":225,"url":"http:\/\/www.grupo-inducom.com\/ec\/wp-content\/uploads\/sites\/2\/2023\/05\/18-2.png","type":"image\/png"}],"twitter_card":"summary_large_image","twitter_misc":{"Tiempo de lectura":"1 minuto"},"schema":{"@context":"https:\/\/schema.org","@graph":[{"@type":"WebPage","@id":"https:\/\/www.grupo-inducom.com\/ec\/productos\/bomba-para-aguas-residuales\/","url":"https:\/\/www.grupo-inducom.com\/ec\/productos\/bomba-para-aguas-residuales\/","name":"Bomba para aguas residuales - Venta en Bomba de aguas Sumergibles","isPartOf":{"@id":"https:\/\/www.grupo-inducom.com\/ec\/#website"},"primaryImageOfPage":{"@id":"https:\/\/www.grupo-inducom.com\/ec\/productos\/bomba-para-aguas-residuales\/#primaryimage"},"image":{"@id":"https:\/\/www.grupo-inducom.com\/ec\/productos\/bomba-para-aguas-residuales\/#primaryimage"},"thumbnailUrl":"https:\/\/www.grupo-inducom.com\/ec\/wp-content\/uploads\/sites\/2\/2023\/05\/18-2.png","datePublished":"2023-05-04T19:09:25+00:00","dateModified":"2023-06-05T17:58:46+00:00","description":"La bomba de aguas sumergibles tiene un dise\u00f1o de descarga superior garantiza que el motor se enfr\u00ede lo suficiente mientras est\u00e1 en funcionamiento.","breadcrumb":{"@id":"https:\/\/www.grupo-inducom.com\/ec\/productos\/bomba-para-aguas-residuales\/#breadcrumb"},"inLanguage":"es","potentialAction":[{"@type":"ReadAction","target":["https:\/\/www.grupo-inducom.com\/ec\/productos\/bomba-para-aguas-residuales\/"]}]},{"@type":"ImageObject","inLanguage":"es","@id":"https:\/\/www.grupo-inducom.com\/ec\/productos\/bomba-para-aguas-residuales\/#primaryimage","url":"https:\/\/www.grupo-inducom.com\/ec\/wp-content\/uploads\/sites\/2\/2023\/05\/18-2.png","contentUrl":"https:\/\/www.grupo-inducom.com\/ec\/wp-content\/uploads\/sites\/2\/2023\/05\/18-2.png","width":300,"height":225},{"@type":"BreadcrumbList","@id":"https:\/\/www.grupo-inducom.com\/ec\/productos\/bomba-para-aguas-residuales\/#breadcrumb","itemListElement":[{"@type":"ListItem","position":1,"name":"Portada","item":"https:\/\/www.grupo-inducom.com\/ec\/"},{"@type":"ListItem","position":2,"name":"Tienda","item":"https:\/\/www.grupo-inducom.com\/ec\/tienda\/"},{"@type":"ListItem","position":3,"name":"Bomba para aguas residuales"}]},{"@type":"WebSite","@id":"https:\/\/www.grupo-inducom.com\/ec\/#website","url":"https:\/\/www.grupo-inducom.com\/ec\/","name":"Inducom Ecuador","description":"","potentialAction":[{"@type":"SearchAction","target":{"@type":"EntryPoint","urlTemplate":"https:\/\/www.grupo-inducom.com\/ec\/?s={search_term_string}"},"query-input":{"@type":"PropertyValueSpecification","valueRequired":true,"valueName":"search_term_string"}}],"inLanguage":"es"}]}},"_links":{"self":[{"href":"https:\/\/www.grupo-inducom.com\/ec\/wp-json\/wp\/v2\/product\/803","targetHints":{"allow":["GET"]}}],"collection":[{"href":"https:\/\/www.grupo-inducom.com\/ec\/wp-json\/wp\/v2\/product"}],"about":[{"href":"https:\/\/www.grupo-inducom.com\/ec\/wp-json\/wp\/v2\/types\/product"}],"replies":[{"embeddable":true,"href":"https:\/\/www.grupo-inducom.com\/ec\/wp-json\/wp\/v2\/comments?post=803"}],"wp:featuredmedia":[{"embeddable":true,"href":"https:\/\/www.grupo-inducom.com\/ec\/wp-json\/wp\/v2\/media\/835"}],"wp:attachment":[{"href":"https:\/\/www.grupo-inducom.com\/ec\/wp-json\/wp\/v2\/media?parent=803"}],"wp:term":[{"taxonomy":"product_brand","embeddable":true,"href":"https:\/\/www.grupo-inducom.com\/ec\/wp-json\/wp\/v2\/product_brand?post=803"},{"taxonomy":"product_cat","embeddable":true,"href":"https:\/\/www.grupo-inducom.com\/ec\/wp-json\/wp\/v2\/product_cat?post=803"},{"taxonomy":"product_tag","embeddable":true,"href":"https:\/\/www.grupo-inducom.com\/ec\/wp-json\/wp\/v2\/product_tag?post=803"}],"curies":[{"name":"wp","href":"https:\/\/api.w.org\/{rel}","templated":true}]}}