{"id":801,"date":"2023-05-04T14:09:25","date_gmt":"2023-05-04T19:09:25","guid":{"rendered":"https:\/\/www.grupo-inducom.com\/?post_type=product&#038;p=801"},"modified":"2023-06-05T12:38:18","modified_gmt":"2023-06-05T17:38:18","slug":"bomba-centrifuga-tipo-turbi-plus","status":"publish","type":"product","link":"https:\/\/www.grupo-inducom.com\/ec\/productos\/bomba-centrifuga-tipo-turbi-plus\/","title":{"rendered":"Bomba centr\u00edfuga tipo Turbi Plus"},"content":{"rendered":"<p>Bomba Turbi Hidromac Aplicaci\u00f3n<\/p>\n<p>Estas bombas est\u00e1n dise\u00f1adas para aquellos sistemas donde se requieren condiciones de carga altas y flujos bajos, como son por ejemplo, los sistemas de alimentaci\u00f3n de calderas, que requieren presiones altas para poder obtener flujos menores de agua y alimentar caldera s presurizadas.<\/p>\n<p>Estas bombas manejan l\u00edquidos por encima del 20% en contenido de gases y vapores. Son ideales para bombear l\u00edquidos calientes, l\u00edquidos en estado gaseoso, l\u00edquidos con presi\u00f3n de vapor baja y l\u00edquidos vol\u00e1tiles. Estas aseguran un flujo constante cuando sea necesario. Los alabes en la periferia del impulsor mantienen la misma cantidad de flujo a trav\u00e9s de su recorrido en la carcasa, produciendo grandes cambios en la presi\u00f3n.<\/p>\n<p>Sus caracter\u00edsticas de flujo constante la hacen una bomba ideal para sistema de enfriamiento, donde es de vital importancia que el flujo suficiente sea continuo, para disipar el calor que se genera por los cambios de presi\u00f3n.<\/p>\n<p>La curva E4T, mostrada tiene un cambio de presi\u00f3n de 100 pies, mientras que el flujo varia \u00fanicamente 2 G.P.M. Para un rango de variaci\u00f3n en la presi\u00f3n se mantiene un flujo casi constante y esto hace que todo el sistema sea confiable. Esta l\u00ednea de bombas tiene las eficiencias m\u00e1s altas para bajos flujos y una cobertura de presi\u00f3n m\u00e1s grande.<\/p>\n<p>Estas bombas manejan capacidades hasta de 150 G.P.M. y producen hasta 950 pies de carga din\u00e1mica total, mientras que la carcasa soporta mec\u00e1nicamente hasta 300 psi.<\/p>\n<p><strong><span style=\"font-style: inherit;font-weight: inherit\">Fabricaci\u00f3n\u00a0<\/span><\/strong><strong><span style=\"font-style: inherit;font-weight: inherit\">Est\u00e1ndar <\/span><\/strong><\/p>\n<p><strong><span style=\"font-style: inherit;font-weight: inherit\">\u00b7<\/span><\/strong> &#8211;\u00a0Construcci\u00f3n en bronce<\/p>\n<p>\u00b7 &#8211; Impulsor balanceado hidraulicamente<\/p>\n<p>\u00b7 &#8211; Funcionamiento en varios sentidos.<\/p>\n<p>\u00b7 &#8211; Rodamientos reengrasables.<\/p>\n<p>\u00b7 &#8211; M\u00ednima distancia entre rolineras.<\/p>\n<p>\u00b7 &#8211; Sellos mec\u00e1nicos para larga vida.<\/p>\n<p>\u00b7 &#8211; Eje en acero inoxidable 416.<\/p>\n<p>\u00b7 &#8211; Anillos de presi\u00f3n intercambiables<\/p>\n","protected":false},"excerpt":{"rendered":"<ul>\n<li>Marca: Hidromac<\/li>\n<li>Dise\u00f1adas para condiciones de cargas altas.<\/li>\n<li>Manejan l\u00edquidos por encima del 20% en contenido de gases y vapores<\/li>\n<li>Ideales par bombear l\u00edquidos calientes, l\u00edquidos con presi\u00f3n de vapor baja y l\u00edquidos vol\u00e1tiles<\/li>\n<\/ul>\n","protected":false},"featured_media":833,"comment_status":"closed","ping_status":"closed","template":"","meta":{"_acf_changed":false,"_et_pb_use_builder":"","_et_pb_old_content":"","_et_gb_content_width":"","content-type":""},"product_brand":[],"product_cat":[103],"product_tag":[99,100,142,220],"class_list":{"0":"post-801","1":"product","2":"type-product","3":"status-publish","4":"has-post-thumbnail","6":"product_cat-bombas-centrifugas","7":"product_tag-bomba-tipo-turbina","8":"product_tag-bomba-turbina-horizontal","9":"product_tag-hidromac","10":"product_tag-pumpetravaini","12":"first","13":"instock","14":"shipping-taxable","15":"product-type-simple"},"acf":[],"yoast_head":"<!-- This site is optimized with the Yoast SEO plugin v27.2 - https:\/\/yoast.com\/product\/yoast-seo-wordpress\/ -->\n<title>Bomba centr\u00edfuga tipo Turbi Plus - Venta de Bomba Turbi Hidromac en Ecuador<\/title>\n<meta name=\"description\" content=\"Bomba Turbi Hidromac aseguran un flujo constante cuando sea necesario. Los alabes en la periferia del impulsor mantienen la misma cantidad de flujo.\" \/>\n<meta name=\"robots\" content=\"index, follow, max-snippet:-1, max-image-preview:large, max-video-preview:-1\" \/>\n<link rel=\"canonical\" href=\"https:\/\/www.grupo-inducom.com\/ec\/productos\/bomba-centrifuga-tipo-turbi-plus\/\" \/>\n<meta property=\"og:locale\" content=\"es_ES\" \/>\n<meta property=\"og:type\" content=\"article\" \/>\n<meta property=\"og:title\" content=\"Bomba centr\u00edfuga tipo Turbi Plus - Venta de Bomba Turbi Hidromac en Ecuador\" \/>\n<meta property=\"og:description\" content=\"Bomba Turbi Hidromac aseguran un flujo constante cuando sea necesario. Los alabes en la periferia del impulsor mantienen la misma cantidad de flujo.\" \/>\n<meta property=\"og:url\" content=\"https:\/\/www.grupo-inducom.com\/ec\/productos\/bomba-centrifuga-tipo-turbi-plus\/\" \/>\n<meta property=\"og:site_name\" content=\"Inducom Ecuador\" \/>\n<meta property=\"article:modified_time\" content=\"2023-06-05T17:38:18+00:00\" \/>\n<meta property=\"og:image\" content=\"http:\/\/www.grupo-inducom.com\/ec\/wp-content\/uploads\/sites\/2\/2023\/05\/IMG-20220517-WA0019_1_.webp\" \/>\n\t<meta property=\"og:image:width\" content=\"300\" \/>\n\t<meta property=\"og:image:height\" content=\"225\" \/>\n\t<meta property=\"og:image:type\" content=\"image\/webp\" \/>\n<meta name=\"twitter:card\" content=\"summary_large_image\" \/>\n<meta name=\"twitter:label1\" content=\"Tiempo de lectura\" \/>\n\t<meta name=\"twitter:data1\" content=\"2 minutos\" \/>\n<script type=\"application\/ld+json\" class=\"yoast-schema-graph\">{\"@context\":\"https:\/\/schema.org\",\"@graph\":[{\"@type\":\"WebPage\",\"@id\":\"https:\/\/www.grupo-inducom.com\/ec\/productos\/bomba-centrifuga-tipo-turbi-plus\/\",\"url\":\"https:\/\/www.grupo-inducom.com\/ec\/productos\/bomba-centrifuga-tipo-turbi-plus\/\",\"name\":\"Bomba centr\u00edfuga tipo Turbi Plus - Venta de Bomba Turbi Hidromac en Ecuador\",\"isPartOf\":{\"@id\":\"https:\/\/www.grupo-inducom.com\/ec\/#website\"},\"primaryImageOfPage\":{\"@id\":\"https:\/\/www.grupo-inducom.com\/ec\/productos\/bomba-centrifuga-tipo-turbi-plus\/#primaryimage\"},\"image\":{\"@id\":\"https:\/\/www.grupo-inducom.com\/ec\/productos\/bomba-centrifuga-tipo-turbi-plus\/#primaryimage\"},\"thumbnailUrl\":\"https:\/\/www.grupo-inducom.com\/ec\/wp-content\/uploads\/sites\/2\/2023\/05\/IMG-20220517-WA0019_1_.webp\",\"datePublished\":\"2023-05-04T19:09:25+00:00\",\"dateModified\":\"2023-06-05T17:38:18+00:00\",\"description\":\"Bomba Turbi Hidromac aseguran un flujo constante cuando sea necesario. Los alabes en la periferia del impulsor mantienen la misma cantidad de flujo.\",\"breadcrumb\":{\"@id\":\"https:\/\/www.grupo-inducom.com\/ec\/productos\/bomba-centrifuga-tipo-turbi-plus\/#breadcrumb\"},\"inLanguage\":\"es\",\"potentialAction\":[{\"@type\":\"ReadAction\",\"target\":[\"https:\/\/www.grupo-inducom.com\/ec\/productos\/bomba-centrifuga-tipo-turbi-plus\/\"]}]},{\"@type\":\"ImageObject\",\"inLanguage\":\"es\",\"@id\":\"https:\/\/www.grupo-inducom.com\/ec\/productos\/bomba-centrifuga-tipo-turbi-plus\/#primaryimage\",\"url\":\"https:\/\/www.grupo-inducom.com\/ec\/wp-content\/uploads\/sites\/2\/2023\/05\/IMG-20220517-WA0019_1_.webp\",\"contentUrl\":\"https:\/\/www.grupo-inducom.com\/ec\/wp-content\/uploads\/sites\/2\/2023\/05\/IMG-20220517-WA0019_1_.webp\",\"width\":300,\"height\":225},{\"@type\":\"BreadcrumbList\",\"@id\":\"https:\/\/www.grupo-inducom.com\/ec\/productos\/bomba-centrifuga-tipo-turbi-plus\/#breadcrumb\",\"itemListElement\":[{\"@type\":\"ListItem\",\"position\":1,\"name\":\"Portada\",\"item\":\"https:\/\/www.grupo-inducom.com\/ec\/\"},{\"@type\":\"ListItem\",\"position\":2,\"name\":\"Tienda\",\"item\":\"https:\/\/www.grupo-inducom.com\/ec\/tienda\/\"},{\"@type\":\"ListItem\",\"position\":3,\"name\":\"Bomba centr\u00edfuga tipo Turbi Plus\"}]},{\"@type\":\"WebSite\",\"@id\":\"https:\/\/www.grupo-inducom.com\/ec\/#website\",\"url\":\"https:\/\/www.grupo-inducom.com\/ec\/\",\"name\":\"Inducom Ecuador\",\"description\":\"\",\"potentialAction\":[{\"@type\":\"SearchAction\",\"target\":{\"@type\":\"EntryPoint\",\"urlTemplate\":\"https:\/\/www.grupo-inducom.com\/ec\/?s={search_term_string}\"},\"query-input\":{\"@type\":\"PropertyValueSpecification\",\"valueRequired\":true,\"valueName\":\"search_term_string\"}}],\"inLanguage\":\"es\"}]}<\/script>\n<!-- \/ Yoast SEO plugin. -->","yoast_head_json":{"title":"Bomba centr\u00edfuga tipo Turbi Plus - Venta de Bomba Turbi Hidromac en Ecuador","description":"Bomba Turbi Hidromac aseguran un flujo constante cuando sea necesario. Los alabes en la periferia del impulsor mantienen la misma cantidad de flujo.","robots":{"index":"index","follow":"follow","max-snippet":"max-snippet:-1","max-image-preview":"max-image-preview:large","max-video-preview":"max-video-preview:-1"},"canonical":"https:\/\/www.grupo-inducom.com\/ec\/productos\/bomba-centrifuga-tipo-turbi-plus\/","og_locale":"es_ES","og_type":"article","og_title":"Bomba centr\u00edfuga tipo Turbi Plus - Venta de Bomba Turbi Hidromac en Ecuador","og_description":"Bomba Turbi Hidromac aseguran un flujo constante cuando sea necesario. Los alabes en la periferia del impulsor mantienen la misma cantidad de flujo.","og_url":"https:\/\/www.grupo-inducom.com\/ec\/productos\/bomba-centrifuga-tipo-turbi-plus\/","og_site_name":"Inducom Ecuador","article_modified_time":"2023-06-05T17:38:18+00:00","og_image":[{"width":300,"height":225,"url":"http:\/\/www.grupo-inducom.com\/ec\/wp-content\/uploads\/sites\/2\/2023\/05\/IMG-20220517-WA0019_1_.webp","type":"image\/webp"}],"twitter_card":"summary_large_image","twitter_misc":{"Tiempo de lectura":"2 minutos"},"schema":{"@context":"https:\/\/schema.org","@graph":[{"@type":"WebPage","@id":"https:\/\/www.grupo-inducom.com\/ec\/productos\/bomba-centrifuga-tipo-turbi-plus\/","url":"https:\/\/www.grupo-inducom.com\/ec\/productos\/bomba-centrifuga-tipo-turbi-plus\/","name":"Bomba centr\u00edfuga tipo Turbi Plus - Venta de Bomba Turbi Hidromac en Ecuador","isPartOf":{"@id":"https:\/\/www.grupo-inducom.com\/ec\/#website"},"primaryImageOfPage":{"@id":"https:\/\/www.grupo-inducom.com\/ec\/productos\/bomba-centrifuga-tipo-turbi-plus\/#primaryimage"},"image":{"@id":"https:\/\/www.grupo-inducom.com\/ec\/productos\/bomba-centrifuga-tipo-turbi-plus\/#primaryimage"},"thumbnailUrl":"https:\/\/www.grupo-inducom.com\/ec\/wp-content\/uploads\/sites\/2\/2023\/05\/IMG-20220517-WA0019_1_.webp","datePublished":"2023-05-04T19:09:25+00:00","dateModified":"2023-06-05T17:38:18+00:00","description":"Bomba Turbi Hidromac aseguran un flujo constante cuando sea necesario. Los alabes en la periferia del impulsor mantienen la misma cantidad de flujo.","breadcrumb":{"@id":"https:\/\/www.grupo-inducom.com\/ec\/productos\/bomba-centrifuga-tipo-turbi-plus\/#breadcrumb"},"inLanguage":"es","potentialAction":[{"@type":"ReadAction","target":["https:\/\/www.grupo-inducom.com\/ec\/productos\/bomba-centrifuga-tipo-turbi-plus\/"]}]},{"@type":"ImageObject","inLanguage":"es","@id":"https:\/\/www.grupo-inducom.com\/ec\/productos\/bomba-centrifuga-tipo-turbi-plus\/#primaryimage","url":"https:\/\/www.grupo-inducom.com\/ec\/wp-content\/uploads\/sites\/2\/2023\/05\/IMG-20220517-WA0019_1_.webp","contentUrl":"https:\/\/www.grupo-inducom.com\/ec\/wp-content\/uploads\/sites\/2\/2023\/05\/IMG-20220517-WA0019_1_.webp","width":300,"height":225},{"@type":"BreadcrumbList","@id":"https:\/\/www.grupo-inducom.com\/ec\/productos\/bomba-centrifuga-tipo-turbi-plus\/#breadcrumb","itemListElement":[{"@type":"ListItem","position":1,"name":"Portada","item":"https:\/\/www.grupo-inducom.com\/ec\/"},{"@type":"ListItem","position":2,"name":"Tienda","item":"https:\/\/www.grupo-inducom.com\/ec\/tienda\/"},{"@type":"ListItem","position":3,"name":"Bomba centr\u00edfuga tipo Turbi Plus"}]},{"@type":"WebSite","@id":"https:\/\/www.grupo-inducom.com\/ec\/#website","url":"https:\/\/www.grupo-inducom.com\/ec\/","name":"Inducom Ecuador","description":"","potentialAction":[{"@type":"SearchAction","target":{"@type":"EntryPoint","urlTemplate":"https:\/\/www.grupo-inducom.com\/ec\/?s={search_term_string}"},"query-input":{"@type":"PropertyValueSpecification","valueRequired":true,"valueName":"search_term_string"}}],"inLanguage":"es"}]}},"_links":{"self":[{"href":"https:\/\/www.grupo-inducom.com\/ec\/wp-json\/wp\/v2\/product\/801","targetHints":{"allow":["GET"]}}],"collection":[{"href":"https:\/\/www.grupo-inducom.com\/ec\/wp-json\/wp\/v2\/product"}],"about":[{"href":"https:\/\/www.grupo-inducom.com\/ec\/wp-json\/wp\/v2\/types\/product"}],"replies":[{"embeddable":true,"href":"https:\/\/www.grupo-inducom.com\/ec\/wp-json\/wp\/v2\/comments?post=801"}],"wp:featuredmedia":[{"embeddable":true,"href":"https:\/\/www.grupo-inducom.com\/ec\/wp-json\/wp\/v2\/media\/833"}],"wp:attachment":[{"href":"https:\/\/www.grupo-inducom.com\/ec\/wp-json\/wp\/v2\/media?parent=801"}],"wp:term":[{"taxonomy":"product_brand","embeddable":true,"href":"https:\/\/www.grupo-inducom.com\/ec\/wp-json\/wp\/v2\/product_brand?post=801"},{"taxonomy":"product_cat","embeddable":true,"href":"https:\/\/www.grupo-inducom.com\/ec\/wp-json\/wp\/v2\/product_cat?post=801"},{"taxonomy":"product_tag","embeddable":true,"href":"https:\/\/www.grupo-inducom.com\/ec\/wp-json\/wp\/v2\/product_tag?post=801"}],"curies":[{"name":"wp","href":"https:\/\/api.w.org\/{rel}","templated":true}]}}