{"id":797,"date":"2023-05-04T14:09:24","date_gmt":"2023-05-04T14:09:24","guid":{"rendered":"https:\/\/www.grupo-inducom.com\/?post_type=product&#038;p=797"},"modified":"2023-05-04T14:09:24","modified_gmt":"2023-05-04T14:09:24","slug":"bomba-de-vacio-de-anillo-liquido","status":"publish","type":"product","link":"https:\/\/www.grupo-inducom.com\/ec\/productos\/bomba-de-vacio-de-anillo-liquido\/","title":{"rendered":"Bomba de vac\u00edo de anillo l\u00edquido"},"content":{"rendered":"<p>Las Bombas de vac\u00edo DEKKER y CAC ofrecen\u00a0 alta eficiencia de una y dos etapas capaces de alcanzar niveles de vac\u00edo de hasta 29\u2019\u2019HgV.<\/p>\n<p>Grandes avances en din\u00e1mica de fluidos permite gran eficiencia volum\u00e9trica con 50% menos requerimiento de fluido para el sello de anillo.<\/p>\n<p>La bomba incluye un puerto de descarga variable que le permite ajustarse a la relaci\u00f3n de compresi\u00f3n interna resultando en la m\u00e1xima eficiencia a trav\u00e9s del rango de vac\u00edo.<\/p>\n<p>&nbsp;<\/p>\n<p><strong>Ventajas del producto<\/strong><\/p>\n<ul>\n<li>Dise\u00f1adas para aplicaciones de trabajo pesado<\/li>\n<li>Impulsor est\u00e1ndar de acero inoxidable SS 316<\/li>\n<li>Eje libre robusto<\/li>\n<li>Rodamientos de rodillos aptos para transmisi\u00f3n de potencia por poleas<\/li>\n<li>Fabricada bajo los Est\u00e1ndares de ISO 9001<\/li>\n<li>Bajo nivel de ruido<\/li>\n<li>Rodamientos de trabajo pesado instalados externamente a la carcasa<\/li>\n<li>Sellos mec\u00e1nicos standard de cara sencilla<\/li>\n<li>Virtualmente no requieren mantenimiento<\/li>\n<li>Capaz de manejar bajas cantidades de liquido arrastrado de proceso<\/li>\n<li>Una \u00fanica parte m\u00f3vil<\/li>\n<li>Posibilidad de operar con diferentes fluidos de sello<\/li>\n<li>Capaz de manejar mezclas de gases saturados<\/li>\n<\/ul>\n<p><span style=\"color: #ffffff\">Bombas de Vac\u00edo de Anillo L\u00edquido<\/span><\/p>\n","protected":false},"excerpt":{"rendered":"<ul>\n<li>Marca: TITAN DEKKER<\/li>\n<li>Dise\u00f1adas para aplicaciones de trabajo pesado<\/li>\n<li>Bajo nivel de ruido<\/li>\n<\/ul>\n","protected":false},"featured_media":827,"comment_status":"closed","ping_status":"closed","template":"","meta":{"_acf_changed":false,"_et_pb_use_builder":"","_et_pb_old_content":"","_et_gb_content_width":"","content-type":""},"product_brand":[],"product_cat":[75],"product_tag":[106,129],"class_list":{"0":"post-797","1":"product","2":"type-product","3":"status-publish","4":"has-post-thumbnail","6":"product_cat-blowers-y-vacio","7":"product_tag-bombas-de-vacio","8":"product_tag-dekker","10":"first","11":"instock","12":"shipping-taxable","13":"product-type-simple"},"acf":[],"yoast_head":"<!-- This site is optimized with the Yoast SEO plugin v27.4 - https:\/\/yoast.com\/product\/yoast-seo-wordpress\/ -->\n<title>Bomba de vac\u00edo de anillo l\u00edquido - Venta bombas de vacio en Ecuador<\/title>\n<meta name=\"description\" content=\"Las Bombas de vac\u00edo DEKKER dise\u00f1adas para aplicaciones de trabajo pesad y CAC ofrecen\u00a0 alta eficiencia de una y dos etapas... - Guayaquil, Quito, Cuenca.\" \/>\n<meta name=\"robots\" content=\"index, follow, max-snippet:-1, max-image-preview:large, max-video-preview:-1\" \/>\n<link rel=\"canonical\" href=\"https:\/\/www.grupo-inducom.com\/ec\/productos\/bomba-de-vacio-de-anillo-liquido\/\" \/>\n<meta property=\"og:locale\" content=\"es_ES\" \/>\n<meta property=\"og:type\" content=\"article\" \/>\n<meta property=\"og:title\" content=\"Bomba de vac\u00edo de anillo l\u00edquido - Venta bombas de vacio en Ecuador\" \/>\n<meta property=\"og:description\" content=\"Las Bombas de vac\u00edo DEKKER dise\u00f1adas para aplicaciones de trabajo pesad y CAC ofrecen\u00a0 alta eficiencia de una y dos etapas... - Guayaquil, Quito, Cuenca.\" \/>\n<meta property=\"og:url\" content=\"https:\/\/www.grupo-inducom.com\/ec\/productos\/bomba-de-vacio-de-anillo-liquido\/\" \/>\n<meta property=\"og:site_name\" content=\"Inducom Ecuador\" \/>\n<meta property=\"og:image\" content=\"http:\/\/www.grupo-inducom.com\/ec\/wp-content\/uploads\/sites\/2\/2023\/05\/38_1_.webp\" \/>\n\t<meta property=\"og:image:width\" content=\"300\" \/>\n\t<meta property=\"og:image:height\" content=\"225\" \/>\n\t<meta property=\"og:image:type\" content=\"image\/webp\" \/>\n<meta name=\"twitter:card\" content=\"summary_large_image\" \/>\n<meta name=\"twitter:label1\" content=\"Tiempo de lectura\" \/>\n\t<meta name=\"twitter:data1\" content=\"1 minuto\" \/>\n<script type=\"application\/ld+json\" class=\"yoast-schema-graph\">{\"@context\":\"https:\\\/\\\/schema.org\",\"@graph\":[{\"@type\":\"WebPage\",\"@id\":\"https:\\\/\\\/www.grupo-inducom.com\\\/ec\\\/productos\\\/bomba-de-vacio-de-anillo-liquido\\\/\",\"url\":\"https:\\\/\\\/www.grupo-inducom.com\\\/ec\\\/productos\\\/bomba-de-vacio-de-anillo-liquido\\\/\",\"name\":\"Bomba de vac\u00edo de anillo l\u00edquido - Venta bombas de vacio en Ecuador\",\"isPartOf\":{\"@id\":\"https:\\\/\\\/www.grupo-inducom.com\\\/ec\\\/#website\"},\"primaryImageOfPage\":{\"@id\":\"https:\\\/\\\/www.grupo-inducom.com\\\/ec\\\/productos\\\/bomba-de-vacio-de-anillo-liquido\\\/#primaryimage\"},\"image\":{\"@id\":\"https:\\\/\\\/www.grupo-inducom.com\\\/ec\\\/productos\\\/bomba-de-vacio-de-anillo-liquido\\\/#primaryimage\"},\"thumbnailUrl\":\"https:\\\/\\\/www.grupo-inducom.com\\\/ec\\\/wp-content\\\/uploads\\\/sites\\\/2\\\/2023\\\/05\\\/38_1_.webp\",\"datePublished\":\"2023-05-04T14:09:24+00:00\",\"description\":\"Las Bombas de vac\u00edo DEKKER dise\u00f1adas para aplicaciones de trabajo pesad y CAC ofrecen\u00a0 alta eficiencia de una y dos etapas... - Guayaquil, Quito, Cuenca.\",\"breadcrumb\":{\"@id\":\"https:\\\/\\\/www.grupo-inducom.com\\\/ec\\\/productos\\\/bomba-de-vacio-de-anillo-liquido\\\/#breadcrumb\"},\"inLanguage\":\"es\",\"potentialAction\":[{\"@type\":\"ReadAction\",\"target\":[\"https:\\\/\\\/www.grupo-inducom.com\\\/ec\\\/productos\\\/bomba-de-vacio-de-anillo-liquido\\\/\"]}]},{\"@type\":\"ImageObject\",\"inLanguage\":\"es\",\"@id\":\"https:\\\/\\\/www.grupo-inducom.com\\\/ec\\\/productos\\\/bomba-de-vacio-de-anillo-liquido\\\/#primaryimage\",\"url\":\"https:\\\/\\\/www.grupo-inducom.com\\\/ec\\\/wp-content\\\/uploads\\\/sites\\\/2\\\/2023\\\/05\\\/38_1_.webp\",\"contentUrl\":\"https:\\\/\\\/www.grupo-inducom.com\\\/ec\\\/wp-content\\\/uploads\\\/sites\\\/2\\\/2023\\\/05\\\/38_1_.webp\",\"width\":300,\"height\":225},{\"@type\":\"BreadcrumbList\",\"@id\":\"https:\\\/\\\/www.grupo-inducom.com\\\/ec\\\/productos\\\/bomba-de-vacio-de-anillo-liquido\\\/#breadcrumb\",\"itemListElement\":[{\"@type\":\"ListItem\",\"position\":1,\"name\":\"Portada\",\"item\":\"https:\\\/\\\/www.grupo-inducom.com\\\/ec\\\/\"},{\"@type\":\"ListItem\",\"position\":2,\"name\":\"Tienda\",\"item\":\"https:\\\/\\\/www.grupo-inducom.com\\\/ec\\\/tienda\\\/\"},{\"@type\":\"ListItem\",\"position\":3,\"name\":\"Bomba de vac\u00edo de anillo l\u00edquido\"}]},{\"@type\":\"WebSite\",\"@id\":\"https:\\\/\\\/www.grupo-inducom.com\\\/ec\\\/#website\",\"url\":\"https:\\\/\\\/www.grupo-inducom.com\\\/ec\\\/\",\"name\":\"Inducom Ecuador\",\"description\":\"\",\"potentialAction\":[{\"@type\":\"SearchAction\",\"target\":{\"@type\":\"EntryPoint\",\"urlTemplate\":\"https:\\\/\\\/www.grupo-inducom.com\\\/ec\\\/?s={search_term_string}\"},\"query-input\":{\"@type\":\"PropertyValueSpecification\",\"valueRequired\":true,\"valueName\":\"search_term_string\"}}],\"inLanguage\":\"es\"}]}<\/script>\n<!-- \/ Yoast SEO plugin. -->","yoast_head_json":{"title":"Bomba de vac\u00edo de anillo l\u00edquido - Venta bombas de vacio en Ecuador","description":"Las Bombas de vac\u00edo DEKKER dise\u00f1adas para aplicaciones de trabajo pesad y CAC ofrecen\u00a0 alta eficiencia de una y dos etapas... - Guayaquil, Quito, Cuenca.","robots":{"index":"index","follow":"follow","max-snippet":"max-snippet:-1","max-image-preview":"max-image-preview:large","max-video-preview":"max-video-preview:-1"},"canonical":"https:\/\/www.grupo-inducom.com\/ec\/productos\/bomba-de-vacio-de-anillo-liquido\/","og_locale":"es_ES","og_type":"article","og_title":"Bomba de vac\u00edo de anillo l\u00edquido - Venta bombas de vacio en Ecuador","og_description":"Las Bombas de vac\u00edo DEKKER dise\u00f1adas para aplicaciones de trabajo pesad y CAC ofrecen\u00a0 alta eficiencia de una y dos etapas... - Guayaquil, Quito, Cuenca.","og_url":"https:\/\/www.grupo-inducom.com\/ec\/productos\/bomba-de-vacio-de-anillo-liquido\/","og_site_name":"Inducom Ecuador","og_image":[{"width":300,"height":225,"url":"http:\/\/www.grupo-inducom.com\/ec\/wp-content\/uploads\/sites\/2\/2023\/05\/38_1_.webp","type":"image\/webp"}],"twitter_card":"summary_large_image","twitter_misc":{"Tiempo de lectura":"1 minuto"},"schema":{"@context":"https:\/\/schema.org","@graph":[{"@type":"WebPage","@id":"https:\/\/www.grupo-inducom.com\/ec\/productos\/bomba-de-vacio-de-anillo-liquido\/","url":"https:\/\/www.grupo-inducom.com\/ec\/productos\/bomba-de-vacio-de-anillo-liquido\/","name":"Bomba de vac\u00edo de anillo l\u00edquido - Venta bombas de vacio en Ecuador","isPartOf":{"@id":"https:\/\/www.grupo-inducom.com\/ec\/#website"},"primaryImageOfPage":{"@id":"https:\/\/www.grupo-inducom.com\/ec\/productos\/bomba-de-vacio-de-anillo-liquido\/#primaryimage"},"image":{"@id":"https:\/\/www.grupo-inducom.com\/ec\/productos\/bomba-de-vacio-de-anillo-liquido\/#primaryimage"},"thumbnailUrl":"https:\/\/www.grupo-inducom.com\/ec\/wp-content\/uploads\/sites\/2\/2023\/05\/38_1_.webp","datePublished":"2023-05-04T14:09:24+00:00","description":"Las Bombas de vac\u00edo DEKKER dise\u00f1adas para aplicaciones de trabajo pesad y CAC ofrecen\u00a0 alta eficiencia de una y dos etapas... - Guayaquil, Quito, Cuenca.","breadcrumb":{"@id":"https:\/\/www.grupo-inducom.com\/ec\/productos\/bomba-de-vacio-de-anillo-liquido\/#breadcrumb"},"inLanguage":"es","potentialAction":[{"@type":"ReadAction","target":["https:\/\/www.grupo-inducom.com\/ec\/productos\/bomba-de-vacio-de-anillo-liquido\/"]}]},{"@type":"ImageObject","inLanguage":"es","@id":"https:\/\/www.grupo-inducom.com\/ec\/productos\/bomba-de-vacio-de-anillo-liquido\/#primaryimage","url":"https:\/\/www.grupo-inducom.com\/ec\/wp-content\/uploads\/sites\/2\/2023\/05\/38_1_.webp","contentUrl":"https:\/\/www.grupo-inducom.com\/ec\/wp-content\/uploads\/sites\/2\/2023\/05\/38_1_.webp","width":300,"height":225},{"@type":"BreadcrumbList","@id":"https:\/\/www.grupo-inducom.com\/ec\/productos\/bomba-de-vacio-de-anillo-liquido\/#breadcrumb","itemListElement":[{"@type":"ListItem","position":1,"name":"Portada","item":"https:\/\/www.grupo-inducom.com\/ec\/"},{"@type":"ListItem","position":2,"name":"Tienda","item":"https:\/\/www.grupo-inducom.com\/ec\/tienda\/"},{"@type":"ListItem","position":3,"name":"Bomba de vac\u00edo de anillo l\u00edquido"}]},{"@type":"WebSite","@id":"https:\/\/www.grupo-inducom.com\/ec\/#website","url":"https:\/\/www.grupo-inducom.com\/ec\/","name":"Inducom Ecuador","description":"","potentialAction":[{"@type":"SearchAction","target":{"@type":"EntryPoint","urlTemplate":"https:\/\/www.grupo-inducom.com\/ec\/?s={search_term_string}"},"query-input":{"@type":"PropertyValueSpecification","valueRequired":true,"valueName":"search_term_string"}}],"inLanguage":"es"}]}},"_links":{"self":[{"href":"https:\/\/www.grupo-inducom.com\/ec\/wp-json\/wp\/v2\/product\/797","targetHints":{"allow":["GET"]}}],"collection":[{"href":"https:\/\/www.grupo-inducom.com\/ec\/wp-json\/wp\/v2\/product"}],"about":[{"href":"https:\/\/www.grupo-inducom.com\/ec\/wp-json\/wp\/v2\/types\/product"}],"replies":[{"embeddable":true,"href":"https:\/\/www.grupo-inducom.com\/ec\/wp-json\/wp\/v2\/comments?post=797"}],"wp:featuredmedia":[{"embeddable":true,"href":"https:\/\/www.grupo-inducom.com\/ec\/wp-json\/wp\/v2\/media\/827"}],"wp:attachment":[{"href":"https:\/\/www.grupo-inducom.com\/ec\/wp-json\/wp\/v2\/media?parent=797"}],"wp:term":[{"taxonomy":"product_brand","embeddable":true,"href":"https:\/\/www.grupo-inducom.com\/ec\/wp-json\/wp\/v2\/product_brand?post=797"},{"taxonomy":"product_cat","embeddable":true,"href":"https:\/\/www.grupo-inducom.com\/ec\/wp-json\/wp\/v2\/product_cat?post=797"},{"taxonomy":"product_tag","embeddable":true,"href":"https:\/\/www.grupo-inducom.com\/ec\/wp-json\/wp\/v2\/product_tag?post=797"}],"curies":[{"name":"wp","href":"https:\/\/api.w.org\/{rel}","templated":true}]}}