{"id":794,"date":"2023-05-04T14:09:24","date_gmt":"2023-05-04T19:09:24","guid":{"rendered":"https:\/\/www.grupo-inducom.com\/?post_type=product&#038;p=794"},"modified":"2023-06-05T15:33:24","modified_gmt":"2023-06-05T20:33:24","slug":"motobomba-diesel-de-3-4-pulgadas","status":"publish","type":"product","link":"https:\/\/www.grupo-inducom.com\/ec\/productos\/motobomba-diesel-de-3-4-pulgadas\/","title":{"rendered":"Motobomba diesel de 3 &#8211; 4 pulgadas"},"content":{"rendered":"<p><span style=\"color: #ffffff\">Motobombas Weima<\/span><\/p>\n<ul>\n<li>Modelo: WMQGZ100-30<\/li>\n<li>Tipo: Auto cebado<\/li>\n<li>Tama\u00f1o de entrada \/ salida: \u00a04 \u00ab( 100)<\/li>\n<li>Elevaci\u00f3n m\u00e1xima \uff08m\uff09:25<\/li>\n<li>Capacidad m\u00e1xima de descarga (m\u00b3 \/ h): 85<\/li>\n<li>Succi\u00f3n \uff08m\uff09: \u00a04.5<\/li>\n<li>Modelo de motor:\u00a0 WM188F \/ P<\/li>\n<li>Potencia m\u00e1xima (hp): 10.9<\/li>\n<li>Desplazamiento del motor (cc) : 389<\/li>\n<li>Sistema de arranque:\u00a0 Inicio de retroceso<\/li>\n<li>Capacidad del tanque de combustible (L): 6.5<\/li>\n<li>NW \/ GW (kg): 52\/55<\/li>\n<li>Dimensi\u00f3n (mm): 690 * 475 * 580<\/li>\n<li>20FT (unidades): 160<\/li>\n<\/ul>\n<p><span style=\"color: #ffffff\">Las motobombas son utilizadas en la inductria en sectores agr\u00edcolas, tales como de uso riego.<\/span><\/p>\n","protected":false},"excerpt":{"rendered":"<ul>\n<li>Marca:\u00a0 Weima<\/li>\n<li>Modelo\u00a0 WMQGZ100-30<\/li>\n<li>Tipo Auto cebado<\/li>\n<li>Tama\u00f1o de entrada \/ salida\u00a0 4 \u00ab( 100)<\/li>\n<li>Elevaci\u00f3n m\u00e1xima\u00a0\u00a025\uff08m\uff09<\/li>\n<li>Capacidad m\u00e1xima de descarga\u00a0\u00a0\u00a0 85 (m\u00b3 \/ h)<\/li>\n<li>Succi\u00f3n\u00a0 \u00a0 \u00a04.5\uff08m\uff09<\/li>\n<li>Modelo de motor WM188F \/ P<\/li>\n<\/ul>\n","protected":false},"featured_media":824,"comment_status":"closed","ping_status":"closed","template":"","meta":{"_acf_changed":false,"_et_pb_use_builder":"","_et_pb_old_content":"","_et_gb_content_width":"","content-type":""},"product_brand":[],"product_cat":[103],"product_tag":[191,148],"class_list":{"0":"post-794","1":"product","2":"type-product","3":"status-publish","4":"has-post-thumbnail","6":"product_cat-bombas-centrifugas","7":"product_tag-corvex-power","8":"product_tag-motobombas","10":"first","11":"instock","12":"shipping-taxable","13":"product-type-simple"},"acf":[],"yoast_head":"<!-- This site is optimized with the Yoast SEO plugin v27.4 - https:\/\/yoast.com\/product\/yoast-seo-wordpress\/ -->\n<title>Motobomba diesel de 3 - 4 pulgadas - Venta de Motobombas de riego en Ecuador<\/title>\n<meta name=\"description\" content=\"Motobombas Weima de 3 - 4 pulgadas con partida r\u00e1pida y f\u00e1cil dise\u00f1o comparto y liviano - Guayaquil, Quito, Cuenca, Santo Domingo; Machala\" \/>\n<meta name=\"robots\" content=\"index, follow, max-snippet:-1, max-image-preview:large, max-video-preview:-1\" \/>\n<link rel=\"canonical\" href=\"https:\/\/www.grupo-inducom.com\/ec\/productos\/motobomba-diesel-de-3-4-pulgadas\/\" \/>\n<meta property=\"og:locale\" content=\"es_ES\" \/>\n<meta property=\"og:type\" content=\"article\" \/>\n<meta property=\"og:title\" content=\"Motobomba diesel de 3 - 4 pulgadas - Venta de Motobombas de riego en Ecuador\" \/>\n<meta property=\"og:description\" content=\"Motobombas Weima de 3 - 4 pulgadas con partida r\u00e1pida y f\u00e1cil dise\u00f1o comparto y liviano - Guayaquil, Quito, Cuenca, Santo Domingo; Machala\" \/>\n<meta property=\"og:url\" content=\"https:\/\/www.grupo-inducom.com\/ec\/productos\/motobomba-diesel-de-3-4-pulgadas\/\" \/>\n<meta property=\"og:site_name\" content=\"Inducom Ecuador\" \/>\n<meta property=\"article:modified_time\" content=\"2023-06-05T20:33:24+00:00\" \/>\n<meta property=\"og:image\" content=\"http:\/\/www.grupo-inducom.com\/ec\/wp-content\/uploads\/sites\/2\/2023\/05\/55.png\" \/>\n\t<meta property=\"og:image:width\" content=\"300\" \/>\n\t<meta property=\"og:image:height\" content=\"225\" \/>\n\t<meta property=\"og:image:type\" content=\"image\/png\" \/>\n<meta name=\"twitter:card\" content=\"summary_large_image\" \/>\n<script type=\"application\/ld+json\" class=\"yoast-schema-graph\">{\"@context\":\"https:\\\/\\\/schema.org\",\"@graph\":[{\"@type\":\"WebPage\",\"@id\":\"https:\\\/\\\/www.grupo-inducom.com\\\/ec\\\/productos\\\/motobomba-diesel-de-3-4-pulgadas\\\/\",\"url\":\"https:\\\/\\\/www.grupo-inducom.com\\\/ec\\\/productos\\\/motobomba-diesel-de-3-4-pulgadas\\\/\",\"name\":\"Motobomba diesel de 3 - 4 pulgadas - Venta de Motobombas de riego en Ecuador\",\"isPartOf\":{\"@id\":\"https:\\\/\\\/www.grupo-inducom.com\\\/ec\\\/#website\"},\"primaryImageOfPage\":{\"@id\":\"https:\\\/\\\/www.grupo-inducom.com\\\/ec\\\/productos\\\/motobomba-diesel-de-3-4-pulgadas\\\/#primaryimage\"},\"image\":{\"@id\":\"https:\\\/\\\/www.grupo-inducom.com\\\/ec\\\/productos\\\/motobomba-diesel-de-3-4-pulgadas\\\/#primaryimage\"},\"thumbnailUrl\":\"https:\\\/\\\/www.grupo-inducom.com\\\/ec\\\/wp-content\\\/uploads\\\/sites\\\/2\\\/2023\\\/05\\\/55.png\",\"datePublished\":\"2023-05-04T19:09:24+00:00\",\"dateModified\":\"2023-06-05T20:33:24+00:00\",\"description\":\"Motobombas Weima de 3 - 4 pulgadas con partida r\u00e1pida y f\u00e1cil dise\u00f1o comparto y liviano - Guayaquil, Quito, Cuenca, Santo Domingo; Machala\",\"breadcrumb\":{\"@id\":\"https:\\\/\\\/www.grupo-inducom.com\\\/ec\\\/productos\\\/motobomba-diesel-de-3-4-pulgadas\\\/#breadcrumb\"},\"inLanguage\":\"es\",\"potentialAction\":[{\"@type\":\"ReadAction\",\"target\":[\"https:\\\/\\\/www.grupo-inducom.com\\\/ec\\\/productos\\\/motobomba-diesel-de-3-4-pulgadas\\\/\"]}]},{\"@type\":\"ImageObject\",\"inLanguage\":\"es\",\"@id\":\"https:\\\/\\\/www.grupo-inducom.com\\\/ec\\\/productos\\\/motobomba-diesel-de-3-4-pulgadas\\\/#primaryimage\",\"url\":\"https:\\\/\\\/www.grupo-inducom.com\\\/ec\\\/wp-content\\\/uploads\\\/sites\\\/2\\\/2023\\\/05\\\/55.png\",\"contentUrl\":\"https:\\\/\\\/www.grupo-inducom.com\\\/ec\\\/wp-content\\\/uploads\\\/sites\\\/2\\\/2023\\\/05\\\/55.png\",\"width\":300,\"height\":225},{\"@type\":\"BreadcrumbList\",\"@id\":\"https:\\\/\\\/www.grupo-inducom.com\\\/ec\\\/productos\\\/motobomba-diesel-de-3-4-pulgadas\\\/#breadcrumb\",\"itemListElement\":[{\"@type\":\"ListItem\",\"position\":1,\"name\":\"Portada\",\"item\":\"https:\\\/\\\/www.grupo-inducom.com\\\/ec\\\/\"},{\"@type\":\"ListItem\",\"position\":2,\"name\":\"Tienda\",\"item\":\"https:\\\/\\\/www.grupo-inducom.com\\\/ec\\\/tienda\\\/\"},{\"@type\":\"ListItem\",\"position\":3,\"name\":\"Motobomba diesel de 3 &#8211; 4 pulgadas\"}]},{\"@type\":\"WebSite\",\"@id\":\"https:\\\/\\\/www.grupo-inducom.com\\\/ec\\\/#website\",\"url\":\"https:\\\/\\\/www.grupo-inducom.com\\\/ec\\\/\",\"name\":\"Inducom Ecuador\",\"description\":\"\",\"potentialAction\":[{\"@type\":\"SearchAction\",\"target\":{\"@type\":\"EntryPoint\",\"urlTemplate\":\"https:\\\/\\\/www.grupo-inducom.com\\\/ec\\\/?s={search_term_string}\"},\"query-input\":{\"@type\":\"PropertyValueSpecification\",\"valueRequired\":true,\"valueName\":\"search_term_string\"}}],\"inLanguage\":\"es\"}]}<\/script>\n<!-- \/ Yoast SEO plugin. -->","yoast_head_json":{"title":"Motobomba diesel de 3 - 4 pulgadas - Venta de Motobombas de riego en Ecuador","description":"Motobombas Weima de 3 - 4 pulgadas con partida r\u00e1pida y f\u00e1cil dise\u00f1o comparto y liviano - Guayaquil, Quito, Cuenca, Santo Domingo; Machala","robots":{"index":"index","follow":"follow","max-snippet":"max-snippet:-1","max-image-preview":"max-image-preview:large","max-video-preview":"max-video-preview:-1"},"canonical":"https:\/\/www.grupo-inducom.com\/ec\/productos\/motobomba-diesel-de-3-4-pulgadas\/","og_locale":"es_ES","og_type":"article","og_title":"Motobomba diesel de 3 - 4 pulgadas - Venta de Motobombas de riego en Ecuador","og_description":"Motobombas Weima de 3 - 4 pulgadas con partida r\u00e1pida y f\u00e1cil dise\u00f1o comparto y liviano - Guayaquil, Quito, Cuenca, Santo Domingo; Machala","og_url":"https:\/\/www.grupo-inducom.com\/ec\/productos\/motobomba-diesel-de-3-4-pulgadas\/","og_site_name":"Inducom Ecuador","article_modified_time":"2023-06-05T20:33:24+00:00","og_image":[{"width":300,"height":225,"url":"http:\/\/www.grupo-inducom.com\/ec\/wp-content\/uploads\/sites\/2\/2023\/05\/55.png","type":"image\/png"}],"twitter_card":"summary_large_image","schema":{"@context":"https:\/\/schema.org","@graph":[{"@type":"WebPage","@id":"https:\/\/www.grupo-inducom.com\/ec\/productos\/motobomba-diesel-de-3-4-pulgadas\/","url":"https:\/\/www.grupo-inducom.com\/ec\/productos\/motobomba-diesel-de-3-4-pulgadas\/","name":"Motobomba diesel de 3 - 4 pulgadas - Venta de Motobombas de riego en Ecuador","isPartOf":{"@id":"https:\/\/www.grupo-inducom.com\/ec\/#website"},"primaryImageOfPage":{"@id":"https:\/\/www.grupo-inducom.com\/ec\/productos\/motobomba-diesel-de-3-4-pulgadas\/#primaryimage"},"image":{"@id":"https:\/\/www.grupo-inducom.com\/ec\/productos\/motobomba-diesel-de-3-4-pulgadas\/#primaryimage"},"thumbnailUrl":"https:\/\/www.grupo-inducom.com\/ec\/wp-content\/uploads\/sites\/2\/2023\/05\/55.png","datePublished":"2023-05-04T19:09:24+00:00","dateModified":"2023-06-05T20:33:24+00:00","description":"Motobombas Weima de 3 - 4 pulgadas con partida r\u00e1pida y f\u00e1cil dise\u00f1o comparto y liviano - Guayaquil, Quito, Cuenca, Santo Domingo; Machala","breadcrumb":{"@id":"https:\/\/www.grupo-inducom.com\/ec\/productos\/motobomba-diesel-de-3-4-pulgadas\/#breadcrumb"},"inLanguage":"es","potentialAction":[{"@type":"ReadAction","target":["https:\/\/www.grupo-inducom.com\/ec\/productos\/motobomba-diesel-de-3-4-pulgadas\/"]}]},{"@type":"ImageObject","inLanguage":"es","@id":"https:\/\/www.grupo-inducom.com\/ec\/productos\/motobomba-diesel-de-3-4-pulgadas\/#primaryimage","url":"https:\/\/www.grupo-inducom.com\/ec\/wp-content\/uploads\/sites\/2\/2023\/05\/55.png","contentUrl":"https:\/\/www.grupo-inducom.com\/ec\/wp-content\/uploads\/sites\/2\/2023\/05\/55.png","width":300,"height":225},{"@type":"BreadcrumbList","@id":"https:\/\/www.grupo-inducom.com\/ec\/productos\/motobomba-diesel-de-3-4-pulgadas\/#breadcrumb","itemListElement":[{"@type":"ListItem","position":1,"name":"Portada","item":"https:\/\/www.grupo-inducom.com\/ec\/"},{"@type":"ListItem","position":2,"name":"Tienda","item":"https:\/\/www.grupo-inducom.com\/ec\/tienda\/"},{"@type":"ListItem","position":3,"name":"Motobomba diesel de 3 &#8211; 4 pulgadas"}]},{"@type":"WebSite","@id":"https:\/\/www.grupo-inducom.com\/ec\/#website","url":"https:\/\/www.grupo-inducom.com\/ec\/","name":"Inducom Ecuador","description":"","potentialAction":[{"@type":"SearchAction","target":{"@type":"EntryPoint","urlTemplate":"https:\/\/www.grupo-inducom.com\/ec\/?s={search_term_string}"},"query-input":{"@type":"PropertyValueSpecification","valueRequired":true,"valueName":"search_term_string"}}],"inLanguage":"es"}]}},"_links":{"self":[{"href":"https:\/\/www.grupo-inducom.com\/ec\/wp-json\/wp\/v2\/product\/794","targetHints":{"allow":["GET"]}}],"collection":[{"href":"https:\/\/www.grupo-inducom.com\/ec\/wp-json\/wp\/v2\/product"}],"about":[{"href":"https:\/\/www.grupo-inducom.com\/ec\/wp-json\/wp\/v2\/types\/product"}],"replies":[{"embeddable":true,"href":"https:\/\/www.grupo-inducom.com\/ec\/wp-json\/wp\/v2\/comments?post=794"}],"wp:featuredmedia":[{"embeddable":true,"href":"https:\/\/www.grupo-inducom.com\/ec\/wp-json\/wp\/v2\/media\/824"}],"wp:attachment":[{"href":"https:\/\/www.grupo-inducom.com\/ec\/wp-json\/wp\/v2\/media?parent=794"}],"wp:term":[{"taxonomy":"product_brand","embeddable":true,"href":"https:\/\/www.grupo-inducom.com\/ec\/wp-json\/wp\/v2\/product_brand?post=794"},{"taxonomy":"product_cat","embeddable":true,"href":"https:\/\/www.grupo-inducom.com\/ec\/wp-json\/wp\/v2\/product_cat?post=794"},{"taxonomy":"product_tag","embeddable":true,"href":"https:\/\/www.grupo-inducom.com\/ec\/wp-json\/wp\/v2\/product_tag?post=794"}],"curies":[{"name":"wp","href":"https:\/\/api.w.org\/{rel}","templated":true}]}}