{"id":755,"date":"2023-05-04T14:09:08","date_gmt":"2023-05-04T19:09:08","guid":{"rendered":"https:\/\/www.grupo-inducom.com\/?post_type=product&#038;p=755"},"modified":"2023-06-05T12:53:44","modified_gmt":"2023-06-05T17:53:44","slug":"bomba-dosificadora-de-quimicos-serie-ej","status":"publish","type":"product","link":"https:\/\/www.grupo-inducom.com\/ec\/productos\/bomba-dosificadora-de-quimicos-serie-ej\/","title":{"rendered":"Bomba dosificadora de qu\u00edmicos serie EJ"},"content":{"rendered":"<p><span style=\"color: #ffffff\">Bomba dosificadora qu\u00edmica<\/span><\/p>\n<ul>\n<li><strong>Rendimiento de alta velocidad<\/strong><br \/>\nLa serie EJ funciona a 360 golpes por minuto, proporcionando alimentaci\u00f3n qu\u00edmica de alta resoluci\u00f3n y alta capacidad de reducci\u00f3n.\u00a0La mayor\u00eda de los productos competitivos operan a velocidades m\u00e1s lentas, lo que resulta en una alimentaci\u00f3n de babosas, un desgaste acelerado del diafragma y un control de alimentaci\u00f3n deficiente.<\/li>\n<li><strong>Voltaje<\/strong><br \/>\nuniversal La funci\u00f3n de voltaje universal permite que la serie EJ funcione a cualquier voltaje de CA.\u00a0La serie EJ tambi\u00e9n cumple con los est\u00e1ndares globales.<\/li>\n<li><strong>Control externo<\/strong><br \/>\nLa serie EJ tiene entradas de entrada digital y de parada \/ arranque integradas en la bomba, lo que permite el control proporcional o el control de encendido \/ apagado.<\/li>\n<li><strong>Protecci\u00f3n equivalente a IP65<\/strong><br \/>\nUna carcasa robusta protege la bomba del desgaste normal.\u00a0El montaje de la pantalla digital y el control del teclado en la carcasa del variador crea un dise\u00f1o altamente resistente al agua.\u00a0Una cubierta transparente protege a\u00fan m\u00e1s la bomba de l\u00edquidos.<\/li>\n<\/ul>\n<p><span style=\"color: #ffffff\">Bomba dosificadora qu\u00edmica<\/span><\/p>\n","protected":false},"excerpt":{"rendered":"<ul>\n<li>Marca: IWAKI Serie EJ<\/li>\n<li>Rendimiento de alta velocidad<\/li>\n<li>Voltaje Universal<\/li>\n<li>Control externo<\/li>\n<li>Protecci\u00f3n equivalente a IP65<\/li>\n<\/ul>\n","protected":false},"featured_media":785,"comment_status":"closed","ping_status":"closed","template":"","meta":{"_acf_changed":false,"_et_pb_use_builder":"","_et_pb_old_content":"","_et_gb_content_width":"","content-type":""},"product_brand":[],"product_cat":[80],"product_tag":[108,180],"class_list":{"0":"post-755","1":"product","2":"type-product","3":"status-publish","4":"has-post-thumbnail","6":"product_cat-bomba-de-desplazamiento-positivo","7":"product_tag-bombas-industriales","8":"product_tag-walchem","10":"first","11":"instock","12":"shipping-taxable","13":"product-type-simple"},"acf":[],"yoast_head":"<!-- This site is optimized with the Yoast SEO plugin v27.4 - https:\/\/yoast.com\/product\/yoast-seo-wordpress\/ -->\n<title>Bomba dosificadora de qu\u00edmicos serie EJ - Venta en Bomba dosificadora de quimicos<\/title>\n<meta name=\"description\" content=\"La bomba dosificadora de quimicos tiene un rendimiento de alta velocidad. La serie EJ funciona a 360 golpes por minuto, - Bombas dosificadoras de cloro en Ecuador\" \/>\n<meta name=\"robots\" content=\"index, follow, max-snippet:-1, max-image-preview:large, max-video-preview:-1\" \/>\n<link rel=\"canonical\" href=\"https:\/\/www.grupo-inducom.com\/ec\/productos\/bomba-dosificadora-de-quimicos-serie-ej\/\" \/>\n<meta property=\"og:locale\" content=\"es_ES\" \/>\n<meta property=\"og:type\" content=\"article\" \/>\n<meta property=\"og:title\" content=\"Bomba dosificadora de qu\u00edmicos serie EJ - Venta en Bomba dosificadora de quimicos\" \/>\n<meta property=\"og:description\" content=\"La bomba dosificadora de quimicos tiene un rendimiento de alta velocidad. La serie EJ funciona a 360 golpes por minuto, - Bombas dosificadoras de cloro en Ecuador\" \/>\n<meta property=\"og:url\" content=\"https:\/\/www.grupo-inducom.com\/ec\/productos\/bomba-dosificadora-de-quimicos-serie-ej\/\" \/>\n<meta property=\"og:site_name\" content=\"Inducom Ecuador\" \/>\n<meta property=\"article:modified_time\" content=\"2023-06-05T17:53:44+00:00\" \/>\n<meta property=\"og:image\" content=\"http:\/\/www.grupo-inducom.com\/ec\/wp-content\/uploads\/sites\/2\/2023\/05\/23-2.webp\" \/>\n\t<meta property=\"og:image:width\" content=\"300\" \/>\n\t<meta property=\"og:image:height\" content=\"225\" \/>\n\t<meta property=\"og:image:type\" content=\"image\/webp\" \/>\n<meta name=\"twitter:card\" content=\"summary_large_image\" \/>\n<meta name=\"twitter:label1\" content=\"Tiempo de lectura\" \/>\n\t<meta name=\"twitter:data1\" content=\"1 minuto\" \/>\n<script type=\"application\/ld+json\" class=\"yoast-schema-graph\">{\"@context\":\"https:\\\/\\\/schema.org\",\"@graph\":[{\"@type\":\"WebPage\",\"@id\":\"https:\\\/\\\/www.grupo-inducom.com\\\/ec\\\/productos\\\/bomba-dosificadora-de-quimicos-serie-ej\\\/\",\"url\":\"https:\\\/\\\/www.grupo-inducom.com\\\/ec\\\/productos\\\/bomba-dosificadora-de-quimicos-serie-ej\\\/\",\"name\":\"Bomba dosificadora de qu\u00edmicos serie EJ - Venta en Bomba dosificadora de quimicos\",\"isPartOf\":{\"@id\":\"https:\\\/\\\/www.grupo-inducom.com\\\/ec\\\/#website\"},\"primaryImageOfPage\":{\"@id\":\"https:\\\/\\\/www.grupo-inducom.com\\\/ec\\\/productos\\\/bomba-dosificadora-de-quimicos-serie-ej\\\/#primaryimage\"},\"image\":{\"@id\":\"https:\\\/\\\/www.grupo-inducom.com\\\/ec\\\/productos\\\/bomba-dosificadora-de-quimicos-serie-ej\\\/#primaryimage\"},\"thumbnailUrl\":\"https:\\\/\\\/www.grupo-inducom.com\\\/ec\\\/wp-content\\\/uploads\\\/sites\\\/2\\\/2023\\\/05\\\/23-2.webp\",\"datePublished\":\"2023-05-04T19:09:08+00:00\",\"dateModified\":\"2023-06-05T17:53:44+00:00\",\"description\":\"La bomba dosificadora de quimicos tiene un rendimiento de alta velocidad. La serie EJ funciona a 360 golpes por minuto, - Bombas dosificadoras de cloro en Ecuador\",\"breadcrumb\":{\"@id\":\"https:\\\/\\\/www.grupo-inducom.com\\\/ec\\\/productos\\\/bomba-dosificadora-de-quimicos-serie-ej\\\/#breadcrumb\"},\"inLanguage\":\"es\",\"potentialAction\":[{\"@type\":\"ReadAction\",\"target\":[\"https:\\\/\\\/www.grupo-inducom.com\\\/ec\\\/productos\\\/bomba-dosificadora-de-quimicos-serie-ej\\\/\"]}]},{\"@type\":\"ImageObject\",\"inLanguage\":\"es\",\"@id\":\"https:\\\/\\\/www.grupo-inducom.com\\\/ec\\\/productos\\\/bomba-dosificadora-de-quimicos-serie-ej\\\/#primaryimage\",\"url\":\"https:\\\/\\\/www.grupo-inducom.com\\\/ec\\\/wp-content\\\/uploads\\\/sites\\\/2\\\/2023\\\/05\\\/23-2.webp\",\"contentUrl\":\"https:\\\/\\\/www.grupo-inducom.com\\\/ec\\\/wp-content\\\/uploads\\\/sites\\\/2\\\/2023\\\/05\\\/23-2.webp\",\"width\":300,\"height\":225},{\"@type\":\"BreadcrumbList\",\"@id\":\"https:\\\/\\\/www.grupo-inducom.com\\\/ec\\\/productos\\\/bomba-dosificadora-de-quimicos-serie-ej\\\/#breadcrumb\",\"itemListElement\":[{\"@type\":\"ListItem\",\"position\":1,\"name\":\"Portada\",\"item\":\"https:\\\/\\\/www.grupo-inducom.com\\\/ec\\\/\"},{\"@type\":\"ListItem\",\"position\":2,\"name\":\"Tienda\",\"item\":\"https:\\\/\\\/www.grupo-inducom.com\\\/ec\\\/tienda\\\/\"},{\"@type\":\"ListItem\",\"position\":3,\"name\":\"Bomba dosificadora de qu\u00edmicos serie EJ\"}]},{\"@type\":\"WebSite\",\"@id\":\"https:\\\/\\\/www.grupo-inducom.com\\\/ec\\\/#website\",\"url\":\"https:\\\/\\\/www.grupo-inducom.com\\\/ec\\\/\",\"name\":\"Inducom Ecuador\",\"description\":\"\",\"potentialAction\":[{\"@type\":\"SearchAction\",\"target\":{\"@type\":\"EntryPoint\",\"urlTemplate\":\"https:\\\/\\\/www.grupo-inducom.com\\\/ec\\\/?s={search_term_string}\"},\"query-input\":{\"@type\":\"PropertyValueSpecification\",\"valueRequired\":true,\"valueName\":\"search_term_string\"}}],\"inLanguage\":\"es\"}]}<\/script>\n<!-- \/ Yoast SEO plugin. -->","yoast_head_json":{"title":"Bomba dosificadora de qu\u00edmicos serie EJ - Venta en Bomba dosificadora de quimicos","description":"La bomba dosificadora de quimicos tiene un rendimiento de alta velocidad. La serie EJ funciona a 360 golpes por minuto, - Bombas dosificadoras de cloro en Ecuador","robots":{"index":"index","follow":"follow","max-snippet":"max-snippet:-1","max-image-preview":"max-image-preview:large","max-video-preview":"max-video-preview:-1"},"canonical":"https:\/\/www.grupo-inducom.com\/ec\/productos\/bomba-dosificadora-de-quimicos-serie-ej\/","og_locale":"es_ES","og_type":"article","og_title":"Bomba dosificadora de qu\u00edmicos serie EJ - Venta en Bomba dosificadora de quimicos","og_description":"La bomba dosificadora de quimicos tiene un rendimiento de alta velocidad. La serie EJ funciona a 360 golpes por minuto, - Bombas dosificadoras de cloro en Ecuador","og_url":"https:\/\/www.grupo-inducom.com\/ec\/productos\/bomba-dosificadora-de-quimicos-serie-ej\/","og_site_name":"Inducom Ecuador","article_modified_time":"2023-06-05T17:53:44+00:00","og_image":[{"width":300,"height":225,"url":"http:\/\/www.grupo-inducom.com\/ec\/wp-content\/uploads\/sites\/2\/2023\/05\/23-2.webp","type":"image\/webp"}],"twitter_card":"summary_large_image","twitter_misc":{"Tiempo de lectura":"1 minuto"},"schema":{"@context":"https:\/\/schema.org","@graph":[{"@type":"WebPage","@id":"https:\/\/www.grupo-inducom.com\/ec\/productos\/bomba-dosificadora-de-quimicos-serie-ej\/","url":"https:\/\/www.grupo-inducom.com\/ec\/productos\/bomba-dosificadora-de-quimicos-serie-ej\/","name":"Bomba dosificadora de qu\u00edmicos serie EJ - Venta en Bomba dosificadora de quimicos","isPartOf":{"@id":"https:\/\/www.grupo-inducom.com\/ec\/#website"},"primaryImageOfPage":{"@id":"https:\/\/www.grupo-inducom.com\/ec\/productos\/bomba-dosificadora-de-quimicos-serie-ej\/#primaryimage"},"image":{"@id":"https:\/\/www.grupo-inducom.com\/ec\/productos\/bomba-dosificadora-de-quimicos-serie-ej\/#primaryimage"},"thumbnailUrl":"https:\/\/www.grupo-inducom.com\/ec\/wp-content\/uploads\/sites\/2\/2023\/05\/23-2.webp","datePublished":"2023-05-04T19:09:08+00:00","dateModified":"2023-06-05T17:53:44+00:00","description":"La bomba dosificadora de quimicos tiene un rendimiento de alta velocidad. La serie EJ funciona a 360 golpes por minuto, - Bombas dosificadoras de cloro en Ecuador","breadcrumb":{"@id":"https:\/\/www.grupo-inducom.com\/ec\/productos\/bomba-dosificadora-de-quimicos-serie-ej\/#breadcrumb"},"inLanguage":"es","potentialAction":[{"@type":"ReadAction","target":["https:\/\/www.grupo-inducom.com\/ec\/productos\/bomba-dosificadora-de-quimicos-serie-ej\/"]}]},{"@type":"ImageObject","inLanguage":"es","@id":"https:\/\/www.grupo-inducom.com\/ec\/productos\/bomba-dosificadora-de-quimicos-serie-ej\/#primaryimage","url":"https:\/\/www.grupo-inducom.com\/ec\/wp-content\/uploads\/sites\/2\/2023\/05\/23-2.webp","contentUrl":"https:\/\/www.grupo-inducom.com\/ec\/wp-content\/uploads\/sites\/2\/2023\/05\/23-2.webp","width":300,"height":225},{"@type":"BreadcrumbList","@id":"https:\/\/www.grupo-inducom.com\/ec\/productos\/bomba-dosificadora-de-quimicos-serie-ej\/#breadcrumb","itemListElement":[{"@type":"ListItem","position":1,"name":"Portada","item":"https:\/\/www.grupo-inducom.com\/ec\/"},{"@type":"ListItem","position":2,"name":"Tienda","item":"https:\/\/www.grupo-inducom.com\/ec\/tienda\/"},{"@type":"ListItem","position":3,"name":"Bomba dosificadora de qu\u00edmicos serie EJ"}]},{"@type":"WebSite","@id":"https:\/\/www.grupo-inducom.com\/ec\/#website","url":"https:\/\/www.grupo-inducom.com\/ec\/","name":"Inducom Ecuador","description":"","potentialAction":[{"@type":"SearchAction","target":{"@type":"EntryPoint","urlTemplate":"https:\/\/www.grupo-inducom.com\/ec\/?s={search_term_string}"},"query-input":{"@type":"PropertyValueSpecification","valueRequired":true,"valueName":"search_term_string"}}],"inLanguage":"es"}]}},"_links":{"self":[{"href":"https:\/\/www.grupo-inducom.com\/ec\/wp-json\/wp\/v2\/product\/755","targetHints":{"allow":["GET"]}}],"collection":[{"href":"https:\/\/www.grupo-inducom.com\/ec\/wp-json\/wp\/v2\/product"}],"about":[{"href":"https:\/\/www.grupo-inducom.com\/ec\/wp-json\/wp\/v2\/types\/product"}],"replies":[{"embeddable":true,"href":"https:\/\/www.grupo-inducom.com\/ec\/wp-json\/wp\/v2\/comments?post=755"}],"wp:featuredmedia":[{"embeddable":true,"href":"https:\/\/www.grupo-inducom.com\/ec\/wp-json\/wp\/v2\/media\/785"}],"wp:attachment":[{"href":"https:\/\/www.grupo-inducom.com\/ec\/wp-json\/wp\/v2\/media?parent=755"}],"wp:term":[{"taxonomy":"product_brand","embeddable":true,"href":"https:\/\/www.grupo-inducom.com\/ec\/wp-json\/wp\/v2\/product_brand?post=755"},{"taxonomy":"product_cat","embeddable":true,"href":"https:\/\/www.grupo-inducom.com\/ec\/wp-json\/wp\/v2\/product_cat?post=755"},{"taxonomy":"product_tag","embeddable":true,"href":"https:\/\/www.grupo-inducom.com\/ec\/wp-json\/wp\/v2\/product_tag?post=755"}],"curies":[{"name":"wp","href":"https:\/\/api.w.org\/{rel}","templated":true}]}}