{"id":750,"date":"2023-05-04T14:09:08","date_gmt":"2023-05-04T14:09:08","guid":{"rendered":"https:\/\/www.grupo-inducom.com\/?post_type=product&#038;p=750"},"modified":"2023-05-12T13:24:49","modified_gmt":"2023-05-12T18:24:49","slug":"bomba-a-presion-water-jetting","status":"publish","type":"product","link":"https:\/\/www.grupo-inducom.com\/ec\/productos\/bomba-a-presion-water-jetting\/","title":{"rendered":"Bomba a presi\u00f3n &#8211; Water Jetting"},"content":{"rendered":"<p>Water Jetting (Gardner Denver)<\/p>\n<p>Nuestros vers\u00e1tiles sistemas de chorro de agua proporcionan soluciones potentes y seguras para el medio ambiente y resolver problemas de limpieza, corte y preparaci\u00f3n de superficies en las numerosas aplicaciones e industrias.<\/p>\n<p>Gardner Denver tambi\u00e9n es una f\u00e1brica reconocida a nivel mundial por sus compresores, bombas, sopladores entre otras soluciones de la ingenier\u00eda en la industria.<\/p>\n<p><strong>Se tiene tambi\u00e9n sistemas de :<\/strong><\/p>\n<ul>\n<li>tratamiento de aire,<\/li>\n<li>piezas de repuesto genuinas<\/li>\n<li>equipos de transferencia de fluidos para los productos qu\u00edmicos y tecnolog\u00eda ecol\u00f3gica e industrias de alimentos y bebidas.<\/li>\n<li><span data-sheets-value=\"{&quot;1&quot;:2,&quot;2&quot;:&quot;Agregar \u00edtem: Agua a ultra-alta presi\u00f3n para su uso en el corte industrial&quot;}\" data-sheets-userformat=\"{&quot;2&quot;:769,&quot;3&quot;:{&quot;1&quot;:0},&quot;11&quot;:4,&quot;12&quot;:0}\">Agua a ultra-alta presi\u00f3n para su uso en el corte industrial<\/span><\/li>\n<\/ul>\n<p>&nbsp;<\/p>\n<p>&nbsp;<\/p>\n","protected":false},"excerpt":{"rendered":"<ul>\n<li>Marca:Gardner Denver<\/li>\n<li>Proporcionan soluciones potentes y seguras<\/li>\n<li>Sistemas Vers\u00e1tiles.<\/li>\n<\/ul>\n","protected":false},"featured_media":2749,"comment_status":"closed","ping_status":"closed","template":"","meta":{"_acf_changed":false,"_et_pb_use_builder":"","_et_pb_old_content":"","_et_gb_content_width":"","content-type":""},"product_brand":[],"product_cat":[80],"product_tag":[78,83,134],"class_list":{"0":"post-750","1":"product","2":"type-product","3":"status-publish","4":"has-post-thumbnail","6":"product_cat-bomba-de-desplazamiento-positivo","7":"product_tag-bomba-de-agua","8":"product_tag-bomba-de-presion","9":"product_tag-gardner-denver","11":"first","12":"instock","13":"shipping-taxable","14":"product-type-simple"},"acf":[],"yoast_head":"<!-- This site is optimized with the Yoast SEO plugin v27.2 - https:\/\/yoast.com\/product\/yoast-seo-wordpress\/ -->\n<title>Bomba a presi\u00f3n - Water Jetting - Venta de bomba Water Jetting - Ecuador<\/title>\n<meta name=\"description\" content=\"Nuestra vers\u00e1til bomba Water Jetting (Gardner Denver) proporciona soluciones potentes para numerosas aplicaciones e industrias. - Guayaquil, Cuenca, Quito,\" \/>\n<meta name=\"robots\" content=\"index, follow, max-snippet:-1, max-image-preview:large, max-video-preview:-1\" \/>\n<link rel=\"canonical\" href=\"https:\/\/www.grupo-inducom.com\/ec\/productos\/bomba-a-presion-water-jetting\/\" \/>\n<meta property=\"og:locale\" content=\"es_ES\" \/>\n<meta property=\"og:type\" content=\"article\" \/>\n<meta property=\"og:title\" content=\"Bomba a presi\u00f3n - Water Jetting - Venta de bomba Water Jetting - Ecuador\" \/>\n<meta property=\"og:description\" content=\"Nuestra vers\u00e1til bomba Water Jetting (Gardner Denver) proporciona soluciones potentes para numerosas aplicaciones e industrias. - Guayaquil, Cuenca, Quito,\" \/>\n<meta property=\"og:url\" content=\"https:\/\/www.grupo-inducom.com\/ec\/productos\/bomba-a-presion-water-jetting\/\" \/>\n<meta property=\"og:site_name\" content=\"Inducom Ecuador\" \/>\n<meta property=\"article:modified_time\" content=\"2023-05-12T18:24:49+00:00\" \/>\n<meta property=\"og:image\" content=\"http:\/\/www.grupo-inducom.com\/ec\/wp-content\/uploads\/sites\/2\/2019\/05\/Water-Jetting-by-Gardner-Denver.png\" \/>\n\t<meta property=\"og:image:width\" content=\"596\" \/>\n\t<meta property=\"og:image:height\" content=\"294\" \/>\n\t<meta property=\"og:image:type\" content=\"image\/png\" \/>\n<meta name=\"twitter:card\" content=\"summary_large_image\" \/>\n<meta name=\"twitter:label1\" content=\"Tiempo de lectura\" \/>\n\t<meta name=\"twitter:data1\" content=\"1 minuto\" \/>\n<script type=\"application\/ld+json\" class=\"yoast-schema-graph\">{\"@context\":\"https:\/\/schema.org\",\"@graph\":[{\"@type\":\"WebPage\",\"@id\":\"https:\/\/www.grupo-inducom.com\/ec\/productos\/bomba-a-presion-water-jetting\/\",\"url\":\"https:\/\/www.grupo-inducom.com\/ec\/productos\/bomba-a-presion-water-jetting\/\",\"name\":\"Bomba a presi\u00f3n - Water Jetting - Venta de bomba Water Jetting - Ecuador\",\"isPartOf\":{\"@id\":\"https:\/\/www.grupo-inducom.com\/ec\/#website\"},\"primaryImageOfPage\":{\"@id\":\"https:\/\/www.grupo-inducom.com\/ec\/productos\/bomba-a-presion-water-jetting\/#primaryimage\"},\"image\":{\"@id\":\"https:\/\/www.grupo-inducom.com\/ec\/productos\/bomba-a-presion-water-jetting\/#primaryimage\"},\"thumbnailUrl\":\"https:\/\/www.grupo-inducom.com\/ec\/wp-content\/uploads\/sites\/2\/2019\/05\/Water-Jetting-by-Gardner-Denver.png\",\"datePublished\":\"2023-05-04T14:09:08+00:00\",\"dateModified\":\"2023-05-12T18:24:49+00:00\",\"description\":\"Nuestra vers\u00e1til bomba Water Jetting (Gardner Denver) proporciona soluciones potentes para numerosas aplicaciones e industrias. - Guayaquil, Cuenca, Quito,\",\"breadcrumb\":{\"@id\":\"https:\/\/www.grupo-inducom.com\/ec\/productos\/bomba-a-presion-water-jetting\/#breadcrumb\"},\"inLanguage\":\"es\",\"potentialAction\":[{\"@type\":\"ReadAction\",\"target\":[\"https:\/\/www.grupo-inducom.com\/ec\/productos\/bomba-a-presion-water-jetting\/\"]}]},{\"@type\":\"ImageObject\",\"inLanguage\":\"es\",\"@id\":\"https:\/\/www.grupo-inducom.com\/ec\/productos\/bomba-a-presion-water-jetting\/#primaryimage\",\"url\":\"https:\/\/www.grupo-inducom.com\/ec\/wp-content\/uploads\/sites\/2\/2019\/05\/Water-Jetting-by-Gardner-Denver.png\",\"contentUrl\":\"https:\/\/www.grupo-inducom.com\/ec\/wp-content\/uploads\/sites\/2\/2019\/05\/Water-Jetting-by-Gardner-Denver.png\",\"width\":596,\"height\":294,\"caption\":\"Nuestros vers\u00e1tiles sistemas de chorro de agua proporcionan soluciones potentes y seguras para el medio ambiente para resolver problemas dif\u00edciles de limpieza, corte y preparaci\u00f3n de superficies para numerosas aplicaciones e industrias.\"},{\"@type\":\"BreadcrumbList\",\"@id\":\"https:\/\/www.grupo-inducom.com\/ec\/productos\/bomba-a-presion-water-jetting\/#breadcrumb\",\"itemListElement\":[{\"@type\":\"ListItem\",\"position\":1,\"name\":\"Portada\",\"item\":\"https:\/\/www.grupo-inducom.com\/ec\/\"},{\"@type\":\"ListItem\",\"position\":2,\"name\":\"Tienda\",\"item\":\"https:\/\/www.grupo-inducom.com\/ec\/tienda\/\"},{\"@type\":\"ListItem\",\"position\":3,\"name\":\"Bomba a presi\u00f3n &#8211; Water Jetting\"}]},{\"@type\":\"WebSite\",\"@id\":\"https:\/\/www.grupo-inducom.com\/ec\/#website\",\"url\":\"https:\/\/www.grupo-inducom.com\/ec\/\",\"name\":\"Inducom Ecuador\",\"description\":\"\",\"potentialAction\":[{\"@type\":\"SearchAction\",\"target\":{\"@type\":\"EntryPoint\",\"urlTemplate\":\"https:\/\/www.grupo-inducom.com\/ec\/?s={search_term_string}\"},\"query-input\":{\"@type\":\"PropertyValueSpecification\",\"valueRequired\":true,\"valueName\":\"search_term_string\"}}],\"inLanguage\":\"es\"}]}<\/script>\n<!-- \/ Yoast SEO plugin. -->","yoast_head_json":{"title":"Bomba a presi\u00f3n - Water Jetting - Venta de bomba Water Jetting - Ecuador","description":"Nuestra vers\u00e1til bomba Water Jetting (Gardner Denver) proporciona soluciones potentes para numerosas aplicaciones e industrias. - Guayaquil, Cuenca, Quito,","robots":{"index":"index","follow":"follow","max-snippet":"max-snippet:-1","max-image-preview":"max-image-preview:large","max-video-preview":"max-video-preview:-1"},"canonical":"https:\/\/www.grupo-inducom.com\/ec\/productos\/bomba-a-presion-water-jetting\/","og_locale":"es_ES","og_type":"article","og_title":"Bomba a presi\u00f3n - Water Jetting - Venta de bomba Water Jetting - Ecuador","og_description":"Nuestra vers\u00e1til bomba Water Jetting (Gardner Denver) proporciona soluciones potentes para numerosas aplicaciones e industrias. - Guayaquil, Cuenca, Quito,","og_url":"https:\/\/www.grupo-inducom.com\/ec\/productos\/bomba-a-presion-water-jetting\/","og_site_name":"Inducom Ecuador","article_modified_time":"2023-05-12T18:24:49+00:00","og_image":[{"width":596,"height":294,"url":"http:\/\/www.grupo-inducom.com\/ec\/wp-content\/uploads\/sites\/2\/2019\/05\/Water-Jetting-by-Gardner-Denver.png","type":"image\/png"}],"twitter_card":"summary_large_image","twitter_misc":{"Tiempo de lectura":"1 minuto"},"schema":{"@context":"https:\/\/schema.org","@graph":[{"@type":"WebPage","@id":"https:\/\/www.grupo-inducom.com\/ec\/productos\/bomba-a-presion-water-jetting\/","url":"https:\/\/www.grupo-inducom.com\/ec\/productos\/bomba-a-presion-water-jetting\/","name":"Bomba a presi\u00f3n - Water Jetting - Venta de bomba Water Jetting - Ecuador","isPartOf":{"@id":"https:\/\/www.grupo-inducom.com\/ec\/#website"},"primaryImageOfPage":{"@id":"https:\/\/www.grupo-inducom.com\/ec\/productos\/bomba-a-presion-water-jetting\/#primaryimage"},"image":{"@id":"https:\/\/www.grupo-inducom.com\/ec\/productos\/bomba-a-presion-water-jetting\/#primaryimage"},"thumbnailUrl":"https:\/\/www.grupo-inducom.com\/ec\/wp-content\/uploads\/sites\/2\/2019\/05\/Water-Jetting-by-Gardner-Denver.png","datePublished":"2023-05-04T14:09:08+00:00","dateModified":"2023-05-12T18:24:49+00:00","description":"Nuestra vers\u00e1til bomba Water Jetting (Gardner Denver) proporciona soluciones potentes para numerosas aplicaciones e industrias. - Guayaquil, Cuenca, Quito,","breadcrumb":{"@id":"https:\/\/www.grupo-inducom.com\/ec\/productos\/bomba-a-presion-water-jetting\/#breadcrumb"},"inLanguage":"es","potentialAction":[{"@type":"ReadAction","target":["https:\/\/www.grupo-inducom.com\/ec\/productos\/bomba-a-presion-water-jetting\/"]}]},{"@type":"ImageObject","inLanguage":"es","@id":"https:\/\/www.grupo-inducom.com\/ec\/productos\/bomba-a-presion-water-jetting\/#primaryimage","url":"https:\/\/www.grupo-inducom.com\/ec\/wp-content\/uploads\/sites\/2\/2019\/05\/Water-Jetting-by-Gardner-Denver.png","contentUrl":"https:\/\/www.grupo-inducom.com\/ec\/wp-content\/uploads\/sites\/2\/2019\/05\/Water-Jetting-by-Gardner-Denver.png","width":596,"height":294,"caption":"Nuestros vers\u00e1tiles sistemas de chorro de agua proporcionan soluciones potentes y seguras para el medio ambiente para resolver problemas dif\u00edciles de limpieza, corte y preparaci\u00f3n de superficies para numerosas aplicaciones e industrias."},{"@type":"BreadcrumbList","@id":"https:\/\/www.grupo-inducom.com\/ec\/productos\/bomba-a-presion-water-jetting\/#breadcrumb","itemListElement":[{"@type":"ListItem","position":1,"name":"Portada","item":"https:\/\/www.grupo-inducom.com\/ec\/"},{"@type":"ListItem","position":2,"name":"Tienda","item":"https:\/\/www.grupo-inducom.com\/ec\/tienda\/"},{"@type":"ListItem","position":3,"name":"Bomba a presi\u00f3n &#8211; Water Jetting"}]},{"@type":"WebSite","@id":"https:\/\/www.grupo-inducom.com\/ec\/#website","url":"https:\/\/www.grupo-inducom.com\/ec\/","name":"Inducom Ecuador","description":"","potentialAction":[{"@type":"SearchAction","target":{"@type":"EntryPoint","urlTemplate":"https:\/\/www.grupo-inducom.com\/ec\/?s={search_term_string}"},"query-input":{"@type":"PropertyValueSpecification","valueRequired":true,"valueName":"search_term_string"}}],"inLanguage":"es"}]}},"_links":{"self":[{"href":"https:\/\/www.grupo-inducom.com\/ec\/wp-json\/wp\/v2\/product\/750","targetHints":{"allow":["GET"]}}],"collection":[{"href":"https:\/\/www.grupo-inducom.com\/ec\/wp-json\/wp\/v2\/product"}],"about":[{"href":"https:\/\/www.grupo-inducom.com\/ec\/wp-json\/wp\/v2\/types\/product"}],"replies":[{"embeddable":true,"href":"https:\/\/www.grupo-inducom.com\/ec\/wp-json\/wp\/v2\/comments?post=750"}],"wp:featuredmedia":[{"embeddable":true,"href":"https:\/\/www.grupo-inducom.com\/ec\/wp-json\/wp\/v2\/media\/2749"}],"wp:attachment":[{"href":"https:\/\/www.grupo-inducom.com\/ec\/wp-json\/wp\/v2\/media?parent=750"}],"wp:term":[{"taxonomy":"product_brand","embeddable":true,"href":"https:\/\/www.grupo-inducom.com\/ec\/wp-json\/wp\/v2\/product_brand?post=750"},{"taxonomy":"product_cat","embeddable":true,"href":"https:\/\/www.grupo-inducom.com\/ec\/wp-json\/wp\/v2\/product_cat?post=750"},{"taxonomy":"product_tag","embeddable":true,"href":"https:\/\/www.grupo-inducom.com\/ec\/wp-json\/wp\/v2\/product_tag?post=750"}],"curies":[{"name":"wp","href":"https:\/\/api.w.org\/{rel}","templated":true}]}}