{"id":744,"date":"2023-05-04T14:09:07","date_gmt":"2023-05-04T14:09:07","guid":{"rendered":"https:\/\/www.grupo-inducom.com\/?post_type=product&#038;p=744"},"modified":"2023-05-04T14:09:07","modified_gmt":"2023-05-04T14:09:07","slug":"controlador-industrial-serie-w600","status":"publish","type":"product","link":"https:\/\/www.grupo-inducom.com\/ec\/productos\/controlador-industrial-serie-w600\/","title":{"rendered":"Controlador industrial serie w600"},"content":{"rendered":"<p><strong>CONTROLADORES PARA TRATAMIENTO DE AGUAS SERIE W600<\/strong><\/p>\n<p>Los controladores industriales en l\u00ednea Serie W600 representan los \u00faltimos avances en tecnolog\u00eda e innovaci\u00f3n de Walchem para una variedad de aplicaciones de tratamiento de aguas en el mercado industrial, comercial y municipal.<\/p>\n<ul>\n<li>S<strong>imple configuraci\u00f3n basada en iconos<\/strong><\/li>\n<\/ul>\n<p>su gran pantalla tipo \u201ctouch\u201d, sus capacidades de comunicaci\u00f3n y la posibilidad de administraci\u00f3n de datos de proceso a trav\u00e9s de un puerto USB o v\u00eda Internet, son las caracter\u00edsticas distintivas de esta serie.<\/p>\n<ul>\n<li><strong>Con capacidad hasta 2 entradas (sensores Walchem o sensores 4-20 mA), <\/strong><\/li>\n<\/ul>\n<p>selecci\u00f3n de una gran variedad de sensores industriales, modos de salidas y configuraciones de rel\u00e9s para personalizar su aplicaci\u00f3n.<\/p>\n<ul>\n<li><strong>Las salidas de pulso proporcional y On\/Off <\/strong><\/li>\n<\/ul>\n<p>est\u00e1n disponibles para el control de v\u00e1lvulas y bombas dosificadoras. Los controladores est\u00e1n dise\u00f1ados para aplicaciones en ambientes industriales.<\/p>\n<ul>\n<li><strong>El gabinete NEMA 4X (IP65)<\/strong><\/li>\n<\/ul>\n<p>combinado con los sensores industriales provee un sistema a prueba de agua ideal para ambientes h\u00famedos o corrosivos. Su dise\u00f1o robusto garantiza una larga vida \u00fatil.<\/p>\n","protected":false},"excerpt":{"rendered":"<ul>\n<li>Marca: Iwaki<\/li>\n<li>Puerto USB standard<\/li>\n<li>Gabinete NEMA 4X &#8211; IP65<\/li>\n<li>M\u00faltiples Lenguajes \uf050 Gran Pantalla tipo \u201cTouch\u201d<\/li>\n<li>Hasta 2 Sensores y 6 Rel\u00e9s<\/li>\n<li>La serie W600 ofrece un puerto USB para descarga de datos y eventos f\u00e1cilmente.<\/li>\n<\/ul>\n","protected":false},"featured_media":774,"comment_status":"closed","ping_status":"closed","template":"","meta":{"_acf_changed":false,"_et_pb_use_builder":"","_et_pb_old_content":"","_et_gb_content_width":"","content-type":""},"product_brand":[],"product_cat":[70],"product_tag":[180],"class_list":{"0":"post-744","1":"product","2":"type-product","3":"status-publish","4":"has-post-thumbnail","6":"product_cat-automatizacion-y-controladores","7":"product_tag-walchem","9":"first","10":"instock","11":"shipping-taxable","12":"product-type-simple"},"acf":[],"yoast_head":"<!-- This site is optimized with the Yoast SEO plugin v27.4 - https:\/\/yoast.com\/product\/yoast-seo-wordpress\/ -->\n<title>Controlador industrial serie w600 - Venta de controladores serie W600 - Ecuador<\/title>\n<meta name=\"description\" content=\"Los controladores de serie W600 cuenta con una gran pantalla tipo \u201ctouch\u201d, permitiendo mejorar sus capacidades de comunicaci\u00f3n - Guayaquil, Quito, Cuenca ...\" \/>\n<meta name=\"robots\" content=\"index, follow, max-snippet:-1, max-image-preview:large, max-video-preview:-1\" \/>\n<link rel=\"canonical\" href=\"https:\/\/www.grupo-inducom.com\/ec\/productos\/controlador-industrial-serie-w600\/\" \/>\n<meta property=\"og:locale\" content=\"es_ES\" \/>\n<meta property=\"og:type\" content=\"article\" \/>\n<meta property=\"og:title\" content=\"Controlador industrial serie w600 - Venta de controladores serie W600 - Ecuador\" \/>\n<meta property=\"og:description\" content=\"Los controladores de serie W600 cuenta con una gran pantalla tipo \u201ctouch\u201d, permitiendo mejorar sus capacidades de comunicaci\u00f3n - Guayaquil, Quito, Cuenca ...\" \/>\n<meta property=\"og:url\" content=\"https:\/\/www.grupo-inducom.com\/ec\/productos\/controlador-industrial-serie-w600\/\" \/>\n<meta property=\"og:site_name\" content=\"Inducom Ecuador\" \/>\n<meta property=\"og:image\" content=\"http:\/\/www.grupo-inducom.com\/ec\/wp-content\/uploads\/sites\/2\/2023\/05\/50-1.png\" \/>\n\t<meta property=\"og:image:width\" content=\"300\" \/>\n\t<meta property=\"og:image:height\" content=\"225\" \/>\n\t<meta property=\"og:image:type\" content=\"image\/png\" \/>\n<meta name=\"twitter:card\" content=\"summary_large_image\" \/>\n<meta name=\"twitter:label1\" content=\"Tiempo de lectura\" \/>\n\t<meta name=\"twitter:data1\" content=\"1 minuto\" \/>\n<script type=\"application\/ld+json\" class=\"yoast-schema-graph\">{\"@context\":\"https:\\\/\\\/schema.org\",\"@graph\":[{\"@type\":\"WebPage\",\"@id\":\"https:\\\/\\\/www.grupo-inducom.com\\\/ec\\\/productos\\\/controlador-industrial-serie-w600\\\/\",\"url\":\"https:\\\/\\\/www.grupo-inducom.com\\\/ec\\\/productos\\\/controlador-industrial-serie-w600\\\/\",\"name\":\"Controlador industrial serie w600 - Venta de controladores serie W600 - Ecuador\",\"isPartOf\":{\"@id\":\"https:\\\/\\\/www.grupo-inducom.com\\\/ec\\\/#website\"},\"primaryImageOfPage\":{\"@id\":\"https:\\\/\\\/www.grupo-inducom.com\\\/ec\\\/productos\\\/controlador-industrial-serie-w600\\\/#primaryimage\"},\"image\":{\"@id\":\"https:\\\/\\\/www.grupo-inducom.com\\\/ec\\\/productos\\\/controlador-industrial-serie-w600\\\/#primaryimage\"},\"thumbnailUrl\":\"https:\\\/\\\/www.grupo-inducom.com\\\/ec\\\/wp-content\\\/uploads\\\/sites\\\/2\\\/2023\\\/05\\\/50-1.png\",\"datePublished\":\"2023-05-04T14:09:07+00:00\",\"description\":\"Los controladores de serie W600 cuenta con una gran pantalla tipo \u201ctouch\u201d, permitiendo mejorar sus capacidades de comunicaci\u00f3n - Guayaquil, Quito, Cuenca ...\",\"breadcrumb\":{\"@id\":\"https:\\\/\\\/www.grupo-inducom.com\\\/ec\\\/productos\\\/controlador-industrial-serie-w600\\\/#breadcrumb\"},\"inLanguage\":\"es\",\"potentialAction\":[{\"@type\":\"ReadAction\",\"target\":[\"https:\\\/\\\/www.grupo-inducom.com\\\/ec\\\/productos\\\/controlador-industrial-serie-w600\\\/\"]}]},{\"@type\":\"ImageObject\",\"inLanguage\":\"es\",\"@id\":\"https:\\\/\\\/www.grupo-inducom.com\\\/ec\\\/productos\\\/controlador-industrial-serie-w600\\\/#primaryimage\",\"url\":\"https:\\\/\\\/www.grupo-inducom.com\\\/ec\\\/wp-content\\\/uploads\\\/sites\\\/2\\\/2023\\\/05\\\/50-1.png\",\"contentUrl\":\"https:\\\/\\\/www.grupo-inducom.com\\\/ec\\\/wp-content\\\/uploads\\\/sites\\\/2\\\/2023\\\/05\\\/50-1.png\",\"width\":300,\"height\":225},{\"@type\":\"BreadcrumbList\",\"@id\":\"https:\\\/\\\/www.grupo-inducom.com\\\/ec\\\/productos\\\/controlador-industrial-serie-w600\\\/#breadcrumb\",\"itemListElement\":[{\"@type\":\"ListItem\",\"position\":1,\"name\":\"Portada\",\"item\":\"https:\\\/\\\/www.grupo-inducom.com\\\/ec\\\/\"},{\"@type\":\"ListItem\",\"position\":2,\"name\":\"Tienda\",\"item\":\"https:\\\/\\\/www.grupo-inducom.com\\\/ec\\\/tienda\\\/\"},{\"@type\":\"ListItem\",\"position\":3,\"name\":\"Controlador industrial serie w600\"}]},{\"@type\":\"WebSite\",\"@id\":\"https:\\\/\\\/www.grupo-inducom.com\\\/ec\\\/#website\",\"url\":\"https:\\\/\\\/www.grupo-inducom.com\\\/ec\\\/\",\"name\":\"Inducom Ecuador\",\"description\":\"\",\"potentialAction\":[{\"@type\":\"SearchAction\",\"target\":{\"@type\":\"EntryPoint\",\"urlTemplate\":\"https:\\\/\\\/www.grupo-inducom.com\\\/ec\\\/?s={search_term_string}\"},\"query-input\":{\"@type\":\"PropertyValueSpecification\",\"valueRequired\":true,\"valueName\":\"search_term_string\"}}],\"inLanguage\":\"es\"}]}<\/script>\n<!-- \/ Yoast SEO plugin. -->","yoast_head_json":{"title":"Controlador industrial serie w600 - Venta de controladores serie W600 - Ecuador","description":"Los controladores de serie W600 cuenta con una gran pantalla tipo \u201ctouch\u201d, permitiendo mejorar sus capacidades de comunicaci\u00f3n - Guayaquil, Quito, Cuenca ...","robots":{"index":"index","follow":"follow","max-snippet":"max-snippet:-1","max-image-preview":"max-image-preview:large","max-video-preview":"max-video-preview:-1"},"canonical":"https:\/\/www.grupo-inducom.com\/ec\/productos\/controlador-industrial-serie-w600\/","og_locale":"es_ES","og_type":"article","og_title":"Controlador industrial serie w600 - Venta de controladores serie W600 - Ecuador","og_description":"Los controladores de serie W600 cuenta con una gran pantalla tipo \u201ctouch\u201d, permitiendo mejorar sus capacidades de comunicaci\u00f3n - Guayaquil, Quito, Cuenca ...","og_url":"https:\/\/www.grupo-inducom.com\/ec\/productos\/controlador-industrial-serie-w600\/","og_site_name":"Inducom Ecuador","og_image":[{"width":300,"height":225,"url":"http:\/\/www.grupo-inducom.com\/ec\/wp-content\/uploads\/sites\/2\/2023\/05\/50-1.png","type":"image\/png"}],"twitter_card":"summary_large_image","twitter_misc":{"Tiempo de lectura":"1 minuto"},"schema":{"@context":"https:\/\/schema.org","@graph":[{"@type":"WebPage","@id":"https:\/\/www.grupo-inducom.com\/ec\/productos\/controlador-industrial-serie-w600\/","url":"https:\/\/www.grupo-inducom.com\/ec\/productos\/controlador-industrial-serie-w600\/","name":"Controlador industrial serie w600 - Venta de controladores serie W600 - Ecuador","isPartOf":{"@id":"https:\/\/www.grupo-inducom.com\/ec\/#website"},"primaryImageOfPage":{"@id":"https:\/\/www.grupo-inducom.com\/ec\/productos\/controlador-industrial-serie-w600\/#primaryimage"},"image":{"@id":"https:\/\/www.grupo-inducom.com\/ec\/productos\/controlador-industrial-serie-w600\/#primaryimage"},"thumbnailUrl":"https:\/\/www.grupo-inducom.com\/ec\/wp-content\/uploads\/sites\/2\/2023\/05\/50-1.png","datePublished":"2023-05-04T14:09:07+00:00","description":"Los controladores de serie W600 cuenta con una gran pantalla tipo \u201ctouch\u201d, permitiendo mejorar sus capacidades de comunicaci\u00f3n - Guayaquil, Quito, Cuenca ...","breadcrumb":{"@id":"https:\/\/www.grupo-inducom.com\/ec\/productos\/controlador-industrial-serie-w600\/#breadcrumb"},"inLanguage":"es","potentialAction":[{"@type":"ReadAction","target":["https:\/\/www.grupo-inducom.com\/ec\/productos\/controlador-industrial-serie-w600\/"]}]},{"@type":"ImageObject","inLanguage":"es","@id":"https:\/\/www.grupo-inducom.com\/ec\/productos\/controlador-industrial-serie-w600\/#primaryimage","url":"https:\/\/www.grupo-inducom.com\/ec\/wp-content\/uploads\/sites\/2\/2023\/05\/50-1.png","contentUrl":"https:\/\/www.grupo-inducom.com\/ec\/wp-content\/uploads\/sites\/2\/2023\/05\/50-1.png","width":300,"height":225},{"@type":"BreadcrumbList","@id":"https:\/\/www.grupo-inducom.com\/ec\/productos\/controlador-industrial-serie-w600\/#breadcrumb","itemListElement":[{"@type":"ListItem","position":1,"name":"Portada","item":"https:\/\/www.grupo-inducom.com\/ec\/"},{"@type":"ListItem","position":2,"name":"Tienda","item":"https:\/\/www.grupo-inducom.com\/ec\/tienda\/"},{"@type":"ListItem","position":3,"name":"Controlador industrial serie w600"}]},{"@type":"WebSite","@id":"https:\/\/www.grupo-inducom.com\/ec\/#website","url":"https:\/\/www.grupo-inducom.com\/ec\/","name":"Inducom Ecuador","description":"","potentialAction":[{"@type":"SearchAction","target":{"@type":"EntryPoint","urlTemplate":"https:\/\/www.grupo-inducom.com\/ec\/?s={search_term_string}"},"query-input":{"@type":"PropertyValueSpecification","valueRequired":true,"valueName":"search_term_string"}}],"inLanguage":"es"}]}},"_links":{"self":[{"href":"https:\/\/www.grupo-inducom.com\/ec\/wp-json\/wp\/v2\/product\/744","targetHints":{"allow":["GET"]}}],"collection":[{"href":"https:\/\/www.grupo-inducom.com\/ec\/wp-json\/wp\/v2\/product"}],"about":[{"href":"https:\/\/www.grupo-inducom.com\/ec\/wp-json\/wp\/v2\/types\/product"}],"replies":[{"embeddable":true,"href":"https:\/\/www.grupo-inducom.com\/ec\/wp-json\/wp\/v2\/comments?post=744"}],"wp:featuredmedia":[{"embeddable":true,"href":"https:\/\/www.grupo-inducom.com\/ec\/wp-json\/wp\/v2\/media\/774"}],"wp:attachment":[{"href":"https:\/\/www.grupo-inducom.com\/ec\/wp-json\/wp\/v2\/media?parent=744"}],"wp:term":[{"taxonomy":"product_brand","embeddable":true,"href":"https:\/\/www.grupo-inducom.com\/ec\/wp-json\/wp\/v2\/product_brand?post=744"},{"taxonomy":"product_cat","embeddable":true,"href":"https:\/\/www.grupo-inducom.com\/ec\/wp-json\/wp\/v2\/product_cat?post=744"},{"taxonomy":"product_tag","embeddable":true,"href":"https:\/\/www.grupo-inducom.com\/ec\/wp-json\/wp\/v2\/product_tag?post=744"}],"curies":[{"name":"wp","href":"https:\/\/api.w.org\/{rel}","templated":true}]}}