{"id":742,"date":"2023-05-04T14:09:07","date_gmt":"2023-05-04T14:09:07","guid":{"rendered":"https:\/\/www.grupo-inducom.com\/?post_type=product&#038;p=742"},"modified":"2023-05-04T14:09:07","modified_gmt":"2023-05-04T14:09:07","slug":"bomba-hidraulica-y-neumatica","status":"publish","type":"product","link":"https:\/\/www.grupo-inducom.com\/ec\/productos\/bomba-hidraulica-y-neumatica\/","title":{"rendered":"Bomba hidr\u00e1ulica y ne\u00famatica"},"content":{"rendered":"<p><strong>CARACTER\u00cdSTICAS<\/strong><\/p>\n<ul>\n<li>Medios: de aceite.<\/li>\n<li>Accionamiento: Neum\u00e1tica.<\/li>\n<li>Tecnolog\u00eda: Centr\u00edfuga.<\/li>\n<li>Sector: Industrial.<\/li>\n<li>Otras caracter\u00edsticas: Para fluido de baja viscosidad.<\/li>\n<li>Caudal: M\u00edn.:\u00a00 l\/min (0 us gal\/min).<\/li>\n<li>M\u00e1x.:\u00a01.680 l\/min (443,809 us gal\/min).<\/li>\n<li>Altura: M\u00edn.:\u00a00 m (0&#8217;00\u00bb).<\/li>\n<li>M\u00e1x.: 25 m (82&#8217;00\u00bb).<\/li>\n<\/ul>\n","protected":false},"excerpt":{"rendered":"<ul>\n<li>Marca: Atlas copco<\/li>\n<li>Bombas hidr\u00e1ulicas y neum\u00e1ticas.<\/li>\n<li>Bombas hidr\u00e1ulicas y neum\u00e1ticas centr\u00edfugas y de diafragma.<\/li>\n<li>Bombeo de aguas oleosas.<\/li>\n<li>Anti explosivas.<\/li>\n<li>Caudal m\u00e1ximo.<\/li>\n<li>Cero riesgos de explosi\u00f3n.<\/li>\n<\/ul>\n","protected":false},"featured_media":772,"comment_status":"closed","ping_status":"closed","template":"","meta":{"_acf_changed":false,"_et_pb_use_builder":"","_et_pb_old_content":"","_et_gb_content_width":"","content-type":""},"product_brand":[],"product_cat":[80],"product_tag":[69,85,86],"class_list":{"0":"post-742","1":"product","2":"type-product","3":"status-publish","4":"has-post-thumbnail","6":"product_cat-bomba-de-desplazamiento-positivo","7":"product_tag-atlas-copco","8":"product_tag-bomba-hidraulica","9":"product_tag-bomba-neumatica","11":"first","12":"instock","13":"shipping-taxable","14":"product-type-simple"},"acf":[],"yoast_head":"<!-- This site is optimized with the Yoast SEO plugin v27.4 - https:\/\/yoast.com\/product\/yoast-seo-wordpress\/ -->\n<title>Bomba hidr\u00e1ulica y ne\u00famatica - Bomba Sumergible de Drenaje<\/title>\n<meta name=\"description\" content=\"La bomba sumergible de drenaje para aguas residuales son ideales para el achique de aguas pluviales, fecales, industriales, agr\u00edcolas - Guayaquil,Quito..\" \/>\n<meta name=\"robots\" content=\"index, follow, max-snippet:-1, max-image-preview:large, max-video-preview:-1\" \/>\n<link rel=\"canonical\" href=\"https:\/\/www.grupo-inducom.com\/ec\/productos\/bomba-hidraulica-y-neumatica\/\" \/>\n<meta property=\"og:locale\" content=\"es_ES\" \/>\n<meta property=\"og:type\" content=\"article\" \/>\n<meta property=\"og:title\" content=\"Bomba hidr\u00e1ulica y ne\u00famatica - Bomba Sumergible de Drenaje\" \/>\n<meta property=\"og:description\" content=\"La bomba sumergible de drenaje para aguas residuales son ideales para el achique de aguas pluviales, fecales, industriales, agr\u00edcolas - Guayaquil,Quito..\" \/>\n<meta property=\"og:url\" content=\"https:\/\/www.grupo-inducom.com\/ec\/productos\/bomba-hidraulica-y-neumatica\/\" \/>\n<meta property=\"og:site_name\" content=\"Inducom Ecuador\" \/>\n<meta property=\"og:image\" content=\"http:\/\/www.grupo-inducom.com\/ec\/wp-content\/uploads\/sites\/2\/2023\/05\/40.png\" \/>\n\t<meta property=\"og:image:width\" content=\"300\" \/>\n\t<meta property=\"og:image:height\" content=\"225\" \/>\n\t<meta property=\"og:image:type\" content=\"image\/png\" \/>\n<meta name=\"twitter:card\" content=\"summary_large_image\" \/>\n<meta name=\"twitter:label1\" content=\"Tiempo de lectura\" \/>\n\t<meta name=\"twitter:data1\" content=\"1 minuto\" \/>\n<script type=\"application\/ld+json\" class=\"yoast-schema-graph\">{\"@context\":\"https:\\\/\\\/schema.org\",\"@graph\":[{\"@type\":\"WebPage\",\"@id\":\"https:\\\/\\\/www.grupo-inducom.com\\\/ec\\\/productos\\\/bomba-hidraulica-y-neumatica\\\/\",\"url\":\"https:\\\/\\\/www.grupo-inducom.com\\\/ec\\\/productos\\\/bomba-hidraulica-y-neumatica\\\/\",\"name\":\"Bomba hidr\u00e1ulica y ne\u00famatica - Bomba Sumergible de Drenaje\",\"isPartOf\":{\"@id\":\"https:\\\/\\\/www.grupo-inducom.com\\\/ec\\\/#website\"},\"primaryImageOfPage\":{\"@id\":\"https:\\\/\\\/www.grupo-inducom.com\\\/ec\\\/productos\\\/bomba-hidraulica-y-neumatica\\\/#primaryimage\"},\"image\":{\"@id\":\"https:\\\/\\\/www.grupo-inducom.com\\\/ec\\\/productos\\\/bomba-hidraulica-y-neumatica\\\/#primaryimage\"},\"thumbnailUrl\":\"https:\\\/\\\/www.grupo-inducom.com\\\/ec\\\/wp-content\\\/uploads\\\/sites\\\/2\\\/2023\\\/05\\\/40.png\",\"datePublished\":\"2023-05-04T14:09:07+00:00\",\"description\":\"La bomba sumergible de drenaje para aguas residuales son ideales para el achique de aguas pluviales, fecales, industriales, agr\u00edcolas - Guayaquil,Quito..\",\"breadcrumb\":{\"@id\":\"https:\\\/\\\/www.grupo-inducom.com\\\/ec\\\/productos\\\/bomba-hidraulica-y-neumatica\\\/#breadcrumb\"},\"inLanguage\":\"es\",\"potentialAction\":[{\"@type\":\"ReadAction\",\"target\":[\"https:\\\/\\\/www.grupo-inducom.com\\\/ec\\\/productos\\\/bomba-hidraulica-y-neumatica\\\/\"]}]},{\"@type\":\"ImageObject\",\"inLanguage\":\"es\",\"@id\":\"https:\\\/\\\/www.grupo-inducom.com\\\/ec\\\/productos\\\/bomba-hidraulica-y-neumatica\\\/#primaryimage\",\"url\":\"https:\\\/\\\/www.grupo-inducom.com\\\/ec\\\/wp-content\\\/uploads\\\/sites\\\/2\\\/2023\\\/05\\\/40.png\",\"contentUrl\":\"https:\\\/\\\/www.grupo-inducom.com\\\/ec\\\/wp-content\\\/uploads\\\/sites\\\/2\\\/2023\\\/05\\\/40.png\",\"width\":300,\"height\":225},{\"@type\":\"BreadcrumbList\",\"@id\":\"https:\\\/\\\/www.grupo-inducom.com\\\/ec\\\/productos\\\/bomba-hidraulica-y-neumatica\\\/#breadcrumb\",\"itemListElement\":[{\"@type\":\"ListItem\",\"position\":1,\"name\":\"Portada\",\"item\":\"https:\\\/\\\/www.grupo-inducom.com\\\/ec\\\/\"},{\"@type\":\"ListItem\",\"position\":2,\"name\":\"Tienda\",\"item\":\"https:\\\/\\\/www.grupo-inducom.com\\\/ec\\\/tienda\\\/\"},{\"@type\":\"ListItem\",\"position\":3,\"name\":\"Bomba hidr\u00e1ulica y ne\u00famatica\"}]},{\"@type\":\"WebSite\",\"@id\":\"https:\\\/\\\/www.grupo-inducom.com\\\/ec\\\/#website\",\"url\":\"https:\\\/\\\/www.grupo-inducom.com\\\/ec\\\/\",\"name\":\"Inducom Ecuador\",\"description\":\"\",\"potentialAction\":[{\"@type\":\"SearchAction\",\"target\":{\"@type\":\"EntryPoint\",\"urlTemplate\":\"https:\\\/\\\/www.grupo-inducom.com\\\/ec\\\/?s={search_term_string}\"},\"query-input\":{\"@type\":\"PropertyValueSpecification\",\"valueRequired\":true,\"valueName\":\"search_term_string\"}}],\"inLanguage\":\"es\"}]}<\/script>\n<!-- \/ Yoast SEO plugin. -->","yoast_head_json":{"title":"Bomba hidr\u00e1ulica y ne\u00famatica - Bomba Sumergible de Drenaje","description":"La bomba sumergible de drenaje para aguas residuales son ideales para el achique de aguas pluviales, fecales, industriales, agr\u00edcolas - Guayaquil,Quito..","robots":{"index":"index","follow":"follow","max-snippet":"max-snippet:-1","max-image-preview":"max-image-preview:large","max-video-preview":"max-video-preview:-1"},"canonical":"https:\/\/www.grupo-inducom.com\/ec\/productos\/bomba-hidraulica-y-neumatica\/","og_locale":"es_ES","og_type":"article","og_title":"Bomba hidr\u00e1ulica y ne\u00famatica - Bomba Sumergible de Drenaje","og_description":"La bomba sumergible de drenaje para aguas residuales son ideales para el achique de aguas pluviales, fecales, industriales, agr\u00edcolas - Guayaquil,Quito..","og_url":"https:\/\/www.grupo-inducom.com\/ec\/productos\/bomba-hidraulica-y-neumatica\/","og_site_name":"Inducom Ecuador","og_image":[{"width":300,"height":225,"url":"http:\/\/www.grupo-inducom.com\/ec\/wp-content\/uploads\/sites\/2\/2023\/05\/40.png","type":"image\/png"}],"twitter_card":"summary_large_image","twitter_misc":{"Tiempo de lectura":"1 minuto"},"schema":{"@context":"https:\/\/schema.org","@graph":[{"@type":"WebPage","@id":"https:\/\/www.grupo-inducom.com\/ec\/productos\/bomba-hidraulica-y-neumatica\/","url":"https:\/\/www.grupo-inducom.com\/ec\/productos\/bomba-hidraulica-y-neumatica\/","name":"Bomba hidr\u00e1ulica y ne\u00famatica - Bomba Sumergible de Drenaje","isPartOf":{"@id":"https:\/\/www.grupo-inducom.com\/ec\/#website"},"primaryImageOfPage":{"@id":"https:\/\/www.grupo-inducom.com\/ec\/productos\/bomba-hidraulica-y-neumatica\/#primaryimage"},"image":{"@id":"https:\/\/www.grupo-inducom.com\/ec\/productos\/bomba-hidraulica-y-neumatica\/#primaryimage"},"thumbnailUrl":"https:\/\/www.grupo-inducom.com\/ec\/wp-content\/uploads\/sites\/2\/2023\/05\/40.png","datePublished":"2023-05-04T14:09:07+00:00","description":"La bomba sumergible de drenaje para aguas residuales son ideales para el achique de aguas pluviales, fecales, industriales, agr\u00edcolas - Guayaquil,Quito..","breadcrumb":{"@id":"https:\/\/www.grupo-inducom.com\/ec\/productos\/bomba-hidraulica-y-neumatica\/#breadcrumb"},"inLanguage":"es","potentialAction":[{"@type":"ReadAction","target":["https:\/\/www.grupo-inducom.com\/ec\/productos\/bomba-hidraulica-y-neumatica\/"]}]},{"@type":"ImageObject","inLanguage":"es","@id":"https:\/\/www.grupo-inducom.com\/ec\/productos\/bomba-hidraulica-y-neumatica\/#primaryimage","url":"https:\/\/www.grupo-inducom.com\/ec\/wp-content\/uploads\/sites\/2\/2023\/05\/40.png","contentUrl":"https:\/\/www.grupo-inducom.com\/ec\/wp-content\/uploads\/sites\/2\/2023\/05\/40.png","width":300,"height":225},{"@type":"BreadcrumbList","@id":"https:\/\/www.grupo-inducom.com\/ec\/productos\/bomba-hidraulica-y-neumatica\/#breadcrumb","itemListElement":[{"@type":"ListItem","position":1,"name":"Portada","item":"https:\/\/www.grupo-inducom.com\/ec\/"},{"@type":"ListItem","position":2,"name":"Tienda","item":"https:\/\/www.grupo-inducom.com\/ec\/tienda\/"},{"@type":"ListItem","position":3,"name":"Bomba hidr\u00e1ulica y ne\u00famatica"}]},{"@type":"WebSite","@id":"https:\/\/www.grupo-inducom.com\/ec\/#website","url":"https:\/\/www.grupo-inducom.com\/ec\/","name":"Inducom Ecuador","description":"","potentialAction":[{"@type":"SearchAction","target":{"@type":"EntryPoint","urlTemplate":"https:\/\/www.grupo-inducom.com\/ec\/?s={search_term_string}"},"query-input":{"@type":"PropertyValueSpecification","valueRequired":true,"valueName":"search_term_string"}}],"inLanguage":"es"}]}},"_links":{"self":[{"href":"https:\/\/www.grupo-inducom.com\/ec\/wp-json\/wp\/v2\/product\/742","targetHints":{"allow":["GET"]}}],"collection":[{"href":"https:\/\/www.grupo-inducom.com\/ec\/wp-json\/wp\/v2\/product"}],"about":[{"href":"https:\/\/www.grupo-inducom.com\/ec\/wp-json\/wp\/v2\/types\/product"}],"replies":[{"embeddable":true,"href":"https:\/\/www.grupo-inducom.com\/ec\/wp-json\/wp\/v2\/comments?post=742"}],"wp:featuredmedia":[{"embeddable":true,"href":"https:\/\/www.grupo-inducom.com\/ec\/wp-json\/wp\/v2\/media\/772"}],"wp:attachment":[{"href":"https:\/\/www.grupo-inducom.com\/ec\/wp-json\/wp\/v2\/media?parent=742"}],"wp:term":[{"taxonomy":"product_brand","embeddable":true,"href":"https:\/\/www.grupo-inducom.com\/ec\/wp-json\/wp\/v2\/product_brand?post=742"},{"taxonomy":"product_cat","embeddable":true,"href":"https:\/\/www.grupo-inducom.com\/ec\/wp-json\/wp\/v2\/product_cat?post=742"},{"taxonomy":"product_tag","embeddable":true,"href":"https:\/\/www.grupo-inducom.com\/ec\/wp-json\/wp\/v2\/product_tag?post=742"}],"curies":[{"name":"wp","href":"https:\/\/api.w.org\/{rel}","templated":true}]}}