{"id":740,"date":"2023-05-04T14:09:06","date_gmt":"2023-05-04T14:09:06","guid":{"rendered":"https:\/\/www.grupo-inducom.com\/?post_type=product&#038;p=740"},"modified":"2023-05-04T14:09:06","modified_gmt":"2023-05-04T14:09:06","slug":"bomba-centrifuga-de-eje-libre","status":"publish","type":"product","link":"https:\/\/www.grupo-inducom.com\/ec\/productos\/bomba-centrifuga-de-eje-libre\/","title":{"rendered":"Bomba centr\u00edfuga de eje libre"},"content":{"rendered":"<p>La Bomba centr\u00edfuga de eje libre (Marca Corvex)\u00a0 se caracteriza\u00a0 por su cuerpo de bomba en Hierro fundido y acero Inoxidable.<\/p>\n<p><strong>Caracter\u00edsticas\u00a0<\/strong><\/p>\n<ul>\n<li>Impeller totalmente fundido, anillos de desgaste de bronce, intercambiables para recuperar tolerancias internas y de eficiencia hidr\u00e1ulica.<\/li>\n<li>Sello mec\u00e1nico con caras de carburo de silicio.<\/li>\n<li>Rodamientos de las cajas de lubricaci\u00f3n..<\/li>\n<\/ul>\n<p>&nbsp;<\/p>\n","protected":false},"excerpt":{"rendered":"<ul>\n<li>Marca: Corvex<\/li>\n<li>Cuerpo de bomba: hierro fundido, acero inoxidable.<\/li>\n<li>Impulsor: abierto o cerrado en hierro, bronce, acero inoxidable AISI 304\/316.<\/li>\n<li>Sello mec\u00e1nico: grafito \u2013 cer\u00e1mica \u2013 NBR.<\/li>\n<li>Eje: acero SAE 1040\/45 o acero inoxidable.<\/li>\n<li>Temperatura: rango de -10 a 120\u00baC.<\/li>\n<\/ul>\n","protected":false},"featured_media":770,"comment_status":"closed","ping_status":"closed","template":"","meta":{"_acf_changed":false,"_et_pb_use_builder":"","_et_pb_old_content":"","_et_gb_content_width":"","content-type":""},"product_brand":[],"product_cat":[103],"product_tag":[81,105,112,127],"class_list":{"0":"post-740","1":"product","2":"type-product","3":"status-publish","4":"has-post-thumbnail","6":"product_cat-bombas-centrifugas","7":"product_tag-bomba-de-eje-libre","8":"product_tag-bombas-de-agua","9":"product_tag-bombas-para-industrias","10":"product_tag-corvex-pumps","12":"first","13":"instock","14":"shipping-taxable","15":"product-type-simple"},"acf":[],"yoast_head":"<!-- This site is optimized with the Yoast SEO plugin v27.4 - https:\/\/yoast.com\/product\/yoast-seo-wordpress\/ -->\n<title>Bomba centr\u00edfuga de eje libre - Venta de Bomba centr\u00edfuga de eje libre<\/title>\n<meta name=\"description\" content=\"La Bomba centr\u00edfuga de eje libre Son aptas para aplicaciones de irrigaci\u00f3n, drenaje, alimentaci\u00f3n de calderas y construcciones civiles. - Guayaquil\" \/>\n<meta name=\"robots\" content=\"index, follow, max-snippet:-1, max-image-preview:large, max-video-preview:-1\" \/>\n<link rel=\"canonical\" href=\"https:\/\/www.grupo-inducom.com\/ec\/productos\/bomba-centrifuga-de-eje-libre\/\" \/>\n<meta property=\"og:locale\" content=\"es_ES\" \/>\n<meta property=\"og:type\" content=\"article\" \/>\n<meta property=\"og:title\" content=\"Bomba centr\u00edfuga de eje libre - Venta de Bomba centr\u00edfuga de eje libre\" \/>\n<meta property=\"og:description\" content=\"La Bomba centr\u00edfuga de eje libre Son aptas para aplicaciones de irrigaci\u00f3n, drenaje, alimentaci\u00f3n de calderas y construcciones civiles. - Guayaquil\" \/>\n<meta property=\"og:url\" content=\"https:\/\/www.grupo-inducom.com\/ec\/productos\/bomba-centrifuga-de-eje-libre\/\" \/>\n<meta property=\"og:site_name\" content=\"Inducom Ecuador\" \/>\n<meta property=\"og:image\" content=\"http:\/\/www.grupo-inducom.com\/ec\/wp-content\/uploads\/sites\/2\/2023\/05\/12-3.webp\" \/>\n\t<meta property=\"og:image:width\" content=\"300\" \/>\n\t<meta property=\"og:image:height\" content=\"225\" \/>\n\t<meta property=\"og:image:type\" content=\"image\/webp\" \/>\n<meta name=\"twitter:card\" content=\"summary_large_image\" \/>\n<script type=\"application\/ld+json\" class=\"yoast-schema-graph\">{\"@context\":\"https:\\\/\\\/schema.org\",\"@graph\":[{\"@type\":\"WebPage\",\"@id\":\"https:\\\/\\\/www.grupo-inducom.com\\\/ec\\\/productos\\\/bomba-centrifuga-de-eje-libre\\\/\",\"url\":\"https:\\\/\\\/www.grupo-inducom.com\\\/ec\\\/productos\\\/bomba-centrifuga-de-eje-libre\\\/\",\"name\":\"Bomba centr\u00edfuga de eje libre - Venta de Bomba centr\u00edfuga de eje libre\",\"isPartOf\":{\"@id\":\"https:\\\/\\\/www.grupo-inducom.com\\\/ec\\\/#website\"},\"primaryImageOfPage\":{\"@id\":\"https:\\\/\\\/www.grupo-inducom.com\\\/ec\\\/productos\\\/bomba-centrifuga-de-eje-libre\\\/#primaryimage\"},\"image\":{\"@id\":\"https:\\\/\\\/www.grupo-inducom.com\\\/ec\\\/productos\\\/bomba-centrifuga-de-eje-libre\\\/#primaryimage\"},\"thumbnailUrl\":\"https:\\\/\\\/www.grupo-inducom.com\\\/ec\\\/wp-content\\\/uploads\\\/sites\\\/2\\\/2023\\\/05\\\/12-3.webp\",\"datePublished\":\"2023-05-04T14:09:06+00:00\",\"description\":\"La Bomba centr\u00edfuga de eje libre Son aptas para aplicaciones de irrigaci\u00f3n, drenaje, alimentaci\u00f3n de calderas y construcciones civiles. - Guayaquil\",\"breadcrumb\":{\"@id\":\"https:\\\/\\\/www.grupo-inducom.com\\\/ec\\\/productos\\\/bomba-centrifuga-de-eje-libre\\\/#breadcrumb\"},\"inLanguage\":\"es\",\"potentialAction\":[{\"@type\":\"ReadAction\",\"target\":[\"https:\\\/\\\/www.grupo-inducom.com\\\/ec\\\/productos\\\/bomba-centrifuga-de-eje-libre\\\/\"]}]},{\"@type\":\"ImageObject\",\"inLanguage\":\"es\",\"@id\":\"https:\\\/\\\/www.grupo-inducom.com\\\/ec\\\/productos\\\/bomba-centrifuga-de-eje-libre\\\/#primaryimage\",\"url\":\"https:\\\/\\\/www.grupo-inducom.com\\\/ec\\\/wp-content\\\/uploads\\\/sites\\\/2\\\/2023\\\/05\\\/12-3.webp\",\"contentUrl\":\"https:\\\/\\\/www.grupo-inducom.com\\\/ec\\\/wp-content\\\/uploads\\\/sites\\\/2\\\/2023\\\/05\\\/12-3.webp\",\"width\":300,\"height\":225},{\"@type\":\"BreadcrumbList\",\"@id\":\"https:\\\/\\\/www.grupo-inducom.com\\\/ec\\\/productos\\\/bomba-centrifuga-de-eje-libre\\\/#breadcrumb\",\"itemListElement\":[{\"@type\":\"ListItem\",\"position\":1,\"name\":\"Portada\",\"item\":\"https:\\\/\\\/www.grupo-inducom.com\\\/ec\\\/\"},{\"@type\":\"ListItem\",\"position\":2,\"name\":\"Tienda\",\"item\":\"https:\\\/\\\/www.grupo-inducom.com\\\/ec\\\/tienda\\\/\"},{\"@type\":\"ListItem\",\"position\":3,\"name\":\"Bomba centr\u00edfuga de eje libre\"}]},{\"@type\":\"WebSite\",\"@id\":\"https:\\\/\\\/www.grupo-inducom.com\\\/ec\\\/#website\",\"url\":\"https:\\\/\\\/www.grupo-inducom.com\\\/ec\\\/\",\"name\":\"Inducom Ecuador\",\"description\":\"\",\"potentialAction\":[{\"@type\":\"SearchAction\",\"target\":{\"@type\":\"EntryPoint\",\"urlTemplate\":\"https:\\\/\\\/www.grupo-inducom.com\\\/ec\\\/?s={search_term_string}\"},\"query-input\":{\"@type\":\"PropertyValueSpecification\",\"valueRequired\":true,\"valueName\":\"search_term_string\"}}],\"inLanguage\":\"es\"}]}<\/script>\n<!-- \/ Yoast SEO plugin. -->","yoast_head_json":{"title":"Bomba centr\u00edfuga de eje libre - Venta de Bomba centr\u00edfuga de eje libre","description":"La Bomba centr\u00edfuga de eje libre Son aptas para aplicaciones de irrigaci\u00f3n, drenaje, alimentaci\u00f3n de calderas y construcciones civiles. - Guayaquil","robots":{"index":"index","follow":"follow","max-snippet":"max-snippet:-1","max-image-preview":"max-image-preview:large","max-video-preview":"max-video-preview:-1"},"canonical":"https:\/\/www.grupo-inducom.com\/ec\/productos\/bomba-centrifuga-de-eje-libre\/","og_locale":"es_ES","og_type":"article","og_title":"Bomba centr\u00edfuga de eje libre - Venta de Bomba centr\u00edfuga de eje libre","og_description":"La Bomba centr\u00edfuga de eje libre Son aptas para aplicaciones de irrigaci\u00f3n, drenaje, alimentaci\u00f3n de calderas y construcciones civiles. - Guayaquil","og_url":"https:\/\/www.grupo-inducom.com\/ec\/productos\/bomba-centrifuga-de-eje-libre\/","og_site_name":"Inducom Ecuador","og_image":[{"width":300,"height":225,"url":"http:\/\/www.grupo-inducom.com\/ec\/wp-content\/uploads\/sites\/2\/2023\/05\/12-3.webp","type":"image\/webp"}],"twitter_card":"summary_large_image","schema":{"@context":"https:\/\/schema.org","@graph":[{"@type":"WebPage","@id":"https:\/\/www.grupo-inducom.com\/ec\/productos\/bomba-centrifuga-de-eje-libre\/","url":"https:\/\/www.grupo-inducom.com\/ec\/productos\/bomba-centrifuga-de-eje-libre\/","name":"Bomba centr\u00edfuga de eje libre - Venta de Bomba centr\u00edfuga de eje libre","isPartOf":{"@id":"https:\/\/www.grupo-inducom.com\/ec\/#website"},"primaryImageOfPage":{"@id":"https:\/\/www.grupo-inducom.com\/ec\/productos\/bomba-centrifuga-de-eje-libre\/#primaryimage"},"image":{"@id":"https:\/\/www.grupo-inducom.com\/ec\/productos\/bomba-centrifuga-de-eje-libre\/#primaryimage"},"thumbnailUrl":"https:\/\/www.grupo-inducom.com\/ec\/wp-content\/uploads\/sites\/2\/2023\/05\/12-3.webp","datePublished":"2023-05-04T14:09:06+00:00","description":"La Bomba centr\u00edfuga de eje libre Son aptas para aplicaciones de irrigaci\u00f3n, drenaje, alimentaci\u00f3n de calderas y construcciones civiles. - Guayaquil","breadcrumb":{"@id":"https:\/\/www.grupo-inducom.com\/ec\/productos\/bomba-centrifuga-de-eje-libre\/#breadcrumb"},"inLanguage":"es","potentialAction":[{"@type":"ReadAction","target":["https:\/\/www.grupo-inducom.com\/ec\/productos\/bomba-centrifuga-de-eje-libre\/"]}]},{"@type":"ImageObject","inLanguage":"es","@id":"https:\/\/www.grupo-inducom.com\/ec\/productos\/bomba-centrifuga-de-eje-libre\/#primaryimage","url":"https:\/\/www.grupo-inducom.com\/ec\/wp-content\/uploads\/sites\/2\/2023\/05\/12-3.webp","contentUrl":"https:\/\/www.grupo-inducom.com\/ec\/wp-content\/uploads\/sites\/2\/2023\/05\/12-3.webp","width":300,"height":225},{"@type":"BreadcrumbList","@id":"https:\/\/www.grupo-inducom.com\/ec\/productos\/bomba-centrifuga-de-eje-libre\/#breadcrumb","itemListElement":[{"@type":"ListItem","position":1,"name":"Portada","item":"https:\/\/www.grupo-inducom.com\/ec\/"},{"@type":"ListItem","position":2,"name":"Tienda","item":"https:\/\/www.grupo-inducom.com\/ec\/tienda\/"},{"@type":"ListItem","position":3,"name":"Bomba centr\u00edfuga de eje libre"}]},{"@type":"WebSite","@id":"https:\/\/www.grupo-inducom.com\/ec\/#website","url":"https:\/\/www.grupo-inducom.com\/ec\/","name":"Inducom Ecuador","description":"","potentialAction":[{"@type":"SearchAction","target":{"@type":"EntryPoint","urlTemplate":"https:\/\/www.grupo-inducom.com\/ec\/?s={search_term_string}"},"query-input":{"@type":"PropertyValueSpecification","valueRequired":true,"valueName":"search_term_string"}}],"inLanguage":"es"}]}},"_links":{"self":[{"href":"https:\/\/www.grupo-inducom.com\/ec\/wp-json\/wp\/v2\/product\/740","targetHints":{"allow":["GET"]}}],"collection":[{"href":"https:\/\/www.grupo-inducom.com\/ec\/wp-json\/wp\/v2\/product"}],"about":[{"href":"https:\/\/www.grupo-inducom.com\/ec\/wp-json\/wp\/v2\/types\/product"}],"replies":[{"embeddable":true,"href":"https:\/\/www.grupo-inducom.com\/ec\/wp-json\/wp\/v2\/comments?post=740"}],"wp:featuredmedia":[{"embeddable":true,"href":"https:\/\/www.grupo-inducom.com\/ec\/wp-json\/wp\/v2\/media\/770"}],"wp:attachment":[{"href":"https:\/\/www.grupo-inducom.com\/ec\/wp-json\/wp\/v2\/media?parent=740"}],"wp:term":[{"taxonomy":"product_brand","embeddable":true,"href":"https:\/\/www.grupo-inducom.com\/ec\/wp-json\/wp\/v2\/product_brand?post=740"},{"taxonomy":"product_cat","embeddable":true,"href":"https:\/\/www.grupo-inducom.com\/ec\/wp-json\/wp\/v2\/product_cat?post=740"},{"taxonomy":"product_tag","embeddable":true,"href":"https:\/\/www.grupo-inducom.com\/ec\/wp-json\/wp\/v2\/product_tag?post=740"}],"curies":[{"name":"wp","href":"https:\/\/api.w.org\/{rel}","templated":true}]}}