{"id":738,"date":"2023-05-04T14:09:06","date_gmt":"2023-05-04T14:09:06","guid":{"rendered":"https:\/\/www.grupo-inducom.com\/?post_type=product&#038;p=738"},"modified":"2023-05-04T14:09:06","modified_gmt":"2023-05-04T14:09:06","slug":"tanque-de-presion-hidroneumatico","status":"publish","type":"product","link":"https:\/\/www.grupo-inducom.com\/ec\/productos\/tanque-de-presion-hidroneumatico\/","title":{"rendered":"Tanque de presi\u00f3n hidroneum\u00e1tico"},"content":{"rendered":"<p>Son fabricados por la empresa italiana Varem, dedicada desde hace 30 a\u00f1os a la elaboraci\u00f3n de tanques y vasos de expansi\u00f3n.<\/p>\n<p><strong>Caracter\u00edsticas<\/strong><\/p>\n<p>Construcci\u00f3n en chapa de acero, con excepci\u00f3n del Inoxvarem (acero inoxidable) y del Zincvarem (ba\u00f1o de zinc en caliente). Todos los tanques est\u00e1n provistos con membranas que soportan agua con temperaturas de -10\u00baC a +99\u00baC. Algunos modelos como el Maxivarem, Plusvarem, Inoxvarem y Zincvarem poseen membrana de goma but\u00edlica recambiable, mientras que otros como el Flatvarem y Extravarem tienen membrana de goma fija de SBR o de butil. Los tanques pueden formar parte de grupos hidroneum\u00e1ticos de distintos tama\u00f1os. Los accesorios disponibles son: contrabridas, membranas, pres\u00f3statos, man\u00f3metros, v\u00e1lvulas de retenci\u00f3n.<\/p>\n<p><strong>Aplicaciones <\/strong><\/p>\n<p>Elevaci\u00f3n de agua a alta presi\u00f3n. Sistemas de calefacci\u00f3n y sanitarios. Instalaciones contra incendios. Sistemas de riego. Anti golpe de ariete en ca\u00f1er\u00edas.<\/p>\n<ul>\n<li>(Maxivarem): Presi\u00f3n m\u00e1xima: 10 bares. Horizontales y verticales. Capacidad: 40 a 2000 litros.<\/li>\n<li>(Plusvarem): Presi\u00f3n m\u00e1xima: 16 bares. Verticales. Capacidad: 20 a 1000 litros.<\/li>\n<li>(Inoxvarem): Presi\u00f3n m\u00e1xima: 8 bares. Horizontales y verticales. Capacidad: 20 a 500 litros.<\/li>\n<li>(Zincvarem): Presi\u00f3n m\u00e1xima: 10 bares. Verticales. Capacidad: 100 a 500 litros. Especialmente aptos para atm\u00f3sferas agresivas.<\/li>\n<li>(Flatvarem): Presi\u00f3n m\u00e1xima: 3 bares. Capacidad: 5 a 18 litros.<\/li>\n<li>(Extravarem): Cil\u00edndricos ovalizados LC: Presi\u00f3n m\u00e1xima: 8 bares. Verticales. Capacidad: 2 a 4 litros.<\/li>\n<li>(Extravarem):Cil\u00edndricos ovalizados LR: Presi\u00f3n m\u00e1xima: 4 bares. Verticales. Capacidad: 7,5 a 10 litros.<\/li>\n<li>(Extravarem):Cil\u00edndricos (baja presi\u00f3n): Presi\u00f3n m\u00e1xima: 5\/6 bares. Verticales. Capacidad: 5 a 40 litros.<\/li>\n<li>(Extravarem): Extrapiu cil\u00edndricos (alta presi\u00f3n): Presi\u00f3n m\u00e1xima: 8 y 10 bares dependiendo del modelo. Verticales. Capacidad: 2 a 40 litros. Dentro de esta serie tambi\u00e9n se encuentra disponible el tanque anti golpe de ariete, que sirve para contrarrestar los golpes de presi\u00f3n cuando se detiene bruscamente el flujo de un sistema. Presi\u00f3n m\u00e1xima: 15 bares. Capacidad: 0,16 litros.<\/li>\n<\/ul>\n<p>Mas informacion www.inducom-ec.com<\/p>\n","protected":false},"excerpt":{"rendered":"<ul>\n<li>Marca: VAREM<\/li>\n<li>Elevaci\u00f3n de agua a alta presi\u00f3n.<\/li>\n<li>Sistemas de calefacci\u00f3n y sanitarios.<\/li>\n<li>Instalaciones contra incendios.<\/li>\n<li>Sistemas de riego.<\/li>\n<li>Anti golpe de ariete en ca\u00f1er\u00edas<\/li>\n<li>Riegos de \u00e1reas verdes como jardines, parques, entre otros.<\/li>\n<li>Funcionamiento de los aspersores para cesped.<\/li>\n<li>Extracci\u00f3n de agua de r\u00edos, arroyos, lagos o\u00a0pozos.<\/li>\n<li>Suministrar agua como servicio.<\/li>\n<li>Abastecimiento de hogares con agua potable.<\/li>\n<\/ul>\n","protected":false},"featured_media":768,"comment_status":"closed","ping_status":"closed","template":"","meta":{"_acf_changed":false,"_et_pb_use_builder":"","_et_pb_old_content":"","_et_gb_content_width":"","content-type":""},"product_brand":[],"product_cat":[174],"product_tag":[172,177],"class_list":{"0":"post-738","1":"product","2":"type-product","3":"status-publish","4":"has-post-thumbnail","6":"product_cat-tanques-de-presion","7":"product_tag-tanque-hidroneumatico","8":"product_tag-varem","10":"first","11":"instock","12":"shipping-taxable","13":"product-type-simple"},"acf":[],"yoast_head":"<!-- This site is optimized with the Yoast SEO plugin v27.4 - https:\/\/yoast.com\/product\/yoast-seo-wordpress\/ -->\n<title>Tanque de presi\u00f3n hidroneum\u00e1tico - Venta de Tanque Hidroneum\u00e1tico - Ecuador<\/title>\n<meta name=\"description\" content=\"Nuestro Tanque Hidroneum\u00e1tico son fabricados por la empresa italiana Varem, dedicada desde hace 30 a\u00f1os... - Guayaquil, Quito, Cuenca, Manta, Santo Domingo\" \/>\n<meta name=\"robots\" content=\"index, follow, max-snippet:-1, max-image-preview:large, max-video-preview:-1\" \/>\n<link rel=\"canonical\" href=\"https:\/\/www.grupo-inducom.com\/ec\/productos\/tanque-de-presion-hidroneumatico\/\" \/>\n<meta property=\"og:locale\" content=\"es_ES\" \/>\n<meta property=\"og:type\" content=\"article\" \/>\n<meta property=\"og:title\" content=\"Tanque de presi\u00f3n hidroneum\u00e1tico - Venta de Tanque Hidroneum\u00e1tico - Ecuador\" \/>\n<meta property=\"og:description\" content=\"Nuestro Tanque Hidroneum\u00e1tico son fabricados por la empresa italiana Varem, dedicada desde hace 30 a\u00f1os... - Guayaquil, Quito, Cuenca, Manta, Santo Domingo\" \/>\n<meta property=\"og:url\" content=\"https:\/\/www.grupo-inducom.com\/ec\/productos\/tanque-de-presion-hidroneumatico\/\" \/>\n<meta property=\"og:site_name\" content=\"Inducom Ecuador\" \/>\n<meta property=\"og:image\" content=\"https:\/\/www.grupo-inducom.com\/ec\/wp-content\/uploads\/sites\/2\/2023\/05\/67-1.png\" \/>\n\t<meta property=\"og:image:width\" content=\"300\" \/>\n\t<meta property=\"og:image:height\" content=\"225\" \/>\n\t<meta property=\"og:image:type\" content=\"image\/png\" \/>\n<meta name=\"twitter:card\" content=\"summary_large_image\" \/>\n<meta name=\"twitter:label1\" content=\"Tiempo de lectura\" \/>\n\t<meta name=\"twitter:data1\" content=\"2 minutos\" \/>\n<script type=\"application\/ld+json\" class=\"yoast-schema-graph\">{\"@context\":\"https:\\\/\\\/schema.org\",\"@graph\":[{\"@type\":\"WebPage\",\"@id\":\"https:\\\/\\\/www.grupo-inducom.com\\\/ec\\\/productos\\\/tanque-de-presion-hidroneumatico\\\/\",\"url\":\"https:\\\/\\\/www.grupo-inducom.com\\\/ec\\\/productos\\\/tanque-de-presion-hidroneumatico\\\/\",\"name\":\"Tanque de presi\u00f3n hidroneum\u00e1tico - Venta de Tanque Hidroneum\u00e1tico - Ecuador\",\"isPartOf\":{\"@id\":\"https:\\\/\\\/www.grupo-inducom.com\\\/ec\\\/#website\"},\"primaryImageOfPage\":{\"@id\":\"https:\\\/\\\/www.grupo-inducom.com\\\/ec\\\/productos\\\/tanque-de-presion-hidroneumatico\\\/#primaryimage\"},\"image\":{\"@id\":\"https:\\\/\\\/www.grupo-inducom.com\\\/ec\\\/productos\\\/tanque-de-presion-hidroneumatico\\\/#primaryimage\"},\"thumbnailUrl\":\"https:\\\/\\\/www.grupo-inducom.com\\\/ec\\\/wp-content\\\/uploads\\\/sites\\\/2\\\/2023\\\/05\\\/67-1.png\",\"datePublished\":\"2023-05-04T14:09:06+00:00\",\"description\":\"Nuestro Tanque Hidroneum\u00e1tico son fabricados por la empresa italiana Varem, dedicada desde hace 30 a\u00f1os... - Guayaquil, Quito, Cuenca, Manta, Santo Domingo\",\"breadcrumb\":{\"@id\":\"https:\\\/\\\/www.grupo-inducom.com\\\/ec\\\/productos\\\/tanque-de-presion-hidroneumatico\\\/#breadcrumb\"},\"inLanguage\":\"es\",\"potentialAction\":[{\"@type\":\"ReadAction\",\"target\":[\"https:\\\/\\\/www.grupo-inducom.com\\\/ec\\\/productos\\\/tanque-de-presion-hidroneumatico\\\/\"]}]},{\"@type\":\"ImageObject\",\"inLanguage\":\"es\",\"@id\":\"https:\\\/\\\/www.grupo-inducom.com\\\/ec\\\/productos\\\/tanque-de-presion-hidroneumatico\\\/#primaryimage\",\"url\":\"https:\\\/\\\/www.grupo-inducom.com\\\/ec\\\/wp-content\\\/uploads\\\/sites\\\/2\\\/2023\\\/05\\\/67-1.png\",\"contentUrl\":\"https:\\\/\\\/www.grupo-inducom.com\\\/ec\\\/wp-content\\\/uploads\\\/sites\\\/2\\\/2023\\\/05\\\/67-1.png\",\"width\":300,\"height\":225},{\"@type\":\"BreadcrumbList\",\"@id\":\"https:\\\/\\\/www.grupo-inducom.com\\\/ec\\\/productos\\\/tanque-de-presion-hidroneumatico\\\/#breadcrumb\",\"itemListElement\":[{\"@type\":\"ListItem\",\"position\":1,\"name\":\"Portada\",\"item\":\"https:\\\/\\\/www.grupo-inducom.com\\\/ec\\\/\"},{\"@type\":\"ListItem\",\"position\":2,\"name\":\"Tienda\",\"item\":\"https:\\\/\\\/www.grupo-inducom.com\\\/ec\\\/tienda\\\/\"},{\"@type\":\"ListItem\",\"position\":3,\"name\":\"Tanque de presi\u00f3n hidroneum\u00e1tico\"}]},{\"@type\":\"WebSite\",\"@id\":\"https:\\\/\\\/www.grupo-inducom.com\\\/ec\\\/#website\",\"url\":\"https:\\\/\\\/www.grupo-inducom.com\\\/ec\\\/\",\"name\":\"Inducom Ecuador\",\"description\":\"\",\"potentialAction\":[{\"@type\":\"SearchAction\",\"target\":{\"@type\":\"EntryPoint\",\"urlTemplate\":\"https:\\\/\\\/www.grupo-inducom.com\\\/ec\\\/?s={search_term_string}\"},\"query-input\":{\"@type\":\"PropertyValueSpecification\",\"valueRequired\":true,\"valueName\":\"search_term_string\"}}],\"inLanguage\":\"es\"}]}<\/script>\n<!-- \/ Yoast SEO plugin. -->","yoast_head_json":{"title":"Tanque de presi\u00f3n hidroneum\u00e1tico - Venta de Tanque Hidroneum\u00e1tico - Ecuador","description":"Nuestro Tanque Hidroneum\u00e1tico son fabricados por la empresa italiana Varem, dedicada desde hace 30 a\u00f1os... - Guayaquil, Quito, Cuenca, Manta, Santo Domingo","robots":{"index":"index","follow":"follow","max-snippet":"max-snippet:-1","max-image-preview":"max-image-preview:large","max-video-preview":"max-video-preview:-1"},"canonical":"https:\/\/www.grupo-inducom.com\/ec\/productos\/tanque-de-presion-hidroneumatico\/","og_locale":"es_ES","og_type":"article","og_title":"Tanque de presi\u00f3n hidroneum\u00e1tico - Venta de Tanque Hidroneum\u00e1tico - Ecuador","og_description":"Nuestro Tanque Hidroneum\u00e1tico son fabricados por la empresa italiana Varem, dedicada desde hace 30 a\u00f1os... - Guayaquil, Quito, Cuenca, Manta, Santo Domingo","og_url":"https:\/\/www.grupo-inducom.com\/ec\/productos\/tanque-de-presion-hidroneumatico\/","og_site_name":"Inducom Ecuador","og_image":[{"width":300,"height":225,"url":"https:\/\/www.grupo-inducom.com\/ec\/wp-content\/uploads\/sites\/2\/2023\/05\/67-1.png","type":"image\/png"}],"twitter_card":"summary_large_image","twitter_misc":{"Tiempo de lectura":"2 minutos"},"schema":{"@context":"https:\/\/schema.org","@graph":[{"@type":"WebPage","@id":"https:\/\/www.grupo-inducom.com\/ec\/productos\/tanque-de-presion-hidroneumatico\/","url":"https:\/\/www.grupo-inducom.com\/ec\/productos\/tanque-de-presion-hidroneumatico\/","name":"Tanque de presi\u00f3n hidroneum\u00e1tico - Venta de Tanque Hidroneum\u00e1tico - Ecuador","isPartOf":{"@id":"https:\/\/www.grupo-inducom.com\/ec\/#website"},"primaryImageOfPage":{"@id":"https:\/\/www.grupo-inducom.com\/ec\/productos\/tanque-de-presion-hidroneumatico\/#primaryimage"},"image":{"@id":"https:\/\/www.grupo-inducom.com\/ec\/productos\/tanque-de-presion-hidroneumatico\/#primaryimage"},"thumbnailUrl":"https:\/\/www.grupo-inducom.com\/ec\/wp-content\/uploads\/sites\/2\/2023\/05\/67-1.png","datePublished":"2023-05-04T14:09:06+00:00","description":"Nuestro Tanque Hidroneum\u00e1tico son fabricados por la empresa italiana Varem, dedicada desde hace 30 a\u00f1os... - Guayaquil, Quito, Cuenca, Manta, Santo Domingo","breadcrumb":{"@id":"https:\/\/www.grupo-inducom.com\/ec\/productos\/tanque-de-presion-hidroneumatico\/#breadcrumb"},"inLanguage":"es","potentialAction":[{"@type":"ReadAction","target":["https:\/\/www.grupo-inducom.com\/ec\/productos\/tanque-de-presion-hidroneumatico\/"]}]},{"@type":"ImageObject","inLanguage":"es","@id":"https:\/\/www.grupo-inducom.com\/ec\/productos\/tanque-de-presion-hidroneumatico\/#primaryimage","url":"https:\/\/www.grupo-inducom.com\/ec\/wp-content\/uploads\/sites\/2\/2023\/05\/67-1.png","contentUrl":"https:\/\/www.grupo-inducom.com\/ec\/wp-content\/uploads\/sites\/2\/2023\/05\/67-1.png","width":300,"height":225},{"@type":"BreadcrumbList","@id":"https:\/\/www.grupo-inducom.com\/ec\/productos\/tanque-de-presion-hidroneumatico\/#breadcrumb","itemListElement":[{"@type":"ListItem","position":1,"name":"Portada","item":"https:\/\/www.grupo-inducom.com\/ec\/"},{"@type":"ListItem","position":2,"name":"Tienda","item":"https:\/\/www.grupo-inducom.com\/ec\/tienda\/"},{"@type":"ListItem","position":3,"name":"Tanque de presi\u00f3n hidroneum\u00e1tico"}]},{"@type":"WebSite","@id":"https:\/\/www.grupo-inducom.com\/ec\/#website","url":"https:\/\/www.grupo-inducom.com\/ec\/","name":"Inducom Ecuador","description":"","potentialAction":[{"@type":"SearchAction","target":{"@type":"EntryPoint","urlTemplate":"https:\/\/www.grupo-inducom.com\/ec\/?s={search_term_string}"},"query-input":{"@type":"PropertyValueSpecification","valueRequired":true,"valueName":"search_term_string"}}],"inLanguage":"es"}]}},"_links":{"self":[{"href":"https:\/\/www.grupo-inducom.com\/ec\/wp-json\/wp\/v2\/product\/738","targetHints":{"allow":["GET"]}}],"collection":[{"href":"https:\/\/www.grupo-inducom.com\/ec\/wp-json\/wp\/v2\/product"}],"about":[{"href":"https:\/\/www.grupo-inducom.com\/ec\/wp-json\/wp\/v2\/types\/product"}],"replies":[{"embeddable":true,"href":"https:\/\/www.grupo-inducom.com\/ec\/wp-json\/wp\/v2\/comments?post=738"}],"wp:featuredmedia":[{"embeddable":true,"href":"https:\/\/www.grupo-inducom.com\/ec\/wp-json\/wp\/v2\/media\/768"}],"wp:attachment":[{"href":"https:\/\/www.grupo-inducom.com\/ec\/wp-json\/wp\/v2\/media?parent=738"}],"wp:term":[{"taxonomy":"product_brand","embeddable":true,"href":"https:\/\/www.grupo-inducom.com\/ec\/wp-json\/wp\/v2\/product_brand?post=738"},{"taxonomy":"product_cat","embeddable":true,"href":"https:\/\/www.grupo-inducom.com\/ec\/wp-json\/wp\/v2\/product_cat?post=738"},{"taxonomy":"product_tag","embeddable":true,"href":"https:\/\/www.grupo-inducom.com\/ec\/wp-json\/wp\/v2\/product_tag?post=738"}],"curies":[{"name":"wp","href":"https:\/\/api.w.org\/{rel}","templated":true}]}}