{"id":80,"date":"2023-04-11T22:50:50","date_gmt":"2023-04-12T03:50:50","guid":{"rendered":"https:\/\/www.grupo-inducom.com\/?page_id=80"},"modified":"2025-10-24T13:09:19","modified_gmt":"2025-10-24T18:09:19","slug":"contactanos","status":"publish","type":"page","link":"https:\/\/www.grupo-inducom.com\/ec\/contactanos\/","title":{"rendered":"Cont\u00e1ctanos"},"content":{"rendered":"<p>[et_pb_section fb_built=\u00bb1&#8243; admin_label=\u00bbHero\u00bb _builder_version=\u00bb4.27.4&#8243; _module_preset=\u00bbdefault\u00bb background_enable_color=\u00bboff\u00bb background_enable_image=\u00bboff\u00bb custom_padding=\u00bb0px||0px||true|false\u00bb locked=\u00bboff\u00bb global_colors_info=\u00bb{}\u00bb][et_pb_row column_structure=\u00bb3_5,2_5&#8243; use_custom_gutter=\u00bbon\u00bb make_equal=\u00bbon\u00bb padding_top_bottom_link_1=\u00bbtrue\u00bb padding_top_bottom_link_2=\u00bbtrue\u00bb padding_left_right_link_1=\u00bbtrue\u00bb padding_left_right_link_2=\u00bbtrue\u00bb _builder_version=\u00bb4.27.4&#8243; _module_preset=\u00bbdefault\u00bb background_color=\u00bb#031f59&#8243; background_image=\u00bbhttp:\/\/www.grupo-inducom.com\/wp-content\/uploads\/2023\/05\/Recurso-29foto-contactanos.png\u00bb background_size=\u00bbcontain\u00bb background_position=\u00bbcenter_left\u00bb width=\u00bbauto\u00bb max_width=\u00bb1525px\u00bb custom_padding=\u00bb0px||0px||true\u00bb use_custom_width=\u00bbon\u00bb width_unit=\u00bboff\u00bb custom_width_percent=\u00bb100%\u00bb global_colors_info=\u00bb{}\u00bb][et_pb_column type=\u00bb3_5&#8243; _builder_version=\u00bb4.27.4&#8243; _module_preset=\u00bbdefault\u00bb background_color=\u00bb#031f59&#8243; background_color_gradient_start=\u00bbrgba(40,40,40,0.79)\u00bb background_color_gradient_end=\u00bbrgba(40,40,40,0.86)\u00bb background_enable_image=\u00bboff\u00bb custom_padding=\u00bb10vw|6vw|10vw|6vw\u00bb custom_padding_tablet=\u00bb10vw|10%|10vw|10%|true|true\u00bb custom_padding_phone=\u00bb\u00bb custom_padding_last_edited=\u00bbon|desktop\u00bb global_colors_info=\u00bb{}\u00bb padding_tablet=\u00bb10vw|10%|10vw|10%|true|true\u00bb padding_last_edited=\u00bbon|desktop\u00bb custom_padding__hover=\u00bb|||\u00bb padding_phone=\u00bb10vw|10%|10vw|10%|true|true\u00bb][et_pb_text content_tablet=\u00bb<\/p>\n<h1>Cont\u00e1ctanos<\/h1>\n<p>\u00bb content_phone=\u00bb<\/p>\n<h1>Cont\u00e1ctanos<\/h1>\n<p>\u00bb content_last_edited=\u00bbon|phone\u00bb _builder_version=\u00bb4.27.4&#8243; _module_preset=\u00bbdefault\u00bb text_font=\u00bb||||||||\u00bb header_font=\u00bbRubik|700|||||||\u00bb header_font_size=\u00bb64px\u00bb header_line_height=\u00bb1.1em\u00bb background_layout=\u00bbdark\u00bb max_width=\u00bb800px\u00bb custom_margin=\u00bb||0px|\u00bb custom_padding=\u00bb|||16px\u00bb text_font_size_tablet=\u00bb14px\u00bb text_font_size_last_edited=\u00bboff|desktop\u00bb header_font_size_tablet=\u00bb44px\u00bb header_font_size_phone=\u00bb32px\u00bb header_font_size_last_edited=\u00bbon|phone\u00bb border_color_all=\u00bb#ff5e14&#8243; border_width_left=\u00bb10px\u00bb global_colors_info=\u00bb{}\u00bb]<\/p>\n<h1 style=\"font-size: 58px;\">Cot\u00edzanos<\/h1>\n<p>[\/et_pb_text][et_pb_code _builder_version=\u00bb4.27.4&#8243; _module_preset=\u00bbdefault\u00bb global_colors_info=\u00bb{}\u00bb]<script charset=\"utf-8\" type=\"text\/javascript\" src=\"\/\/js.hsforms.net\/forms\/embed\/v2.js\"><\/script><!-- [et_pb_line_break_holder] --><script><!-- [et_pb_line_break_holder] -->  hbspt.forms.create({<!-- [et_pb_line_break_holder] -->    region: \"na1\",<!-- [et_pb_line_break_holder] -->    portalId: \"23373233\",<!-- [et_pb_line_break_holder] -->    formId: \"edf3eeaf-46d5-4ff3-abd2-10c0bcd1df7a\"<!-- [et_pb_line_break_holder] -->  });<!-- [et_pb_line_break_holder] --><\/script>[\/et_pb_code][\/et_pb_column][et_pb_column type=\u00bb2_5&#8243; _builder_version=\u00bb4.27.4&#8243; _module_preset=\u00bbdefault\u00bb background_color=\u00bb#031f59&#8243; custom_padding=\u00bb80px|40px|80px|40px\u00bb custom_padding_tablet=\u00bb|10%||10%||true\u00bb custom_padding_phone=\u00bb\u00bb custom_padding_last_edited=\u00bbon|desktop\u00bb global_colors_info=\u00bb{}\u00bb padding_tablet=\u00bb|10%||10%||true\u00bb padding_last_edited=\u00bbon|desktop\u00bb custom_padding__hover=\u00bb|||\u00bb padding_phone=\u00bb|10%||10%||true\u00bb][et_pb_text _builder_version=\u00bb4.27.4&#8243; _module_preset=\u00bbdefault\u00bb text_text_color=\u00bb#FFFFFF\u00bb header_font=\u00bb||||||||\u00bb header_2_font=\u00bbRubik|700|||||||\u00bb header_2_font_size=\u00bb32px\u00bb header_2_line_height=\u00bb1.2em\u00bb custom_margin=\u00bb|||\u00bb custom_padding=\u00bb|||\u00bb header_2_font_size_last_edited=\u00bboff|desktop\u00bb global_colors_info=\u00bb{}\u00bb]<\/p>\n<h2><span style=\"color: #ffffff;\">Nuestros centros de atenci\u00f3n<\/span><\/h2>\n<p>[\/et_pb_text][et_pb_blurb title=\u00bbGuayaquil\u00bb use_icon=\u00bbon\u00bb font_icon=\u00bb&#xe01d;||divi||400&#8243; icon_color=\u00bb#FFFFFF\u00bb icon_placement=\u00bbleft\u00bb image_icon_width=\u00bb64px\u00bb content_max_width=\u00bb1100px\u00bb content_max_width_tablet=\u00bb1100px\u00bb content_max_width_last_edited=\u00bboff|desktop\u00bb _builder_version=\u00bb4.27.4&#8243; _module_preset=\u00bbdefault\u00bb header_font=\u00bb|700|||||||\u00bb header_text_color=\u00bb#ff5e14&#8243; header_line_height=\u00bb1.4em\u00bb body_font=\u00bb||||||||\u00bb body_font_size=\u00bb15px\u00bb background_layout=\u00bbdark\u00bb custom_margin=\u00bb|||\u00bb custom_padding=\u00bb|||\u00bb animation_direction=\u00bbright\u00bb animation=\u00bboff\u00bb link_option_url=\u00bbhttps:\/\/inducom-ec.com\/producto\/bombas-industriales\/\u00bb image_max_width=\u00bb64px\u00bb saved_tabs=\u00bball\u00bb locked=\u00bboff\u00bb global_colors_info=\u00bb{}\u00bb]<\/p>\n<p><span style=\"color: #ffffff;\"><strong>Matriz:\u00a0<\/strong> Km 4.5 v\u00eda Daule, Mapasingue oeste<br \/><strong>Sucursal<\/strong>: Km 10.5 V\u00eda Daule<br \/><strong>Cont\u00e1ctanos: <\/strong>+593 95 894 0099<\/span><\/p>\n<p>[\/et_pb_blurb][et_pb_blurb title=\u00bbQuito\u00bb use_icon=\u00bbon\u00bb font_icon=\u00bb&#xe01d;||divi||400&#8243; icon_color=\u00bb#FFFFFF\u00bb icon_placement=\u00bbleft\u00bb image_icon_width=\u00bb64px\u00bb content_max_width=\u00bb1100px\u00bb content_max_width_tablet=\u00bb1100px\u00bb content_max_width_last_edited=\u00bboff|desktop\u00bb _builder_version=\u00bb4.27.4&#8243; _module_preset=\u00bbdefault\u00bb header_font=\u00bb|700|||||||\u00bb header_text_color=\u00bb#ff5e14&#8243; header_line_height=\u00bb1.4em\u00bb body_font=\u00bb||||||||\u00bb body_font_size=\u00bb15px\u00bb background_layout=\u00bbdark\u00bb custom_margin=\u00bb|||\u00bb custom_padding=\u00bb|||\u00bb animation_direction=\u00bbright\u00bb animation=\u00bboff\u00bb link_option_url=\u00bbhttps:\/\/inducom-ec.com\/producto\/bombas-industriales\/\u00bb hover_enabled=\u00bb0&#8243; image_max_width=\u00bb64px\u00bb saved_tabs=\u00bball\u00bb locked=\u00bboff\u00bb global_colors_info=\u00bb{}\u00bb sticky_enabled=\u00bb0&#8243;]<\/p>\n<p><span><strong>Direcci\u00f3n<\/strong>: Km 7.5 Av. Galo Plaza Lasso y Antonio Basantes<br \/><\/span><span><strong>Cont\u00e1ctanos:<\/strong> +593 98 976 5043<\/span><\/p>\n<p>[\/et_pb_blurb][et_pb_text _builder_version=\u00bb4.27.4&#8243; _module_preset=\u00bbdefault\u00bb text_font=\u00bb|800|||||||\u00bb text_text_color=\u00bb#FFFFFF\u00bb text_font_size=\u00bb30px\u00bb global_colors_info=\u00bb{}\u00bb]<\/p>\n<p>Horarios de atenci\u00f3n<\/p>\n<p>[\/et_pb_text][et_pb_text _builder_version=\u00bb4.27.4&#8243; _module_preset=\u00bbdefault\u00bb text_font=\u00bb|700|||||||\u00bb text_text_color=\u00bb#FFFFFF\u00bb text_font_size=\u00bb16px\u00bb global_colors_info=\u00bb{}\u00bb]<\/p>\n<p><strong>Lunes a Viernes<\/strong><br \/><span>08h30 \u2013 18h00<\/span><br \/><strong>S\u00e1bados 09h00 \u2013 13h00<\/strong><br \/><span>Domingos cerrados<\/span><\/p>\n<p>[\/et_pb_text][\/et_pb_column][\/et_pb_row][\/et_pb_section][et_pb_section fb_built=\u00bb1&#8243; admin_label=\u00bbMapa\u00bb _builder_version=\u00bb4.20.4&#8243; _module_preset=\u00bbdefault\u00bb background_color=\u00bb#FFFFFF\u00bb custom_padding_phone=\u00bb0px|10%|0px|10%|false|true\u00bb global_colors_info=\u00bb{}\u00bb][et_pb_row _builder_version=\u00bb4.20.4&#8243; _module_preset=\u00bbdefault\u00bb custom_padding=\u00bb0px|10%|0px|10%|false|true\u00bb global_colors_info=\u00bb{}\u00bb][et_pb_column type=\u00bb4_4&#8243; _builder_version=\u00bb4.20.4&#8243; _module_preset=\u00bbdefault\u00bb global_colors_info=\u00bb{}\u00bb][et_pb_code _builder_version=\u00bb4.20.4&#8243; _module_preset=\u00bbdefault\u00bb global_colors_info=\u00bb{}\u00bb]<div class=\"map_wrapper\" id=\"map_wrapper_1066\">\n<div class=\"map_box\" style=\"max-width:2000px\">\n<div class=\"map_aspect_ratio\" style=\"padding-top:56%\" data-padding-top=\"56%\" data-padding-top-mobile=\"0%\">\n<div class=\"map_container\">\n<div class=\"map_render map_loading\" id=\"map_1066\"><\/div>\n<\/div>\n<\/div>\n<\/div>\n<\/div>[\/et_pb_code][\/et_pb_column][\/et_pb_row][\/et_pb_section]<\/p>\n","protected":false},"excerpt":{"rendered":"<p>Cot\u00edzanosNuestros centros de atenci\u00f3nMatriz:\u00a0 Km 4.5 v\u00eda Daule, Mapasingue oesteSucursal: Km 10.5 V\u00eda DauleCont\u00e1ctanos: +593 95 894 0099Direcci\u00f3n: Km 7.5 Av. Galo Plaza Lasso y Antonio BasantesCont\u00e1ctanos: +593 98 976 5043Horarios de atenci\u00f3nLunes a Viernes08h30 \u2013 18h00S\u00e1bados 09h00 \u2013 13h00Domingos cerrados<div class=\"map_wrapper\" id=\"map_wrapper_1066\">\n<div class=\"map_box\" style=\"max-width:2000px\">\n<div class=\"map_aspect_ratio\" style=\"padding-top:56%\" data-padding-top=\"56%\" data-padding-top-mobile=\"0%\">\n<div class=\"map_container\">\n<div class=\"map_render map_loading\" id=\"map_1066\"><\/div>\n<\/div>\n<\/div>\n<\/div>\n<\/div><\/p>\n","protected":false},"author":1,"featured_media":0,"parent":0,"menu_order":0,"comment_status":"closed","ping_status":"closed","template":"","meta":{"_acf_changed":false,"_et_pb_use_builder":"on","_et_pb_old_content":"<!-- wp:divi\/placeholder \/-->","_et_gb_content_width":"","content-type":"","footnotes":""},"class_list":["post-80","page","type-page","status-publish","hentry"],"acf":[],"yoast_head":"<!-- This site is optimized with the Yoast SEO plugin v27.4 - https:\/\/yoast.com\/product\/yoast-seo-wordpress\/ -->\n<title>Cont\u00e1ctanos - Inducom Ecuador<\/title>\n<meta name=\"robots\" content=\"index, follow, max-snippet:-1, max-image-preview:large, max-video-preview:-1\" \/>\n<link rel=\"canonical\" href=\"https:\/\/www.grupo-inducom.com\/ec\/contactanos\/\" \/>\n<meta property=\"og:locale\" content=\"es_ES\" \/>\n<meta property=\"og:type\" content=\"article\" \/>\n<meta property=\"og:title\" content=\"Cont\u00e1ctanos - Inducom Ecuador\" \/>\n<meta property=\"og:description\" content=\"Cot\u00edzanosNuestros centros de atenci\u00f3nMatriz:\u00a0 Km 4.5 v\u00eda Daule, Mapasingue oesteSucursal: Km 10.5 V\u00eda DauleCont\u00e1ctanos: +593 95 894 0099Direcci\u00f3n: Km 7.5 Av. Galo Plaza Lasso y Antonio BasantesCont\u00e1ctanos: +593 98 976 5043Horarios de atenci\u00f3nLunes a Viernes08h30 \u2013 18h00S\u00e1bados 09h00 \u2013 13h00Domingos cerrados\" \/>\n<meta property=\"og:url\" content=\"https:\/\/www.grupo-inducom.com\/ec\/contactanos\/\" \/>\n<meta property=\"og:site_name\" content=\"Inducom Ecuador\" \/>\n<meta property=\"article:modified_time\" content=\"2025-10-24T18:09:19+00:00\" \/>\n<meta name=\"twitter:card\" content=\"summary_large_image\" \/>\n<meta name=\"twitter:label1\" content=\"Tiempo de lectura\" \/>\n\t<meta name=\"twitter:data1\" content=\"4 minutos\" \/>\n<script type=\"application\/ld+json\" class=\"yoast-schema-graph\">{\"@context\":\"https:\\\/\\\/schema.org\",\"@graph\":[{\"@type\":\"WebPage\",\"@id\":\"https:\\\/\\\/www.grupo-inducom.com\\\/ec\\\/contactanos\\\/\",\"url\":\"https:\\\/\\\/www.grupo-inducom.com\\\/ec\\\/contactanos\\\/\",\"name\":\"Cont\u00e1ctanos - Inducom Ecuador\",\"isPartOf\":{\"@id\":\"https:\\\/\\\/www.grupo-inducom.com\\\/ec\\\/#website\"},\"datePublished\":\"2023-04-12T03:50:50+00:00\",\"dateModified\":\"2025-10-24T18:09:19+00:00\",\"breadcrumb\":{\"@id\":\"https:\\\/\\\/www.grupo-inducom.com\\\/ec\\\/contactanos\\\/#breadcrumb\"},\"inLanguage\":\"es\",\"potentialAction\":[{\"@type\":\"ReadAction\",\"target\":[\"https:\\\/\\\/www.grupo-inducom.com\\\/ec\\\/contactanos\\\/\"]}]},{\"@type\":\"BreadcrumbList\",\"@id\":\"https:\\\/\\\/www.grupo-inducom.com\\\/ec\\\/contactanos\\\/#breadcrumb\",\"itemListElement\":[{\"@type\":\"ListItem\",\"position\":1,\"name\":\"Portada\",\"item\":\"https:\\\/\\\/www.grupo-inducom.com\\\/ec\\\/\"},{\"@type\":\"ListItem\",\"position\":2,\"name\":\"Cont\u00e1ctanos\"}]},{\"@type\":\"WebSite\",\"@id\":\"https:\\\/\\\/www.grupo-inducom.com\\\/ec\\\/#website\",\"url\":\"https:\\\/\\\/www.grupo-inducom.com\\\/ec\\\/\",\"name\":\"Inducom Ecuador\",\"description\":\"\",\"potentialAction\":[{\"@type\":\"SearchAction\",\"target\":{\"@type\":\"EntryPoint\",\"urlTemplate\":\"https:\\\/\\\/www.grupo-inducom.com\\\/ec\\\/?s={search_term_string}\"},\"query-input\":{\"@type\":\"PropertyValueSpecification\",\"valueRequired\":true,\"valueName\":\"search_term_string\"}}],\"inLanguage\":\"es\"}]}<\/script>\n<!-- \/ Yoast SEO plugin. -->","yoast_head_json":{"title":"Cont\u00e1ctanos - Inducom Ecuador","robots":{"index":"index","follow":"follow","max-snippet":"max-snippet:-1","max-image-preview":"max-image-preview:large","max-video-preview":"max-video-preview:-1"},"canonical":"https:\/\/www.grupo-inducom.com\/ec\/contactanos\/","og_locale":"es_ES","og_type":"article","og_title":"Cont\u00e1ctanos - Inducom Ecuador","og_description":"Cot\u00edzanosNuestros centros de atenci\u00f3nMatriz:\u00a0 Km 4.5 v\u00eda Daule, Mapasingue oesteSucursal: Km 10.5 V\u00eda DauleCont\u00e1ctanos: +593 95 894 0099Direcci\u00f3n: Km 7.5 Av. Galo Plaza Lasso y Antonio BasantesCont\u00e1ctanos: +593 98 976 5043Horarios de atenci\u00f3nLunes a Viernes08h30 \u2013 18h00S\u00e1bados 09h00 \u2013 13h00Domingos cerrados","og_url":"https:\/\/www.grupo-inducom.com\/ec\/contactanos\/","og_site_name":"Inducom Ecuador","article_modified_time":"2025-10-24T18:09:19+00:00","twitter_card":"summary_large_image","twitter_misc":{"Tiempo de lectura":"4 minutos"},"schema":{"@context":"https:\/\/schema.org","@graph":[{"@type":"WebPage","@id":"https:\/\/www.grupo-inducom.com\/ec\/contactanos\/","url":"https:\/\/www.grupo-inducom.com\/ec\/contactanos\/","name":"Cont\u00e1ctanos - Inducom Ecuador","isPartOf":{"@id":"https:\/\/www.grupo-inducom.com\/ec\/#website"},"datePublished":"2023-04-12T03:50:50+00:00","dateModified":"2025-10-24T18:09:19+00:00","breadcrumb":{"@id":"https:\/\/www.grupo-inducom.com\/ec\/contactanos\/#breadcrumb"},"inLanguage":"es","potentialAction":[{"@type":"ReadAction","target":["https:\/\/www.grupo-inducom.com\/ec\/contactanos\/"]}]},{"@type":"BreadcrumbList","@id":"https:\/\/www.grupo-inducom.com\/ec\/contactanos\/#breadcrumb","itemListElement":[{"@type":"ListItem","position":1,"name":"Portada","item":"https:\/\/www.grupo-inducom.com\/ec\/"},{"@type":"ListItem","position":2,"name":"Cont\u00e1ctanos"}]},{"@type":"WebSite","@id":"https:\/\/www.grupo-inducom.com\/ec\/#website","url":"https:\/\/www.grupo-inducom.com\/ec\/","name":"Inducom Ecuador","description":"","potentialAction":[{"@type":"SearchAction","target":{"@type":"EntryPoint","urlTemplate":"https:\/\/www.grupo-inducom.com\/ec\/?s={search_term_string}"},"query-input":{"@type":"PropertyValueSpecification","valueRequired":true,"valueName":"search_term_string"}}],"inLanguage":"es"}]}},"_links":{"self":[{"href":"https:\/\/www.grupo-inducom.com\/ec\/wp-json\/wp\/v2\/pages\/80","targetHints":{"allow":["GET"]}}],"collection":[{"href":"https:\/\/www.grupo-inducom.com\/ec\/wp-json\/wp\/v2\/pages"}],"about":[{"href":"https:\/\/www.grupo-inducom.com\/ec\/wp-json\/wp\/v2\/types\/page"}],"author":[{"embeddable":true,"href":"https:\/\/www.grupo-inducom.com\/ec\/wp-json\/wp\/v2\/users\/1"}],"replies":[{"embeddable":true,"href":"https:\/\/www.grupo-inducom.com\/ec\/wp-json\/wp\/v2\/comments?post=80"}],"version-history":[{"count":6,"href":"https:\/\/www.grupo-inducom.com\/ec\/wp-json\/wp\/v2\/pages\/80\/revisions"}],"predecessor-version":[{"id":230148,"href":"https:\/\/www.grupo-inducom.com\/ec\/wp-json\/wp\/v2\/pages\/80\/revisions\/230148"}],"wp:attachment":[{"href":"https:\/\/www.grupo-inducom.com\/ec\/wp-json\/wp\/v2\/media?parent=80"}],"curies":[{"name":"wp","href":"https:\/\/api.w.org\/{rel}","templated":true}]}}