{"id":230117,"date":"2023-06-02T15:58:57","date_gmt":"2023-06-02T20:58:57","guid":{"rendered":"https:\/\/www.grupo-inducom.com\/co\/?post_type=product&#038;p=230117"},"modified":"2023-06-03T10:01:43","modified_gmt":"2023-06-03T15:01:43","slug":"tanque-hidroneumatico","status":"publish","type":"product","link":"https:\/\/www.grupo-inducom.com\/co\/producto\/tanque-hidroneumatico\/","title":{"rendered":"Tanque Hidroneum\u00e1tico"},"content":{"rendered":"<p>&nbsp;<\/p>\n<p>Id\u00f3nea para el transporte de agua sin part\u00edculas abrasivas con aplicaciones en:<\/p>\n<p>&nbsp;<\/p>\n<p>Riego de jardines<\/p>\n<p>Suministro de agua en invernaderos<\/p>\n<p>Suministro de agua para la cr\u00eda de animales<\/p>\n<p>Suministro y drenaje de agua,<\/p>\n<p>Diversos equipos, etc.<\/p>\n<p>&nbsp;<\/p>\n<p>Caracter\u00edsticas<\/p>\n<ul>\n<li>Altura de aspiraci\u00f3n de hasta 8m<\/li>\n<li>Temperatura del l\u00edquido de hasta +40\u2103<\/li>\n<li>Temperatura ambiental m\u00e1xima de +40\u2103<\/li>\n<li>Presi\u00f3n m\u00e1xima de trabajo: 6bar<\/li>\n<li>La fluctuaci\u00f3n de voltaje no sobrepasa el 10% del valor nominal.<\/li>\n<li>pH: 6,5 a 8,5<\/li>\n<\/ul>\n<p>&nbsp;<\/p>\n","protected":false},"excerpt":{"rendered":"<p>&nbsp; Id\u00f3nea para el transporte de agua sin part\u00edculas abrasivas con aplicaciones en: &nbsp; Riego de jardines Suministro de agua en invernaderos Suministro de agua para la cr\u00eda de animales Suministro y drenaje de agua, Diversos equipos, etc. &nbsp; Caracter\u00edsticas Altura de aspiraci\u00f3n de hasta 8m Temperatura del l\u00edquido de hasta +40\u2103 Temperatura ambiental m\u00e1xima [&hellip;]<\/p>\n","protected":false},"featured_media":230060,"comment_status":"open","ping_status":"closed","template":"","meta":{"_acf_changed":false,"_et_pb_use_builder":"","_et_pb_old_content":"","_et_gb_content_width":"","content-type":""},"product_brand":[],"product_cat":[350,447],"product_tag":[367,368],"class_list":{"0":"post-230117","1":"product","2":"type-product","3":"status-publish","4":"has-post-thumbnail","6":"product_cat-bombas-centrifugas","7":"product_cat-tanque-hidroneumatico","8":"product_tag-accesorio","9":"product_tag-varem","11":"first","12":"instock","13":"shipping-taxable","14":"product-type-simple"},"acf":[],"yoast_head":"<!-- This site is optimized with the Yoast SEO plugin v27.4 - https:\/\/yoast.com\/product\/yoast-seo-wordpress\/ -->\n<title>Tanque Hidroneum\u00e1tico - Inducom Colombia<\/title>\n<meta name=\"robots\" content=\"index, follow, max-snippet:-1, max-image-preview:large, max-video-preview:-1\" \/>\n<link rel=\"canonical\" href=\"https:\/\/www.grupo-inducom.com\/co\/producto\/tanque-hidroneumatico\/\" \/>\n<meta property=\"og:locale\" content=\"es_ES\" \/>\n<meta property=\"og:type\" content=\"article\" \/>\n<meta property=\"og:title\" content=\"Tanque Hidroneum\u00e1tico - Inducom Colombia\" \/>\n<meta property=\"og:description\" content=\"&nbsp; Id\u00f3nea para el transporte de agua sin part\u00edculas abrasivas con aplicaciones en: &nbsp; Riego de jardines Suministro de agua en invernaderos Suministro de agua para la cr\u00eda de animales Suministro y drenaje de agua, Diversos equipos, etc. &nbsp; Caracter\u00edsticas Altura de aspiraci\u00f3n de hasta 8m Temperatura del l\u00edquido de hasta +40\u2103 Temperatura ambiental m\u00e1xima [&hellip;]\" \/>\n<meta property=\"og:url\" content=\"https:\/\/www.grupo-inducom.com\/co\/producto\/tanque-hidroneumatico\/\" \/>\n<meta property=\"og:site_name\" content=\"Inducom Colombia\" \/>\n<meta property=\"article:modified_time\" content=\"2023-06-03T15:01:43+00:00\" \/>\n<meta property=\"og:image\" content=\"http:\/\/www.grupo-inducom.com\/co\/wp-content\/uploads\/sites\/4\/2023\/06\/imagenes-pagina-web.png\" \/>\n\t<meta property=\"og:image:width\" content=\"300\" \/>\n\t<meta property=\"og:image:height\" content=\"225\" \/>\n\t<meta property=\"og:image:type\" content=\"image\/png\" \/>\n<meta name=\"twitter:card\" content=\"summary_large_image\" \/>\n<script type=\"application\/ld+json\" class=\"yoast-schema-graph\">{\"@context\":\"https:\\\/\\\/schema.org\",\"@graph\":[{\"@type\":\"WebPage\",\"@id\":\"https:\\\/\\\/www.grupo-inducom.com\\\/co\\\/producto\\\/tanque-hidroneumatico\\\/\",\"url\":\"https:\\\/\\\/www.grupo-inducom.com\\\/co\\\/producto\\\/tanque-hidroneumatico\\\/\",\"name\":\"Tanque Hidroneum\u00e1tico - Inducom Colombia\",\"isPartOf\":{\"@id\":\"https:\\\/\\\/www.grupo-inducom.com\\\/co\\\/#website\"},\"primaryImageOfPage\":{\"@id\":\"https:\\\/\\\/www.grupo-inducom.com\\\/co\\\/producto\\\/tanque-hidroneumatico\\\/#primaryimage\"},\"image\":{\"@id\":\"https:\\\/\\\/www.grupo-inducom.com\\\/co\\\/producto\\\/tanque-hidroneumatico\\\/#primaryimage\"},\"thumbnailUrl\":\"https:\\\/\\\/www.grupo-inducom.com\\\/co\\\/wp-content\\\/uploads\\\/sites\\\/4\\\/2023\\\/06\\\/imagenes-pagina-web.png\",\"datePublished\":\"2023-06-02T20:58:57+00:00\",\"dateModified\":\"2023-06-03T15:01:43+00:00\",\"breadcrumb\":{\"@id\":\"https:\\\/\\\/www.grupo-inducom.com\\\/co\\\/producto\\\/tanque-hidroneumatico\\\/#breadcrumb\"},\"inLanguage\":\"es-CO\",\"potentialAction\":[{\"@type\":\"ReadAction\",\"target\":[\"https:\\\/\\\/www.grupo-inducom.com\\\/co\\\/producto\\\/tanque-hidroneumatico\\\/\"]}]},{\"@type\":\"ImageObject\",\"inLanguage\":\"es-CO\",\"@id\":\"https:\\\/\\\/www.grupo-inducom.com\\\/co\\\/producto\\\/tanque-hidroneumatico\\\/#primaryimage\",\"url\":\"https:\\\/\\\/www.grupo-inducom.com\\\/co\\\/wp-content\\\/uploads\\\/sites\\\/4\\\/2023\\\/06\\\/imagenes-pagina-web.png\",\"contentUrl\":\"https:\\\/\\\/www.grupo-inducom.com\\\/co\\\/wp-content\\\/uploads\\\/sites\\\/4\\\/2023\\\/06\\\/imagenes-pagina-web.png\",\"width\":300,\"height\":225},{\"@type\":\"BreadcrumbList\",\"@id\":\"https:\\\/\\\/www.grupo-inducom.com\\\/co\\\/producto\\\/tanque-hidroneumatico\\\/#breadcrumb\",\"itemListElement\":[{\"@type\":\"ListItem\",\"position\":1,\"name\":\"Portada\",\"item\":\"https:\\\/\\\/www.grupo-inducom.com\\\/co\\\/\"},{\"@type\":\"ListItem\",\"position\":2,\"name\":\"Productos\",\"item\":\"https:\\\/\\\/www.grupo-inducom.com\\\/co\\\/shop\\\/\"},{\"@type\":\"ListItem\",\"position\":3,\"name\":\"Tanque Hidroneum\u00e1tico\"}]},{\"@type\":\"WebSite\",\"@id\":\"https:\\\/\\\/www.grupo-inducom.com\\\/co\\\/#website\",\"url\":\"https:\\\/\\\/www.grupo-inducom.com\\\/co\\\/\",\"name\":\"Inducom Colombia\",\"description\":\"\",\"potentialAction\":[{\"@type\":\"SearchAction\",\"target\":{\"@type\":\"EntryPoint\",\"urlTemplate\":\"https:\\\/\\\/www.grupo-inducom.com\\\/co\\\/?s={search_term_string}\"},\"query-input\":{\"@type\":\"PropertyValueSpecification\",\"valueRequired\":true,\"valueName\":\"search_term_string\"}}],\"inLanguage\":\"es-CO\"}]}<\/script>\n<!-- \/ Yoast SEO plugin. -->","yoast_head_json":{"title":"Tanque Hidroneum\u00e1tico - Inducom Colombia","robots":{"index":"index","follow":"follow","max-snippet":"max-snippet:-1","max-image-preview":"max-image-preview:large","max-video-preview":"max-video-preview:-1"},"canonical":"https:\/\/www.grupo-inducom.com\/co\/producto\/tanque-hidroneumatico\/","og_locale":"es_ES","og_type":"article","og_title":"Tanque Hidroneum\u00e1tico - Inducom Colombia","og_description":"&nbsp; Id\u00f3nea para el transporte de agua sin part\u00edculas abrasivas con aplicaciones en: &nbsp; Riego de jardines Suministro de agua en invernaderos Suministro de agua para la cr\u00eda de animales Suministro y drenaje de agua, Diversos equipos, etc. &nbsp; Caracter\u00edsticas Altura de aspiraci\u00f3n de hasta 8m Temperatura del l\u00edquido de hasta +40\u2103 Temperatura ambiental m\u00e1xima [&hellip;]","og_url":"https:\/\/www.grupo-inducom.com\/co\/producto\/tanque-hidroneumatico\/","og_site_name":"Inducom Colombia","article_modified_time":"2023-06-03T15:01:43+00:00","og_image":[{"width":300,"height":225,"url":"http:\/\/www.grupo-inducom.com\/co\/wp-content\/uploads\/sites\/4\/2023\/06\/imagenes-pagina-web.png","type":"image\/png"}],"twitter_card":"summary_large_image","schema":{"@context":"https:\/\/schema.org","@graph":[{"@type":"WebPage","@id":"https:\/\/www.grupo-inducom.com\/co\/producto\/tanque-hidroneumatico\/","url":"https:\/\/www.grupo-inducom.com\/co\/producto\/tanque-hidroneumatico\/","name":"Tanque Hidroneum\u00e1tico - Inducom Colombia","isPartOf":{"@id":"https:\/\/www.grupo-inducom.com\/co\/#website"},"primaryImageOfPage":{"@id":"https:\/\/www.grupo-inducom.com\/co\/producto\/tanque-hidroneumatico\/#primaryimage"},"image":{"@id":"https:\/\/www.grupo-inducom.com\/co\/producto\/tanque-hidroneumatico\/#primaryimage"},"thumbnailUrl":"https:\/\/www.grupo-inducom.com\/co\/wp-content\/uploads\/sites\/4\/2023\/06\/imagenes-pagina-web.png","datePublished":"2023-06-02T20:58:57+00:00","dateModified":"2023-06-03T15:01:43+00:00","breadcrumb":{"@id":"https:\/\/www.grupo-inducom.com\/co\/producto\/tanque-hidroneumatico\/#breadcrumb"},"inLanguage":"es-CO","potentialAction":[{"@type":"ReadAction","target":["https:\/\/www.grupo-inducom.com\/co\/producto\/tanque-hidroneumatico\/"]}]},{"@type":"ImageObject","inLanguage":"es-CO","@id":"https:\/\/www.grupo-inducom.com\/co\/producto\/tanque-hidroneumatico\/#primaryimage","url":"https:\/\/www.grupo-inducom.com\/co\/wp-content\/uploads\/sites\/4\/2023\/06\/imagenes-pagina-web.png","contentUrl":"https:\/\/www.grupo-inducom.com\/co\/wp-content\/uploads\/sites\/4\/2023\/06\/imagenes-pagina-web.png","width":300,"height":225},{"@type":"BreadcrumbList","@id":"https:\/\/www.grupo-inducom.com\/co\/producto\/tanque-hidroneumatico\/#breadcrumb","itemListElement":[{"@type":"ListItem","position":1,"name":"Portada","item":"https:\/\/www.grupo-inducom.com\/co\/"},{"@type":"ListItem","position":2,"name":"Productos","item":"https:\/\/www.grupo-inducom.com\/co\/shop\/"},{"@type":"ListItem","position":3,"name":"Tanque Hidroneum\u00e1tico"}]},{"@type":"WebSite","@id":"https:\/\/www.grupo-inducom.com\/co\/#website","url":"https:\/\/www.grupo-inducom.com\/co\/","name":"Inducom Colombia","description":"","potentialAction":[{"@type":"SearchAction","target":{"@type":"EntryPoint","urlTemplate":"https:\/\/www.grupo-inducom.com\/co\/?s={search_term_string}"},"query-input":{"@type":"PropertyValueSpecification","valueRequired":true,"valueName":"search_term_string"}}],"inLanguage":"es-CO"}]}},"_links":{"self":[{"href":"https:\/\/www.grupo-inducom.com\/co\/wp-json\/wp\/v2\/product\/230117","targetHints":{"allow":["GET"]}}],"collection":[{"href":"https:\/\/www.grupo-inducom.com\/co\/wp-json\/wp\/v2\/product"}],"about":[{"href":"https:\/\/www.grupo-inducom.com\/co\/wp-json\/wp\/v2\/types\/product"}],"replies":[{"embeddable":true,"href":"https:\/\/www.grupo-inducom.com\/co\/wp-json\/wp\/v2\/comments?post=230117"}],"wp:featuredmedia":[{"embeddable":true,"href":"https:\/\/www.grupo-inducom.com\/co\/wp-json\/wp\/v2\/media\/230060"}],"wp:attachment":[{"href":"https:\/\/www.grupo-inducom.com\/co\/wp-json\/wp\/v2\/media?parent=230117"}],"wp:term":[{"taxonomy":"product_brand","embeddable":true,"href":"https:\/\/www.grupo-inducom.com\/co\/wp-json\/wp\/v2\/product_brand?post=230117"},{"taxonomy":"product_cat","embeddable":true,"href":"https:\/\/www.grupo-inducom.com\/co\/wp-json\/wp\/v2\/product_cat?post=230117"},{"taxonomy":"product_tag","embeddable":true,"href":"https:\/\/www.grupo-inducom.com\/co\/wp-json\/wp\/v2\/product_tag?post=230117"}],"curies":[{"name":"wp","href":"https:\/\/api.w.org\/{rel}","templated":true}]}}