{"id":230102,"date":"2023-06-02T15:58:55","date_gmt":"2023-06-02T20:58:55","guid":{"rendered":"https:\/\/www.grupo-inducom.com\/co\/?post_type=product&#038;p=230102"},"modified":"2023-06-03T10:07:27","modified_gmt":"2023-06-03T15:07:27","slug":"agitador-jet-shear","status":"publish","type":"product","link":"https:\/\/www.grupo-inducom.com\/co\/producto\/agitador-jet-shear\/","title":{"rendered":"Agitador JET-shear"},"content":{"rendered":"<p>Caracter\u00edsticas de la cizalla JET<br \/>\n\u2022 Velocidad del motor: 1800\/3600 RPM<br \/>\n\u2022 Cabezal de trabajo: acero inoxidable 316<br \/>\n\u2022 Eje: acero inoxidable 316<br \/>\n\u2022 Alojamiento del cojinete: acero inoxidable 304<br \/>\n\u2022 Longitudes de eje: var\u00edan seg\u00fan<br \/>\nrequerimientos del cliente<br \/>\n\u2022 Tama\u00f1os de tanque de hasta 1000 gal\/ 3785 L<br \/>\n(sin agitaci\u00f3n adicional)<br \/>\n\u2022 Tanques de hasta 4000 GAL \/ 15142 L<br \/>\n(con agitaci\u00f3n suministrada por el cliente)<\/p>\n","protected":false},"excerpt":{"rendered":"<p><img loading=\"lazy\" decoding=\"async\" class=\"alignnone wp-image-10283 size-medium\" src=\"https:\/\/inducom.com.co\/wp-content\/uploads\/2020\/11\/logo-300x175.webp\" alt=\"\" width=\"300\" height=\"175\" \/><br \/>\nLos mezcladores en tanque de Ampco se utilizan para hidratar, disolver, dispersar y emulsionar<br \/>\nproductos que cubren de manera consistente y eficiente una amplia gama de aplicaciones en<br \/>\nlas industrias de alimentos, cuidado personal, qu\u00edmica y farmac\u00e9utica.<br \/>\nLa cizalla JET se usa en tanques y contenedores abiertos o cerrados, creando<br \/>\nmezclas consistentes en tanques de hasta 1000 galones. La cizalla JET es mucho m\u00e1s<br \/>\nque un agitador en tanque, capaz de crear emulsiones de menos de 10 micrones.<br \/>\nLas opciones incluyen elevadores neum\u00e1ticos, m\u00faltiples opciones de montaje: brida, puente<br \/>\nmontura y abrazadera triple. Hay disponible una variedad de estilos de cabeza de trabajo y longitudes de eje.<\/p>\n","protected":false},"featured_media":230044,"comment_status":"open","ping_status":"closed","template":"","meta":{"_acf_changed":false,"_et_pb_use_builder":"","_et_pb_old_content":"","_et_gb_content_width":"","content-type":""},"product_brand":[],"product_cat":[345,447],"product_tag":[],"class_list":{"0":"post-230102","1":"product","2":"type-product","3":"status-publish","4":"has-post-thumbnail","6":"product_cat-ampco-pumps","7":"product_cat-tanque-hidroneumatico","9":"first","10":"instock","11":"shipping-taxable","12":"product-type-simple"},"acf":[],"yoast_head":"<!-- This site is optimized with the Yoast SEO plugin v27.2 - https:\/\/yoast.com\/product\/yoast-seo-wordpress\/ -->\n<title>Agitador JET-shear - Inducom Colombia<\/title>\n<meta name=\"robots\" content=\"index, follow, max-snippet:-1, max-image-preview:large, max-video-preview:-1\" \/>\n<link rel=\"canonical\" href=\"https:\/\/www.grupo-inducom.com\/co\/producto\/agitador-jet-shear\/\" \/>\n<meta property=\"og:locale\" content=\"es_ES\" \/>\n<meta property=\"og:type\" content=\"article\" \/>\n<meta property=\"og:title\" content=\"Agitador JET-shear - Inducom Colombia\" \/>\n<meta property=\"og:description\" content=\"Los mezcladores en tanque de Ampco se utilizan para hidratar, disolver, dispersar y emulsionar productos que cubren de manera consistente y eficiente una amplia gama de aplicaciones en las industrias de alimentos, cuidado personal, qu\u00edmica y farmac\u00e9utica. La cizalla JET se usa en tanques y contenedores abiertos o cerrados, creando mezclas consistentes en tanques de hasta 1000 galones. La cizalla JET es mucho m\u00e1s que un agitador en tanque, capaz de crear emulsiones de menos de 10 micrones. Las opciones incluyen elevadores neum\u00e1ticos, m\u00faltiples opciones de montaje: brida, puente montura y abrazadera triple. Hay disponible una variedad de estilos de cabeza de trabajo y longitudes de eje.\" \/>\n<meta property=\"og:url\" content=\"https:\/\/www.grupo-inducom.com\/co\/producto\/agitador-jet-shear\/\" \/>\n<meta property=\"og:site_name\" content=\"Inducom Colombia\" \/>\n<meta property=\"article:modified_time\" content=\"2023-06-03T15:07:27+00:00\" \/>\n<meta property=\"og:image\" content=\"http:\/\/www.grupo-inducom.com\/co\/wp-content\/uploads\/sites\/4\/2023\/06\/1-2.png\" \/>\n\t<meta property=\"og:image:width\" content=\"300\" \/>\n\t<meta property=\"og:image:height\" content=\"300\" \/>\n\t<meta property=\"og:image:type\" content=\"image\/png\" \/>\n<meta name=\"twitter:card\" content=\"summary_large_image\" \/>\n<meta name=\"twitter:label1\" content=\"Tiempo de lectura\" \/>\n\t<meta name=\"twitter:data1\" content=\"1 minuto\" \/>\n<script type=\"application\/ld+json\" class=\"yoast-schema-graph\">{\"@context\":\"https:\/\/schema.org\",\"@graph\":[{\"@type\":\"WebPage\",\"@id\":\"https:\/\/www.grupo-inducom.com\/co\/producto\/agitador-jet-shear\/\",\"url\":\"https:\/\/www.grupo-inducom.com\/co\/producto\/agitador-jet-shear\/\",\"name\":\"Agitador JET-shear - Inducom Colombia\",\"isPartOf\":{\"@id\":\"https:\/\/www.grupo-inducom.com\/co\/#website\"},\"primaryImageOfPage\":{\"@id\":\"https:\/\/www.grupo-inducom.com\/co\/producto\/agitador-jet-shear\/#primaryimage\"},\"image\":{\"@id\":\"https:\/\/www.grupo-inducom.com\/co\/producto\/agitador-jet-shear\/#primaryimage\"},\"thumbnailUrl\":\"https:\/\/www.grupo-inducom.com\/co\/wp-content\/uploads\/sites\/4\/2023\/06\/1-2.png\",\"datePublished\":\"2023-06-02T20:58:55+00:00\",\"dateModified\":\"2023-06-03T15:07:27+00:00\",\"breadcrumb\":{\"@id\":\"https:\/\/www.grupo-inducom.com\/co\/producto\/agitador-jet-shear\/#breadcrumb\"},\"inLanguage\":\"es-CO\",\"potentialAction\":[{\"@type\":\"ReadAction\",\"target\":[\"https:\/\/www.grupo-inducom.com\/co\/producto\/agitador-jet-shear\/\"]}]},{\"@type\":\"ImageObject\",\"inLanguage\":\"es-CO\",\"@id\":\"https:\/\/www.grupo-inducom.com\/co\/producto\/agitador-jet-shear\/#primaryimage\",\"url\":\"https:\/\/www.grupo-inducom.com\/co\/wp-content\/uploads\/sites\/4\/2023\/06\/1-2.png\",\"contentUrl\":\"https:\/\/www.grupo-inducom.com\/co\/wp-content\/uploads\/sites\/4\/2023\/06\/1-2.png\",\"width\":300,\"height\":300},{\"@type\":\"BreadcrumbList\",\"@id\":\"https:\/\/www.grupo-inducom.com\/co\/producto\/agitador-jet-shear\/#breadcrumb\",\"itemListElement\":[{\"@type\":\"ListItem\",\"position\":1,\"name\":\"Portada\",\"item\":\"https:\/\/www.grupo-inducom.com\/co\/\"},{\"@type\":\"ListItem\",\"position\":2,\"name\":\"Productos\",\"item\":\"https:\/\/www.grupo-inducom.com\/co\/shop\/\"},{\"@type\":\"ListItem\",\"position\":3,\"name\":\"Agitador JET-shear\"}]},{\"@type\":\"WebSite\",\"@id\":\"https:\/\/www.grupo-inducom.com\/co\/#website\",\"url\":\"https:\/\/www.grupo-inducom.com\/co\/\",\"name\":\"Inducom Colombia\",\"description\":\"\",\"potentialAction\":[{\"@type\":\"SearchAction\",\"target\":{\"@type\":\"EntryPoint\",\"urlTemplate\":\"https:\/\/www.grupo-inducom.com\/co\/?s={search_term_string}\"},\"query-input\":{\"@type\":\"PropertyValueSpecification\",\"valueRequired\":true,\"valueName\":\"search_term_string\"}}],\"inLanguage\":\"es-CO\"}]}<\/script>\n<!-- \/ Yoast SEO plugin. -->","yoast_head_json":{"title":"Agitador JET-shear - Inducom Colombia","robots":{"index":"index","follow":"follow","max-snippet":"max-snippet:-1","max-image-preview":"max-image-preview:large","max-video-preview":"max-video-preview:-1"},"canonical":"https:\/\/www.grupo-inducom.com\/co\/producto\/agitador-jet-shear\/","og_locale":"es_ES","og_type":"article","og_title":"Agitador JET-shear - Inducom Colombia","og_description":"Los mezcladores en tanque de Ampco se utilizan para hidratar, disolver, dispersar y emulsionar productos que cubren de manera consistente y eficiente una amplia gama de aplicaciones en las industrias de alimentos, cuidado personal, qu\u00edmica y farmac\u00e9utica. La cizalla JET se usa en tanques y contenedores abiertos o cerrados, creando mezclas consistentes en tanques de hasta 1000 galones. La cizalla JET es mucho m\u00e1s que un agitador en tanque, capaz de crear emulsiones de menos de 10 micrones. Las opciones incluyen elevadores neum\u00e1ticos, m\u00faltiples opciones de montaje: brida, puente montura y abrazadera triple. Hay disponible una variedad de estilos de cabeza de trabajo y longitudes de eje.","og_url":"https:\/\/www.grupo-inducom.com\/co\/producto\/agitador-jet-shear\/","og_site_name":"Inducom Colombia","article_modified_time":"2023-06-03T15:07:27+00:00","og_image":[{"width":300,"height":300,"url":"http:\/\/www.grupo-inducom.com\/co\/wp-content\/uploads\/sites\/4\/2023\/06\/1-2.png","type":"image\/png"}],"twitter_card":"summary_large_image","twitter_misc":{"Tiempo de lectura":"1 minuto"},"schema":{"@context":"https:\/\/schema.org","@graph":[{"@type":"WebPage","@id":"https:\/\/www.grupo-inducom.com\/co\/producto\/agitador-jet-shear\/","url":"https:\/\/www.grupo-inducom.com\/co\/producto\/agitador-jet-shear\/","name":"Agitador JET-shear - Inducom Colombia","isPartOf":{"@id":"https:\/\/www.grupo-inducom.com\/co\/#website"},"primaryImageOfPage":{"@id":"https:\/\/www.grupo-inducom.com\/co\/producto\/agitador-jet-shear\/#primaryimage"},"image":{"@id":"https:\/\/www.grupo-inducom.com\/co\/producto\/agitador-jet-shear\/#primaryimage"},"thumbnailUrl":"https:\/\/www.grupo-inducom.com\/co\/wp-content\/uploads\/sites\/4\/2023\/06\/1-2.png","datePublished":"2023-06-02T20:58:55+00:00","dateModified":"2023-06-03T15:07:27+00:00","breadcrumb":{"@id":"https:\/\/www.grupo-inducom.com\/co\/producto\/agitador-jet-shear\/#breadcrumb"},"inLanguage":"es-CO","potentialAction":[{"@type":"ReadAction","target":["https:\/\/www.grupo-inducom.com\/co\/producto\/agitador-jet-shear\/"]}]},{"@type":"ImageObject","inLanguage":"es-CO","@id":"https:\/\/www.grupo-inducom.com\/co\/producto\/agitador-jet-shear\/#primaryimage","url":"https:\/\/www.grupo-inducom.com\/co\/wp-content\/uploads\/sites\/4\/2023\/06\/1-2.png","contentUrl":"https:\/\/www.grupo-inducom.com\/co\/wp-content\/uploads\/sites\/4\/2023\/06\/1-2.png","width":300,"height":300},{"@type":"BreadcrumbList","@id":"https:\/\/www.grupo-inducom.com\/co\/producto\/agitador-jet-shear\/#breadcrumb","itemListElement":[{"@type":"ListItem","position":1,"name":"Portada","item":"https:\/\/www.grupo-inducom.com\/co\/"},{"@type":"ListItem","position":2,"name":"Productos","item":"https:\/\/www.grupo-inducom.com\/co\/shop\/"},{"@type":"ListItem","position":3,"name":"Agitador JET-shear"}]},{"@type":"WebSite","@id":"https:\/\/www.grupo-inducom.com\/co\/#website","url":"https:\/\/www.grupo-inducom.com\/co\/","name":"Inducom Colombia","description":"","potentialAction":[{"@type":"SearchAction","target":{"@type":"EntryPoint","urlTemplate":"https:\/\/www.grupo-inducom.com\/co\/?s={search_term_string}"},"query-input":{"@type":"PropertyValueSpecification","valueRequired":true,"valueName":"search_term_string"}}],"inLanguage":"es-CO"}]}},"_links":{"self":[{"href":"https:\/\/www.grupo-inducom.com\/co\/wp-json\/wp\/v2\/product\/230102","targetHints":{"allow":["GET"]}}],"collection":[{"href":"https:\/\/www.grupo-inducom.com\/co\/wp-json\/wp\/v2\/product"}],"about":[{"href":"https:\/\/www.grupo-inducom.com\/co\/wp-json\/wp\/v2\/types\/product"}],"replies":[{"embeddable":true,"href":"https:\/\/www.grupo-inducom.com\/co\/wp-json\/wp\/v2\/comments?post=230102"}],"wp:featuredmedia":[{"embeddable":true,"href":"https:\/\/www.grupo-inducom.com\/co\/wp-json\/wp\/v2\/media\/230044"}],"wp:attachment":[{"href":"https:\/\/www.grupo-inducom.com\/co\/wp-json\/wp\/v2\/media?parent=230102"}],"wp:term":[{"taxonomy":"product_brand","embeddable":true,"href":"https:\/\/www.grupo-inducom.com\/co\/wp-json\/wp\/v2\/product_brand?post=230102"},{"taxonomy":"product_cat","embeddable":true,"href":"https:\/\/www.grupo-inducom.com\/co\/wp-json\/wp\/v2\/product_cat?post=230102"},{"taxonomy":"product_tag","embeddable":true,"href":"https:\/\/www.grupo-inducom.com\/co\/wp-json\/wp\/v2\/product_tag?post=230102"}],"curies":[{"name":"wp","href":"https:\/\/api.w.org\/{rel}","templated":true}]}}