{"id":230101,"date":"2023-06-02T15:58:55","date_gmt":"2023-06-02T20:58:55","guid":{"rendered":"https:\/\/www.grupo-inducom.com\/co\/?post_type=product&#038;p=230101"},"modified":"2023-06-03T10:07:40","modified_gmt":"2023-06-03T15:07:40","slug":"agitadores-shear-max-high-shear-inline","status":"publish","type":"product","link":"https:\/\/www.grupo-inducom.com\/co\/producto\/agitadores-shear-max-high-shear-inline\/","title":{"rendered":"Agitadores SHEAR-max HIGH SHEAR INLINE"},"content":{"rendered":"<p>Caracter\u00edsticas de SHEAR-max<br \/>\n\u2022 Impulsor integrado y din\u00e1mico<br \/>\ndientes cortantes<br \/>\n\u2022 Compatible con CIP<br \/>\n\u2022 Construcci\u00f3n de acero inoxidable 316L<br \/>\n\u2022 Adaptador de acero inoxidable 304<br \/>\n\u2022 Impulsor din\u00e1micamente balanceado<br \/>\n\u2022 Dise\u00f1os de m\u00faltiples estatores<br \/>\n\u2022 Disponible en dise\u00f1o de una o varias etapas<br \/>\nCaudal m\u00e1ximo: 800 GPM \/ 182 M3<br \/>\n\/hora.<\/p>\n","protected":false},"excerpt":{"rendered":"<p><img loading=\"lazy\" decoding=\"async\" class=\"alignnone wp-image-10283 size-medium\" src=\"https:\/\/inducom.com.co\/wp-content\/uploads\/2020\/11\/logo-300x175.webp\" alt=\"\" width=\"300\" height=\"175\" \/><br \/>\nSHEAR-max de Ampco ofrece una mezcla en l\u00ednea de alto cizallamiento con un giro. este mezclador<br \/>\nproporciona reducci\u00f3n del tama\u00f1o de part\u00edculas, emulsificaci\u00f3n y dispersi\u00f3n con tolerancias estrictas<br \/>\npara aplicaciones de alto cizallamiento y flujo extremadamente eficiente. El rotor curvo y<br \/>\nvarios dise\u00f1os de estator lo convierten en uno de los dise\u00f1os m\u00e1s eficientes e higi\u00e9nicos en<br \/>\nEl mercado. El SHEAR-max puede dispersar, disolver, emulsionar, desaglomerar,<br \/>\nhomogeneizar o simplemente licuar.<\/p>\n<p>&nbsp;<\/p>\n","protected":false},"featured_media":230043,"comment_status":"open","ping_status":"closed","template":"","meta":{"_acf_changed":false,"_et_pb_use_builder":"","_et_pb_old_content":"","_et_gb_content_width":"","content-type":""},"product_brand":[],"product_cat":[345,447],"product_tag":[],"class_list":{"0":"post-230101","1":"product","2":"type-product","3":"status-publish","4":"has-post-thumbnail","6":"product_cat-ampco-pumps","7":"product_cat-tanque-hidroneumatico","9":"first","10":"instock","11":"shipping-taxable","12":"product-type-simple"},"acf":[],"yoast_head":"<!-- This site is optimized with the Yoast SEO plugin v27.4 - https:\/\/yoast.com\/product\/yoast-seo-wordpress\/ -->\n<title>Agitadores SHEAR-max HIGH SHEAR INLINE - Inducom Colombia<\/title>\n<meta name=\"robots\" content=\"index, follow, max-snippet:-1, max-image-preview:large, max-video-preview:-1\" \/>\n<link rel=\"canonical\" href=\"https:\/\/www.grupo-inducom.com\/co\/producto\/agitadores-shear-max-high-shear-inline\/\" \/>\n<meta property=\"og:locale\" content=\"es_ES\" \/>\n<meta property=\"og:type\" content=\"article\" \/>\n<meta property=\"og:title\" content=\"Agitadores SHEAR-max HIGH SHEAR INLINE - Inducom Colombia\" \/>\n<meta property=\"og:description\" content=\"SHEAR-max de Ampco ofrece una mezcla en l\u00ednea de alto cizallamiento con un giro. este mezclador proporciona reducci\u00f3n del tama\u00f1o de part\u00edculas, emulsificaci\u00f3n y dispersi\u00f3n con tolerancias estrictas para aplicaciones de alto cizallamiento y flujo extremadamente eficiente. El rotor curvo y varios dise\u00f1os de estator lo convierten en uno de los dise\u00f1os m\u00e1s eficientes e higi\u00e9nicos en El mercado. El SHEAR-max puede dispersar, disolver, emulsionar, desaglomerar, homogeneizar o simplemente licuar.  &nbsp;\" \/>\n<meta property=\"og:url\" content=\"https:\/\/www.grupo-inducom.com\/co\/producto\/agitadores-shear-max-high-shear-inline\/\" \/>\n<meta property=\"og:site_name\" content=\"Inducom Colombia\" \/>\n<meta property=\"article:modified_time\" content=\"2023-06-03T15:07:40+00:00\" \/>\n<meta property=\"og:image\" content=\"http:\/\/www.grupo-inducom.com\/co\/wp-content\/uploads\/sites\/4\/2023\/06\/2-3.png\" \/>\n\t<meta property=\"og:image:width\" content=\"300\" \/>\n\t<meta property=\"og:image:height\" content=\"300\" \/>\n\t<meta property=\"og:image:type\" content=\"image\/png\" \/>\n<meta name=\"twitter:card\" content=\"summary_large_image\" \/>\n<meta name=\"twitter:label1\" content=\"Tiempo de lectura\" \/>\n\t<meta name=\"twitter:data1\" content=\"1 minuto\" \/>\n<script type=\"application\/ld+json\" class=\"yoast-schema-graph\">{\"@context\":\"https:\\\/\\\/schema.org\",\"@graph\":[{\"@type\":\"WebPage\",\"@id\":\"https:\\\/\\\/www.grupo-inducom.com\\\/co\\\/producto\\\/agitadores-shear-max-high-shear-inline\\\/\",\"url\":\"https:\\\/\\\/www.grupo-inducom.com\\\/co\\\/producto\\\/agitadores-shear-max-high-shear-inline\\\/\",\"name\":\"Agitadores SHEAR-max HIGH SHEAR INLINE - Inducom Colombia\",\"isPartOf\":{\"@id\":\"https:\\\/\\\/www.grupo-inducom.com\\\/co\\\/#website\"},\"primaryImageOfPage\":{\"@id\":\"https:\\\/\\\/www.grupo-inducom.com\\\/co\\\/producto\\\/agitadores-shear-max-high-shear-inline\\\/#primaryimage\"},\"image\":{\"@id\":\"https:\\\/\\\/www.grupo-inducom.com\\\/co\\\/producto\\\/agitadores-shear-max-high-shear-inline\\\/#primaryimage\"},\"thumbnailUrl\":\"https:\\\/\\\/www.grupo-inducom.com\\\/co\\\/wp-content\\\/uploads\\\/sites\\\/4\\\/2023\\\/06\\\/2-3.png\",\"datePublished\":\"2023-06-02T20:58:55+00:00\",\"dateModified\":\"2023-06-03T15:07:40+00:00\",\"breadcrumb\":{\"@id\":\"https:\\\/\\\/www.grupo-inducom.com\\\/co\\\/producto\\\/agitadores-shear-max-high-shear-inline\\\/#breadcrumb\"},\"inLanguage\":\"es-CO\",\"potentialAction\":[{\"@type\":\"ReadAction\",\"target\":[\"https:\\\/\\\/www.grupo-inducom.com\\\/co\\\/producto\\\/agitadores-shear-max-high-shear-inline\\\/\"]}]},{\"@type\":\"ImageObject\",\"inLanguage\":\"es-CO\",\"@id\":\"https:\\\/\\\/www.grupo-inducom.com\\\/co\\\/producto\\\/agitadores-shear-max-high-shear-inline\\\/#primaryimage\",\"url\":\"https:\\\/\\\/www.grupo-inducom.com\\\/co\\\/wp-content\\\/uploads\\\/sites\\\/4\\\/2023\\\/06\\\/2-3.png\",\"contentUrl\":\"https:\\\/\\\/www.grupo-inducom.com\\\/co\\\/wp-content\\\/uploads\\\/sites\\\/4\\\/2023\\\/06\\\/2-3.png\",\"width\":300,\"height\":300},{\"@type\":\"BreadcrumbList\",\"@id\":\"https:\\\/\\\/www.grupo-inducom.com\\\/co\\\/producto\\\/agitadores-shear-max-high-shear-inline\\\/#breadcrumb\",\"itemListElement\":[{\"@type\":\"ListItem\",\"position\":1,\"name\":\"Portada\",\"item\":\"https:\\\/\\\/www.grupo-inducom.com\\\/co\\\/\"},{\"@type\":\"ListItem\",\"position\":2,\"name\":\"Productos\",\"item\":\"https:\\\/\\\/www.grupo-inducom.com\\\/co\\\/shop\\\/\"},{\"@type\":\"ListItem\",\"position\":3,\"name\":\"Agitadores SHEAR-max HIGH SHEAR INLINE\"}]},{\"@type\":\"WebSite\",\"@id\":\"https:\\\/\\\/www.grupo-inducom.com\\\/co\\\/#website\",\"url\":\"https:\\\/\\\/www.grupo-inducom.com\\\/co\\\/\",\"name\":\"Inducom Colombia\",\"description\":\"\",\"potentialAction\":[{\"@type\":\"SearchAction\",\"target\":{\"@type\":\"EntryPoint\",\"urlTemplate\":\"https:\\\/\\\/www.grupo-inducom.com\\\/co\\\/?s={search_term_string}\"},\"query-input\":{\"@type\":\"PropertyValueSpecification\",\"valueRequired\":true,\"valueName\":\"search_term_string\"}}],\"inLanguage\":\"es-CO\"}]}<\/script>\n<!-- \/ Yoast SEO plugin. -->","yoast_head_json":{"title":"Agitadores SHEAR-max HIGH SHEAR INLINE - Inducom Colombia","robots":{"index":"index","follow":"follow","max-snippet":"max-snippet:-1","max-image-preview":"max-image-preview:large","max-video-preview":"max-video-preview:-1"},"canonical":"https:\/\/www.grupo-inducom.com\/co\/producto\/agitadores-shear-max-high-shear-inline\/","og_locale":"es_ES","og_type":"article","og_title":"Agitadores SHEAR-max HIGH SHEAR INLINE - Inducom Colombia","og_description":"SHEAR-max de Ampco ofrece una mezcla en l\u00ednea de alto cizallamiento con un giro. este mezclador proporciona reducci\u00f3n del tama\u00f1o de part\u00edculas, emulsificaci\u00f3n y dispersi\u00f3n con tolerancias estrictas para aplicaciones de alto cizallamiento y flujo extremadamente eficiente. El rotor curvo y varios dise\u00f1os de estator lo convierten en uno de los dise\u00f1os m\u00e1s eficientes e higi\u00e9nicos en El mercado. El SHEAR-max puede dispersar, disolver, emulsionar, desaglomerar, homogeneizar o simplemente licuar.  &nbsp;","og_url":"https:\/\/www.grupo-inducom.com\/co\/producto\/agitadores-shear-max-high-shear-inline\/","og_site_name":"Inducom Colombia","article_modified_time":"2023-06-03T15:07:40+00:00","og_image":[{"width":300,"height":300,"url":"http:\/\/www.grupo-inducom.com\/co\/wp-content\/uploads\/sites\/4\/2023\/06\/2-3.png","type":"image\/png"}],"twitter_card":"summary_large_image","twitter_misc":{"Tiempo de lectura":"1 minuto"},"schema":{"@context":"https:\/\/schema.org","@graph":[{"@type":"WebPage","@id":"https:\/\/www.grupo-inducom.com\/co\/producto\/agitadores-shear-max-high-shear-inline\/","url":"https:\/\/www.grupo-inducom.com\/co\/producto\/agitadores-shear-max-high-shear-inline\/","name":"Agitadores SHEAR-max HIGH SHEAR INLINE - Inducom Colombia","isPartOf":{"@id":"https:\/\/www.grupo-inducom.com\/co\/#website"},"primaryImageOfPage":{"@id":"https:\/\/www.grupo-inducom.com\/co\/producto\/agitadores-shear-max-high-shear-inline\/#primaryimage"},"image":{"@id":"https:\/\/www.grupo-inducom.com\/co\/producto\/agitadores-shear-max-high-shear-inline\/#primaryimage"},"thumbnailUrl":"https:\/\/www.grupo-inducom.com\/co\/wp-content\/uploads\/sites\/4\/2023\/06\/2-3.png","datePublished":"2023-06-02T20:58:55+00:00","dateModified":"2023-06-03T15:07:40+00:00","breadcrumb":{"@id":"https:\/\/www.grupo-inducom.com\/co\/producto\/agitadores-shear-max-high-shear-inline\/#breadcrumb"},"inLanguage":"es-CO","potentialAction":[{"@type":"ReadAction","target":["https:\/\/www.grupo-inducom.com\/co\/producto\/agitadores-shear-max-high-shear-inline\/"]}]},{"@type":"ImageObject","inLanguage":"es-CO","@id":"https:\/\/www.grupo-inducom.com\/co\/producto\/agitadores-shear-max-high-shear-inline\/#primaryimage","url":"https:\/\/www.grupo-inducom.com\/co\/wp-content\/uploads\/sites\/4\/2023\/06\/2-3.png","contentUrl":"https:\/\/www.grupo-inducom.com\/co\/wp-content\/uploads\/sites\/4\/2023\/06\/2-3.png","width":300,"height":300},{"@type":"BreadcrumbList","@id":"https:\/\/www.grupo-inducom.com\/co\/producto\/agitadores-shear-max-high-shear-inline\/#breadcrumb","itemListElement":[{"@type":"ListItem","position":1,"name":"Portada","item":"https:\/\/www.grupo-inducom.com\/co\/"},{"@type":"ListItem","position":2,"name":"Productos","item":"https:\/\/www.grupo-inducom.com\/co\/shop\/"},{"@type":"ListItem","position":3,"name":"Agitadores SHEAR-max HIGH SHEAR INLINE"}]},{"@type":"WebSite","@id":"https:\/\/www.grupo-inducom.com\/co\/#website","url":"https:\/\/www.grupo-inducom.com\/co\/","name":"Inducom Colombia","description":"","potentialAction":[{"@type":"SearchAction","target":{"@type":"EntryPoint","urlTemplate":"https:\/\/www.grupo-inducom.com\/co\/?s={search_term_string}"},"query-input":{"@type":"PropertyValueSpecification","valueRequired":true,"valueName":"search_term_string"}}],"inLanguage":"es-CO"}]}},"_links":{"self":[{"href":"https:\/\/www.grupo-inducom.com\/co\/wp-json\/wp\/v2\/product\/230101","targetHints":{"allow":["GET"]}}],"collection":[{"href":"https:\/\/www.grupo-inducom.com\/co\/wp-json\/wp\/v2\/product"}],"about":[{"href":"https:\/\/www.grupo-inducom.com\/co\/wp-json\/wp\/v2\/types\/product"}],"replies":[{"embeddable":true,"href":"https:\/\/www.grupo-inducom.com\/co\/wp-json\/wp\/v2\/comments?post=230101"}],"wp:featuredmedia":[{"embeddable":true,"href":"https:\/\/www.grupo-inducom.com\/co\/wp-json\/wp\/v2\/media\/230043"}],"wp:attachment":[{"href":"https:\/\/www.grupo-inducom.com\/co\/wp-json\/wp\/v2\/media?parent=230101"}],"wp:term":[{"taxonomy":"product_brand","embeddable":true,"href":"https:\/\/www.grupo-inducom.com\/co\/wp-json\/wp\/v2\/product_brand?post=230101"},{"taxonomy":"product_cat","embeddable":true,"href":"https:\/\/www.grupo-inducom.com\/co\/wp-json\/wp\/v2\/product_cat?post=230101"},{"taxonomy":"product_tag","embeddable":true,"href":"https:\/\/www.grupo-inducom.com\/co\/wp-json\/wp\/v2\/product_tag?post=230101"}],"curies":[{"name":"wp","href":"https:\/\/api.w.org\/{rel}","templated":true}]}}