{"id":230096,"date":"2023-06-02T15:58:54","date_gmt":"2023-06-02T20:58:54","guid":{"rendered":"https:\/\/www.grupo-inducom.com\/co\/?post_type=product&#038;p=230096"},"modified":"2023-06-03T10:30:17","modified_gmt":"2023-06-03T15:30:17","slug":"mezcladora-powder-max","status":"publish","type":"product","link":"https:\/\/www.grupo-inducom.com\/co\/producto\/mezcladora-powder-max\/","title":{"rendered":"Mezcladora POWDER-max"},"content":{"rendered":"<p>Caracter\u00edsticas est\u00e1ndar de POWDER-max<br \/>\n\u2022 Bomba de anillo l\u00edquido modelo SP<br \/>\n\u2022 Licuadora o batidora de cizalla Ampco<br \/>\n\u2022 Material base de acero inoxidable 304<br \/>\n\u2022 Piezas h\u00famedas 316L<br \/>\n\u2022 Arrancador de motor doble: NEMA 4X<br \/>\n\u2022 Ruedas de acero inoxidable<br \/>\n\u2022 V\u00e1lvula de control de polvo<br \/>\n\u2022 V\u00e1lvula de control de fluido<br \/>\nCaudal m\u00e1ximo: 350 GPM \/ 79,5 M3<br \/>\n\/hora<br \/>\nTasa m\u00e1xima de inducci\u00f3n de polvo: 700 lbs\/min \/ 318 kg\/min<\/p>\n","protected":false},"excerpt":{"rendered":"<p><img loading=\"lazy\" decoding=\"async\" class=\"alignnone wp-image-10283 size-medium\" src=\"https:\/\/inducom.com.co\/wp-content\/uploads\/2020\/11\/logo-300x175.webp\" alt=\"\" width=\"300\" height=\"175\" \/><br \/>\nPOWDER-max de Ampco Applied Products reduce el tiempo de procesamiento y<br \/>\nproporciona una consistencia \u00f3ptima del producto sin limitaciones de tama\u00f1o de lote.<br \/>\nUn dise\u00f1o innovador permite que POWDER-max mezcle r\u00e1pidamente h\u00famedo y<br \/>\ningredientes secos en una sola unidad totalmente port\u00e1til. Cosechadoras POWDER-max<br \/>\nLa bomba de anillo l\u00edquido de la serie SP de Ampco y el mezclador de alto cizallamiento en l\u00ednea para<br \/>\nfacilitar tiradas de producci\u00f3n ilimitadas. El dise\u00f1o completamente sanitario es adecuado para<br \/>\naplicaciones de alimentos, bebidas, farmac\u00e9uticas y qu\u00edmicas.<br \/>\nHay cinco modelos est\u00e1ndar disponibles y POWDER-max se puede personalizar<br \/>\npara una multitud de requisitos de procesamiento. Las opciones incluyen: tolva<br \/>\ncubiertas, pantallas de tolva, v\u00e1lvulas neum\u00e1ticas, opciones a prueba de explosiones,<br \/>\nconectores de supersacos, dise\u00f1o de mesa.<\/p>\n<p>&nbsp;<\/p>\n","protected":false},"featured_media":230038,"comment_status":"open","ping_status":"closed","template":"","meta":{"_acf_changed":false,"_et_pb_use_builder":"","_et_pb_old_content":"","_et_gb_content_width":"","content-type":""},"product_brand":[],"product_cat":[345,393],"product_tag":[],"class_list":{"0":"post-230096","1":"product","2":"type-product","3":"status-publish","4":"has-post-thumbnail","6":"product_cat-ampco-pumps","7":"product_cat-linea-sanitaria","9":"first","10":"instock","11":"shipping-taxable","12":"product-type-simple"},"acf":[],"yoast_head":"<!-- This site is optimized with the Yoast SEO plugin v27.4 - https:\/\/yoast.com\/product\/yoast-seo-wordpress\/ -->\n<title>Mezcladora POWDER-max - Inducom Colombia<\/title>\n<meta name=\"robots\" content=\"index, follow, max-snippet:-1, max-image-preview:large, max-video-preview:-1\" \/>\n<link rel=\"canonical\" href=\"https:\/\/www.grupo-inducom.com\/co\/producto\/mezcladora-powder-max\/\" \/>\n<meta property=\"og:locale\" content=\"es_ES\" \/>\n<meta property=\"og:type\" content=\"article\" \/>\n<meta property=\"og:title\" content=\"Mezcladora POWDER-max - Inducom Colombia\" \/>\n<meta property=\"og:description\" content=\"POWDER-max de Ampco Applied Products reduce el tiempo de procesamiento y proporciona una consistencia \u00f3ptima del producto sin limitaciones de tama\u00f1o de lote. Un dise\u00f1o innovador permite que POWDER-max mezcle r\u00e1pidamente h\u00famedo y ingredientes secos en una sola unidad totalmente port\u00e1til. Cosechadoras POWDER-max La bomba de anillo l\u00edquido de la serie SP de Ampco y el mezclador de alto cizallamiento en l\u00ednea para facilitar tiradas de producci\u00f3n ilimitadas. El dise\u00f1o completamente sanitario es adecuado para aplicaciones de alimentos, bebidas, farmac\u00e9uticas y qu\u00edmicas. Hay cinco modelos est\u00e1ndar disponibles y POWDER-max se puede personalizar para una multitud de requisitos de procesamiento. Las opciones incluyen: tolva cubiertas, pantallas de tolva, v\u00e1lvulas neum\u00e1ticas, opciones a prueba de explosiones, conectores de supersacos, dise\u00f1o de mesa.  &nbsp;\" \/>\n<meta property=\"og:url\" content=\"https:\/\/www.grupo-inducom.com\/co\/producto\/mezcladora-powder-max\/\" \/>\n<meta property=\"og:site_name\" content=\"Inducom Colombia\" \/>\n<meta property=\"article:modified_time\" content=\"2023-06-03T15:30:17+00:00\" \/>\n<meta property=\"og:image\" content=\"http:\/\/www.grupo-inducom.com\/co\/wp-content\/uploads\/sites\/4\/2023\/06\/21-1.png\" \/>\n\t<meta property=\"og:image:width\" content=\"300\" \/>\n\t<meta property=\"og:image:height\" content=\"300\" \/>\n\t<meta property=\"og:image:type\" content=\"image\/png\" \/>\n<meta name=\"twitter:card\" content=\"summary_large_image\" \/>\n<meta name=\"twitter:label1\" content=\"Tiempo de lectura\" \/>\n\t<meta name=\"twitter:data1\" content=\"1 minuto\" \/>\n<script type=\"application\/ld+json\" class=\"yoast-schema-graph\">{\"@context\":\"https:\\\/\\\/schema.org\",\"@graph\":[{\"@type\":\"WebPage\",\"@id\":\"https:\\\/\\\/www.grupo-inducom.com\\\/co\\\/producto\\\/mezcladora-powder-max\\\/\",\"url\":\"https:\\\/\\\/www.grupo-inducom.com\\\/co\\\/producto\\\/mezcladora-powder-max\\\/\",\"name\":\"Mezcladora POWDER-max - Inducom Colombia\",\"isPartOf\":{\"@id\":\"https:\\\/\\\/www.grupo-inducom.com\\\/co\\\/#website\"},\"primaryImageOfPage\":{\"@id\":\"https:\\\/\\\/www.grupo-inducom.com\\\/co\\\/producto\\\/mezcladora-powder-max\\\/#primaryimage\"},\"image\":{\"@id\":\"https:\\\/\\\/www.grupo-inducom.com\\\/co\\\/producto\\\/mezcladora-powder-max\\\/#primaryimage\"},\"thumbnailUrl\":\"https:\\\/\\\/www.grupo-inducom.com\\\/co\\\/wp-content\\\/uploads\\\/sites\\\/4\\\/2023\\\/06\\\/21-1.png\",\"datePublished\":\"2023-06-02T20:58:54+00:00\",\"dateModified\":\"2023-06-03T15:30:17+00:00\",\"breadcrumb\":{\"@id\":\"https:\\\/\\\/www.grupo-inducom.com\\\/co\\\/producto\\\/mezcladora-powder-max\\\/#breadcrumb\"},\"inLanguage\":\"es-CO\",\"potentialAction\":[{\"@type\":\"ReadAction\",\"target\":[\"https:\\\/\\\/www.grupo-inducom.com\\\/co\\\/producto\\\/mezcladora-powder-max\\\/\"]}]},{\"@type\":\"ImageObject\",\"inLanguage\":\"es-CO\",\"@id\":\"https:\\\/\\\/www.grupo-inducom.com\\\/co\\\/producto\\\/mezcladora-powder-max\\\/#primaryimage\",\"url\":\"https:\\\/\\\/www.grupo-inducom.com\\\/co\\\/wp-content\\\/uploads\\\/sites\\\/4\\\/2023\\\/06\\\/21-1.png\",\"contentUrl\":\"https:\\\/\\\/www.grupo-inducom.com\\\/co\\\/wp-content\\\/uploads\\\/sites\\\/4\\\/2023\\\/06\\\/21-1.png\",\"width\":300,\"height\":300},{\"@type\":\"BreadcrumbList\",\"@id\":\"https:\\\/\\\/www.grupo-inducom.com\\\/co\\\/producto\\\/mezcladora-powder-max\\\/#breadcrumb\",\"itemListElement\":[{\"@type\":\"ListItem\",\"position\":1,\"name\":\"Portada\",\"item\":\"https:\\\/\\\/www.grupo-inducom.com\\\/co\\\/\"},{\"@type\":\"ListItem\",\"position\":2,\"name\":\"Productos\",\"item\":\"https:\\\/\\\/www.grupo-inducom.com\\\/co\\\/shop\\\/\"},{\"@type\":\"ListItem\",\"position\":3,\"name\":\"Mezcladora POWDER-max\"}]},{\"@type\":\"WebSite\",\"@id\":\"https:\\\/\\\/www.grupo-inducom.com\\\/co\\\/#website\",\"url\":\"https:\\\/\\\/www.grupo-inducom.com\\\/co\\\/\",\"name\":\"Inducom Colombia\",\"description\":\"\",\"potentialAction\":[{\"@type\":\"SearchAction\",\"target\":{\"@type\":\"EntryPoint\",\"urlTemplate\":\"https:\\\/\\\/www.grupo-inducom.com\\\/co\\\/?s={search_term_string}\"},\"query-input\":{\"@type\":\"PropertyValueSpecification\",\"valueRequired\":true,\"valueName\":\"search_term_string\"}}],\"inLanguage\":\"es-CO\"}]}<\/script>\n<!-- \/ Yoast SEO plugin. -->","yoast_head_json":{"title":"Mezcladora POWDER-max - Inducom Colombia","robots":{"index":"index","follow":"follow","max-snippet":"max-snippet:-1","max-image-preview":"max-image-preview:large","max-video-preview":"max-video-preview:-1"},"canonical":"https:\/\/www.grupo-inducom.com\/co\/producto\/mezcladora-powder-max\/","og_locale":"es_ES","og_type":"article","og_title":"Mezcladora POWDER-max - Inducom Colombia","og_description":"POWDER-max de Ampco Applied Products reduce el tiempo de procesamiento y proporciona una consistencia \u00f3ptima del producto sin limitaciones de tama\u00f1o de lote. Un dise\u00f1o innovador permite que POWDER-max mezcle r\u00e1pidamente h\u00famedo y ingredientes secos en una sola unidad totalmente port\u00e1til. Cosechadoras POWDER-max La bomba de anillo l\u00edquido de la serie SP de Ampco y el mezclador de alto cizallamiento en l\u00ednea para facilitar tiradas de producci\u00f3n ilimitadas. El dise\u00f1o completamente sanitario es adecuado para aplicaciones de alimentos, bebidas, farmac\u00e9uticas y qu\u00edmicas. Hay cinco modelos est\u00e1ndar disponibles y POWDER-max se puede personalizar para una multitud de requisitos de procesamiento. Las opciones incluyen: tolva cubiertas, pantallas de tolva, v\u00e1lvulas neum\u00e1ticas, opciones a prueba de explosiones, conectores de supersacos, dise\u00f1o de mesa.  &nbsp;","og_url":"https:\/\/www.grupo-inducom.com\/co\/producto\/mezcladora-powder-max\/","og_site_name":"Inducom Colombia","article_modified_time":"2023-06-03T15:30:17+00:00","og_image":[{"width":300,"height":300,"url":"http:\/\/www.grupo-inducom.com\/co\/wp-content\/uploads\/sites\/4\/2023\/06\/21-1.png","type":"image\/png"}],"twitter_card":"summary_large_image","twitter_misc":{"Tiempo de lectura":"1 minuto"},"schema":{"@context":"https:\/\/schema.org","@graph":[{"@type":"WebPage","@id":"https:\/\/www.grupo-inducom.com\/co\/producto\/mezcladora-powder-max\/","url":"https:\/\/www.grupo-inducom.com\/co\/producto\/mezcladora-powder-max\/","name":"Mezcladora POWDER-max - Inducom Colombia","isPartOf":{"@id":"https:\/\/www.grupo-inducom.com\/co\/#website"},"primaryImageOfPage":{"@id":"https:\/\/www.grupo-inducom.com\/co\/producto\/mezcladora-powder-max\/#primaryimage"},"image":{"@id":"https:\/\/www.grupo-inducom.com\/co\/producto\/mezcladora-powder-max\/#primaryimage"},"thumbnailUrl":"https:\/\/www.grupo-inducom.com\/co\/wp-content\/uploads\/sites\/4\/2023\/06\/21-1.png","datePublished":"2023-06-02T20:58:54+00:00","dateModified":"2023-06-03T15:30:17+00:00","breadcrumb":{"@id":"https:\/\/www.grupo-inducom.com\/co\/producto\/mezcladora-powder-max\/#breadcrumb"},"inLanguage":"es-CO","potentialAction":[{"@type":"ReadAction","target":["https:\/\/www.grupo-inducom.com\/co\/producto\/mezcladora-powder-max\/"]}]},{"@type":"ImageObject","inLanguage":"es-CO","@id":"https:\/\/www.grupo-inducom.com\/co\/producto\/mezcladora-powder-max\/#primaryimage","url":"https:\/\/www.grupo-inducom.com\/co\/wp-content\/uploads\/sites\/4\/2023\/06\/21-1.png","contentUrl":"https:\/\/www.grupo-inducom.com\/co\/wp-content\/uploads\/sites\/4\/2023\/06\/21-1.png","width":300,"height":300},{"@type":"BreadcrumbList","@id":"https:\/\/www.grupo-inducom.com\/co\/producto\/mezcladora-powder-max\/#breadcrumb","itemListElement":[{"@type":"ListItem","position":1,"name":"Portada","item":"https:\/\/www.grupo-inducom.com\/co\/"},{"@type":"ListItem","position":2,"name":"Productos","item":"https:\/\/www.grupo-inducom.com\/co\/shop\/"},{"@type":"ListItem","position":3,"name":"Mezcladora POWDER-max"}]},{"@type":"WebSite","@id":"https:\/\/www.grupo-inducom.com\/co\/#website","url":"https:\/\/www.grupo-inducom.com\/co\/","name":"Inducom Colombia","description":"","potentialAction":[{"@type":"SearchAction","target":{"@type":"EntryPoint","urlTemplate":"https:\/\/www.grupo-inducom.com\/co\/?s={search_term_string}"},"query-input":{"@type":"PropertyValueSpecification","valueRequired":true,"valueName":"search_term_string"}}],"inLanguage":"es-CO"}]}},"_links":{"self":[{"href":"https:\/\/www.grupo-inducom.com\/co\/wp-json\/wp\/v2\/product\/230096","targetHints":{"allow":["GET"]}}],"collection":[{"href":"https:\/\/www.grupo-inducom.com\/co\/wp-json\/wp\/v2\/product"}],"about":[{"href":"https:\/\/www.grupo-inducom.com\/co\/wp-json\/wp\/v2\/types\/product"}],"replies":[{"embeddable":true,"href":"https:\/\/www.grupo-inducom.com\/co\/wp-json\/wp\/v2\/comments?post=230096"}],"wp:featuredmedia":[{"embeddable":true,"href":"https:\/\/www.grupo-inducom.com\/co\/wp-json\/wp\/v2\/media\/230038"}],"wp:attachment":[{"href":"https:\/\/www.grupo-inducom.com\/co\/wp-json\/wp\/v2\/media?parent=230096"}],"wp:term":[{"taxonomy":"product_brand","embeddable":true,"href":"https:\/\/www.grupo-inducom.com\/co\/wp-json\/wp\/v2\/product_brand?post=230096"},{"taxonomy":"product_cat","embeddable":true,"href":"https:\/\/www.grupo-inducom.com\/co\/wp-json\/wp\/v2\/product_cat?post=230096"},{"taxonomy":"product_tag","embeddable":true,"href":"https:\/\/www.grupo-inducom.com\/co\/wp-json\/wp\/v2\/product_tag?post=230096"}],"curies":[{"name":"wp","href":"https:\/\/api.w.org\/{rel}","templated":true}]}}