{"id":230088,"date":"2023-06-02T15:58:48","date_gmt":"2023-06-02T20:58:48","guid":{"rendered":"https:\/\/www.grupo-inducom.com\/co\/?post_type=product&#038;p=230088"},"modified":"2023-06-03T10:34:15","modified_gmt":"2023-06-03T15:34:15","slug":"motores-diesel","status":"publish","type":"product","link":"https:\/\/www.grupo-inducom.com\/co\/producto\/motores-diesel\/","title":{"rendered":"Motores Diesel"},"content":{"rendered":"<p>El skid Corvex contra incendio, permite reducir al m\u00ednimo el trabajo en sitio. Con una sala de bombeo dise\u00f1ada y construida acorde a la NFPA. Siguiendo los m\u00e1s altos est\u00e1ndares de calidad. El layout interno y la posici\u00f3n de las tuber\u00edas se dise\u00f1aron acorde a la necesidad del cliente para que no tuviera que realizar cambios en la instalaci\u00f3n existente.<\/p>\n<p>Algunas caracter\u00edsticas para resaltar:<\/p>\n<ul>\n<li>L\u00edneas de censado de presi\u00f3n conectada a los respectivos tableros de control.<\/li>\n<li>Posici\u00f3n de las conexiones externas y layout interno.<\/li>\n<li>Sistema de alimentaci\u00f3n de combustible.<\/li>\n<\/ul>\n","protected":false},"excerpt":{"rendered":"<table>\n<tbody>\n<tr>\n<td width=\"141\">Modelo<\/td>\n<td width=\"321\">2V88<\/td>\n<td width=\"321\">2V92<\/td>\n<\/tr>\n<tr>\n<td width=\"141\">Tipo<\/td>\n<td width=\"321\">V-twin, 4 stroke, air-cooled, direct injection<\/td>\n<td width=\"321\">V-twin, 4 stroke, air-cooled, direct injection<\/td>\n<\/tr>\n<tr>\n<td width=\"141\">Di\u00e1metro x carrera (mm)<\/td>\n<td width=\"321\">88&#215;75<\/td>\n<td width=\"321\">92&#215;75<\/td>\n<\/tr>\n<tr>\n<td width=\"141\">Desplazamiento del pist\u00f3n (L)<\/td>\n<td width=\"321\">0.912<\/td>\n<td width=\"321\">0.997<\/td>\n<\/tr>\n<tr>\n<td width=\"141\">\u00cdndice de compresi\u00f3n<\/td>\n<td width=\"321\">20:1<\/td>\n<td width=\"321\">20:1<\/td>\n<\/tr>\n<\/tbody>\n<\/table>\n<p>&nbsp;<\/p>\n","protected":false},"featured_media":230026,"comment_status":"open","ping_status":"closed","template":"","meta":{"_acf_changed":false,"_et_pb_use_builder":"","_et_pb_old_content":"","_et_gb_content_width":"","content-type":""},"product_brand":[],"product_cat":[336,387],"product_tag":[],"class_list":{"0":"post-230088","1":"product","2":"type-product","3":"status-publish","4":"has-post-thumbnail","6":"product_cat-corvex-pumps","7":"product_cat-motores","9":"first","10":"instock","11":"shipping-taxable","12":"product-type-simple"},"acf":[],"yoast_head":"<!-- This site is optimized with the Yoast SEO plugin v27.4 - https:\/\/yoast.com\/product\/yoast-seo-wordpress\/ -->\n<title>Motores Diesel - Inducom Colombia<\/title>\n<meta name=\"robots\" content=\"index, follow, max-snippet:-1, max-image-preview:large, max-video-preview:-1\" \/>\n<link rel=\"canonical\" href=\"https:\/\/www.grupo-inducom.com\/co\/producto\/motores-diesel\/\" \/>\n<meta property=\"og:locale\" content=\"es_ES\" \/>\n<meta property=\"og:type\" content=\"article\" \/>\n<meta property=\"og:title\" content=\"Motores Diesel - Inducom Colombia\" \/>\n<meta property=\"og:description\" content=\"Modelo 2V88 2V92   Tipo V-twin, 4 stroke, air-cooled, direct injection V-twin, 4 stroke, air-cooled, direct injection   Di\u00e1metro x carrera (mm) 88x75 92x75   Desplazamiento del pist\u00f3n (L) 0.912 0.997   \u00cdndice de compresi\u00f3n 20:1 20:1    &nbsp;\" \/>\n<meta property=\"og:url\" content=\"https:\/\/www.grupo-inducom.com\/co\/producto\/motores-diesel\/\" \/>\n<meta property=\"og:site_name\" content=\"Inducom Colombia\" \/>\n<meta property=\"article:modified_time\" content=\"2023-06-03T15:34:15+00:00\" \/>\n<meta property=\"og:image\" content=\"http:\/\/www.grupo-inducom.com\/co\/wp-content\/uploads\/sites\/4\/2023\/06\/motor-corvex.webp\" \/>\n\t<meta property=\"og:image:width\" content=\"300\" \/>\n\t<meta property=\"og:image:height\" content=\"300\" \/>\n\t<meta property=\"og:image:type\" content=\"image\/webp\" \/>\n<meta name=\"twitter:card\" content=\"summary_large_image\" \/>\n<meta name=\"twitter:label1\" content=\"Tiempo de lectura\" \/>\n\t<meta name=\"twitter:data1\" content=\"1 minuto\" \/>\n<script type=\"application\/ld+json\" class=\"yoast-schema-graph\">{\"@context\":\"https:\\\/\\\/schema.org\",\"@graph\":[{\"@type\":\"WebPage\",\"@id\":\"https:\\\/\\\/www.grupo-inducom.com\\\/co\\\/producto\\\/motores-diesel\\\/\",\"url\":\"https:\\\/\\\/www.grupo-inducom.com\\\/co\\\/producto\\\/motores-diesel\\\/\",\"name\":\"Motores Diesel - Inducom Colombia\",\"isPartOf\":{\"@id\":\"https:\\\/\\\/www.grupo-inducom.com\\\/co\\\/#website\"},\"primaryImageOfPage\":{\"@id\":\"https:\\\/\\\/www.grupo-inducom.com\\\/co\\\/producto\\\/motores-diesel\\\/#primaryimage\"},\"image\":{\"@id\":\"https:\\\/\\\/www.grupo-inducom.com\\\/co\\\/producto\\\/motores-diesel\\\/#primaryimage\"},\"thumbnailUrl\":\"https:\\\/\\\/www.grupo-inducom.com\\\/co\\\/wp-content\\\/uploads\\\/sites\\\/4\\\/2023\\\/06\\\/motor-corvex.webp\",\"datePublished\":\"2023-06-02T20:58:48+00:00\",\"dateModified\":\"2023-06-03T15:34:15+00:00\",\"breadcrumb\":{\"@id\":\"https:\\\/\\\/www.grupo-inducom.com\\\/co\\\/producto\\\/motores-diesel\\\/#breadcrumb\"},\"inLanguage\":\"es-CO\",\"potentialAction\":[{\"@type\":\"ReadAction\",\"target\":[\"https:\\\/\\\/www.grupo-inducom.com\\\/co\\\/producto\\\/motores-diesel\\\/\"]}]},{\"@type\":\"ImageObject\",\"inLanguage\":\"es-CO\",\"@id\":\"https:\\\/\\\/www.grupo-inducom.com\\\/co\\\/producto\\\/motores-diesel\\\/#primaryimage\",\"url\":\"https:\\\/\\\/www.grupo-inducom.com\\\/co\\\/wp-content\\\/uploads\\\/sites\\\/4\\\/2023\\\/06\\\/motor-corvex.webp\",\"contentUrl\":\"https:\\\/\\\/www.grupo-inducom.com\\\/co\\\/wp-content\\\/uploads\\\/sites\\\/4\\\/2023\\\/06\\\/motor-corvex.webp\",\"width\":300,\"height\":300},{\"@type\":\"BreadcrumbList\",\"@id\":\"https:\\\/\\\/www.grupo-inducom.com\\\/co\\\/producto\\\/motores-diesel\\\/#breadcrumb\",\"itemListElement\":[{\"@type\":\"ListItem\",\"position\":1,\"name\":\"Portada\",\"item\":\"https:\\\/\\\/www.grupo-inducom.com\\\/co\\\/\"},{\"@type\":\"ListItem\",\"position\":2,\"name\":\"Productos\",\"item\":\"https:\\\/\\\/www.grupo-inducom.com\\\/co\\\/shop\\\/\"},{\"@type\":\"ListItem\",\"position\":3,\"name\":\"Motores Diesel\"}]},{\"@type\":\"WebSite\",\"@id\":\"https:\\\/\\\/www.grupo-inducom.com\\\/co\\\/#website\",\"url\":\"https:\\\/\\\/www.grupo-inducom.com\\\/co\\\/\",\"name\":\"Inducom Colombia\",\"description\":\"\",\"potentialAction\":[{\"@type\":\"SearchAction\",\"target\":{\"@type\":\"EntryPoint\",\"urlTemplate\":\"https:\\\/\\\/www.grupo-inducom.com\\\/co\\\/?s={search_term_string}\"},\"query-input\":{\"@type\":\"PropertyValueSpecification\",\"valueRequired\":true,\"valueName\":\"search_term_string\"}}],\"inLanguage\":\"es-CO\"}]}<\/script>\n<!-- \/ Yoast SEO plugin. -->","yoast_head_json":{"title":"Motores Diesel - Inducom Colombia","robots":{"index":"index","follow":"follow","max-snippet":"max-snippet:-1","max-image-preview":"max-image-preview:large","max-video-preview":"max-video-preview:-1"},"canonical":"https:\/\/www.grupo-inducom.com\/co\/producto\/motores-diesel\/","og_locale":"es_ES","og_type":"article","og_title":"Motores Diesel - Inducom Colombia","og_description":"Modelo 2V88 2V92   Tipo V-twin, 4 stroke, air-cooled, direct injection V-twin, 4 stroke, air-cooled, direct injection   Di\u00e1metro x carrera (mm) 88x75 92x75   Desplazamiento del pist\u00f3n (L) 0.912 0.997   \u00cdndice de compresi\u00f3n 20:1 20:1    &nbsp;","og_url":"https:\/\/www.grupo-inducom.com\/co\/producto\/motores-diesel\/","og_site_name":"Inducom Colombia","article_modified_time":"2023-06-03T15:34:15+00:00","og_image":[{"width":300,"height":300,"url":"http:\/\/www.grupo-inducom.com\/co\/wp-content\/uploads\/sites\/4\/2023\/06\/motor-corvex.webp","type":"image\/webp"}],"twitter_card":"summary_large_image","twitter_misc":{"Tiempo de lectura":"1 minuto"},"schema":{"@context":"https:\/\/schema.org","@graph":[{"@type":"WebPage","@id":"https:\/\/www.grupo-inducom.com\/co\/producto\/motores-diesel\/","url":"https:\/\/www.grupo-inducom.com\/co\/producto\/motores-diesel\/","name":"Motores Diesel - Inducom Colombia","isPartOf":{"@id":"https:\/\/www.grupo-inducom.com\/co\/#website"},"primaryImageOfPage":{"@id":"https:\/\/www.grupo-inducom.com\/co\/producto\/motores-diesel\/#primaryimage"},"image":{"@id":"https:\/\/www.grupo-inducom.com\/co\/producto\/motores-diesel\/#primaryimage"},"thumbnailUrl":"https:\/\/www.grupo-inducom.com\/co\/wp-content\/uploads\/sites\/4\/2023\/06\/motor-corvex.webp","datePublished":"2023-06-02T20:58:48+00:00","dateModified":"2023-06-03T15:34:15+00:00","breadcrumb":{"@id":"https:\/\/www.grupo-inducom.com\/co\/producto\/motores-diesel\/#breadcrumb"},"inLanguage":"es-CO","potentialAction":[{"@type":"ReadAction","target":["https:\/\/www.grupo-inducom.com\/co\/producto\/motores-diesel\/"]}]},{"@type":"ImageObject","inLanguage":"es-CO","@id":"https:\/\/www.grupo-inducom.com\/co\/producto\/motores-diesel\/#primaryimage","url":"https:\/\/www.grupo-inducom.com\/co\/wp-content\/uploads\/sites\/4\/2023\/06\/motor-corvex.webp","contentUrl":"https:\/\/www.grupo-inducom.com\/co\/wp-content\/uploads\/sites\/4\/2023\/06\/motor-corvex.webp","width":300,"height":300},{"@type":"BreadcrumbList","@id":"https:\/\/www.grupo-inducom.com\/co\/producto\/motores-diesel\/#breadcrumb","itemListElement":[{"@type":"ListItem","position":1,"name":"Portada","item":"https:\/\/www.grupo-inducom.com\/co\/"},{"@type":"ListItem","position":2,"name":"Productos","item":"https:\/\/www.grupo-inducom.com\/co\/shop\/"},{"@type":"ListItem","position":3,"name":"Motores Diesel"}]},{"@type":"WebSite","@id":"https:\/\/www.grupo-inducom.com\/co\/#website","url":"https:\/\/www.grupo-inducom.com\/co\/","name":"Inducom Colombia","description":"","potentialAction":[{"@type":"SearchAction","target":{"@type":"EntryPoint","urlTemplate":"https:\/\/www.grupo-inducom.com\/co\/?s={search_term_string}"},"query-input":{"@type":"PropertyValueSpecification","valueRequired":true,"valueName":"search_term_string"}}],"inLanguage":"es-CO"}]}},"_links":{"self":[{"href":"https:\/\/www.grupo-inducom.com\/co\/wp-json\/wp\/v2\/product\/230088","targetHints":{"allow":["GET"]}}],"collection":[{"href":"https:\/\/www.grupo-inducom.com\/co\/wp-json\/wp\/v2\/product"}],"about":[{"href":"https:\/\/www.grupo-inducom.com\/co\/wp-json\/wp\/v2\/types\/product"}],"replies":[{"embeddable":true,"href":"https:\/\/www.grupo-inducom.com\/co\/wp-json\/wp\/v2\/comments?post=230088"}],"wp:featuredmedia":[{"embeddable":true,"href":"https:\/\/www.grupo-inducom.com\/co\/wp-json\/wp\/v2\/media\/230026"}],"wp:attachment":[{"href":"https:\/\/www.grupo-inducom.com\/co\/wp-json\/wp\/v2\/media?parent=230088"}],"wp:term":[{"taxonomy":"product_brand","embeddable":true,"href":"https:\/\/www.grupo-inducom.com\/co\/wp-json\/wp\/v2\/product_brand?post=230088"},{"taxonomy":"product_cat","embeddable":true,"href":"https:\/\/www.grupo-inducom.com\/co\/wp-json\/wp\/v2\/product_cat?post=230088"},{"taxonomy":"product_tag","embeddable":true,"href":"https:\/\/www.grupo-inducom.com\/co\/wp-json\/wp\/v2\/product_tag?post=230088"}],"curies":[{"name":"wp","href":"https:\/\/api.w.org\/{rel}","templated":true}]}}