{"id":230086,"date":"2023-06-02T15:58:47","date_gmt":"2023-06-02T20:58:47","guid":{"rendered":"https:\/\/www.grupo-inducom.com\/co\/?post_type=product&#038;p=230086"},"modified":"2023-06-03T10:26:40","modified_gmt":"2023-06-03T15:26:40","slug":"colector-de-polvo-quimico","status":"publish","type":"product","link":"https:\/\/www.grupo-inducom.com\/co\/producto\/colector-de-polvo-quimico\/","title":{"rendered":"Colector de polvo qu\u00edmico"},"content":{"rendered":"<p>Variedad de medios filtrantes<\/p>\n<p>Cambio de filtro r\u00e1pido<\/p>\n<p>Rendimiento de limpieza avanzado<\/p>\n<p>Descripci\u00f3n<\/p>\n<p>Donaldson Torit\u00ae puso a trabajar d\u00e9cadas de experiencia en la industria produciendo el mejor colector de polvo de su clase capaz de reducir el tama\u00f1o del equipo y la cantidad de filtros requeridos hasta en un 40% en comparaci\u00f3n con un colector de cartucho t\u00edpico. Colector de polvo<\/p>\n<p>&nbsp;<\/p>\n<p>GESTI\u00d3N REVOLUCIONARIA DEL FLUJO DE AIRE<\/p>\n<p>Dirige el aire entrante a una zona de ca\u00edda inteligente para reducir la carga del filtro<\/p>\n<p>&nbsp;<\/p>\n<p>DISE\u00d1O DE FILTRACI\u00d3N L\u00cdDER EN LA INDUSTRIA<\/p>\n<p>Coloca medios m\u00e1s grandes en ubicaciones beneficiosas y garantiza una instalaci\u00f3n f\u00e1cil y sin fugas con medios Ultra-Web como est\u00e1ndar.<\/p>\n<p>&nbsp;<\/p>\n<p>Colectores de humo<\/p>\n<p>Colectores de polvo<\/p>\n<p>Productos qu\u00edmicos, Alimentos<\/p>\n","protected":false},"excerpt":{"rendered":"<p><img loading=\"lazy\" decoding=\"async\" class=\"alignnone wp-image-9606\" src=\"https:\/\/inducom.us\/wp-content\/uploads\/2020\/12\/logo-donaldson-300x73.png\" alt=\"\" width=\"189\" height=\"46\" \/><\/p>\n<table>\n<tbody>\n<tr>\n<td width=\"141\">Tecnolog\u00eda<\/td>\n<td width=\"321\">Soluci\u00f3n de filtraci\u00f3n para polvos y nieblas qu\u00edmicas<\/td>\n<\/tr>\n<tr>\n<td width=\"141\">Viscosidad<\/td>\n<td width=\"321\">7\u00bd a 20 HP (5,6 a 15 Kw)<\/td>\n<\/tr>\n<tr>\n<td width=\"141\">Transferencia de calor<\/td>\n<td width=\"321\">1,0 m2 (11,0 pies 2)<\/td>\n<\/tr>\n<tr>\n<td width=\"141\">Flujo<\/td>\n<td width=\"321\">2\u00bd &#8220;, 4&#8221;, 4\u00bd &#8220;y 5\u00bc&#8221; (63, 102, 114 y 133 mm)<\/td>\n<\/tr>\n<tr>\n<td width=\"141\">Ranura del eje<\/td>\n<td width=\"321\">Resistente a 2 \u201d(50 mm)<\/td>\n<\/tr>\n<\/tbody>\n<\/table>\n<p>&nbsp;<\/p>\n","protected":false},"featured_media":230024,"comment_status":"open","ping_status":"closed","template":"","meta":{"_acf_changed":false,"_et_pb_use_builder":"","_et_pb_old_content":"","_et_gb_content_width":"","content-type":""},"product_brand":[],"product_cat":[462,348],"product_tag":[],"class_list":{"0":"post-230086","1":"product","2":"type-product","3":"status-publish","4":"has-post-thumbnail","6":"product_cat-colectores-de-polvo","7":"product_cat-donaldson","9":"first","10":"instock","11":"shipping-taxable","12":"product-type-simple"},"acf":[],"yoast_head":"<!-- This site is optimized with the Yoast SEO plugin v27.4 - https:\/\/yoast.com\/product\/yoast-seo-wordpress\/ -->\n<title>Colector de polvo qu\u00edmico - Inducom Colombia<\/title>\n<meta name=\"robots\" content=\"index, follow, max-snippet:-1, max-image-preview:large, max-video-preview:-1\" \/>\n<link rel=\"canonical\" href=\"https:\/\/www.grupo-inducom.com\/co\/producto\/colector-de-polvo-quimico\/\" \/>\n<meta property=\"og:locale\" content=\"es_ES\" \/>\n<meta property=\"og:type\" content=\"article\" \/>\n<meta property=\"og:title\" content=\"Colector de polvo qu\u00edmico - Inducom Colombia\" \/>\n<meta property=\"og:description\" content=\"Tecnolog\u00eda Soluci\u00f3n de filtraci\u00f3n para polvos y nieblas qu\u00edmicas   Viscosidad 7\u00bd a 20 HP (5,6 a 15 Kw)   Transferencia de calor 1,0 m2 (11,0 pies 2)   Flujo 2\u00bd &quot;, 4&quot;, 4\u00bd &quot;y 5\u00bc&quot; (63, 102, 114 y 133 mm)   Ranura del eje Resistente a 2 \u201d(50 mm)    &nbsp;\" \/>\n<meta property=\"og:url\" content=\"https:\/\/www.grupo-inducom.com\/co\/producto\/colector-de-polvo-quimico\/\" \/>\n<meta property=\"og:site_name\" content=\"Inducom Colombia\" \/>\n<meta property=\"article:modified_time\" content=\"2023-06-03T15:26:40+00:00\" \/>\n<meta property=\"og:image\" content=\"http:\/\/www.grupo-inducom.com\/co\/wp-content\/uploads\/sites\/4\/2023\/06\/Colector-Polvo.webp\" \/>\n\t<meta property=\"og:image:width\" content=\"300\" \/>\n\t<meta property=\"og:image:height\" content=\"300\" \/>\n\t<meta property=\"og:image:type\" content=\"image\/webp\" \/>\n<meta name=\"twitter:card\" content=\"summary_large_image\" \/>\n<meta name=\"twitter:label1\" content=\"Tiempo de lectura\" \/>\n\t<meta name=\"twitter:data1\" content=\"1 minuto\" \/>\n<script type=\"application\/ld+json\" class=\"yoast-schema-graph\">{\"@context\":\"https:\\\/\\\/schema.org\",\"@graph\":[{\"@type\":\"WebPage\",\"@id\":\"https:\\\/\\\/www.grupo-inducom.com\\\/co\\\/producto\\\/colector-de-polvo-quimico\\\/\",\"url\":\"https:\\\/\\\/www.grupo-inducom.com\\\/co\\\/producto\\\/colector-de-polvo-quimico\\\/\",\"name\":\"Colector de polvo qu\u00edmico - Inducom Colombia\",\"isPartOf\":{\"@id\":\"https:\\\/\\\/www.grupo-inducom.com\\\/co\\\/#website\"},\"primaryImageOfPage\":{\"@id\":\"https:\\\/\\\/www.grupo-inducom.com\\\/co\\\/producto\\\/colector-de-polvo-quimico\\\/#primaryimage\"},\"image\":{\"@id\":\"https:\\\/\\\/www.grupo-inducom.com\\\/co\\\/producto\\\/colector-de-polvo-quimico\\\/#primaryimage\"},\"thumbnailUrl\":\"https:\\\/\\\/www.grupo-inducom.com\\\/co\\\/wp-content\\\/uploads\\\/sites\\\/4\\\/2023\\\/06\\\/Colector-Polvo.webp\",\"datePublished\":\"2023-06-02T20:58:47+00:00\",\"dateModified\":\"2023-06-03T15:26:40+00:00\",\"breadcrumb\":{\"@id\":\"https:\\\/\\\/www.grupo-inducom.com\\\/co\\\/producto\\\/colector-de-polvo-quimico\\\/#breadcrumb\"},\"inLanguage\":\"es-CO\",\"potentialAction\":[{\"@type\":\"ReadAction\",\"target\":[\"https:\\\/\\\/www.grupo-inducom.com\\\/co\\\/producto\\\/colector-de-polvo-quimico\\\/\"]}]},{\"@type\":\"ImageObject\",\"inLanguage\":\"es-CO\",\"@id\":\"https:\\\/\\\/www.grupo-inducom.com\\\/co\\\/producto\\\/colector-de-polvo-quimico\\\/#primaryimage\",\"url\":\"https:\\\/\\\/www.grupo-inducom.com\\\/co\\\/wp-content\\\/uploads\\\/sites\\\/4\\\/2023\\\/06\\\/Colector-Polvo.webp\",\"contentUrl\":\"https:\\\/\\\/www.grupo-inducom.com\\\/co\\\/wp-content\\\/uploads\\\/sites\\\/4\\\/2023\\\/06\\\/Colector-Polvo.webp\",\"width\":300,\"height\":300},{\"@type\":\"BreadcrumbList\",\"@id\":\"https:\\\/\\\/www.grupo-inducom.com\\\/co\\\/producto\\\/colector-de-polvo-quimico\\\/#breadcrumb\",\"itemListElement\":[{\"@type\":\"ListItem\",\"position\":1,\"name\":\"Portada\",\"item\":\"https:\\\/\\\/www.grupo-inducom.com\\\/co\\\/\"},{\"@type\":\"ListItem\",\"position\":2,\"name\":\"Productos\",\"item\":\"https:\\\/\\\/www.grupo-inducom.com\\\/co\\\/shop\\\/\"},{\"@type\":\"ListItem\",\"position\":3,\"name\":\"Colector de polvo qu\u00edmico\"}]},{\"@type\":\"WebSite\",\"@id\":\"https:\\\/\\\/www.grupo-inducom.com\\\/co\\\/#website\",\"url\":\"https:\\\/\\\/www.grupo-inducom.com\\\/co\\\/\",\"name\":\"Inducom Colombia\",\"description\":\"\",\"potentialAction\":[{\"@type\":\"SearchAction\",\"target\":{\"@type\":\"EntryPoint\",\"urlTemplate\":\"https:\\\/\\\/www.grupo-inducom.com\\\/co\\\/?s={search_term_string}\"},\"query-input\":{\"@type\":\"PropertyValueSpecification\",\"valueRequired\":true,\"valueName\":\"search_term_string\"}}],\"inLanguage\":\"es-CO\"}]}<\/script>\n<!-- \/ Yoast SEO plugin. -->","yoast_head_json":{"title":"Colector de polvo qu\u00edmico - Inducom Colombia","robots":{"index":"index","follow":"follow","max-snippet":"max-snippet:-1","max-image-preview":"max-image-preview:large","max-video-preview":"max-video-preview:-1"},"canonical":"https:\/\/www.grupo-inducom.com\/co\/producto\/colector-de-polvo-quimico\/","og_locale":"es_ES","og_type":"article","og_title":"Colector de polvo qu\u00edmico - Inducom Colombia","og_description":"Tecnolog\u00eda Soluci\u00f3n de filtraci\u00f3n para polvos y nieblas qu\u00edmicas   Viscosidad 7\u00bd a 20 HP (5,6 a 15 Kw)   Transferencia de calor 1,0 m2 (11,0 pies 2)   Flujo 2\u00bd \", 4\", 4\u00bd \"y 5\u00bc\" (63, 102, 114 y 133 mm)   Ranura del eje Resistente a 2 \u201d(50 mm)    &nbsp;","og_url":"https:\/\/www.grupo-inducom.com\/co\/producto\/colector-de-polvo-quimico\/","og_site_name":"Inducom Colombia","article_modified_time":"2023-06-03T15:26:40+00:00","og_image":[{"width":300,"height":300,"url":"http:\/\/www.grupo-inducom.com\/co\/wp-content\/uploads\/sites\/4\/2023\/06\/Colector-Polvo.webp","type":"image\/webp"}],"twitter_card":"summary_large_image","twitter_misc":{"Tiempo de lectura":"1 minuto"},"schema":{"@context":"https:\/\/schema.org","@graph":[{"@type":"WebPage","@id":"https:\/\/www.grupo-inducom.com\/co\/producto\/colector-de-polvo-quimico\/","url":"https:\/\/www.grupo-inducom.com\/co\/producto\/colector-de-polvo-quimico\/","name":"Colector de polvo qu\u00edmico - Inducom Colombia","isPartOf":{"@id":"https:\/\/www.grupo-inducom.com\/co\/#website"},"primaryImageOfPage":{"@id":"https:\/\/www.grupo-inducom.com\/co\/producto\/colector-de-polvo-quimico\/#primaryimage"},"image":{"@id":"https:\/\/www.grupo-inducom.com\/co\/producto\/colector-de-polvo-quimico\/#primaryimage"},"thumbnailUrl":"https:\/\/www.grupo-inducom.com\/co\/wp-content\/uploads\/sites\/4\/2023\/06\/Colector-Polvo.webp","datePublished":"2023-06-02T20:58:47+00:00","dateModified":"2023-06-03T15:26:40+00:00","breadcrumb":{"@id":"https:\/\/www.grupo-inducom.com\/co\/producto\/colector-de-polvo-quimico\/#breadcrumb"},"inLanguage":"es-CO","potentialAction":[{"@type":"ReadAction","target":["https:\/\/www.grupo-inducom.com\/co\/producto\/colector-de-polvo-quimico\/"]}]},{"@type":"ImageObject","inLanguage":"es-CO","@id":"https:\/\/www.grupo-inducom.com\/co\/producto\/colector-de-polvo-quimico\/#primaryimage","url":"https:\/\/www.grupo-inducom.com\/co\/wp-content\/uploads\/sites\/4\/2023\/06\/Colector-Polvo.webp","contentUrl":"https:\/\/www.grupo-inducom.com\/co\/wp-content\/uploads\/sites\/4\/2023\/06\/Colector-Polvo.webp","width":300,"height":300},{"@type":"BreadcrumbList","@id":"https:\/\/www.grupo-inducom.com\/co\/producto\/colector-de-polvo-quimico\/#breadcrumb","itemListElement":[{"@type":"ListItem","position":1,"name":"Portada","item":"https:\/\/www.grupo-inducom.com\/co\/"},{"@type":"ListItem","position":2,"name":"Productos","item":"https:\/\/www.grupo-inducom.com\/co\/shop\/"},{"@type":"ListItem","position":3,"name":"Colector de polvo qu\u00edmico"}]},{"@type":"WebSite","@id":"https:\/\/www.grupo-inducom.com\/co\/#website","url":"https:\/\/www.grupo-inducom.com\/co\/","name":"Inducom Colombia","description":"","potentialAction":[{"@type":"SearchAction","target":{"@type":"EntryPoint","urlTemplate":"https:\/\/www.grupo-inducom.com\/co\/?s={search_term_string}"},"query-input":{"@type":"PropertyValueSpecification","valueRequired":true,"valueName":"search_term_string"}}],"inLanguage":"es-CO"}]}},"_links":{"self":[{"href":"https:\/\/www.grupo-inducom.com\/co\/wp-json\/wp\/v2\/product\/230086","targetHints":{"allow":["GET"]}}],"collection":[{"href":"https:\/\/www.grupo-inducom.com\/co\/wp-json\/wp\/v2\/product"}],"about":[{"href":"https:\/\/www.grupo-inducom.com\/co\/wp-json\/wp\/v2\/types\/product"}],"replies":[{"embeddable":true,"href":"https:\/\/www.grupo-inducom.com\/co\/wp-json\/wp\/v2\/comments?post=230086"}],"wp:featuredmedia":[{"embeddable":true,"href":"https:\/\/www.grupo-inducom.com\/co\/wp-json\/wp\/v2\/media\/230024"}],"wp:attachment":[{"href":"https:\/\/www.grupo-inducom.com\/co\/wp-json\/wp\/v2\/media?parent=230086"}],"wp:term":[{"taxonomy":"product_brand","embeddable":true,"href":"https:\/\/www.grupo-inducom.com\/co\/wp-json\/wp\/v2\/product_brand?post=230086"},{"taxonomy":"product_cat","embeddable":true,"href":"https:\/\/www.grupo-inducom.com\/co\/wp-json\/wp\/v2\/product_cat?post=230086"},{"taxonomy":"product_tag","embeddable":true,"href":"https:\/\/www.grupo-inducom.com\/co\/wp-json\/wp\/v2\/product_tag?post=230086"}],"curies":[{"name":"wp","href":"https:\/\/api.w.org\/{rel}","templated":true}]}}