{"id":230080,"date":"2023-06-02T15:58:47","date_gmt":"2023-06-02T20:58:47","guid":{"rendered":"https:\/\/www.grupo-inducom.com\/co\/?post_type=product&#038;p=230080"},"modified":"2023-06-03T10:11:09","modified_gmt":"2023-06-03T15:11:09","slug":"bombas-de-vacio-de-paletas","status":"publish","type":"product","link":"https:\/\/www.grupo-inducom.com\/co\/producto\/bombas-de-vacio-de-paletas\/","title":{"rendered":"Bombas de vac\u00edo de paletas"},"content":{"rendered":"<ul>\n<li>Bomba de vac\u00edo de paletas rotativas inundada de aceite<\/li>\n<li>Motor de brida.<\/li>\n<li>Cojinetes en ambos lados del rotor.<\/li>\n<li>Los intercambiadores de calor de aceite \/ aire son est\u00e1ndar.<\/li>\n<li>Los tama\u00f1os 150 y mayores est\u00e1n equipados con filtro de malla fina, v\u00e1lvula de retenci\u00f3n de vac\u00edo, v\u00e1lvula de lastre de gas, tapa de protecci\u00f3n y separador de aceite de serie.<\/li>\n<li>Versi\u00f3n IV para vac\u00edo industrial<\/li>\n<li>Versi\u00f3n XD para aplicaciones de trabajo pesado, adecuada para procesos h\u00famedos y h\u00famedos.<\/li>\n<\/ul>\n","protected":false},"excerpt":{"rendered":"<p><img loading=\"lazy\" decoding=\"async\" class=\"alignnone wp-image-9522\" src=\"https:\/\/inducom.us\/wp-content\/uploads\/2020\/11\/800px-Gardner_Denver_Logo.svg-300x90.png\" alt=\"\" width=\"127\" height=\"38\" \/><\/p>\n<p>La bomba de vac\u00edo de paletas rotativas lubricada con aceite V-VC 100 viene con un motor de brida con cojinetes en ambos lados del rotor, intercambio de calor aceite \/ aire. Equipado de serie con filtro de malla fina o micro filtro de entrada, v\u00e1lvula de retenci\u00f3n de vac\u00edo, v\u00e1lvula de lastre de gas, separador de aceite y tapa de protecci\u00f3n. Disponibles versiones con refrigeraci\u00f3n por agua.<\/p>\n","protected":false},"featured_media":229998,"comment_status":"open","ping_status":"closed","template":"","meta":{"_acf_changed":false,"_et_pb_use_builder":"","_et_pb_old_content":"","_et_gb_content_width":"","content-type":""},"product_brand":[],"product_cat":[370,341],"product_tag":[],"class_list":{"0":"post-230080","1":"product","2":"type-product","3":"status-publish","4":"has-post-thumbnail","6":"product_cat-blowers-y-vacio","7":"product_cat-gardner-denver","9":"first","10":"instock","11":"shipping-taxable","12":"product-type-simple"},"acf":[],"yoast_head":"<!-- This site is optimized with the Yoast SEO plugin v27.4 - https:\/\/yoast.com\/product\/yoast-seo-wordpress\/ -->\n<title>Bombas de vac\u00edo de paletas - Inducom Colombia<\/title>\n<meta name=\"robots\" content=\"index, follow, max-snippet:-1, max-image-preview:large, max-video-preview:-1\" \/>\n<link rel=\"canonical\" href=\"https:\/\/www.grupo-inducom.com\/co\/producto\/bombas-de-vacio-de-paletas\/\" \/>\n<meta property=\"og:locale\" content=\"es_ES\" \/>\n<meta property=\"og:type\" content=\"article\" \/>\n<meta property=\"og:title\" content=\"Bombas de vac\u00edo de paletas - Inducom Colombia\" \/>\n<meta property=\"og:description\" content=\"La bomba de vac\u00edo de paletas rotativas lubricada con aceite V-VC 100 viene con un motor de brida con cojinetes en ambos lados del rotor, intercambio de calor aceite \/ aire. Equipado de serie con filtro de malla fina o micro filtro de entrada, v\u00e1lvula de retenci\u00f3n de vac\u00edo, v\u00e1lvula de lastre de gas, separador de aceite y tapa de protecci\u00f3n. Disponibles versiones con refrigeraci\u00f3n por agua.\" \/>\n<meta property=\"og:url\" content=\"https:\/\/www.grupo-inducom.com\/co\/producto\/bombas-de-vacio-de-paletas\/\" \/>\n<meta property=\"og:site_name\" content=\"Inducom Colombia\" \/>\n<meta property=\"article:modified_time\" content=\"2023-06-03T15:11:09+00:00\" \/>\n<meta property=\"og:image\" content=\"http:\/\/www.grupo-inducom.com\/co\/wp-content\/uploads\/sites\/4\/2023\/06\/bomba-de-vacio.webp\" \/>\n\t<meta property=\"og:image:width\" content=\"300\" \/>\n\t<meta property=\"og:image:height\" content=\"300\" \/>\n\t<meta property=\"og:image:type\" content=\"image\/webp\" \/>\n<meta name=\"twitter:card\" content=\"summary_large_image\" \/>\n<meta name=\"twitter:label1\" content=\"Tiempo de lectura\" \/>\n\t<meta name=\"twitter:data1\" content=\"1 minuto\" \/>\n<script type=\"application\/ld+json\" class=\"yoast-schema-graph\">{\"@context\":\"https:\\\/\\\/schema.org\",\"@graph\":[{\"@type\":\"WebPage\",\"@id\":\"https:\\\/\\\/www.grupo-inducom.com\\\/co\\\/producto\\\/bombas-de-vacio-de-paletas\\\/\",\"url\":\"https:\\\/\\\/www.grupo-inducom.com\\\/co\\\/producto\\\/bombas-de-vacio-de-paletas\\\/\",\"name\":\"Bombas de vac\u00edo de paletas - Inducom Colombia\",\"isPartOf\":{\"@id\":\"https:\\\/\\\/www.grupo-inducom.com\\\/co\\\/#website\"},\"primaryImageOfPage\":{\"@id\":\"https:\\\/\\\/www.grupo-inducom.com\\\/co\\\/producto\\\/bombas-de-vacio-de-paletas\\\/#primaryimage\"},\"image\":{\"@id\":\"https:\\\/\\\/www.grupo-inducom.com\\\/co\\\/producto\\\/bombas-de-vacio-de-paletas\\\/#primaryimage\"},\"thumbnailUrl\":\"https:\\\/\\\/www.grupo-inducom.com\\\/co\\\/wp-content\\\/uploads\\\/sites\\\/4\\\/2023\\\/06\\\/bomba-de-vacio.webp\",\"datePublished\":\"2023-06-02T20:58:47+00:00\",\"dateModified\":\"2023-06-03T15:11:09+00:00\",\"breadcrumb\":{\"@id\":\"https:\\\/\\\/www.grupo-inducom.com\\\/co\\\/producto\\\/bombas-de-vacio-de-paletas\\\/#breadcrumb\"},\"inLanguage\":\"es-CO\",\"potentialAction\":[{\"@type\":\"ReadAction\",\"target\":[\"https:\\\/\\\/www.grupo-inducom.com\\\/co\\\/producto\\\/bombas-de-vacio-de-paletas\\\/\"]}]},{\"@type\":\"ImageObject\",\"inLanguage\":\"es-CO\",\"@id\":\"https:\\\/\\\/www.grupo-inducom.com\\\/co\\\/producto\\\/bombas-de-vacio-de-paletas\\\/#primaryimage\",\"url\":\"https:\\\/\\\/www.grupo-inducom.com\\\/co\\\/wp-content\\\/uploads\\\/sites\\\/4\\\/2023\\\/06\\\/bomba-de-vacio.webp\",\"contentUrl\":\"https:\\\/\\\/www.grupo-inducom.com\\\/co\\\/wp-content\\\/uploads\\\/sites\\\/4\\\/2023\\\/06\\\/bomba-de-vacio.webp\",\"width\":300,\"height\":300},{\"@type\":\"BreadcrumbList\",\"@id\":\"https:\\\/\\\/www.grupo-inducom.com\\\/co\\\/producto\\\/bombas-de-vacio-de-paletas\\\/#breadcrumb\",\"itemListElement\":[{\"@type\":\"ListItem\",\"position\":1,\"name\":\"Portada\",\"item\":\"https:\\\/\\\/www.grupo-inducom.com\\\/co\\\/\"},{\"@type\":\"ListItem\",\"position\":2,\"name\":\"Productos\",\"item\":\"https:\\\/\\\/www.grupo-inducom.com\\\/co\\\/shop\\\/\"},{\"@type\":\"ListItem\",\"position\":3,\"name\":\"Bombas de vac\u00edo de paletas\"}]},{\"@type\":\"WebSite\",\"@id\":\"https:\\\/\\\/www.grupo-inducom.com\\\/co\\\/#website\",\"url\":\"https:\\\/\\\/www.grupo-inducom.com\\\/co\\\/\",\"name\":\"Inducom Colombia\",\"description\":\"\",\"potentialAction\":[{\"@type\":\"SearchAction\",\"target\":{\"@type\":\"EntryPoint\",\"urlTemplate\":\"https:\\\/\\\/www.grupo-inducom.com\\\/co\\\/?s={search_term_string}\"},\"query-input\":{\"@type\":\"PropertyValueSpecification\",\"valueRequired\":true,\"valueName\":\"search_term_string\"}}],\"inLanguage\":\"es-CO\"}]}<\/script>\n<!-- \/ Yoast SEO plugin. -->","yoast_head_json":{"title":"Bombas de vac\u00edo de paletas - Inducom Colombia","robots":{"index":"index","follow":"follow","max-snippet":"max-snippet:-1","max-image-preview":"max-image-preview:large","max-video-preview":"max-video-preview:-1"},"canonical":"https:\/\/www.grupo-inducom.com\/co\/producto\/bombas-de-vacio-de-paletas\/","og_locale":"es_ES","og_type":"article","og_title":"Bombas de vac\u00edo de paletas - Inducom Colombia","og_description":"La bomba de vac\u00edo de paletas rotativas lubricada con aceite V-VC 100 viene con un motor de brida con cojinetes en ambos lados del rotor, intercambio de calor aceite \/ aire. Equipado de serie con filtro de malla fina o micro filtro de entrada, v\u00e1lvula de retenci\u00f3n de vac\u00edo, v\u00e1lvula de lastre de gas, separador de aceite y tapa de protecci\u00f3n. Disponibles versiones con refrigeraci\u00f3n por agua.","og_url":"https:\/\/www.grupo-inducom.com\/co\/producto\/bombas-de-vacio-de-paletas\/","og_site_name":"Inducom Colombia","article_modified_time":"2023-06-03T15:11:09+00:00","og_image":[{"width":300,"height":300,"url":"http:\/\/www.grupo-inducom.com\/co\/wp-content\/uploads\/sites\/4\/2023\/06\/bomba-de-vacio.webp","type":"image\/webp"}],"twitter_card":"summary_large_image","twitter_misc":{"Tiempo de lectura":"1 minuto"},"schema":{"@context":"https:\/\/schema.org","@graph":[{"@type":"WebPage","@id":"https:\/\/www.grupo-inducom.com\/co\/producto\/bombas-de-vacio-de-paletas\/","url":"https:\/\/www.grupo-inducom.com\/co\/producto\/bombas-de-vacio-de-paletas\/","name":"Bombas de vac\u00edo de paletas - Inducom Colombia","isPartOf":{"@id":"https:\/\/www.grupo-inducom.com\/co\/#website"},"primaryImageOfPage":{"@id":"https:\/\/www.grupo-inducom.com\/co\/producto\/bombas-de-vacio-de-paletas\/#primaryimage"},"image":{"@id":"https:\/\/www.grupo-inducom.com\/co\/producto\/bombas-de-vacio-de-paletas\/#primaryimage"},"thumbnailUrl":"https:\/\/www.grupo-inducom.com\/co\/wp-content\/uploads\/sites\/4\/2023\/06\/bomba-de-vacio.webp","datePublished":"2023-06-02T20:58:47+00:00","dateModified":"2023-06-03T15:11:09+00:00","breadcrumb":{"@id":"https:\/\/www.grupo-inducom.com\/co\/producto\/bombas-de-vacio-de-paletas\/#breadcrumb"},"inLanguage":"es-CO","potentialAction":[{"@type":"ReadAction","target":["https:\/\/www.grupo-inducom.com\/co\/producto\/bombas-de-vacio-de-paletas\/"]}]},{"@type":"ImageObject","inLanguage":"es-CO","@id":"https:\/\/www.grupo-inducom.com\/co\/producto\/bombas-de-vacio-de-paletas\/#primaryimage","url":"https:\/\/www.grupo-inducom.com\/co\/wp-content\/uploads\/sites\/4\/2023\/06\/bomba-de-vacio.webp","contentUrl":"https:\/\/www.grupo-inducom.com\/co\/wp-content\/uploads\/sites\/4\/2023\/06\/bomba-de-vacio.webp","width":300,"height":300},{"@type":"BreadcrumbList","@id":"https:\/\/www.grupo-inducom.com\/co\/producto\/bombas-de-vacio-de-paletas\/#breadcrumb","itemListElement":[{"@type":"ListItem","position":1,"name":"Portada","item":"https:\/\/www.grupo-inducom.com\/co\/"},{"@type":"ListItem","position":2,"name":"Productos","item":"https:\/\/www.grupo-inducom.com\/co\/shop\/"},{"@type":"ListItem","position":3,"name":"Bombas de vac\u00edo de paletas"}]},{"@type":"WebSite","@id":"https:\/\/www.grupo-inducom.com\/co\/#website","url":"https:\/\/www.grupo-inducom.com\/co\/","name":"Inducom Colombia","description":"","potentialAction":[{"@type":"SearchAction","target":{"@type":"EntryPoint","urlTemplate":"https:\/\/www.grupo-inducom.com\/co\/?s={search_term_string}"},"query-input":{"@type":"PropertyValueSpecification","valueRequired":true,"valueName":"search_term_string"}}],"inLanguage":"es-CO"}]}},"_links":{"self":[{"href":"https:\/\/www.grupo-inducom.com\/co\/wp-json\/wp\/v2\/product\/230080","targetHints":{"allow":["GET"]}}],"collection":[{"href":"https:\/\/www.grupo-inducom.com\/co\/wp-json\/wp\/v2\/product"}],"about":[{"href":"https:\/\/www.grupo-inducom.com\/co\/wp-json\/wp\/v2\/types\/product"}],"replies":[{"embeddable":true,"href":"https:\/\/www.grupo-inducom.com\/co\/wp-json\/wp\/v2\/comments?post=230080"}],"wp:featuredmedia":[{"embeddable":true,"href":"https:\/\/www.grupo-inducom.com\/co\/wp-json\/wp\/v2\/media\/229998"}],"wp:attachment":[{"href":"https:\/\/www.grupo-inducom.com\/co\/wp-json\/wp\/v2\/media?parent=230080"}],"wp:term":[{"taxonomy":"product_brand","embeddable":true,"href":"https:\/\/www.grupo-inducom.com\/co\/wp-json\/wp\/v2\/product_brand?post=230080"},{"taxonomy":"product_cat","embeddable":true,"href":"https:\/\/www.grupo-inducom.com\/co\/wp-json\/wp\/v2\/product_cat?post=230080"},{"taxonomy":"product_tag","embeddable":true,"href":"https:\/\/www.grupo-inducom.com\/co\/wp-json\/wp\/v2\/product_tag?post=230080"}],"curies":[{"name":"wp","href":"https:\/\/api.w.org\/{rel}","templated":true}]}}