{"id":230079,"date":"2023-06-02T15:58:47","date_gmt":"2023-06-02T20:58:47","guid":{"rendered":"https:\/\/www.grupo-inducom.com\/co\/?post_type=product&#038;p=230079"},"modified":"2023-06-03T10:08:13","modified_gmt":"2023-06-03T15:08:13","slug":"blowers-lobulares","status":"publish","type":"product","link":"https:\/\/www.grupo-inducom.com\/co\/producto\/blowers-lobulares\/","title":{"rendered":"Blowers Lobulares"},"content":{"rendered":"<p>Los sopladores de desplazamiento positivo, a menudo denominados &#8220;sopladores PD&#8221;, se utilizan para mover el aire a trav\u00e9s de una amplia variedad de aplicaciones industriales, como la qu\u00edmica, la agricultura, el transporte a granel y m\u00e1s.<\/p>\n<p>La selecci\u00f3n de sopladores de desplazamiento positivo fabricados por Gardner Denver es insuperable e incluye:<\/p>\n<ul>\n<li>Sopladores bilobulares rectos<\/li>\n<li>Sopladores rectos de tres l\u00f3bulos<\/li>\n<li>Sopladores de tres l\u00f3bulos retorcidos<\/li>\n<li>Sopladores de tornillo helicoidal<\/li>\n<li>Paquetes de sopladores<\/li>\n<\/ul>\n<p>No importa si su trabajo requiere sopladores individuales o paquetes de sopladores, Gardner Denver tiene la tecnolog\u00eda que necesita. Desde nuestro legendario nombre Sutorbilt hasta el resistente y confiable Duroflow y hasta el superior Cycloblower, Gardner Denver tiene la mejor selecci\u00f3n y tecnolog\u00eda de sopladores de desplazamiento positivo en la industria.<\/p>\n","protected":false},"excerpt":{"rendered":"<p><img loading=\"lazy\" decoding=\"async\" class=\"alignnone wp-image-9522\" src=\"https:\/\/inducom.us\/wp-content\/uploads\/2020\/11\/800px-Gardner_Denver_Logo.svg-300x90.png\" alt=\"\" width=\"153\" height=\"46\" \/><\/p>\n<p>Ofrecemos una amplia gama de productos de sopladores y compresores de baja presi\u00f3n para su uso en una amplia gama de aplicaciones industriales:<\/p>\n<ul>\n<li>Sopladores de canal lateral (Elmo Rietschle)<\/li>\n<li>Sopladores de l\u00f3bulos rotativos (Robuschi)<\/li>\n<li>Compresores de baja presi\u00f3n de garra giratoria (Elmo Rietschle)<\/li>\n<li>Compresores de baja presi\u00f3n de paletas rotativas (Elmo Rietschle)<\/li>\n<li>Compresores de anillo l\u00edquido de baja presi\u00f3n (Nash, Elmo Rietschle)<\/li>\n<\/ul>\n<p>&nbsp;<\/p>\n","protected":false},"featured_media":229997,"comment_status":"open","ping_status":"closed","template":"","meta":{"_acf_changed":false,"_et_pb_use_builder":"","_et_pb_old_content":"","_et_gb_content_width":"","content-type":""},"product_brand":[],"product_cat":[370,341],"product_tag":[],"class_list":{"0":"post-230079","1":"product","2":"type-product","3":"status-publish","4":"has-post-thumbnail","6":"product_cat-blowers-y-vacio","7":"product_cat-gardner-denver","9":"first","10":"instock","11":"shipping-taxable","12":"product-type-simple"},"acf":[],"yoast_head":"<!-- This site is optimized with the Yoast SEO plugin v27.4 - https:\/\/yoast.com\/product\/yoast-seo-wordpress\/ -->\n<title>Blowers Lobulares - Inducom Colombia<\/title>\n<meta name=\"robots\" content=\"index, follow, max-snippet:-1, max-image-preview:large, max-video-preview:-1\" \/>\n<link rel=\"canonical\" href=\"https:\/\/www.grupo-inducom.com\/co\/producto\/blowers-lobulares\/\" \/>\n<meta property=\"og:locale\" content=\"es_ES\" \/>\n<meta property=\"og:type\" content=\"article\" \/>\n<meta property=\"og:title\" content=\"Blowers Lobulares - Inducom Colombia\" \/>\n<meta property=\"og:description\" content=\"Ofrecemos una amplia gama de productos de sopladores y compresores de baja presi\u00f3n para su uso en una amplia gama de aplicaciones industriales:   Sopladores de canal lateral (Elmo Rietschle)  Sopladores de l\u00f3bulos rotativos (Robuschi)  Compresores de baja presi\u00f3n de garra giratoria (Elmo Rietschle)  Compresores de baja presi\u00f3n de paletas rotativas (Elmo Rietschle)  Compresores de anillo l\u00edquido de baja presi\u00f3n (Nash, Elmo Rietschle)  &nbsp;\" \/>\n<meta property=\"og:url\" content=\"https:\/\/www.grupo-inducom.com\/co\/producto\/blowers-lobulares\/\" \/>\n<meta property=\"og:site_name\" content=\"Inducom Colombia\" \/>\n<meta property=\"article:modified_time\" content=\"2023-06-03T15:08:13+00:00\" \/>\n<meta property=\"og:image\" content=\"http:\/\/www.grupo-inducom.com\/co\/wp-content\/uploads\/sites\/4\/2023\/06\/blowers-lobulares.webp\" \/>\n\t<meta property=\"og:image:width\" content=\"300\" \/>\n\t<meta property=\"og:image:height\" content=\"300\" \/>\n\t<meta property=\"og:image:type\" content=\"image\/webp\" \/>\n<meta name=\"twitter:card\" content=\"summary_large_image\" \/>\n<meta name=\"twitter:label1\" content=\"Tiempo de lectura\" \/>\n\t<meta name=\"twitter:data1\" content=\"1 minuto\" \/>\n<script type=\"application\/ld+json\" class=\"yoast-schema-graph\">{\"@context\":\"https:\\\/\\\/schema.org\",\"@graph\":[{\"@type\":\"WebPage\",\"@id\":\"https:\\\/\\\/www.grupo-inducom.com\\\/co\\\/producto\\\/blowers-lobulares\\\/\",\"url\":\"https:\\\/\\\/www.grupo-inducom.com\\\/co\\\/producto\\\/blowers-lobulares\\\/\",\"name\":\"Blowers Lobulares - Inducom Colombia\",\"isPartOf\":{\"@id\":\"https:\\\/\\\/www.grupo-inducom.com\\\/co\\\/#website\"},\"primaryImageOfPage\":{\"@id\":\"https:\\\/\\\/www.grupo-inducom.com\\\/co\\\/producto\\\/blowers-lobulares\\\/#primaryimage\"},\"image\":{\"@id\":\"https:\\\/\\\/www.grupo-inducom.com\\\/co\\\/producto\\\/blowers-lobulares\\\/#primaryimage\"},\"thumbnailUrl\":\"https:\\\/\\\/www.grupo-inducom.com\\\/co\\\/wp-content\\\/uploads\\\/sites\\\/4\\\/2023\\\/06\\\/blowers-lobulares.webp\",\"datePublished\":\"2023-06-02T20:58:47+00:00\",\"dateModified\":\"2023-06-03T15:08:13+00:00\",\"breadcrumb\":{\"@id\":\"https:\\\/\\\/www.grupo-inducom.com\\\/co\\\/producto\\\/blowers-lobulares\\\/#breadcrumb\"},\"inLanguage\":\"es-CO\",\"potentialAction\":[{\"@type\":\"ReadAction\",\"target\":[\"https:\\\/\\\/www.grupo-inducom.com\\\/co\\\/producto\\\/blowers-lobulares\\\/\"]}]},{\"@type\":\"ImageObject\",\"inLanguage\":\"es-CO\",\"@id\":\"https:\\\/\\\/www.grupo-inducom.com\\\/co\\\/producto\\\/blowers-lobulares\\\/#primaryimage\",\"url\":\"https:\\\/\\\/www.grupo-inducom.com\\\/co\\\/wp-content\\\/uploads\\\/sites\\\/4\\\/2023\\\/06\\\/blowers-lobulares.webp\",\"contentUrl\":\"https:\\\/\\\/www.grupo-inducom.com\\\/co\\\/wp-content\\\/uploads\\\/sites\\\/4\\\/2023\\\/06\\\/blowers-lobulares.webp\",\"width\":300,\"height\":300},{\"@type\":\"BreadcrumbList\",\"@id\":\"https:\\\/\\\/www.grupo-inducom.com\\\/co\\\/producto\\\/blowers-lobulares\\\/#breadcrumb\",\"itemListElement\":[{\"@type\":\"ListItem\",\"position\":1,\"name\":\"Portada\",\"item\":\"https:\\\/\\\/www.grupo-inducom.com\\\/co\\\/\"},{\"@type\":\"ListItem\",\"position\":2,\"name\":\"Productos\",\"item\":\"https:\\\/\\\/www.grupo-inducom.com\\\/co\\\/shop\\\/\"},{\"@type\":\"ListItem\",\"position\":3,\"name\":\"Blowers Lobulares\"}]},{\"@type\":\"WebSite\",\"@id\":\"https:\\\/\\\/www.grupo-inducom.com\\\/co\\\/#website\",\"url\":\"https:\\\/\\\/www.grupo-inducom.com\\\/co\\\/\",\"name\":\"Inducom Colombia\",\"description\":\"\",\"potentialAction\":[{\"@type\":\"SearchAction\",\"target\":{\"@type\":\"EntryPoint\",\"urlTemplate\":\"https:\\\/\\\/www.grupo-inducom.com\\\/co\\\/?s={search_term_string}\"},\"query-input\":{\"@type\":\"PropertyValueSpecification\",\"valueRequired\":true,\"valueName\":\"search_term_string\"}}],\"inLanguage\":\"es-CO\"}]}<\/script>\n<!-- \/ Yoast SEO plugin. -->","yoast_head_json":{"title":"Blowers Lobulares - Inducom Colombia","robots":{"index":"index","follow":"follow","max-snippet":"max-snippet:-1","max-image-preview":"max-image-preview:large","max-video-preview":"max-video-preview:-1"},"canonical":"https:\/\/www.grupo-inducom.com\/co\/producto\/blowers-lobulares\/","og_locale":"es_ES","og_type":"article","og_title":"Blowers Lobulares - Inducom Colombia","og_description":"Ofrecemos una amplia gama de productos de sopladores y compresores de baja presi\u00f3n para su uso en una amplia gama de aplicaciones industriales:   Sopladores de canal lateral (Elmo Rietschle)  Sopladores de l\u00f3bulos rotativos (Robuschi)  Compresores de baja presi\u00f3n de garra giratoria (Elmo Rietschle)  Compresores de baja presi\u00f3n de paletas rotativas (Elmo Rietschle)  Compresores de anillo l\u00edquido de baja presi\u00f3n (Nash, Elmo Rietschle)  &nbsp;","og_url":"https:\/\/www.grupo-inducom.com\/co\/producto\/blowers-lobulares\/","og_site_name":"Inducom Colombia","article_modified_time":"2023-06-03T15:08:13+00:00","og_image":[{"width":300,"height":300,"url":"http:\/\/www.grupo-inducom.com\/co\/wp-content\/uploads\/sites\/4\/2023\/06\/blowers-lobulares.webp","type":"image\/webp"}],"twitter_card":"summary_large_image","twitter_misc":{"Tiempo de lectura":"1 minuto"},"schema":{"@context":"https:\/\/schema.org","@graph":[{"@type":"WebPage","@id":"https:\/\/www.grupo-inducom.com\/co\/producto\/blowers-lobulares\/","url":"https:\/\/www.grupo-inducom.com\/co\/producto\/blowers-lobulares\/","name":"Blowers Lobulares - Inducom Colombia","isPartOf":{"@id":"https:\/\/www.grupo-inducom.com\/co\/#website"},"primaryImageOfPage":{"@id":"https:\/\/www.grupo-inducom.com\/co\/producto\/blowers-lobulares\/#primaryimage"},"image":{"@id":"https:\/\/www.grupo-inducom.com\/co\/producto\/blowers-lobulares\/#primaryimage"},"thumbnailUrl":"https:\/\/www.grupo-inducom.com\/co\/wp-content\/uploads\/sites\/4\/2023\/06\/blowers-lobulares.webp","datePublished":"2023-06-02T20:58:47+00:00","dateModified":"2023-06-03T15:08:13+00:00","breadcrumb":{"@id":"https:\/\/www.grupo-inducom.com\/co\/producto\/blowers-lobulares\/#breadcrumb"},"inLanguage":"es-CO","potentialAction":[{"@type":"ReadAction","target":["https:\/\/www.grupo-inducom.com\/co\/producto\/blowers-lobulares\/"]}]},{"@type":"ImageObject","inLanguage":"es-CO","@id":"https:\/\/www.grupo-inducom.com\/co\/producto\/blowers-lobulares\/#primaryimage","url":"https:\/\/www.grupo-inducom.com\/co\/wp-content\/uploads\/sites\/4\/2023\/06\/blowers-lobulares.webp","contentUrl":"https:\/\/www.grupo-inducom.com\/co\/wp-content\/uploads\/sites\/4\/2023\/06\/blowers-lobulares.webp","width":300,"height":300},{"@type":"BreadcrumbList","@id":"https:\/\/www.grupo-inducom.com\/co\/producto\/blowers-lobulares\/#breadcrumb","itemListElement":[{"@type":"ListItem","position":1,"name":"Portada","item":"https:\/\/www.grupo-inducom.com\/co\/"},{"@type":"ListItem","position":2,"name":"Productos","item":"https:\/\/www.grupo-inducom.com\/co\/shop\/"},{"@type":"ListItem","position":3,"name":"Blowers Lobulares"}]},{"@type":"WebSite","@id":"https:\/\/www.grupo-inducom.com\/co\/#website","url":"https:\/\/www.grupo-inducom.com\/co\/","name":"Inducom Colombia","description":"","potentialAction":[{"@type":"SearchAction","target":{"@type":"EntryPoint","urlTemplate":"https:\/\/www.grupo-inducom.com\/co\/?s={search_term_string}"},"query-input":{"@type":"PropertyValueSpecification","valueRequired":true,"valueName":"search_term_string"}}],"inLanguage":"es-CO"}]}},"_links":{"self":[{"href":"https:\/\/www.grupo-inducom.com\/co\/wp-json\/wp\/v2\/product\/230079","targetHints":{"allow":["GET"]}}],"collection":[{"href":"https:\/\/www.grupo-inducom.com\/co\/wp-json\/wp\/v2\/product"}],"about":[{"href":"https:\/\/www.grupo-inducom.com\/co\/wp-json\/wp\/v2\/types\/product"}],"replies":[{"embeddable":true,"href":"https:\/\/www.grupo-inducom.com\/co\/wp-json\/wp\/v2\/comments?post=230079"}],"wp:featuredmedia":[{"embeddable":true,"href":"https:\/\/www.grupo-inducom.com\/co\/wp-json\/wp\/v2\/media\/229997"}],"wp:attachment":[{"href":"https:\/\/www.grupo-inducom.com\/co\/wp-json\/wp\/v2\/media?parent=230079"}],"wp:term":[{"taxonomy":"product_brand","embeddable":true,"href":"https:\/\/www.grupo-inducom.com\/co\/wp-json\/wp\/v2\/product_brand?post=230079"},{"taxonomy":"product_cat","embeddable":true,"href":"https:\/\/www.grupo-inducom.com\/co\/wp-json\/wp\/v2\/product_cat?post=230079"},{"taxonomy":"product_tag","embeddable":true,"href":"https:\/\/www.grupo-inducom.com\/co\/wp-json\/wp\/v2\/product_tag?post=230079"}],"curies":[{"name":"wp","href":"https:\/\/api.w.org\/{rel}","templated":true}]}}