{"id":230073,"date":"2023-06-02T15:58:46","date_gmt":"2023-06-02T20:58:46","guid":{"rendered":"https:\/\/www.grupo-inducom.com\/co\/?post_type=product&#038;p=230073"},"modified":"2023-06-03T10:27:06","modified_gmt":"2023-06-03T15:27:06","slug":"compresor-de-tornillo","status":"publish","type":"product","link":"https:\/\/www.grupo-inducom.com\/co\/producto\/compresor-de-tornillo\/","title":{"rendered":"Compresor de tornillo"},"content":{"rendered":"<p>El compresor es un tornillo rotativo de inyecci\u00f3n de aceite de una sola etapa completamente cerrado que consta de un elemento de compresi\u00f3n, unidad de transmisi\u00f3n directa de un motor de tracci\u00f3n est\u00e1ndar de 2 polos, 60 Hz IP55 TEFC, incluido con un extremo de aire y un motor de alta eficiencia, el paquete cuenta con una separaci\u00f3n de aceite recipiente con elemento separador aire \/ aceite, enfriador combinado aire \/ aceite y unidad de control y monitorizaci\u00f3n electr\u00f3nica por microprocesador.<\/p>\n<p>&nbsp;<\/p>\n<p>Todos los componentes est\u00e1n montados en epoxi revestido ac\u00fasticamente.<\/p>\n<p>&nbsp;<\/p>\n","protected":false},"excerpt":{"rendered":"<table style=\"altura: 213px;\">\n<tbody>\n<tr>\n<td width=\"132\">Tecnolog\u00eda<\/td>\n<td width=\"444\">Compresor de aire de tornillo rotativo &#8211; Serie L45<\/td>\n<\/tr>\n<tr>\n<td width=\"132\">Rango de potencia<\/td>\n<td width=\"444\">hasta 500 kW<\/td>\n<\/tr>\n<tr>\n<td width=\"132\">Presi\u00f3n<\/td>\n<td width=\"444\">hasta 13 bar<\/td>\n<\/tr>\n<tr>\n<td width=\"132\">Tipo de velocidad<\/td>\n<td width=\"444\">Fijo y variable<\/td>\n<\/tr>\n<tr>\n<td width=\"132\">Flujo volum\u00e9trico<\/td>\n<td width=\"444\">hasta 73,5 m\u00b3 \/ min. a 8 bar<\/td>\n<\/tr>\n<\/tbody>\n<\/table>\n<p>&nbsp;<\/p>\n<p>[mkdf_button size=&#8221;&#8221; type=&#8221;&#8221; text=&#8221;Brochure General&#8221; custom_class=&#8221;&#8221; icon_pack=&#8221;font_awesome&#8221; fa_icon=&#8221;&#8221; link=&#8221;https:\/\/inducom.us\/wp-content\/uploads\/2020\/11\/GS-LINE_11th_8-2011.pdf&#8221; target=&#8221;_self&#8221; color=&#8221;&#8221; hover_color=&#8221;&#8221; background_color=&#8221;&#8221; hover_background_color=&#8221;&#8221; border_color=&#8221;&#8221; hover_border_color=&#8221;&#8221; font_size=&#8221;&#8221; font_weight=&#8221;&#8221; margin=&#8221;&#8221;]<\/p>\n","protected":false},"featured_media":229991,"comment_status":"open","ping_status":"closed","template":"","meta":{"_acf_changed":false,"_et_pb_use_builder":"","_et_pb_old_content":"","_et_gb_content_width":"","content-type":""},"product_brand":[],"product_cat":[405,341],"product_tag":[],"class_list":{"0":"post-230073","1":"product","2":"type-product","3":"status-publish","4":"has-post-thumbnail","6":"product_cat-compresor-de-aire","7":"product_cat-gardner-denver","9":"first","10":"instock","11":"shipping-taxable","12":"product-type-simple"},"acf":[],"yoast_head":"<!-- This site is optimized with the Yoast SEO plugin v27.4 - https:\/\/yoast.com\/product\/yoast-seo-wordpress\/ -->\n<title>Compresor de tornillo - Inducom Colombia<\/title>\n<meta name=\"robots\" content=\"index, follow, max-snippet:-1, max-image-preview:large, max-video-preview:-1\" \/>\n<link rel=\"canonical\" href=\"https:\/\/www.grupo-inducom.com\/co\/producto\/compresor-de-tornillo\/\" \/>\n<meta property=\"og:locale\" content=\"es_ES\" \/>\n<meta property=\"og:type\" content=\"article\" \/>\n<meta property=\"og:title\" content=\"Compresor de tornillo - Inducom Colombia\" \/>\n<meta property=\"og:description\" content=\"Tecnolog\u00eda Compresor de aire de tornillo rotativo - Serie L45   Rango de potencia hasta 500 kW   Presi\u00f3n hasta 13 bar   Tipo de velocidad Fijo y variable   Flujo volum\u00e9trico hasta 73,5 m\u00b3 \/ min. a 8 bar    &nbsp;  [mkdf_button size=&quot;&quot; type=&quot;&quot; text=&quot;Brochure General&quot; custom_class=&quot;&quot; icon_pack=&quot;font_awesome&quot; fa_icon=&quot;&quot; link=&quot;https:\/\/inducom.us\/wp-content\/uploads\/2020\/11\/GS-LINE_11th_8-2011.pdf&quot; target=&quot;_self&quot; color=&quot;&quot; hover_color=&quot;&quot; background_color=&quot;&quot; hover_background_color=&quot;&quot; border_color=&quot;&quot; hover_border_color=&quot;&quot; font_size=&quot;&quot; font_weight=&quot;&quot; margin=&quot;&quot;]\" \/>\n<meta property=\"og:url\" content=\"https:\/\/www.grupo-inducom.com\/co\/producto\/compresor-de-tornillo\/\" \/>\n<meta property=\"og:site_name\" content=\"Inducom Colombia\" \/>\n<meta property=\"article:modified_time\" content=\"2023-06-03T15:27:06+00:00\" \/>\n<meta property=\"og:image\" content=\"http:\/\/www.grupo-inducom.com\/co\/wp-content\/uploads\/sites\/4\/2023\/06\/compresor.webp\" \/>\n\t<meta property=\"og:image:width\" content=\"300\" \/>\n\t<meta property=\"og:image:height\" content=\"300\" \/>\n\t<meta property=\"og:image:type\" content=\"image\/webp\" \/>\n<meta name=\"twitter:card\" content=\"summary_large_image\" \/>\n<script type=\"application\/ld+json\" class=\"yoast-schema-graph\">{\"@context\":\"https:\\\/\\\/schema.org\",\"@graph\":[{\"@type\":\"WebPage\",\"@id\":\"https:\\\/\\\/www.grupo-inducom.com\\\/co\\\/producto\\\/compresor-de-tornillo\\\/\",\"url\":\"https:\\\/\\\/www.grupo-inducom.com\\\/co\\\/producto\\\/compresor-de-tornillo\\\/\",\"name\":\"Compresor de tornillo - Inducom Colombia\",\"isPartOf\":{\"@id\":\"https:\\\/\\\/www.grupo-inducom.com\\\/co\\\/#website\"},\"primaryImageOfPage\":{\"@id\":\"https:\\\/\\\/www.grupo-inducom.com\\\/co\\\/producto\\\/compresor-de-tornillo\\\/#primaryimage\"},\"image\":{\"@id\":\"https:\\\/\\\/www.grupo-inducom.com\\\/co\\\/producto\\\/compresor-de-tornillo\\\/#primaryimage\"},\"thumbnailUrl\":\"https:\\\/\\\/www.grupo-inducom.com\\\/co\\\/wp-content\\\/uploads\\\/sites\\\/4\\\/2023\\\/06\\\/compresor.webp\",\"datePublished\":\"2023-06-02T20:58:46+00:00\",\"dateModified\":\"2023-06-03T15:27:06+00:00\",\"breadcrumb\":{\"@id\":\"https:\\\/\\\/www.grupo-inducom.com\\\/co\\\/producto\\\/compresor-de-tornillo\\\/#breadcrumb\"},\"inLanguage\":\"es-CO\",\"potentialAction\":[{\"@type\":\"ReadAction\",\"target\":[\"https:\\\/\\\/www.grupo-inducom.com\\\/co\\\/producto\\\/compresor-de-tornillo\\\/\"]}]},{\"@type\":\"ImageObject\",\"inLanguage\":\"es-CO\",\"@id\":\"https:\\\/\\\/www.grupo-inducom.com\\\/co\\\/producto\\\/compresor-de-tornillo\\\/#primaryimage\",\"url\":\"https:\\\/\\\/www.grupo-inducom.com\\\/co\\\/wp-content\\\/uploads\\\/sites\\\/4\\\/2023\\\/06\\\/compresor.webp\",\"contentUrl\":\"https:\\\/\\\/www.grupo-inducom.com\\\/co\\\/wp-content\\\/uploads\\\/sites\\\/4\\\/2023\\\/06\\\/compresor.webp\",\"width\":300,\"height\":300},{\"@type\":\"BreadcrumbList\",\"@id\":\"https:\\\/\\\/www.grupo-inducom.com\\\/co\\\/producto\\\/compresor-de-tornillo\\\/#breadcrumb\",\"itemListElement\":[{\"@type\":\"ListItem\",\"position\":1,\"name\":\"Portada\",\"item\":\"https:\\\/\\\/www.grupo-inducom.com\\\/co\\\/\"},{\"@type\":\"ListItem\",\"position\":2,\"name\":\"Productos\",\"item\":\"https:\\\/\\\/www.grupo-inducom.com\\\/co\\\/shop\\\/\"},{\"@type\":\"ListItem\",\"position\":3,\"name\":\"Compresor de tornillo\"}]},{\"@type\":\"WebSite\",\"@id\":\"https:\\\/\\\/www.grupo-inducom.com\\\/co\\\/#website\",\"url\":\"https:\\\/\\\/www.grupo-inducom.com\\\/co\\\/\",\"name\":\"Inducom Colombia\",\"description\":\"\",\"potentialAction\":[{\"@type\":\"SearchAction\",\"target\":{\"@type\":\"EntryPoint\",\"urlTemplate\":\"https:\\\/\\\/www.grupo-inducom.com\\\/co\\\/?s={search_term_string}\"},\"query-input\":{\"@type\":\"PropertyValueSpecification\",\"valueRequired\":true,\"valueName\":\"search_term_string\"}}],\"inLanguage\":\"es-CO\"}]}<\/script>\n<!-- \/ Yoast SEO plugin. -->","yoast_head_json":{"title":"Compresor de tornillo - Inducom Colombia","robots":{"index":"index","follow":"follow","max-snippet":"max-snippet:-1","max-image-preview":"max-image-preview:large","max-video-preview":"max-video-preview:-1"},"canonical":"https:\/\/www.grupo-inducom.com\/co\/producto\/compresor-de-tornillo\/","og_locale":"es_ES","og_type":"article","og_title":"Compresor de tornillo - Inducom Colombia","og_description":"Tecnolog\u00eda Compresor de aire de tornillo rotativo - Serie L45   Rango de potencia hasta 500 kW   Presi\u00f3n hasta 13 bar   Tipo de velocidad Fijo y variable   Flujo volum\u00e9trico hasta 73,5 m\u00b3 \/ min. a 8 bar    &nbsp;  [mkdf_button size=\"\" type=\"\" text=\"Brochure General\" custom_class=\"\" icon_pack=\"font_awesome\" fa_icon=\"\" link=\"https:\/\/inducom.us\/wp-content\/uploads\/2020\/11\/GS-LINE_11th_8-2011.pdf\" target=\"_self\" color=\"\" hover_color=\"\" background_color=\"\" hover_background_color=\"\" border_color=\"\" hover_border_color=\"\" font_size=\"\" font_weight=\"\" margin=\"\"]","og_url":"https:\/\/www.grupo-inducom.com\/co\/producto\/compresor-de-tornillo\/","og_site_name":"Inducom Colombia","article_modified_time":"2023-06-03T15:27:06+00:00","og_image":[{"width":300,"height":300,"url":"http:\/\/www.grupo-inducom.com\/co\/wp-content\/uploads\/sites\/4\/2023\/06\/compresor.webp","type":"image\/webp"}],"twitter_card":"summary_large_image","schema":{"@context":"https:\/\/schema.org","@graph":[{"@type":"WebPage","@id":"https:\/\/www.grupo-inducom.com\/co\/producto\/compresor-de-tornillo\/","url":"https:\/\/www.grupo-inducom.com\/co\/producto\/compresor-de-tornillo\/","name":"Compresor de tornillo - Inducom Colombia","isPartOf":{"@id":"https:\/\/www.grupo-inducom.com\/co\/#website"},"primaryImageOfPage":{"@id":"https:\/\/www.grupo-inducom.com\/co\/producto\/compresor-de-tornillo\/#primaryimage"},"image":{"@id":"https:\/\/www.grupo-inducom.com\/co\/producto\/compresor-de-tornillo\/#primaryimage"},"thumbnailUrl":"https:\/\/www.grupo-inducom.com\/co\/wp-content\/uploads\/sites\/4\/2023\/06\/compresor.webp","datePublished":"2023-06-02T20:58:46+00:00","dateModified":"2023-06-03T15:27:06+00:00","breadcrumb":{"@id":"https:\/\/www.grupo-inducom.com\/co\/producto\/compresor-de-tornillo\/#breadcrumb"},"inLanguage":"es-CO","potentialAction":[{"@type":"ReadAction","target":["https:\/\/www.grupo-inducom.com\/co\/producto\/compresor-de-tornillo\/"]}]},{"@type":"ImageObject","inLanguage":"es-CO","@id":"https:\/\/www.grupo-inducom.com\/co\/producto\/compresor-de-tornillo\/#primaryimage","url":"https:\/\/www.grupo-inducom.com\/co\/wp-content\/uploads\/sites\/4\/2023\/06\/compresor.webp","contentUrl":"https:\/\/www.grupo-inducom.com\/co\/wp-content\/uploads\/sites\/4\/2023\/06\/compresor.webp","width":300,"height":300},{"@type":"BreadcrumbList","@id":"https:\/\/www.grupo-inducom.com\/co\/producto\/compresor-de-tornillo\/#breadcrumb","itemListElement":[{"@type":"ListItem","position":1,"name":"Portada","item":"https:\/\/www.grupo-inducom.com\/co\/"},{"@type":"ListItem","position":2,"name":"Productos","item":"https:\/\/www.grupo-inducom.com\/co\/shop\/"},{"@type":"ListItem","position":3,"name":"Compresor de tornillo"}]},{"@type":"WebSite","@id":"https:\/\/www.grupo-inducom.com\/co\/#website","url":"https:\/\/www.grupo-inducom.com\/co\/","name":"Inducom Colombia","description":"","potentialAction":[{"@type":"SearchAction","target":{"@type":"EntryPoint","urlTemplate":"https:\/\/www.grupo-inducom.com\/co\/?s={search_term_string}"},"query-input":{"@type":"PropertyValueSpecification","valueRequired":true,"valueName":"search_term_string"}}],"inLanguage":"es-CO"}]}},"_links":{"self":[{"href":"https:\/\/www.grupo-inducom.com\/co\/wp-json\/wp\/v2\/product\/230073","targetHints":{"allow":["GET"]}}],"collection":[{"href":"https:\/\/www.grupo-inducom.com\/co\/wp-json\/wp\/v2\/product"}],"about":[{"href":"https:\/\/www.grupo-inducom.com\/co\/wp-json\/wp\/v2\/types\/product"}],"replies":[{"embeddable":true,"href":"https:\/\/www.grupo-inducom.com\/co\/wp-json\/wp\/v2\/comments?post=230073"}],"wp:featuredmedia":[{"embeddable":true,"href":"https:\/\/www.grupo-inducom.com\/co\/wp-json\/wp\/v2\/media\/229991"}],"wp:attachment":[{"href":"https:\/\/www.grupo-inducom.com\/co\/wp-json\/wp\/v2\/media?parent=230073"}],"wp:term":[{"taxonomy":"product_brand","embeddable":true,"href":"https:\/\/www.grupo-inducom.com\/co\/wp-json\/wp\/v2\/product_brand?post=230073"},{"taxonomy":"product_cat","embeddable":true,"href":"https:\/\/www.grupo-inducom.com\/co\/wp-json\/wp\/v2\/product_cat?post=230073"},{"taxonomy":"product_tag","embeddable":true,"href":"https:\/\/www.grupo-inducom.com\/co\/wp-json\/wp\/v2\/product_tag?post=230073"}],"curies":[{"name":"wp","href":"https:\/\/api.w.org\/{rel}","templated":true}]}}