{"id":230072,"date":"2023-06-02T15:58:46","date_gmt":"2023-06-02T20:58:46","guid":{"rendered":"https:\/\/www.grupo-inducom.com\/co\/?post_type=product&#038;p=230072"},"modified":"2023-06-03T10:10:55","modified_gmt":"2023-06-03T15:10:55","slug":"bombas-de-vacio-anillo-liquido","status":"publish","type":"product","link":"https:\/\/www.grupo-inducom.com\/co\/producto\/bombas-de-vacio-anillo-liquido\/","title":{"rendered":"Bombas de vac\u00edo anillo l\u00edquido"},"content":{"rendered":"<p>Las bombas de vac\u00edo DEKKER y CAC ofrecen una y dos etapas de alta eficiencia capaces de alcanzar niveles de vac\u00edo de hasta 29 &#8221; HgV.<\/p>\n<p>Los avances en la din\u00e1mica de fluidos permiten una alta eficiencia volum\u00e9trica con un 50% menos de requisitos de fluido para el sello de anillo.<\/p>\n<p>La bomba incluye un puerto de descarga variable que le permite ajustarse a la relaci\u00f3n de compresi\u00f3n interna dando como resultado la m\u00e1xima eficiencia en todo el rango de vac\u00edo.<\/p>\n<p>Ventajas del producto<\/p>\n<p>Dise\u00f1ado para aplicaciones de servicio pesado<br \/>\nImpulsor est\u00e1ndar de acero inoxidable SS 316<br \/>\nEje libre robusto<br \/>\nRodamientos de rodillos aptos para transmisi\u00f3n de potencia por poleas<br \/>\nFabricado bajo las normas ISO 9001<br \/>\nBajo nivel de ruido<br \/>\nCojinetes de servicio pesado instalados en el exterior de la carcasa<br \/>\nSellos mec\u00e1nicos est\u00e1ndar de una cara<br \/>\nPr\u00e1cticamente libre de mantenimiento<br \/>\nCapaz de manejar peque\u00f1as cantidades de l\u00edquido de proceso arrastrado<br \/>\nUna sola pieza m\u00f3vil<br \/>\nPosibilidad de operar con diferentes fluidos de sellado<br \/>\nCapaz de manejar mezclas de gases saturados<\/p>\n","protected":false},"excerpt":{"rendered":"<p>Marca: TITAN DEKKER<br \/>\nDise\u00f1ado para aplicaciones de servicio pesado<br \/>\nBajo nivel de ruido<\/p>\n","protected":false},"featured_media":229990,"comment_status":"open","ping_status":"closed","template":"","meta":{"_acf_changed":false,"_et_pb_use_builder":"","_et_pb_old_content":"","_et_gb_content_width":"","content-type":""},"product_brand":[],"product_cat":[370,340],"product_tag":[],"class_list":{"0":"post-230072","1":"product","2":"type-product","3":"status-publish","4":"has-post-thumbnail","6":"product_cat-blowers-y-vacio","7":"product_cat-dekker-pumps","9":"first","10":"instock","11":"shipping-taxable","12":"product-type-simple"},"acf":[],"yoast_head":"<!-- This site is optimized with the Yoast SEO plugin v27.4 - https:\/\/yoast.com\/product\/yoast-seo-wordpress\/ -->\n<title>Bombas de vac\u00edo anillo l\u00edquido - Inducom Colombia<\/title>\n<meta name=\"robots\" content=\"index, follow, max-snippet:-1, max-image-preview:large, max-video-preview:-1\" \/>\n<link rel=\"canonical\" href=\"https:\/\/www.grupo-inducom.com\/co\/producto\/bombas-de-vacio-anillo-liquido\/\" \/>\n<meta property=\"og:locale\" content=\"es_ES\" \/>\n<meta property=\"og:type\" content=\"article\" \/>\n<meta property=\"og:title\" content=\"Bombas de vac\u00edo anillo l\u00edquido - Inducom Colombia\" \/>\n<meta property=\"og:description\" content=\"Marca: TITAN DEKKER Dise\u00f1ado para aplicaciones de servicio pesado Bajo nivel de ruido\" \/>\n<meta property=\"og:url\" content=\"https:\/\/www.grupo-inducom.com\/co\/producto\/bombas-de-vacio-anillo-liquido\/\" \/>\n<meta property=\"og:site_name\" content=\"Inducom Colombia\" \/>\n<meta property=\"article:modified_time\" content=\"2023-06-03T15:10:55+00:00\" \/>\n<meta property=\"og:image\" content=\"http:\/\/www.grupo-inducom.com\/co\/wp-content\/uploads\/sites\/4\/2023\/06\/bomba-de-vacio-anillo-liquido.webp\" \/>\n\t<meta property=\"og:image:width\" content=\"300\" \/>\n\t<meta property=\"og:image:height\" content=\"300\" \/>\n\t<meta property=\"og:image:type\" content=\"image\/webp\" \/>\n<meta name=\"twitter:card\" content=\"summary_large_image\" \/>\n<meta name=\"twitter:label1\" content=\"Tiempo de lectura\" \/>\n\t<meta name=\"twitter:data1\" content=\"1 minuto\" \/>\n<script type=\"application\/ld+json\" class=\"yoast-schema-graph\">{\"@context\":\"https:\\\/\\\/schema.org\",\"@graph\":[{\"@type\":\"WebPage\",\"@id\":\"https:\\\/\\\/www.grupo-inducom.com\\\/co\\\/producto\\\/bombas-de-vacio-anillo-liquido\\\/\",\"url\":\"https:\\\/\\\/www.grupo-inducom.com\\\/co\\\/producto\\\/bombas-de-vacio-anillo-liquido\\\/\",\"name\":\"Bombas de vac\u00edo anillo l\u00edquido - Inducom Colombia\",\"isPartOf\":{\"@id\":\"https:\\\/\\\/www.grupo-inducom.com\\\/co\\\/#website\"},\"primaryImageOfPage\":{\"@id\":\"https:\\\/\\\/www.grupo-inducom.com\\\/co\\\/producto\\\/bombas-de-vacio-anillo-liquido\\\/#primaryimage\"},\"image\":{\"@id\":\"https:\\\/\\\/www.grupo-inducom.com\\\/co\\\/producto\\\/bombas-de-vacio-anillo-liquido\\\/#primaryimage\"},\"thumbnailUrl\":\"https:\\\/\\\/www.grupo-inducom.com\\\/co\\\/wp-content\\\/uploads\\\/sites\\\/4\\\/2023\\\/06\\\/bomba-de-vacio-anillo-liquido.webp\",\"datePublished\":\"2023-06-02T20:58:46+00:00\",\"dateModified\":\"2023-06-03T15:10:55+00:00\",\"breadcrumb\":{\"@id\":\"https:\\\/\\\/www.grupo-inducom.com\\\/co\\\/producto\\\/bombas-de-vacio-anillo-liquido\\\/#breadcrumb\"},\"inLanguage\":\"es-CO\",\"potentialAction\":[{\"@type\":\"ReadAction\",\"target\":[\"https:\\\/\\\/www.grupo-inducom.com\\\/co\\\/producto\\\/bombas-de-vacio-anillo-liquido\\\/\"]}]},{\"@type\":\"ImageObject\",\"inLanguage\":\"es-CO\",\"@id\":\"https:\\\/\\\/www.grupo-inducom.com\\\/co\\\/producto\\\/bombas-de-vacio-anillo-liquido\\\/#primaryimage\",\"url\":\"https:\\\/\\\/www.grupo-inducom.com\\\/co\\\/wp-content\\\/uploads\\\/sites\\\/4\\\/2023\\\/06\\\/bomba-de-vacio-anillo-liquido.webp\",\"contentUrl\":\"https:\\\/\\\/www.grupo-inducom.com\\\/co\\\/wp-content\\\/uploads\\\/sites\\\/4\\\/2023\\\/06\\\/bomba-de-vacio-anillo-liquido.webp\",\"width\":300,\"height\":300},{\"@type\":\"BreadcrumbList\",\"@id\":\"https:\\\/\\\/www.grupo-inducom.com\\\/co\\\/producto\\\/bombas-de-vacio-anillo-liquido\\\/#breadcrumb\",\"itemListElement\":[{\"@type\":\"ListItem\",\"position\":1,\"name\":\"Portada\",\"item\":\"https:\\\/\\\/www.grupo-inducom.com\\\/co\\\/\"},{\"@type\":\"ListItem\",\"position\":2,\"name\":\"Productos\",\"item\":\"https:\\\/\\\/www.grupo-inducom.com\\\/co\\\/shop\\\/\"},{\"@type\":\"ListItem\",\"position\":3,\"name\":\"Bombas de vac\u00edo anillo l\u00edquido\"}]},{\"@type\":\"WebSite\",\"@id\":\"https:\\\/\\\/www.grupo-inducom.com\\\/co\\\/#website\",\"url\":\"https:\\\/\\\/www.grupo-inducom.com\\\/co\\\/\",\"name\":\"Inducom Colombia\",\"description\":\"\",\"potentialAction\":[{\"@type\":\"SearchAction\",\"target\":{\"@type\":\"EntryPoint\",\"urlTemplate\":\"https:\\\/\\\/www.grupo-inducom.com\\\/co\\\/?s={search_term_string}\"},\"query-input\":{\"@type\":\"PropertyValueSpecification\",\"valueRequired\":true,\"valueName\":\"search_term_string\"}}],\"inLanguage\":\"es-CO\"}]}<\/script>\n<!-- \/ Yoast SEO plugin. -->","yoast_head_json":{"title":"Bombas de vac\u00edo anillo l\u00edquido - Inducom Colombia","robots":{"index":"index","follow":"follow","max-snippet":"max-snippet:-1","max-image-preview":"max-image-preview:large","max-video-preview":"max-video-preview:-1"},"canonical":"https:\/\/www.grupo-inducom.com\/co\/producto\/bombas-de-vacio-anillo-liquido\/","og_locale":"es_ES","og_type":"article","og_title":"Bombas de vac\u00edo anillo l\u00edquido - Inducom Colombia","og_description":"Marca: TITAN DEKKER Dise\u00f1ado para aplicaciones de servicio pesado Bajo nivel de ruido","og_url":"https:\/\/www.grupo-inducom.com\/co\/producto\/bombas-de-vacio-anillo-liquido\/","og_site_name":"Inducom Colombia","article_modified_time":"2023-06-03T15:10:55+00:00","og_image":[{"width":300,"height":300,"url":"http:\/\/www.grupo-inducom.com\/co\/wp-content\/uploads\/sites\/4\/2023\/06\/bomba-de-vacio-anillo-liquido.webp","type":"image\/webp"}],"twitter_card":"summary_large_image","twitter_misc":{"Tiempo de lectura":"1 minuto"},"schema":{"@context":"https:\/\/schema.org","@graph":[{"@type":"WebPage","@id":"https:\/\/www.grupo-inducom.com\/co\/producto\/bombas-de-vacio-anillo-liquido\/","url":"https:\/\/www.grupo-inducom.com\/co\/producto\/bombas-de-vacio-anillo-liquido\/","name":"Bombas de vac\u00edo anillo l\u00edquido - Inducom Colombia","isPartOf":{"@id":"https:\/\/www.grupo-inducom.com\/co\/#website"},"primaryImageOfPage":{"@id":"https:\/\/www.grupo-inducom.com\/co\/producto\/bombas-de-vacio-anillo-liquido\/#primaryimage"},"image":{"@id":"https:\/\/www.grupo-inducom.com\/co\/producto\/bombas-de-vacio-anillo-liquido\/#primaryimage"},"thumbnailUrl":"https:\/\/www.grupo-inducom.com\/co\/wp-content\/uploads\/sites\/4\/2023\/06\/bomba-de-vacio-anillo-liquido.webp","datePublished":"2023-06-02T20:58:46+00:00","dateModified":"2023-06-03T15:10:55+00:00","breadcrumb":{"@id":"https:\/\/www.grupo-inducom.com\/co\/producto\/bombas-de-vacio-anillo-liquido\/#breadcrumb"},"inLanguage":"es-CO","potentialAction":[{"@type":"ReadAction","target":["https:\/\/www.grupo-inducom.com\/co\/producto\/bombas-de-vacio-anillo-liquido\/"]}]},{"@type":"ImageObject","inLanguage":"es-CO","@id":"https:\/\/www.grupo-inducom.com\/co\/producto\/bombas-de-vacio-anillo-liquido\/#primaryimage","url":"https:\/\/www.grupo-inducom.com\/co\/wp-content\/uploads\/sites\/4\/2023\/06\/bomba-de-vacio-anillo-liquido.webp","contentUrl":"https:\/\/www.grupo-inducom.com\/co\/wp-content\/uploads\/sites\/4\/2023\/06\/bomba-de-vacio-anillo-liquido.webp","width":300,"height":300},{"@type":"BreadcrumbList","@id":"https:\/\/www.grupo-inducom.com\/co\/producto\/bombas-de-vacio-anillo-liquido\/#breadcrumb","itemListElement":[{"@type":"ListItem","position":1,"name":"Portada","item":"https:\/\/www.grupo-inducom.com\/co\/"},{"@type":"ListItem","position":2,"name":"Productos","item":"https:\/\/www.grupo-inducom.com\/co\/shop\/"},{"@type":"ListItem","position":3,"name":"Bombas de vac\u00edo anillo l\u00edquido"}]},{"@type":"WebSite","@id":"https:\/\/www.grupo-inducom.com\/co\/#website","url":"https:\/\/www.grupo-inducom.com\/co\/","name":"Inducom Colombia","description":"","potentialAction":[{"@type":"SearchAction","target":{"@type":"EntryPoint","urlTemplate":"https:\/\/www.grupo-inducom.com\/co\/?s={search_term_string}"},"query-input":{"@type":"PropertyValueSpecification","valueRequired":true,"valueName":"search_term_string"}}],"inLanguage":"es-CO"}]}},"_links":{"self":[{"href":"https:\/\/www.grupo-inducom.com\/co\/wp-json\/wp\/v2\/product\/230072","targetHints":{"allow":["GET"]}}],"collection":[{"href":"https:\/\/www.grupo-inducom.com\/co\/wp-json\/wp\/v2\/product"}],"about":[{"href":"https:\/\/www.grupo-inducom.com\/co\/wp-json\/wp\/v2\/types\/product"}],"replies":[{"embeddable":true,"href":"https:\/\/www.grupo-inducom.com\/co\/wp-json\/wp\/v2\/comments?post=230072"}],"wp:featuredmedia":[{"embeddable":true,"href":"https:\/\/www.grupo-inducom.com\/co\/wp-json\/wp\/v2\/media\/229990"}],"wp:attachment":[{"href":"https:\/\/www.grupo-inducom.com\/co\/wp-json\/wp\/v2\/media?parent=230072"}],"wp:term":[{"taxonomy":"product_brand","embeddable":true,"href":"https:\/\/www.grupo-inducom.com\/co\/wp-json\/wp\/v2\/product_brand?post=230072"},{"taxonomy":"product_cat","embeddable":true,"href":"https:\/\/www.grupo-inducom.com\/co\/wp-json\/wp\/v2\/product_cat?post=230072"},{"taxonomy":"product_tag","embeddable":true,"href":"https:\/\/www.grupo-inducom.com\/co\/wp-json\/wp\/v2\/product_tag?post=230072"}],"curies":[{"name":"wp","href":"https:\/\/api.w.org\/{rel}","templated":true}]}}