{"id":230067,"date":"2023-06-02T15:58:45","date_gmt":"2023-06-02T20:58:45","guid":{"rendered":"https:\/\/www.grupo-inducom.com\/co\/?post_type=product&#038;p=230067"},"modified":"2023-06-03T10:06:30","modified_gmt":"2023-06-03T15:06:30","slug":"acoples-flexibles-tipo-rex-omega-y-lovejoy","status":"publish","type":"product","link":"https:\/\/www.grupo-inducom.com\/co\/producto\/acoples-flexibles-tipo-rex-omega-y-lovejoy\/","title":{"rendered":"Acoples Flexibles \/ Tipo Rex omega y Lovejoy"},"content":{"rendered":"<h5>El acoplamiento Omega est\u00e1 dise\u00f1ado para aplicaciones donde la distancia entre los ejes del equipo conectado es peque\u00f1a. Acoplamientos industriales<\/h5>\n<h5>El dise\u00f1o exclusivo del elemento flexible de poliuretano de dos partes y el uso de pernos radiales como resultado reduce el servicio de mantenimiento.<\/h5>\n<h5>Rex Omega es el \u00fanico elemento flexible dividido por la mitad y con masas reversibles que permiten reducir significativamente los costos totales al reducir el inventario y el tiempo de montaje.<\/h5>\n<h5>Caracter\u00edsticas \/ Acoplamientos industriales<\/h5>\n<h5>Facilidad de reemplazo<br \/>\nExcelente resistencia qu\u00edmica.<br \/>\nNo necesita lubricaci\u00f3n<br \/>\nAbsorbe las desalineaciones<br \/>\nProtege el equipo amortiguando las cargas de impacto y las vibraciones torsionales<br \/>\nAplicaciones<\/h5>\n<h5>Bombas \/ compresores<br \/>\nSopladores \/ mezcladores<br \/>\notras aplicaciones de conducci\u00f3n.<\/h5>\n","protected":false},"excerpt":{"rendered":"<p>Marca: Everlast<br \/>\nNo requiere lubricaci\u00f3n.<br \/>\nProtege contra cargas de golpes y vibraciones.<br \/>\nNo se requiere desmontaje para inspecci\u00f3n.<\/p>\n","protected":false},"featured_media":229985,"comment_status":"open","ping_status":"closed","template":"","meta":{"_acf_changed":false,"_et_pb_use_builder":"","_et_pb_old_content":"","_et_gb_content_width":"","content-type":""},"product_brand":[],"product_cat":[426,335],"product_tag":[],"class_list":{"0":"post-230067","1":"product","2":"type-product","3":"status-publish","4":"has-post-thumbnail","6":"product_cat-acoples","7":"product_cat-everlast-acouplings","9":"first","10":"instock","11":"shipping-taxable","12":"product-type-simple"},"acf":[],"yoast_head":"<!-- This site is optimized with the Yoast SEO plugin v27.2 - https:\/\/yoast.com\/product\/yoast-seo-wordpress\/ -->\n<title>Acoples Flexibles \/ Tipo Rex omega y Lovejoy - Inducom Colombia<\/title>\n<meta name=\"robots\" content=\"index, follow, max-snippet:-1, max-image-preview:large, max-video-preview:-1\" \/>\n<link rel=\"canonical\" href=\"https:\/\/www.grupo-inducom.com\/co\/producto\/acoples-flexibles-tipo-rex-omega-y-lovejoy\/\" \/>\n<meta property=\"og:locale\" content=\"es_ES\" \/>\n<meta property=\"og:type\" content=\"article\" \/>\n<meta property=\"og:title\" content=\"Acoples Flexibles \/ Tipo Rex omega y Lovejoy - Inducom Colombia\" \/>\n<meta property=\"og:description\" content=\"Marca: Everlast No requiere lubricaci\u00f3n. Protege contra cargas de golpes y vibraciones. No se requiere desmontaje para inspecci\u00f3n.\" \/>\n<meta property=\"og:url\" content=\"https:\/\/www.grupo-inducom.com\/co\/producto\/acoples-flexibles-tipo-rex-omega-y-lovejoy\/\" \/>\n<meta property=\"og:site_name\" content=\"Inducom Colombia\" \/>\n<meta property=\"article:modified_time\" content=\"2023-06-03T15:06:30+00:00\" \/>\n<meta property=\"og:image\" content=\"http:\/\/www.grupo-inducom.com\/co\/wp-content\/uploads\/sites\/4\/2023\/06\/acople.webp\" \/>\n\t<meta property=\"og:image:width\" content=\"300\" \/>\n\t<meta property=\"og:image:height\" content=\"300\" \/>\n\t<meta property=\"og:image:type\" content=\"image\/webp\" \/>\n<meta name=\"twitter:card\" content=\"summary_large_image\" \/>\n<meta name=\"twitter:label1\" content=\"Tiempo de lectura\" \/>\n\t<meta name=\"twitter:data1\" content=\"1 minuto\" \/>\n<script type=\"application\/ld+json\" class=\"yoast-schema-graph\">{\"@context\":\"https:\/\/schema.org\",\"@graph\":[{\"@type\":\"WebPage\",\"@id\":\"https:\/\/www.grupo-inducom.com\/co\/producto\/acoples-flexibles-tipo-rex-omega-y-lovejoy\/\",\"url\":\"https:\/\/www.grupo-inducom.com\/co\/producto\/acoples-flexibles-tipo-rex-omega-y-lovejoy\/\",\"name\":\"Acoples Flexibles \/ Tipo Rex omega y Lovejoy - Inducom Colombia\",\"isPartOf\":{\"@id\":\"https:\/\/www.grupo-inducom.com\/co\/#website\"},\"primaryImageOfPage\":{\"@id\":\"https:\/\/www.grupo-inducom.com\/co\/producto\/acoples-flexibles-tipo-rex-omega-y-lovejoy\/#primaryimage\"},\"image\":{\"@id\":\"https:\/\/www.grupo-inducom.com\/co\/producto\/acoples-flexibles-tipo-rex-omega-y-lovejoy\/#primaryimage\"},\"thumbnailUrl\":\"https:\/\/www.grupo-inducom.com\/co\/wp-content\/uploads\/sites\/4\/2023\/06\/acople.webp\",\"datePublished\":\"2023-06-02T20:58:45+00:00\",\"dateModified\":\"2023-06-03T15:06:30+00:00\",\"breadcrumb\":{\"@id\":\"https:\/\/www.grupo-inducom.com\/co\/producto\/acoples-flexibles-tipo-rex-omega-y-lovejoy\/#breadcrumb\"},\"inLanguage\":\"es-CO\",\"potentialAction\":[{\"@type\":\"ReadAction\",\"target\":[\"https:\/\/www.grupo-inducom.com\/co\/producto\/acoples-flexibles-tipo-rex-omega-y-lovejoy\/\"]}]},{\"@type\":\"ImageObject\",\"inLanguage\":\"es-CO\",\"@id\":\"https:\/\/www.grupo-inducom.com\/co\/producto\/acoples-flexibles-tipo-rex-omega-y-lovejoy\/#primaryimage\",\"url\":\"https:\/\/www.grupo-inducom.com\/co\/wp-content\/uploads\/sites\/4\/2023\/06\/acople.webp\",\"contentUrl\":\"https:\/\/www.grupo-inducom.com\/co\/wp-content\/uploads\/sites\/4\/2023\/06\/acople.webp\",\"width\":300,\"height\":300},{\"@type\":\"BreadcrumbList\",\"@id\":\"https:\/\/www.grupo-inducom.com\/co\/producto\/acoples-flexibles-tipo-rex-omega-y-lovejoy\/#breadcrumb\",\"itemListElement\":[{\"@type\":\"ListItem\",\"position\":1,\"name\":\"Portada\",\"item\":\"https:\/\/www.grupo-inducom.com\/co\/\"},{\"@type\":\"ListItem\",\"position\":2,\"name\":\"Productos\",\"item\":\"https:\/\/www.grupo-inducom.com\/co\/shop\/\"},{\"@type\":\"ListItem\",\"position\":3,\"name\":\"Acoples Flexibles \/ Tipo Rex omega y Lovejoy\"}]},{\"@type\":\"WebSite\",\"@id\":\"https:\/\/www.grupo-inducom.com\/co\/#website\",\"url\":\"https:\/\/www.grupo-inducom.com\/co\/\",\"name\":\"Inducom Colombia\",\"description\":\"\",\"potentialAction\":[{\"@type\":\"SearchAction\",\"target\":{\"@type\":\"EntryPoint\",\"urlTemplate\":\"https:\/\/www.grupo-inducom.com\/co\/?s={search_term_string}\"},\"query-input\":{\"@type\":\"PropertyValueSpecification\",\"valueRequired\":true,\"valueName\":\"search_term_string\"}}],\"inLanguage\":\"es-CO\"}]}<\/script>\n<!-- \/ Yoast SEO plugin. -->","yoast_head_json":{"title":"Acoples Flexibles \/ Tipo Rex omega y Lovejoy - Inducom Colombia","robots":{"index":"index","follow":"follow","max-snippet":"max-snippet:-1","max-image-preview":"max-image-preview:large","max-video-preview":"max-video-preview:-1"},"canonical":"https:\/\/www.grupo-inducom.com\/co\/producto\/acoples-flexibles-tipo-rex-omega-y-lovejoy\/","og_locale":"es_ES","og_type":"article","og_title":"Acoples Flexibles \/ Tipo Rex omega y Lovejoy - Inducom Colombia","og_description":"Marca: Everlast No requiere lubricaci\u00f3n. Protege contra cargas de golpes y vibraciones. No se requiere desmontaje para inspecci\u00f3n.","og_url":"https:\/\/www.grupo-inducom.com\/co\/producto\/acoples-flexibles-tipo-rex-omega-y-lovejoy\/","og_site_name":"Inducom Colombia","article_modified_time":"2023-06-03T15:06:30+00:00","og_image":[{"width":300,"height":300,"url":"http:\/\/www.grupo-inducom.com\/co\/wp-content\/uploads\/sites\/4\/2023\/06\/acople.webp","type":"image\/webp"}],"twitter_card":"summary_large_image","twitter_misc":{"Tiempo de lectura":"1 minuto"},"schema":{"@context":"https:\/\/schema.org","@graph":[{"@type":"WebPage","@id":"https:\/\/www.grupo-inducom.com\/co\/producto\/acoples-flexibles-tipo-rex-omega-y-lovejoy\/","url":"https:\/\/www.grupo-inducom.com\/co\/producto\/acoples-flexibles-tipo-rex-omega-y-lovejoy\/","name":"Acoples Flexibles \/ Tipo Rex omega y Lovejoy - Inducom Colombia","isPartOf":{"@id":"https:\/\/www.grupo-inducom.com\/co\/#website"},"primaryImageOfPage":{"@id":"https:\/\/www.grupo-inducom.com\/co\/producto\/acoples-flexibles-tipo-rex-omega-y-lovejoy\/#primaryimage"},"image":{"@id":"https:\/\/www.grupo-inducom.com\/co\/producto\/acoples-flexibles-tipo-rex-omega-y-lovejoy\/#primaryimage"},"thumbnailUrl":"https:\/\/www.grupo-inducom.com\/co\/wp-content\/uploads\/sites\/4\/2023\/06\/acople.webp","datePublished":"2023-06-02T20:58:45+00:00","dateModified":"2023-06-03T15:06:30+00:00","breadcrumb":{"@id":"https:\/\/www.grupo-inducom.com\/co\/producto\/acoples-flexibles-tipo-rex-omega-y-lovejoy\/#breadcrumb"},"inLanguage":"es-CO","potentialAction":[{"@type":"ReadAction","target":["https:\/\/www.grupo-inducom.com\/co\/producto\/acoples-flexibles-tipo-rex-omega-y-lovejoy\/"]}]},{"@type":"ImageObject","inLanguage":"es-CO","@id":"https:\/\/www.grupo-inducom.com\/co\/producto\/acoples-flexibles-tipo-rex-omega-y-lovejoy\/#primaryimage","url":"https:\/\/www.grupo-inducom.com\/co\/wp-content\/uploads\/sites\/4\/2023\/06\/acople.webp","contentUrl":"https:\/\/www.grupo-inducom.com\/co\/wp-content\/uploads\/sites\/4\/2023\/06\/acople.webp","width":300,"height":300},{"@type":"BreadcrumbList","@id":"https:\/\/www.grupo-inducom.com\/co\/producto\/acoples-flexibles-tipo-rex-omega-y-lovejoy\/#breadcrumb","itemListElement":[{"@type":"ListItem","position":1,"name":"Portada","item":"https:\/\/www.grupo-inducom.com\/co\/"},{"@type":"ListItem","position":2,"name":"Productos","item":"https:\/\/www.grupo-inducom.com\/co\/shop\/"},{"@type":"ListItem","position":3,"name":"Acoples Flexibles \/ Tipo Rex omega y Lovejoy"}]},{"@type":"WebSite","@id":"https:\/\/www.grupo-inducom.com\/co\/#website","url":"https:\/\/www.grupo-inducom.com\/co\/","name":"Inducom Colombia","description":"","potentialAction":[{"@type":"SearchAction","target":{"@type":"EntryPoint","urlTemplate":"https:\/\/www.grupo-inducom.com\/co\/?s={search_term_string}"},"query-input":{"@type":"PropertyValueSpecification","valueRequired":true,"valueName":"search_term_string"}}],"inLanguage":"es-CO"}]}},"_links":{"self":[{"href":"https:\/\/www.grupo-inducom.com\/co\/wp-json\/wp\/v2\/product\/230067","targetHints":{"allow":["GET"]}}],"collection":[{"href":"https:\/\/www.grupo-inducom.com\/co\/wp-json\/wp\/v2\/product"}],"about":[{"href":"https:\/\/www.grupo-inducom.com\/co\/wp-json\/wp\/v2\/types\/product"}],"replies":[{"embeddable":true,"href":"https:\/\/www.grupo-inducom.com\/co\/wp-json\/wp\/v2\/comments?post=230067"}],"wp:featuredmedia":[{"embeddable":true,"href":"https:\/\/www.grupo-inducom.com\/co\/wp-json\/wp\/v2\/media\/229985"}],"wp:attachment":[{"href":"https:\/\/www.grupo-inducom.com\/co\/wp-json\/wp\/v2\/media?parent=230067"}],"wp:term":[{"taxonomy":"product_brand","embeddable":true,"href":"https:\/\/www.grupo-inducom.com\/co\/wp-json\/wp\/v2\/product_brand?post=230067"},{"taxonomy":"product_cat","embeddable":true,"href":"https:\/\/www.grupo-inducom.com\/co\/wp-json\/wp\/v2\/product_cat?post=230067"},{"taxonomy":"product_tag","embeddable":true,"href":"https:\/\/www.grupo-inducom.com\/co\/wp-json\/wp\/v2\/product_tag?post=230067"}],"curies":[{"name":"wp","href":"https:\/\/api.w.org\/{rel}","templated":true}]}}