{"id":230282,"date":"2024-10-22T15:34:08","date_gmt":"2024-10-22T20:34:08","guid":{"rendered":"https:\/\/www.grupo-inducom.com\/cl\/?post_type=product&#038;p=230282"},"modified":"2024-10-22T15:35:12","modified_gmt":"2024-10-22T20:35:12","slug":"bomba-de-tornillo-sanitaria-fda","status":"publish","type":"product","link":"https:\/\/www.grupo-inducom.com\/cl\/producto\/bomba-de-tornillo-sanitaria-fda\/","title":{"rendered":"Bomba de Tornillo Sanitaria FDA"},"content":{"rendered":"<p>Los modelos SLH se ofrecen en dos configuraciones: modelo est\u00e1ndar SLH-4U y dise\u00f1o premium SLH-4G. Ambos modelos son 3A y eHEDG certificado para est\u00e1ndares sanitarios y proporcionar capacidades tremendas. Las caracter\u00edsticas de manejo del producto incluyen una viscosidad m\u00e1xima de 1 mill\u00f3n de cP, presi\u00f3n clasificada sobre 360PSI \/ 25bar, caudales superiores a 1300 GPM \/ 300m\u00b3 \/ hr y tama\u00f1os de part\u00edculas tan grandes como 2.3 \u201d\/ 58mm.<\/p>\n<p>Dise\u00f1ado para el manejo suave de s\u00f3lidos blandos y productos viscosos, el SLH est\u00e1 pr\u00e1cticamente libre de pulsaciones. Ser capaz de procesar y CIP (limpieza en el lugar) sin requisitos de bomba adicionales hace que la SLH sea una bomba de doble funci\u00f3n.<\/p>\n<p>Aplicable para el procesamiento de alimentos, industria farmac\u00e9utica y otras aplicaciones industriales. La amplia gama de modelos de tornillo doble que ofrece Inducom y Ampco hace que las aplicaciones de combinaci\u00f3n con el equipo adecuado sean una propuesta rentable y precisa.<\/p>\n","protected":false},"excerpt":{"rendered":"<p>Marca: AMPCO<\/p>\n<p><strong>Presi\u00f3n m\u00e1xima de descarga:<\/strong>\u00a0\u00a0362 PSI \/ 25 BAR<br \/>\n<strong>Caudal m\u00e1ximo:\u00a0<\/strong> 1321 GPM \/ 300M\u1d4c \/ hr<br \/>\n<strong>Max Viscosidad:\u00a0<\/strong> 1,000,000 cP<br \/>\n<strong>Maxima velocidad: \u00a0<\/strong>3000 RPM<\/p>\n<p>Caja de engranajes de acero inoxidable 304<\/p>\n<p>Extremo fluido de acero inoxidable 316L<\/p>\n<p>Engranajes helicoidales<\/p>\n<p>Rotores endurecidos<\/p>\n","protected":false},"featured_media":230303,"comment_status":"open","ping_status":"closed","template":"","meta":{"_acf_changed":false,"_et_pb_use_builder":"","_et_pb_old_content":"","_et_gb_content_width":"","content-type":""},"product_brand":[],"product_cat":[71],"product_tag":[55],"class_list":{"0":"post-230282","1":"product","2":"type-product","3":"status-publish","4":"has-post-thumbnail","6":"product_cat-bomba-de-desplazamiento-positivo","7":"product_tag-ampco","9":"first","10":"instock","11":"shipping-taxable","12":"product-type-simple"},"acf":[],"yoast_head":"<!-- This site is optimized with the Yoast SEO plugin v27.4 - https:\/\/yoast.com\/product\/yoast-seo-wordpress\/ -->\n<title>Bomba de Tornillo Sanitaria FDA - Inducom Chile<\/title>\n<meta name=\"robots\" content=\"index, follow, max-snippet:-1, max-image-preview:large, max-video-preview:-1\" \/>\n<link rel=\"canonical\" href=\"https:\/\/www.grupo-inducom.com\/cl\/producto\/bomba-de-tornillo-sanitaria-fda\/\" \/>\n<meta property=\"og:locale\" content=\"es_ES\" \/>\n<meta property=\"og:type\" content=\"article\" \/>\n<meta property=\"og:title\" content=\"Bomba de Tornillo Sanitaria FDA - Inducom Chile\" \/>\n<meta property=\"og:description\" content=\"Marca: AMPCO  Presi\u00f3n m\u00e1xima de descarga:\u00a0\u00a0362 PSI \/ 25 BAR Caudal m\u00e1ximo:\u00a0 1321 GPM \/ 300M\u1d4c \/ hr Max Viscosidad:\u00a0 1,000,000 cP Maxima velocidad: \u00a03000 RPM  Caja de engranajes de acero inoxidable 304  Extremo fluido de acero inoxidable 316L  Engranajes helicoidales  Rotores endurecidos\" \/>\n<meta property=\"og:url\" content=\"https:\/\/www.grupo-inducom.com\/cl\/producto\/bomba-de-tornillo-sanitaria-fda\/\" \/>\n<meta property=\"og:site_name\" content=\"Inducom Chile\" \/>\n<meta property=\"article:modified_time\" content=\"2024-10-22T20:35:12+00:00\" \/>\n<meta name=\"twitter:card\" content=\"summary_large_image\" \/>\n<meta name=\"twitter:label1\" content=\"Tiempo de lectura\" \/>\n\t<meta name=\"twitter:data1\" content=\"1 minuto\" \/>\n<script type=\"application\/ld+json\" class=\"yoast-schema-graph\">{\"@context\":\"https:\\\/\\\/schema.org\",\"@graph\":[{\"@type\":\"WebPage\",\"@id\":\"https:\\\/\\\/www.grupo-inducom.com\\\/cl\\\/producto\\\/bomba-de-tornillo-sanitaria-fda\\\/\",\"url\":\"https:\\\/\\\/www.grupo-inducom.com\\\/cl\\\/producto\\\/bomba-de-tornillo-sanitaria-fda\\\/\",\"name\":\"Bomba de Tornillo Sanitaria FDA - Inducom Chile\",\"isPartOf\":{\"@id\":\"https:\\\/\\\/www.grupo-inducom.com\\\/cl\\\/#website\"},\"primaryImageOfPage\":{\"@id\":\"https:\\\/\\\/www.grupo-inducom.com\\\/cl\\\/producto\\\/bomba-de-tornillo-sanitaria-fda\\\/#primaryimage\"},\"image\":{\"@id\":\"https:\\\/\\\/www.grupo-inducom.com\\\/cl\\\/producto\\\/bomba-de-tornillo-sanitaria-fda\\\/#primaryimage\"},\"thumbnailUrl\":\"https:\\\/\\\/www.grupo-inducom.com\\\/cl\\\/wp-content\\\/uploads\\\/sites\\\/11\\\/2024\\\/10\\\/BOMBA-DE-TORNILLO-1AMPCO.png\",\"datePublished\":\"2024-10-22T20:34:08+00:00\",\"dateModified\":\"2024-10-22T20:35:12+00:00\",\"breadcrumb\":{\"@id\":\"https:\\\/\\\/www.grupo-inducom.com\\\/cl\\\/producto\\\/bomba-de-tornillo-sanitaria-fda\\\/#breadcrumb\"},\"inLanguage\":\"es\",\"potentialAction\":[{\"@type\":\"ReadAction\",\"target\":[\"https:\\\/\\\/www.grupo-inducom.com\\\/cl\\\/producto\\\/bomba-de-tornillo-sanitaria-fda\\\/\"]}]},{\"@type\":\"ImageObject\",\"inLanguage\":\"es\",\"@id\":\"https:\\\/\\\/www.grupo-inducom.com\\\/cl\\\/producto\\\/bomba-de-tornillo-sanitaria-fda\\\/#primaryimage\",\"url\":\"https:\\\/\\\/www.grupo-inducom.com\\\/cl\\\/wp-content\\\/uploads\\\/sites\\\/11\\\/2024\\\/10\\\/BOMBA-DE-TORNILLO-1AMPCO.png\",\"contentUrl\":\"https:\\\/\\\/www.grupo-inducom.com\\\/cl\\\/wp-content\\\/uploads\\\/sites\\\/11\\\/2024\\\/10\\\/BOMBA-DE-TORNILLO-1AMPCO.png\",\"width\":600,\"height\":450},{\"@type\":\"BreadcrumbList\",\"@id\":\"https:\\\/\\\/www.grupo-inducom.com\\\/cl\\\/producto\\\/bomba-de-tornillo-sanitaria-fda\\\/#breadcrumb\",\"itemListElement\":[{\"@type\":\"ListItem\",\"position\":1,\"name\":\"Portada\",\"item\":\"https:\\\/\\\/www.grupo-inducom.com\\\/cl\\\/\"},{\"@type\":\"ListItem\",\"position\":2,\"name\":\"Productos\",\"item\":\"https:\\\/\\\/www.grupo-inducom.com\\\/cl\\\/tienda__trashed\\\/\"},{\"@type\":\"ListItem\",\"position\":3,\"name\":\"Bomba de Tornillo Sanitaria FDA\"}]},{\"@type\":\"WebSite\",\"@id\":\"https:\\\/\\\/www.grupo-inducom.com\\\/cl\\\/#website\",\"url\":\"https:\\\/\\\/www.grupo-inducom.com\\\/cl\\\/\",\"name\":\"Inducom Chile\",\"description\":\"\",\"potentialAction\":[{\"@type\":\"SearchAction\",\"target\":{\"@type\":\"EntryPoint\",\"urlTemplate\":\"https:\\\/\\\/www.grupo-inducom.com\\\/cl\\\/?s={search_term_string}\"},\"query-input\":{\"@type\":\"PropertyValueSpecification\",\"valueRequired\":true,\"valueName\":\"search_term_string\"}}],\"inLanguage\":\"es\"}]}<\/script>\n<!-- \/ Yoast SEO plugin. -->","yoast_head_json":{"title":"Bomba de Tornillo Sanitaria FDA - Inducom Chile","robots":{"index":"index","follow":"follow","max-snippet":"max-snippet:-1","max-image-preview":"max-image-preview:large","max-video-preview":"max-video-preview:-1"},"canonical":"https:\/\/www.grupo-inducom.com\/cl\/producto\/bomba-de-tornillo-sanitaria-fda\/","og_locale":"es_ES","og_type":"article","og_title":"Bomba de Tornillo Sanitaria FDA - Inducom Chile","og_description":"Marca: AMPCO  Presi\u00f3n m\u00e1xima de descarga:\u00a0\u00a0362 PSI \/ 25 BAR Caudal m\u00e1ximo:\u00a0 1321 GPM \/ 300M\u1d4c \/ hr Max Viscosidad:\u00a0 1,000,000 cP Maxima velocidad: \u00a03000 RPM  Caja de engranajes de acero inoxidable 304  Extremo fluido de acero inoxidable 316L  Engranajes helicoidales  Rotores endurecidos","og_url":"https:\/\/www.grupo-inducom.com\/cl\/producto\/bomba-de-tornillo-sanitaria-fda\/","og_site_name":"Inducom Chile","article_modified_time":"2024-10-22T20:35:12+00:00","twitter_card":"summary_large_image","twitter_misc":{"Tiempo de lectura":"1 minuto"},"schema":{"@context":"https:\/\/schema.org","@graph":[{"@type":"WebPage","@id":"https:\/\/www.grupo-inducom.com\/cl\/producto\/bomba-de-tornillo-sanitaria-fda\/","url":"https:\/\/www.grupo-inducom.com\/cl\/producto\/bomba-de-tornillo-sanitaria-fda\/","name":"Bomba de Tornillo Sanitaria FDA - Inducom Chile","isPartOf":{"@id":"https:\/\/www.grupo-inducom.com\/cl\/#website"},"primaryImageOfPage":{"@id":"https:\/\/www.grupo-inducom.com\/cl\/producto\/bomba-de-tornillo-sanitaria-fda\/#primaryimage"},"image":{"@id":"https:\/\/www.grupo-inducom.com\/cl\/producto\/bomba-de-tornillo-sanitaria-fda\/#primaryimage"},"thumbnailUrl":"https:\/\/www.grupo-inducom.com\/cl\/wp-content\/uploads\/sites\/11\/2024\/10\/BOMBA-DE-TORNILLO-1AMPCO.png","datePublished":"2024-10-22T20:34:08+00:00","dateModified":"2024-10-22T20:35:12+00:00","breadcrumb":{"@id":"https:\/\/www.grupo-inducom.com\/cl\/producto\/bomba-de-tornillo-sanitaria-fda\/#breadcrumb"},"inLanguage":"es","potentialAction":[{"@type":"ReadAction","target":["https:\/\/www.grupo-inducom.com\/cl\/producto\/bomba-de-tornillo-sanitaria-fda\/"]}]},{"@type":"ImageObject","inLanguage":"es","@id":"https:\/\/www.grupo-inducom.com\/cl\/producto\/bomba-de-tornillo-sanitaria-fda\/#primaryimage","url":"https:\/\/www.grupo-inducom.com\/cl\/wp-content\/uploads\/sites\/11\/2024\/10\/BOMBA-DE-TORNILLO-1AMPCO.png","contentUrl":"https:\/\/www.grupo-inducom.com\/cl\/wp-content\/uploads\/sites\/11\/2024\/10\/BOMBA-DE-TORNILLO-1AMPCO.png","width":600,"height":450},{"@type":"BreadcrumbList","@id":"https:\/\/www.grupo-inducom.com\/cl\/producto\/bomba-de-tornillo-sanitaria-fda\/#breadcrumb","itemListElement":[{"@type":"ListItem","position":1,"name":"Portada","item":"https:\/\/www.grupo-inducom.com\/cl\/"},{"@type":"ListItem","position":2,"name":"Productos","item":"https:\/\/www.grupo-inducom.com\/cl\/tienda__trashed\/"},{"@type":"ListItem","position":3,"name":"Bomba de Tornillo Sanitaria FDA"}]},{"@type":"WebSite","@id":"https:\/\/www.grupo-inducom.com\/cl\/#website","url":"https:\/\/www.grupo-inducom.com\/cl\/","name":"Inducom Chile","description":"","potentialAction":[{"@type":"SearchAction","target":{"@type":"EntryPoint","urlTemplate":"https:\/\/www.grupo-inducom.com\/cl\/?s={search_term_string}"},"query-input":{"@type":"PropertyValueSpecification","valueRequired":true,"valueName":"search_term_string"}}],"inLanguage":"es"}]}},"_links":{"self":[{"href":"https:\/\/www.grupo-inducom.com\/cl\/wp-json\/wp\/v2\/product\/230282","targetHints":{"allow":["GET"]}}],"collection":[{"href":"https:\/\/www.grupo-inducom.com\/cl\/wp-json\/wp\/v2\/product"}],"about":[{"href":"https:\/\/www.grupo-inducom.com\/cl\/wp-json\/wp\/v2\/types\/product"}],"replies":[{"embeddable":true,"href":"https:\/\/www.grupo-inducom.com\/cl\/wp-json\/wp\/v2\/comments?post=230282"}],"wp:featuredmedia":[{"embeddable":true,"href":"https:\/\/www.grupo-inducom.com\/cl\/wp-json\/wp\/v2\/media\/230303"}],"wp:attachment":[{"href":"https:\/\/www.grupo-inducom.com\/cl\/wp-json\/wp\/v2\/media?parent=230282"}],"wp:term":[{"taxonomy":"product_brand","embeddable":true,"href":"https:\/\/www.grupo-inducom.com\/cl\/wp-json\/wp\/v2\/product_brand?post=230282"},{"taxonomy":"product_cat","embeddable":true,"href":"https:\/\/www.grupo-inducom.com\/cl\/wp-json\/wp\/v2\/product_cat?post=230282"},{"taxonomy":"product_tag","embeddable":true,"href":"https:\/\/www.grupo-inducom.com\/cl\/wp-json\/wp\/v2\/product_tag?post=230282"}],"curies":[{"name":"wp","href":"https:\/\/api.w.org\/{rel}","templated":true}]}}