{"id":230259,"date":"2024-10-22T15:33:46","date_gmt":"2024-10-22T20:33:46","guid":{"rendered":"https:\/\/www.grupo-inducom.com\/cl\/?post_type=product&#038;p=230259"},"modified":"2024-10-22T15:34:49","modified_gmt":"2024-10-22T20:34:49","slug":"spray-balls-para-lavado-de-tanques","status":"publish","type":"product","link":"https:\/\/www.grupo-inducom.com\/cl\/producto\/spray-balls-para-lavado-de-tanques\/","title":{"rendered":"Spray balls para lavado de tanques"},"content":{"rendered":"<p><strong>Ventajas<\/strong><\/p>\n<ul>\n<li>Inversi\u00f3n reducida<\/li>\n<li>No hay piezas de desgaste<\/li>\n<li>Varios patrones de atomizaci\u00f3n, materiales y superficies posibles<\/li>\n<li>Caudales elevados<\/li>\n<li>Adaptabilidad para sistema de seguridad de tanques VARITOP\u00ae<\/li>\n<\/ul>\n<p><strong>Aplicaciones<\/strong><\/p>\n<p>Las bolas pulverizadoras garantizan un resultado de limpieza profesional y sostenible en aplicaciones de baja presi\u00f3n con alta rentabilidad y un manejo sencillo. Son ideales para aplicaciones de bajo caudal de la clase de suciedad 1 y se utilizan en numerosas industrias.<\/p>\n","protected":false},"excerpt":{"rendered":"<p>Marca: GEA<\/p>\n<p>Los difusores de lavado son componentes fundamentales en la limpieza<\/p>\n<p>Disponibles para tanques y recipientes, como dep\u00f3sitos de almacenamiento, tanques CIP y camiones de recogida de leche.<\/p>\n<p>Ofrecen una variedad de tama\u00f1os, caudales y configuraciones para una amplia gama de trabajos de limpieza.<\/p>\n<p>Dise\u00f1adas para la limpieza a ras de suelo con un gran caudal, proporcionando as\u00ed un potente lavado a baja presi\u00f3n.<\/p>\n","protected":false},"featured_media":230297,"comment_status":"open","ping_status":"closed","template":"","meta":{"_acf_changed":false,"_et_pb_use_builder":"","_et_pb_old_content":"","_et_gb_content_width":"","content-type":""},"product_brand":[],"product_cat":[179],"product_tag":[],"class_list":{"0":"post-230259","1":"product","2":"type-product","3":"status-publish","4":"has-post-thumbnail","6":"product_cat-linea-sanitaria","8":"first","9":"instock","10":"shipping-taxable","11":"product-type-simple"},"acf":[],"yoast_head":"<!-- This site is optimized with the Yoast SEO plugin v27.4 - https:\/\/yoast.com\/product\/yoast-seo-wordpress\/ -->\n<title>Spray balls para lavado de tanques - Inducom Chile<\/title>\n<meta name=\"robots\" content=\"index, follow, max-snippet:-1, max-image-preview:large, max-video-preview:-1\" \/>\n<link rel=\"canonical\" href=\"https:\/\/www.grupo-inducom.com\/cl\/producto\/spray-balls-para-lavado-de-tanques\/\" \/>\n<meta property=\"og:locale\" content=\"es_ES\" \/>\n<meta property=\"og:type\" content=\"article\" \/>\n<meta property=\"og:title\" content=\"Spray balls para lavado de tanques - Inducom Chile\" \/>\n<meta property=\"og:description\" content=\"Marca: GEA  Los difusores de lavado son componentes fundamentales en la limpieza  Disponibles para tanques y recipientes, como dep\u00f3sitos de almacenamiento, tanques CIP y camiones de recogida de leche.  Ofrecen una variedad de tama\u00f1os, caudales y configuraciones para una amplia gama de trabajos de limpieza.  Dise\u00f1adas para la limpieza a ras de suelo con un gran caudal, proporcionando as\u00ed un potente lavado a baja presi\u00f3n.\" \/>\n<meta property=\"og:url\" content=\"https:\/\/www.grupo-inducom.com\/cl\/producto\/spray-balls-para-lavado-de-tanques\/\" \/>\n<meta property=\"og:site_name\" content=\"Inducom Chile\" \/>\n<meta property=\"article:modified_time\" content=\"2024-10-22T20:34:49+00:00\" \/>\n<meta name=\"twitter:card\" content=\"summary_large_image\" \/>\n<script type=\"application\/ld+json\" class=\"yoast-schema-graph\">{\"@context\":\"https:\\\/\\\/schema.org\",\"@graph\":[{\"@type\":\"WebPage\",\"@id\":\"https:\\\/\\\/www.grupo-inducom.com\\\/cl\\\/producto\\\/spray-balls-para-lavado-de-tanques\\\/\",\"url\":\"https:\\\/\\\/www.grupo-inducom.com\\\/cl\\\/producto\\\/spray-balls-para-lavado-de-tanques\\\/\",\"name\":\"Spray balls para lavado de tanques - Inducom Chile\",\"isPartOf\":{\"@id\":\"https:\\\/\\\/www.grupo-inducom.com\\\/cl\\\/#website\"},\"primaryImageOfPage\":{\"@id\":\"https:\\\/\\\/www.grupo-inducom.com\\\/cl\\\/producto\\\/spray-balls-para-lavado-de-tanques\\\/#primaryimage\"},\"image\":{\"@id\":\"https:\\\/\\\/www.grupo-inducom.com\\\/cl\\\/producto\\\/spray-balls-para-lavado-de-tanques\\\/#primaryimage\"},\"thumbnailUrl\":\"https:\\\/\\\/www.grupo-inducom.com\\\/cl\\\/wp-content\\\/uploads\\\/sites\\\/11\\\/2024\\\/10\\\/ESFERAS-ROTATIVAS_1GEA-.png\",\"datePublished\":\"2024-10-22T20:33:46+00:00\",\"dateModified\":\"2024-10-22T20:34:49+00:00\",\"breadcrumb\":{\"@id\":\"https:\\\/\\\/www.grupo-inducom.com\\\/cl\\\/producto\\\/spray-balls-para-lavado-de-tanques\\\/#breadcrumb\"},\"inLanguage\":\"es\",\"potentialAction\":[{\"@type\":\"ReadAction\",\"target\":[\"https:\\\/\\\/www.grupo-inducom.com\\\/cl\\\/producto\\\/spray-balls-para-lavado-de-tanques\\\/\"]}]},{\"@type\":\"ImageObject\",\"inLanguage\":\"es\",\"@id\":\"https:\\\/\\\/www.grupo-inducom.com\\\/cl\\\/producto\\\/spray-balls-para-lavado-de-tanques\\\/#primaryimage\",\"url\":\"https:\\\/\\\/www.grupo-inducom.com\\\/cl\\\/wp-content\\\/uploads\\\/sites\\\/11\\\/2024\\\/10\\\/ESFERAS-ROTATIVAS_1GEA-.png\",\"contentUrl\":\"https:\\\/\\\/www.grupo-inducom.com\\\/cl\\\/wp-content\\\/uploads\\\/sites\\\/11\\\/2024\\\/10\\\/ESFERAS-ROTATIVAS_1GEA-.png\",\"width\":600,\"height\":450},{\"@type\":\"BreadcrumbList\",\"@id\":\"https:\\\/\\\/www.grupo-inducom.com\\\/cl\\\/producto\\\/spray-balls-para-lavado-de-tanques\\\/#breadcrumb\",\"itemListElement\":[{\"@type\":\"ListItem\",\"position\":1,\"name\":\"Portada\",\"item\":\"https:\\\/\\\/www.grupo-inducom.com\\\/cl\\\/\"},{\"@type\":\"ListItem\",\"position\":2,\"name\":\"Productos\",\"item\":\"https:\\\/\\\/www.grupo-inducom.com\\\/cl\\\/tienda__trashed\\\/\"},{\"@type\":\"ListItem\",\"position\":3,\"name\":\"Spray balls para lavado de tanques\"}]},{\"@type\":\"WebSite\",\"@id\":\"https:\\\/\\\/www.grupo-inducom.com\\\/cl\\\/#website\",\"url\":\"https:\\\/\\\/www.grupo-inducom.com\\\/cl\\\/\",\"name\":\"Inducom Chile\",\"description\":\"\",\"potentialAction\":[{\"@type\":\"SearchAction\",\"target\":{\"@type\":\"EntryPoint\",\"urlTemplate\":\"https:\\\/\\\/www.grupo-inducom.com\\\/cl\\\/?s={search_term_string}\"},\"query-input\":{\"@type\":\"PropertyValueSpecification\",\"valueRequired\":true,\"valueName\":\"search_term_string\"}}],\"inLanguage\":\"es\"}]}<\/script>\n<!-- \/ Yoast SEO plugin. -->","yoast_head_json":{"title":"Spray balls para lavado de tanques - Inducom Chile","robots":{"index":"index","follow":"follow","max-snippet":"max-snippet:-1","max-image-preview":"max-image-preview:large","max-video-preview":"max-video-preview:-1"},"canonical":"https:\/\/www.grupo-inducom.com\/cl\/producto\/spray-balls-para-lavado-de-tanques\/","og_locale":"es_ES","og_type":"article","og_title":"Spray balls para lavado de tanques - Inducom Chile","og_description":"Marca: GEA  Los difusores de lavado son componentes fundamentales en la limpieza  Disponibles para tanques y recipientes, como dep\u00f3sitos de almacenamiento, tanques CIP y camiones de recogida de leche.  Ofrecen una variedad de tama\u00f1os, caudales y configuraciones para una amplia gama de trabajos de limpieza.  Dise\u00f1adas para la limpieza a ras de suelo con un gran caudal, proporcionando as\u00ed un potente lavado a baja presi\u00f3n.","og_url":"https:\/\/www.grupo-inducom.com\/cl\/producto\/spray-balls-para-lavado-de-tanques\/","og_site_name":"Inducom Chile","article_modified_time":"2024-10-22T20:34:49+00:00","twitter_card":"summary_large_image","schema":{"@context":"https:\/\/schema.org","@graph":[{"@type":"WebPage","@id":"https:\/\/www.grupo-inducom.com\/cl\/producto\/spray-balls-para-lavado-de-tanques\/","url":"https:\/\/www.grupo-inducom.com\/cl\/producto\/spray-balls-para-lavado-de-tanques\/","name":"Spray balls para lavado de tanques - Inducom Chile","isPartOf":{"@id":"https:\/\/www.grupo-inducom.com\/cl\/#website"},"primaryImageOfPage":{"@id":"https:\/\/www.grupo-inducom.com\/cl\/producto\/spray-balls-para-lavado-de-tanques\/#primaryimage"},"image":{"@id":"https:\/\/www.grupo-inducom.com\/cl\/producto\/spray-balls-para-lavado-de-tanques\/#primaryimage"},"thumbnailUrl":"https:\/\/www.grupo-inducom.com\/cl\/wp-content\/uploads\/sites\/11\/2024\/10\/ESFERAS-ROTATIVAS_1GEA-.png","datePublished":"2024-10-22T20:33:46+00:00","dateModified":"2024-10-22T20:34:49+00:00","breadcrumb":{"@id":"https:\/\/www.grupo-inducom.com\/cl\/producto\/spray-balls-para-lavado-de-tanques\/#breadcrumb"},"inLanguage":"es","potentialAction":[{"@type":"ReadAction","target":["https:\/\/www.grupo-inducom.com\/cl\/producto\/spray-balls-para-lavado-de-tanques\/"]}]},{"@type":"ImageObject","inLanguage":"es","@id":"https:\/\/www.grupo-inducom.com\/cl\/producto\/spray-balls-para-lavado-de-tanques\/#primaryimage","url":"https:\/\/www.grupo-inducom.com\/cl\/wp-content\/uploads\/sites\/11\/2024\/10\/ESFERAS-ROTATIVAS_1GEA-.png","contentUrl":"https:\/\/www.grupo-inducom.com\/cl\/wp-content\/uploads\/sites\/11\/2024\/10\/ESFERAS-ROTATIVAS_1GEA-.png","width":600,"height":450},{"@type":"BreadcrumbList","@id":"https:\/\/www.grupo-inducom.com\/cl\/producto\/spray-balls-para-lavado-de-tanques\/#breadcrumb","itemListElement":[{"@type":"ListItem","position":1,"name":"Portada","item":"https:\/\/www.grupo-inducom.com\/cl\/"},{"@type":"ListItem","position":2,"name":"Productos","item":"https:\/\/www.grupo-inducom.com\/cl\/tienda__trashed\/"},{"@type":"ListItem","position":3,"name":"Spray balls para lavado de tanques"}]},{"@type":"WebSite","@id":"https:\/\/www.grupo-inducom.com\/cl\/#website","url":"https:\/\/www.grupo-inducom.com\/cl\/","name":"Inducom Chile","description":"","potentialAction":[{"@type":"SearchAction","target":{"@type":"EntryPoint","urlTemplate":"https:\/\/www.grupo-inducom.com\/cl\/?s={search_term_string}"},"query-input":{"@type":"PropertyValueSpecification","valueRequired":true,"valueName":"search_term_string"}}],"inLanguage":"es"}]}},"_links":{"self":[{"href":"https:\/\/www.grupo-inducom.com\/cl\/wp-json\/wp\/v2\/product\/230259","targetHints":{"allow":["GET"]}}],"collection":[{"href":"https:\/\/www.grupo-inducom.com\/cl\/wp-json\/wp\/v2\/product"}],"about":[{"href":"https:\/\/www.grupo-inducom.com\/cl\/wp-json\/wp\/v2\/types\/product"}],"replies":[{"embeddable":true,"href":"https:\/\/www.grupo-inducom.com\/cl\/wp-json\/wp\/v2\/comments?post=230259"}],"wp:featuredmedia":[{"embeddable":true,"href":"https:\/\/www.grupo-inducom.com\/cl\/wp-json\/wp\/v2\/media\/230297"}],"wp:attachment":[{"href":"https:\/\/www.grupo-inducom.com\/cl\/wp-json\/wp\/v2\/media?parent=230259"}],"wp:term":[{"taxonomy":"product_brand","embeddable":true,"href":"https:\/\/www.grupo-inducom.com\/cl\/wp-json\/wp\/v2\/product_brand?post=230259"},{"taxonomy":"product_cat","embeddable":true,"href":"https:\/\/www.grupo-inducom.com\/cl\/wp-json\/wp\/v2\/product_cat?post=230259"},{"taxonomy":"product_tag","embeddable":true,"href":"https:\/\/www.grupo-inducom.com\/cl\/wp-json\/wp\/v2\/product_tag?post=230259"}],"curies":[{"name":"wp","href":"https:\/\/api.w.org\/{rel}","templated":true}]}}