{"id":230250,"date":"2024-10-22T15:33:45","date_gmt":"2024-10-22T20:33:45","guid":{"rendered":"https:\/\/www.grupo-inducom.com\/cl\/?post_type=product&#038;p=230250"},"modified":"2024-10-22T15:34:00","modified_gmt":"2024-10-22T20:34:00","slug":"tanque-de-presion-hidroneumatico-2","status":"publish","type":"product","link":"https:\/\/www.grupo-inducom.com\/cl\/producto\/tanque-de-presion-hidroneumatico-2\/","title":{"rendered":"Tanque de presi\u00f3n hidroneum\u00e1tico"},"content":{"rendered":"<p><strong>Aplicaciones en Tanques de presion<\/strong><\/p>\n<p>&nbsp;<\/p>\n<ul>\n<li>Servicios de trabajo continuo.<\/li>\n<li>Industria Petroqu\u00edmica, refiner\u00edas, azucareras, fabricantes de neum\u00e1ticos, etc.<\/li>\n<li>Para operaciones de carga y descarga de fluidos en terminales: Camiones, dep\u00f3sitos, cisternas, vagones cisterna, buques, etc \u2026<\/li>\n<li>Asfalto, Alquitr\u00e1n, Bet\u00fan, Emulsi\u00f3n Asf\u00e1ltica, Fuel Oil 4\/5\/6, Resinas, Soluciones de Caucho, Melazas, Jabones, Crudo \u2026<\/li>\n<li>El fluido bombeado refrigera los casquillos (en modelos de bomba no encamisada) previniendo el sobrecalentamiento en esta zona, contribuyendo eficazmente a alargar excepcional-mente la vida \u00fatil del equipo.<\/li>\n<li>Estos tanques de presion internos para trabajo continuo est\u00e1n concebidas para manejar tanto fluidos de alta como de baja viscosidad.<\/li>\n<\/ul>\n<p><span style=\"color: #ffffff;\"><strong>Tanques de presion<\/strong><\/span><\/p>\n","protected":false},"excerpt":{"rendered":"<ul>\n<li>Marca: Varem<\/li>\n<li>Confiable y fa\u0301cil de mantener<\/li>\n<li>Distancia final ajustable<\/li>\n<li>Opciones de sellado en el eje<\/li>\n<li>Opciones de Puertos<\/li>\n<li>Pulsacio\u0301n mi\u0301nima<\/li>\n<li>Opciones compactas de acoplamiento cerrado<\/li>\n<\/ul>\n<p><span style=\"color: #ffffff;\"><strong>tanques de presion<\/strong><\/span><\/p>\n<p><span style=\"color: #ffffff;\"><strong>tanques de presion<\/strong><\/span><\/p>\n<p><span style=\"color: #ffffff;\"><strong>tanques de presion<\/strong><\/span><\/p>\n","protected":false},"featured_media":230278,"comment_status":"open","ping_status":"closed","template":"","meta":{"_acf_changed":false,"_et_pb_use_builder":"","_et_pb_old_content":"","_et_gb_content_width":"","content-type":""},"product_brand":[],"product_cat":[226],"product_tag":[223,233],"class_list":{"0":"post-230250","1":"product","2":"type-product","3":"status-publish","4":"has-post-thumbnail","6":"product_cat-tanques-de-presion","7":"product_tag-tanque-de-presion","8":"product_tag-varem","10":"first","11":"instock","12":"shipping-taxable","13":"product-type-simple"},"acf":[],"yoast_head":"<!-- This site is optimized with the Yoast SEO plugin v27.4 - https:\/\/yoast.com\/product\/yoast-seo-wordpress\/ -->\n<title>Tanque de presi\u00f3n hidroneum\u00e1tico - Inducom Chile<\/title>\n<meta name=\"robots\" content=\"index, follow, max-snippet:-1, max-image-preview:large, max-video-preview:-1\" \/>\n<link rel=\"canonical\" href=\"https:\/\/www.grupo-inducom.com\/cl\/producto\/tanque-de-presion-hidroneumatico-2\/\" \/>\n<meta property=\"og:locale\" content=\"es_ES\" \/>\n<meta property=\"og:type\" content=\"article\" \/>\n<meta property=\"og:title\" content=\"Tanque de presi\u00f3n hidroneum\u00e1tico - Inducom Chile\" \/>\n<meta property=\"og:description\" content=\"Marca: Varem  Confiable y fa\u0301cil de mantener  Distancia final ajustable  Opciones de sellado en el eje  Opciones de Puertos  Pulsacio\u0301n mi\u0301nima  Opciones compactas de acoplamiento cerrado  tanques de presion  tanques de presion  tanques de presion\" \/>\n<meta property=\"og:url\" content=\"https:\/\/www.grupo-inducom.com\/cl\/producto\/tanque-de-presion-hidroneumatico-2\/\" \/>\n<meta property=\"og:site_name\" content=\"Inducom Chile\" \/>\n<meta property=\"article:modified_time\" content=\"2024-10-22T20:34:00+00:00\" \/>\n<meta name=\"twitter:card\" content=\"summary_large_image\" \/>\n<meta name=\"twitter:label1\" content=\"Tiempo de lectura\" \/>\n\t<meta name=\"twitter:data1\" content=\"1 minuto\" \/>\n<script type=\"application\/ld+json\" class=\"yoast-schema-graph\">{\"@context\":\"https:\\\/\\\/schema.org\",\"@graph\":[{\"@type\":\"WebPage\",\"@id\":\"https:\\\/\\\/www.grupo-inducom.com\\\/cl\\\/producto\\\/tanque-de-presion-hidroneumatico-2\\\/\",\"url\":\"https:\\\/\\\/www.grupo-inducom.com\\\/cl\\\/producto\\\/tanque-de-presion-hidroneumatico-2\\\/\",\"name\":\"Tanque de presi\u00f3n hidroneum\u00e1tico - Inducom Chile\",\"isPartOf\":{\"@id\":\"https:\\\/\\\/www.grupo-inducom.com\\\/cl\\\/#website\"},\"primaryImageOfPage\":{\"@id\":\"https:\\\/\\\/www.grupo-inducom.com\\\/cl\\\/producto\\\/tanque-de-presion-hidroneumatico-2\\\/#primaryimage\"},\"image\":{\"@id\":\"https:\\\/\\\/www.grupo-inducom.com\\\/cl\\\/producto\\\/tanque-de-presion-hidroneumatico-2\\\/#primaryimage\"},\"thumbnailUrl\":\"https:\\\/\\\/www.grupo-inducom.com\\\/cl\\\/wp-content\\\/uploads\\\/sites\\\/11\\\/2024\\\/10\\\/68.png\",\"datePublished\":\"2024-10-22T20:33:45+00:00\",\"dateModified\":\"2024-10-22T20:34:00+00:00\",\"breadcrumb\":{\"@id\":\"https:\\\/\\\/www.grupo-inducom.com\\\/cl\\\/producto\\\/tanque-de-presion-hidroneumatico-2\\\/#breadcrumb\"},\"inLanguage\":\"es\",\"potentialAction\":[{\"@type\":\"ReadAction\",\"target\":[\"https:\\\/\\\/www.grupo-inducom.com\\\/cl\\\/producto\\\/tanque-de-presion-hidroneumatico-2\\\/\"]}]},{\"@type\":\"ImageObject\",\"inLanguage\":\"es\",\"@id\":\"https:\\\/\\\/www.grupo-inducom.com\\\/cl\\\/producto\\\/tanque-de-presion-hidroneumatico-2\\\/#primaryimage\",\"url\":\"https:\\\/\\\/www.grupo-inducom.com\\\/cl\\\/wp-content\\\/uploads\\\/sites\\\/11\\\/2024\\\/10\\\/68.png\",\"contentUrl\":\"https:\\\/\\\/www.grupo-inducom.com\\\/cl\\\/wp-content\\\/uploads\\\/sites\\\/11\\\/2024\\\/10\\\/68.png\",\"width\":300,\"height\":225},{\"@type\":\"BreadcrumbList\",\"@id\":\"https:\\\/\\\/www.grupo-inducom.com\\\/cl\\\/producto\\\/tanque-de-presion-hidroneumatico-2\\\/#breadcrumb\",\"itemListElement\":[{\"@type\":\"ListItem\",\"position\":1,\"name\":\"Portada\",\"item\":\"https:\\\/\\\/www.grupo-inducom.com\\\/cl\\\/\"},{\"@type\":\"ListItem\",\"position\":2,\"name\":\"Productos\",\"item\":\"https:\\\/\\\/www.grupo-inducom.com\\\/cl\\\/tienda__trashed\\\/\"},{\"@type\":\"ListItem\",\"position\":3,\"name\":\"Tanque de presi\u00f3n hidroneum\u00e1tico\"}]},{\"@type\":\"WebSite\",\"@id\":\"https:\\\/\\\/www.grupo-inducom.com\\\/cl\\\/#website\",\"url\":\"https:\\\/\\\/www.grupo-inducom.com\\\/cl\\\/\",\"name\":\"Inducom Chile\",\"description\":\"\",\"potentialAction\":[{\"@type\":\"SearchAction\",\"target\":{\"@type\":\"EntryPoint\",\"urlTemplate\":\"https:\\\/\\\/www.grupo-inducom.com\\\/cl\\\/?s={search_term_string}\"},\"query-input\":{\"@type\":\"PropertyValueSpecification\",\"valueRequired\":true,\"valueName\":\"search_term_string\"}}],\"inLanguage\":\"es\"}]}<\/script>\n<!-- \/ Yoast SEO plugin. -->","yoast_head_json":{"title":"Tanque de presi\u00f3n hidroneum\u00e1tico - Inducom Chile","robots":{"index":"index","follow":"follow","max-snippet":"max-snippet:-1","max-image-preview":"max-image-preview:large","max-video-preview":"max-video-preview:-1"},"canonical":"https:\/\/www.grupo-inducom.com\/cl\/producto\/tanque-de-presion-hidroneumatico-2\/","og_locale":"es_ES","og_type":"article","og_title":"Tanque de presi\u00f3n hidroneum\u00e1tico - Inducom Chile","og_description":"Marca: Varem  Confiable y fa\u0301cil de mantener  Distancia final ajustable  Opciones de sellado en el eje  Opciones de Puertos  Pulsacio\u0301n mi\u0301nima  Opciones compactas de acoplamiento cerrado  tanques de presion  tanques de presion  tanques de presion","og_url":"https:\/\/www.grupo-inducom.com\/cl\/producto\/tanque-de-presion-hidroneumatico-2\/","og_site_name":"Inducom Chile","article_modified_time":"2024-10-22T20:34:00+00:00","twitter_card":"summary_large_image","twitter_misc":{"Tiempo de lectura":"1 minuto"},"schema":{"@context":"https:\/\/schema.org","@graph":[{"@type":"WebPage","@id":"https:\/\/www.grupo-inducom.com\/cl\/producto\/tanque-de-presion-hidroneumatico-2\/","url":"https:\/\/www.grupo-inducom.com\/cl\/producto\/tanque-de-presion-hidroneumatico-2\/","name":"Tanque de presi\u00f3n hidroneum\u00e1tico - Inducom Chile","isPartOf":{"@id":"https:\/\/www.grupo-inducom.com\/cl\/#website"},"primaryImageOfPage":{"@id":"https:\/\/www.grupo-inducom.com\/cl\/producto\/tanque-de-presion-hidroneumatico-2\/#primaryimage"},"image":{"@id":"https:\/\/www.grupo-inducom.com\/cl\/producto\/tanque-de-presion-hidroneumatico-2\/#primaryimage"},"thumbnailUrl":"https:\/\/www.grupo-inducom.com\/cl\/wp-content\/uploads\/sites\/11\/2024\/10\/68.png","datePublished":"2024-10-22T20:33:45+00:00","dateModified":"2024-10-22T20:34:00+00:00","breadcrumb":{"@id":"https:\/\/www.grupo-inducom.com\/cl\/producto\/tanque-de-presion-hidroneumatico-2\/#breadcrumb"},"inLanguage":"es","potentialAction":[{"@type":"ReadAction","target":["https:\/\/www.grupo-inducom.com\/cl\/producto\/tanque-de-presion-hidroneumatico-2\/"]}]},{"@type":"ImageObject","inLanguage":"es","@id":"https:\/\/www.grupo-inducom.com\/cl\/producto\/tanque-de-presion-hidroneumatico-2\/#primaryimage","url":"https:\/\/www.grupo-inducom.com\/cl\/wp-content\/uploads\/sites\/11\/2024\/10\/68.png","contentUrl":"https:\/\/www.grupo-inducom.com\/cl\/wp-content\/uploads\/sites\/11\/2024\/10\/68.png","width":300,"height":225},{"@type":"BreadcrumbList","@id":"https:\/\/www.grupo-inducom.com\/cl\/producto\/tanque-de-presion-hidroneumatico-2\/#breadcrumb","itemListElement":[{"@type":"ListItem","position":1,"name":"Portada","item":"https:\/\/www.grupo-inducom.com\/cl\/"},{"@type":"ListItem","position":2,"name":"Productos","item":"https:\/\/www.grupo-inducom.com\/cl\/tienda__trashed\/"},{"@type":"ListItem","position":3,"name":"Tanque de presi\u00f3n hidroneum\u00e1tico"}]},{"@type":"WebSite","@id":"https:\/\/www.grupo-inducom.com\/cl\/#website","url":"https:\/\/www.grupo-inducom.com\/cl\/","name":"Inducom Chile","description":"","potentialAction":[{"@type":"SearchAction","target":{"@type":"EntryPoint","urlTemplate":"https:\/\/www.grupo-inducom.com\/cl\/?s={search_term_string}"},"query-input":{"@type":"PropertyValueSpecification","valueRequired":true,"valueName":"search_term_string"}}],"inLanguage":"es"}]}},"_links":{"self":[{"href":"https:\/\/www.grupo-inducom.com\/cl\/wp-json\/wp\/v2\/product\/230250","targetHints":{"allow":["GET"]}}],"collection":[{"href":"https:\/\/www.grupo-inducom.com\/cl\/wp-json\/wp\/v2\/product"}],"about":[{"href":"https:\/\/www.grupo-inducom.com\/cl\/wp-json\/wp\/v2\/types\/product"}],"replies":[{"embeddable":true,"href":"https:\/\/www.grupo-inducom.com\/cl\/wp-json\/wp\/v2\/comments?post=230250"}],"wp:featuredmedia":[{"embeddable":true,"href":"https:\/\/www.grupo-inducom.com\/cl\/wp-json\/wp\/v2\/media\/230278"}],"wp:attachment":[{"href":"https:\/\/www.grupo-inducom.com\/cl\/wp-json\/wp\/v2\/media?parent=230250"}],"wp:term":[{"taxonomy":"product_brand","embeddable":true,"href":"https:\/\/www.grupo-inducom.com\/cl\/wp-json\/wp\/v2\/product_brand?post=230250"},{"taxonomy":"product_cat","embeddable":true,"href":"https:\/\/www.grupo-inducom.com\/cl\/wp-json\/wp\/v2\/product_cat?post=230250"},{"taxonomy":"product_tag","embeddable":true,"href":"https:\/\/www.grupo-inducom.com\/cl\/wp-json\/wp\/v2\/product_tag?post=230250"}],"curies":[{"name":"wp","href":"https:\/\/api.w.org\/{rel}","templated":true}]}}