{"id":230225,"date":"2024-10-22T15:33:24","date_gmt":"2024-10-22T20:33:24","guid":{"rendered":"https:\/\/www.grupo-inducom.com\/cl\/?post_type=product&#038;p=230225"},"modified":"2024-10-22T15:33:54","modified_gmt":"2024-10-22T20:33:54","slug":"bomba-de-alta-presion-hidrolavadora-2","status":"publish","type":"product","link":"https:\/\/www.grupo-inducom.com\/cl\/producto\/bomba-de-alta-presion-hidrolavadora-2\/","title":{"rendered":"Bomba de alta presi\u00f3n &#8211; Hidrolavadora"},"content":{"rendered":"<p><span data-sheets-value=\"{&quot;1&quot;:2,&quot;2&quot;:&quot;Colocar dato: Las bombas de alta presi\u00f3n que se utilizan en el proceso de mecanizado ayudar\u00e1n a los fabricantes en la producci\u00f3n de diversas piezas met\u00e1licas. &quot;}\" data-sheets-userformat=\"{&quot;2&quot;:769,&quot;3&quot;:{&quot;1&quot;:0},&quot;11&quot;:4,&quot;12&quot;:0}\">Las bombas de alta presi\u00f3n que se utilizan en el proceso de mecanizado ayudar\u00e1n a los fabricantes en la producci\u00f3n de diversas piezas met\u00e1licas. <\/span><\/p>\n<p>Las bombas de alta presi\u00f3n marca Giant de origen estadounidense tienen capacidad de hasta 3500 PSI con sistemas de protecciones mec\u00e1nicas (v\u00e1lvula reguladora, v\u00e1lvula de alivio y de ruptura).<\/p>\n<p>Las bombas Giant est\u00e1n dise\u00f1adas para trabajos extremos de uso 24\/7 tipo industrial con agua dulce y salada, adem\u00e1s soporta temperaturas de hasta 60\u00b0.<\/p>\n<p>&nbsp;<\/p>\n<p>Aplicaciones\/Industrias :<\/p>\n<ul>\n<li>Alimenticia: Limpieza de tanques y l\u00edneas de producci\u00f3n<\/li>\n<li>Pesquera: Lavado de gavetas<\/li>\n<li>Azucarera: Mantenimiento de intercambiadores y calderos<\/li>\n<li>Cementera: Limpieza de pisos y superficies<\/li>\n<\/ul>\n<p>&nbsp;<\/p>\n<p><span style=\"color: #ffffff;\">Bomba de alta presi\u00f3n Giant<\/span><\/p>\n","protected":false},"excerpt":{"rendered":"<p>Las bombas de alta presi\u00f3n que se utilizan en el proceso de mecanizado ayudar\u00e1n a los fabricantes en la producci\u00f3n de diversas piezas met\u00e1licas. Las bombas de alta presi\u00f3n marca Giant de origen estadounidense tienen capacidad de hasta 3500 PSI con sistemas de protecciones mec\u00e1nicas (v\u00e1lvula reguladora, v\u00e1lvula de alivio y de ruptura). Las bombas [&hellip;]<\/p>\n","protected":false},"featured_media":230270,"comment_status":"open","ping_status":"closed","template":"","meta":{"_acf_changed":false,"_et_pb_use_builder":"","_et_pb_old_content":"","_et_gb_content_width":"","content-type":""},"product_brand":[],"product_cat":[71],"product_tag":[154],"class_list":{"0":"post-230225","1":"product","2":"type-product","3":"status-publish","4":"has-post-thumbnail","6":"product_cat-bomba-de-desplazamiento-positivo","7":"product_tag-giant","9":"first","10":"instock","11":"shipping-taxable","12":"product-type-simple"},"acf":[],"yoast_head":"<!-- This site is optimized with the Yoast SEO plugin v27.4 - https:\/\/yoast.com\/product\/yoast-seo-wordpress\/ -->\n<title>Bomba de alta presi\u00f3n - Hidrolavadora - Inducom Chile<\/title>\n<meta name=\"robots\" content=\"index, follow, max-snippet:-1, max-image-preview:large, max-video-preview:-1\" \/>\n<link rel=\"canonical\" href=\"https:\/\/www.grupo-inducom.com\/cl\/producto\/bomba-de-alta-presion-hidrolavadora-2\/\" \/>\n<meta property=\"og:locale\" content=\"es_ES\" \/>\n<meta property=\"og:type\" content=\"article\" \/>\n<meta property=\"og:title\" content=\"Bomba de alta presi\u00f3n - Hidrolavadora - Inducom Chile\" \/>\n<meta property=\"og:description\" content=\"Las bombas de alta presi\u00f3n que se utilizan en el proceso de mecanizado ayudar\u00e1n a los fabricantes en la producci\u00f3n de diversas piezas met\u00e1licas. Las bombas de alta presi\u00f3n marca Giant de origen estadounidense tienen capacidad de hasta 3500 PSI con sistemas de protecciones mec\u00e1nicas (v\u00e1lvula reguladora, v\u00e1lvula de alivio y de ruptura). Las bombas [&hellip;]\" \/>\n<meta property=\"og:url\" content=\"https:\/\/www.grupo-inducom.com\/cl\/producto\/bomba-de-alta-presion-hidrolavadora-2\/\" \/>\n<meta property=\"og:site_name\" content=\"Inducom Chile\" \/>\n<meta property=\"article:modified_time\" content=\"2024-10-22T20:33:54+00:00\" \/>\n<meta name=\"twitter:card\" content=\"summary_large_image\" \/>\n<meta name=\"twitter:label1\" content=\"Tiempo de lectura\" \/>\n\t<meta name=\"twitter:data1\" content=\"1 minuto\" \/>\n<script type=\"application\/ld+json\" class=\"yoast-schema-graph\">{\"@context\":\"https:\\\/\\\/schema.org\",\"@graph\":[{\"@type\":\"WebPage\",\"@id\":\"https:\\\/\\\/www.grupo-inducom.com\\\/cl\\\/producto\\\/bomba-de-alta-presion-hidrolavadora-2\\\/\",\"url\":\"https:\\\/\\\/www.grupo-inducom.com\\\/cl\\\/producto\\\/bomba-de-alta-presion-hidrolavadora-2\\\/\",\"name\":\"Bomba de alta presi\u00f3n - Hidrolavadora - Inducom Chile\",\"isPartOf\":{\"@id\":\"https:\\\/\\\/www.grupo-inducom.com\\\/cl\\\/#website\"},\"primaryImageOfPage\":{\"@id\":\"https:\\\/\\\/www.grupo-inducom.com\\\/cl\\\/producto\\\/bomba-de-alta-presion-hidrolavadora-2\\\/#primaryimage\"},\"image\":{\"@id\":\"https:\\\/\\\/www.grupo-inducom.com\\\/cl\\\/producto\\\/bomba-de-alta-presion-hidrolavadora-2\\\/#primaryimage\"},\"thumbnailUrl\":\"https:\\\/\\\/www.grupo-inducom.com\\\/cl\\\/wp-content\\\/uploads\\\/sites\\\/11\\\/2024\\\/10\\\/19-2.webp\",\"datePublished\":\"2024-10-22T20:33:24+00:00\",\"dateModified\":\"2024-10-22T20:33:54+00:00\",\"breadcrumb\":{\"@id\":\"https:\\\/\\\/www.grupo-inducom.com\\\/cl\\\/producto\\\/bomba-de-alta-presion-hidrolavadora-2\\\/#breadcrumb\"},\"inLanguage\":\"es\",\"potentialAction\":[{\"@type\":\"ReadAction\",\"target\":[\"https:\\\/\\\/www.grupo-inducom.com\\\/cl\\\/producto\\\/bomba-de-alta-presion-hidrolavadora-2\\\/\"]}]},{\"@type\":\"ImageObject\",\"inLanguage\":\"es\",\"@id\":\"https:\\\/\\\/www.grupo-inducom.com\\\/cl\\\/producto\\\/bomba-de-alta-presion-hidrolavadora-2\\\/#primaryimage\",\"url\":\"https:\\\/\\\/www.grupo-inducom.com\\\/cl\\\/wp-content\\\/uploads\\\/sites\\\/11\\\/2024\\\/10\\\/19-2.webp\",\"contentUrl\":\"https:\\\/\\\/www.grupo-inducom.com\\\/cl\\\/wp-content\\\/uploads\\\/sites\\\/11\\\/2024\\\/10\\\/19-2.webp\",\"width\":300,\"height\":225},{\"@type\":\"BreadcrumbList\",\"@id\":\"https:\\\/\\\/www.grupo-inducom.com\\\/cl\\\/producto\\\/bomba-de-alta-presion-hidrolavadora-2\\\/#breadcrumb\",\"itemListElement\":[{\"@type\":\"ListItem\",\"position\":1,\"name\":\"Portada\",\"item\":\"https:\\\/\\\/www.grupo-inducom.com\\\/cl\\\/\"},{\"@type\":\"ListItem\",\"position\":2,\"name\":\"Productos\",\"item\":\"https:\\\/\\\/www.grupo-inducom.com\\\/cl\\\/tienda__trashed\\\/\"},{\"@type\":\"ListItem\",\"position\":3,\"name\":\"Bomba de alta presi\u00f3n &#8211; Hidrolavadora\"}]},{\"@type\":\"WebSite\",\"@id\":\"https:\\\/\\\/www.grupo-inducom.com\\\/cl\\\/#website\",\"url\":\"https:\\\/\\\/www.grupo-inducom.com\\\/cl\\\/\",\"name\":\"Inducom Chile\",\"description\":\"\",\"potentialAction\":[{\"@type\":\"SearchAction\",\"target\":{\"@type\":\"EntryPoint\",\"urlTemplate\":\"https:\\\/\\\/www.grupo-inducom.com\\\/cl\\\/?s={search_term_string}\"},\"query-input\":{\"@type\":\"PropertyValueSpecification\",\"valueRequired\":true,\"valueName\":\"search_term_string\"}}],\"inLanguage\":\"es\"}]}<\/script>\n<!-- \/ Yoast SEO plugin. -->","yoast_head_json":{"title":"Bomba de alta presi\u00f3n - Hidrolavadora - Inducom Chile","robots":{"index":"index","follow":"follow","max-snippet":"max-snippet:-1","max-image-preview":"max-image-preview:large","max-video-preview":"max-video-preview:-1"},"canonical":"https:\/\/www.grupo-inducom.com\/cl\/producto\/bomba-de-alta-presion-hidrolavadora-2\/","og_locale":"es_ES","og_type":"article","og_title":"Bomba de alta presi\u00f3n - Hidrolavadora - Inducom Chile","og_description":"Las bombas de alta presi\u00f3n que se utilizan en el proceso de mecanizado ayudar\u00e1n a los fabricantes en la producci\u00f3n de diversas piezas met\u00e1licas. Las bombas de alta presi\u00f3n marca Giant de origen estadounidense tienen capacidad de hasta 3500 PSI con sistemas de protecciones mec\u00e1nicas (v\u00e1lvula reguladora, v\u00e1lvula de alivio y de ruptura). Las bombas [&hellip;]","og_url":"https:\/\/www.grupo-inducom.com\/cl\/producto\/bomba-de-alta-presion-hidrolavadora-2\/","og_site_name":"Inducom Chile","article_modified_time":"2024-10-22T20:33:54+00:00","twitter_card":"summary_large_image","twitter_misc":{"Tiempo de lectura":"1 minuto"},"schema":{"@context":"https:\/\/schema.org","@graph":[{"@type":"WebPage","@id":"https:\/\/www.grupo-inducom.com\/cl\/producto\/bomba-de-alta-presion-hidrolavadora-2\/","url":"https:\/\/www.grupo-inducom.com\/cl\/producto\/bomba-de-alta-presion-hidrolavadora-2\/","name":"Bomba de alta presi\u00f3n - Hidrolavadora - Inducom Chile","isPartOf":{"@id":"https:\/\/www.grupo-inducom.com\/cl\/#website"},"primaryImageOfPage":{"@id":"https:\/\/www.grupo-inducom.com\/cl\/producto\/bomba-de-alta-presion-hidrolavadora-2\/#primaryimage"},"image":{"@id":"https:\/\/www.grupo-inducom.com\/cl\/producto\/bomba-de-alta-presion-hidrolavadora-2\/#primaryimage"},"thumbnailUrl":"https:\/\/www.grupo-inducom.com\/cl\/wp-content\/uploads\/sites\/11\/2024\/10\/19-2.webp","datePublished":"2024-10-22T20:33:24+00:00","dateModified":"2024-10-22T20:33:54+00:00","breadcrumb":{"@id":"https:\/\/www.grupo-inducom.com\/cl\/producto\/bomba-de-alta-presion-hidrolavadora-2\/#breadcrumb"},"inLanguage":"es","potentialAction":[{"@type":"ReadAction","target":["https:\/\/www.grupo-inducom.com\/cl\/producto\/bomba-de-alta-presion-hidrolavadora-2\/"]}]},{"@type":"ImageObject","inLanguage":"es","@id":"https:\/\/www.grupo-inducom.com\/cl\/producto\/bomba-de-alta-presion-hidrolavadora-2\/#primaryimage","url":"https:\/\/www.grupo-inducom.com\/cl\/wp-content\/uploads\/sites\/11\/2024\/10\/19-2.webp","contentUrl":"https:\/\/www.grupo-inducom.com\/cl\/wp-content\/uploads\/sites\/11\/2024\/10\/19-2.webp","width":300,"height":225},{"@type":"BreadcrumbList","@id":"https:\/\/www.grupo-inducom.com\/cl\/producto\/bomba-de-alta-presion-hidrolavadora-2\/#breadcrumb","itemListElement":[{"@type":"ListItem","position":1,"name":"Portada","item":"https:\/\/www.grupo-inducom.com\/cl\/"},{"@type":"ListItem","position":2,"name":"Productos","item":"https:\/\/www.grupo-inducom.com\/cl\/tienda__trashed\/"},{"@type":"ListItem","position":3,"name":"Bomba de alta presi\u00f3n &#8211; Hidrolavadora"}]},{"@type":"WebSite","@id":"https:\/\/www.grupo-inducom.com\/cl\/#website","url":"https:\/\/www.grupo-inducom.com\/cl\/","name":"Inducom Chile","description":"","potentialAction":[{"@type":"SearchAction","target":{"@type":"EntryPoint","urlTemplate":"https:\/\/www.grupo-inducom.com\/cl\/?s={search_term_string}"},"query-input":{"@type":"PropertyValueSpecification","valueRequired":true,"valueName":"search_term_string"}}],"inLanguage":"es"}]}},"_links":{"self":[{"href":"https:\/\/www.grupo-inducom.com\/cl\/wp-json\/wp\/v2\/product\/230225","targetHints":{"allow":["GET"]}}],"collection":[{"href":"https:\/\/www.grupo-inducom.com\/cl\/wp-json\/wp\/v2\/product"}],"about":[{"href":"https:\/\/www.grupo-inducom.com\/cl\/wp-json\/wp\/v2\/types\/product"}],"replies":[{"embeddable":true,"href":"https:\/\/www.grupo-inducom.com\/cl\/wp-json\/wp\/v2\/comments?post=230225"}],"wp:featuredmedia":[{"embeddable":true,"href":"https:\/\/www.grupo-inducom.com\/cl\/wp-json\/wp\/v2\/media\/230270"}],"wp:attachment":[{"href":"https:\/\/www.grupo-inducom.com\/cl\/wp-json\/wp\/v2\/media?parent=230225"}],"wp:term":[{"taxonomy":"product_brand","embeddable":true,"href":"https:\/\/www.grupo-inducom.com\/cl\/wp-json\/wp\/v2\/product_brand?post=230225"},{"taxonomy":"product_cat","embeddable":true,"href":"https:\/\/www.grupo-inducom.com\/cl\/wp-json\/wp\/v2\/product_cat?post=230225"},{"taxonomy":"product_tag","embeddable":true,"href":"https:\/\/www.grupo-inducom.com\/cl\/wp-json\/wp\/v2\/product_tag?post=230225"}],"curies":[{"name":"wp","href":"https:\/\/api.w.org\/{rel}","templated":true}]}}