{"id":230223,"date":"2024-10-22T15:33:24","date_gmt":"2024-10-22T20:33:24","guid":{"rendered":"https:\/\/www.grupo-inducom.com\/cl\/?post_type=product&#038;p=230223"},"modified":"2024-10-22T15:33:52","modified_gmt":"2024-10-22T20:33:52","slug":"bomba-de-alta-presion-hidrolavadora","status":"publish","type":"product","link":"https:\/\/www.grupo-inducom.com\/cl\/producto\/bomba-de-alta-presion-hidrolavadora\/","title":{"rendered":"Bomba de alta presi\u00f3n &#8211; Hidrolavadora"},"content":{"rendered":"<p>Nuestros vers\u00e1tiles sistemas de alta presi\u00f3n\u00a0 proporcionan soluciones potentes y seguras para el medio ambiente resolviendo problemas de limpieza, corte y preparaci\u00f3n de superficies e las numerosas aplicaciones e industrias.<\/p>\n<p><strong>Aplicaciones<\/strong><\/p>\n<ul>\n<li>Limpieza de superficie (Casco barco)<\/li>\n<li>Limpieza tuber\u00eda (Calderos)<\/li>\n<li>Corte de agua<\/li>\n<li>Prueba Hidroest\u00e1tica<\/li>\n<li style=\"color: #ffffff;\"><span style=\"color: #ffffff;\"><strong>hidrolavadoras alta presion<\/strong><\/span><\/li>\n<li style=\"color: #ffffff;\"><span style=\"color: #ffffff;\"><strong>hidrolavadoras alta presion<\/strong><\/span><\/li>\n<li style=\"color: #ffffff;\"><span style=\"color: #ffffff;\"><strong>hidrolavadoras alta presion<\/strong><\/span><\/li>\n<li style=\"color: #ffffff;\"><span style=\"color: #ffffff;\"><strong>hidrolavadoras alta presion<\/strong><\/span><\/li>\n<li style=\"color: #ffffff;\"><span style=\"color: #ffffff;\"><strong>hidrolavadoras alta presion<\/strong><\/span><\/li>\n<li style=\"color: #ffffff;\"><span style=\"color: #ffffff;\"><strong>hidrolavadoras alta presion<\/strong><\/span><\/li>\n<li style=\"color: #ffffff;\"><span style=\"color: #ffffff;\"><strong>hidrolavadoras alta presion<\/strong><\/span><\/li>\n<li style=\"color: #ffffff;\"><span style=\"color: #ffffff;\"><strong>hidrolavadoras alta presion<\/strong><\/span><\/li>\n<\/ul>\n<p>&nbsp;<\/p>\n","protected":false},"excerpt":{"rendered":"<p>&nbsp;<\/p>\n<ul>\n<li>Marca: Gardner Denver<\/li>\n<li>Port\u00e1til<\/li>\n<li>Presiones de 10000 hasta 50000 PSI<\/li>\n<li>Disponible con motor Diesel o el\u00e9ctricos<\/li>\n<\/ul>\n","protected":false},"featured_media":230268,"comment_status":"open","ping_status":"closed","template":"","meta":{"_acf_changed":false,"_et_pb_use_builder":"","_et_pb_old_content":"","_et_gb_content_width":"","content-type":""},"product_brand":[],"product_cat":[71],"product_tag":[154],"class_list":{"0":"post-230223","1":"product","2":"type-product","3":"status-publish","4":"has-post-thumbnail","6":"product_cat-bomba-de-desplazamiento-positivo","7":"product_tag-giant","9":"first","10":"instock","11":"shipping-taxable","12":"product-type-simple"},"acf":[],"yoast_head":"<!-- This site is optimized with the Yoast SEO plugin v27.4 - https:\/\/yoast.com\/product\/yoast-seo-wordpress\/ -->\n<title>Bomba de alta presi\u00f3n - Hidrolavadora - Inducom Chile<\/title>\n<meta name=\"robots\" content=\"index, follow, max-snippet:-1, max-image-preview:large, max-video-preview:-1\" \/>\n<link rel=\"canonical\" href=\"https:\/\/www.grupo-inducom.com\/cl\/producto\/bomba-de-alta-presion-hidrolavadora\/\" \/>\n<meta property=\"og:locale\" content=\"es_ES\" \/>\n<meta property=\"og:type\" content=\"article\" \/>\n<meta property=\"og:title\" content=\"Bomba de alta presi\u00f3n - Hidrolavadora - Inducom Chile\" \/>\n<meta property=\"og:description\" content=\"&nbsp;   Marca: Gardner Denver  Port\u00e1til  Presiones de 10000 hasta 50000 PSI  Disponible con motor Diesel o el\u00e9ctricos\" \/>\n<meta property=\"og:url\" content=\"https:\/\/www.grupo-inducom.com\/cl\/producto\/bomba-de-alta-presion-hidrolavadora\/\" \/>\n<meta property=\"og:site_name\" content=\"Inducom Chile\" \/>\n<meta property=\"article:modified_time\" content=\"2024-10-22T20:33:52+00:00\" \/>\n<meta name=\"twitter:card\" content=\"summary_large_image\" \/>\n<script type=\"application\/ld+json\" class=\"yoast-schema-graph\">{\"@context\":\"https:\\\/\\\/schema.org\",\"@graph\":[{\"@type\":\"WebPage\",\"@id\":\"https:\\\/\\\/www.grupo-inducom.com\\\/cl\\\/producto\\\/bomba-de-alta-presion-hidrolavadora\\\/\",\"url\":\"https:\\\/\\\/www.grupo-inducom.com\\\/cl\\\/producto\\\/bomba-de-alta-presion-hidrolavadora\\\/\",\"name\":\"Bomba de alta presi\u00f3n - Hidrolavadora - Inducom Chile\",\"isPartOf\":{\"@id\":\"https:\\\/\\\/www.grupo-inducom.com\\\/cl\\\/#website\"},\"primaryImageOfPage\":{\"@id\":\"https:\\\/\\\/www.grupo-inducom.com\\\/cl\\\/producto\\\/bomba-de-alta-presion-hidrolavadora\\\/#primaryimage\"},\"image\":{\"@id\":\"https:\\\/\\\/www.grupo-inducom.com\\\/cl\\\/producto\\\/bomba-de-alta-presion-hidrolavadora\\\/#primaryimage\"},\"thumbnailUrl\":\"https:\\\/\\\/www.grupo-inducom.com\\\/cl\\\/wp-content\\\/uploads\\\/sites\\\/11\\\/2024\\\/10\\\/52_1_.webp\",\"datePublished\":\"2024-10-22T20:33:24+00:00\",\"dateModified\":\"2024-10-22T20:33:52+00:00\",\"breadcrumb\":{\"@id\":\"https:\\\/\\\/www.grupo-inducom.com\\\/cl\\\/producto\\\/bomba-de-alta-presion-hidrolavadora\\\/#breadcrumb\"},\"inLanguage\":\"es\",\"potentialAction\":[{\"@type\":\"ReadAction\",\"target\":[\"https:\\\/\\\/www.grupo-inducom.com\\\/cl\\\/producto\\\/bomba-de-alta-presion-hidrolavadora\\\/\"]}]},{\"@type\":\"ImageObject\",\"inLanguage\":\"es\",\"@id\":\"https:\\\/\\\/www.grupo-inducom.com\\\/cl\\\/producto\\\/bomba-de-alta-presion-hidrolavadora\\\/#primaryimage\",\"url\":\"https:\\\/\\\/www.grupo-inducom.com\\\/cl\\\/wp-content\\\/uploads\\\/sites\\\/11\\\/2024\\\/10\\\/52_1_.webp\",\"contentUrl\":\"https:\\\/\\\/www.grupo-inducom.com\\\/cl\\\/wp-content\\\/uploads\\\/sites\\\/11\\\/2024\\\/10\\\/52_1_.webp\",\"width\":300,\"height\":225},{\"@type\":\"BreadcrumbList\",\"@id\":\"https:\\\/\\\/www.grupo-inducom.com\\\/cl\\\/producto\\\/bomba-de-alta-presion-hidrolavadora\\\/#breadcrumb\",\"itemListElement\":[{\"@type\":\"ListItem\",\"position\":1,\"name\":\"Portada\",\"item\":\"https:\\\/\\\/www.grupo-inducom.com\\\/cl\\\/\"},{\"@type\":\"ListItem\",\"position\":2,\"name\":\"Productos\",\"item\":\"https:\\\/\\\/www.grupo-inducom.com\\\/cl\\\/tienda__trashed\\\/\"},{\"@type\":\"ListItem\",\"position\":3,\"name\":\"Bomba de alta presi\u00f3n &#8211; Hidrolavadora\"}]},{\"@type\":\"WebSite\",\"@id\":\"https:\\\/\\\/www.grupo-inducom.com\\\/cl\\\/#website\",\"url\":\"https:\\\/\\\/www.grupo-inducom.com\\\/cl\\\/\",\"name\":\"Inducom Chile\",\"description\":\"\",\"potentialAction\":[{\"@type\":\"SearchAction\",\"target\":{\"@type\":\"EntryPoint\",\"urlTemplate\":\"https:\\\/\\\/www.grupo-inducom.com\\\/cl\\\/?s={search_term_string}\"},\"query-input\":{\"@type\":\"PropertyValueSpecification\",\"valueRequired\":true,\"valueName\":\"search_term_string\"}}],\"inLanguage\":\"es\"}]}<\/script>\n<!-- \/ Yoast SEO plugin. -->","yoast_head_json":{"title":"Bomba de alta presi\u00f3n - Hidrolavadora - Inducom Chile","robots":{"index":"index","follow":"follow","max-snippet":"max-snippet:-1","max-image-preview":"max-image-preview:large","max-video-preview":"max-video-preview:-1"},"canonical":"https:\/\/www.grupo-inducom.com\/cl\/producto\/bomba-de-alta-presion-hidrolavadora\/","og_locale":"es_ES","og_type":"article","og_title":"Bomba de alta presi\u00f3n - Hidrolavadora - Inducom Chile","og_description":"&nbsp;   Marca: Gardner Denver  Port\u00e1til  Presiones de 10000 hasta 50000 PSI  Disponible con motor Diesel o el\u00e9ctricos","og_url":"https:\/\/www.grupo-inducom.com\/cl\/producto\/bomba-de-alta-presion-hidrolavadora\/","og_site_name":"Inducom Chile","article_modified_time":"2024-10-22T20:33:52+00:00","twitter_card":"summary_large_image","schema":{"@context":"https:\/\/schema.org","@graph":[{"@type":"WebPage","@id":"https:\/\/www.grupo-inducom.com\/cl\/producto\/bomba-de-alta-presion-hidrolavadora\/","url":"https:\/\/www.grupo-inducom.com\/cl\/producto\/bomba-de-alta-presion-hidrolavadora\/","name":"Bomba de alta presi\u00f3n - Hidrolavadora - Inducom Chile","isPartOf":{"@id":"https:\/\/www.grupo-inducom.com\/cl\/#website"},"primaryImageOfPage":{"@id":"https:\/\/www.grupo-inducom.com\/cl\/producto\/bomba-de-alta-presion-hidrolavadora\/#primaryimage"},"image":{"@id":"https:\/\/www.grupo-inducom.com\/cl\/producto\/bomba-de-alta-presion-hidrolavadora\/#primaryimage"},"thumbnailUrl":"https:\/\/www.grupo-inducom.com\/cl\/wp-content\/uploads\/sites\/11\/2024\/10\/52_1_.webp","datePublished":"2024-10-22T20:33:24+00:00","dateModified":"2024-10-22T20:33:52+00:00","breadcrumb":{"@id":"https:\/\/www.grupo-inducom.com\/cl\/producto\/bomba-de-alta-presion-hidrolavadora\/#breadcrumb"},"inLanguage":"es","potentialAction":[{"@type":"ReadAction","target":["https:\/\/www.grupo-inducom.com\/cl\/producto\/bomba-de-alta-presion-hidrolavadora\/"]}]},{"@type":"ImageObject","inLanguage":"es","@id":"https:\/\/www.grupo-inducom.com\/cl\/producto\/bomba-de-alta-presion-hidrolavadora\/#primaryimage","url":"https:\/\/www.grupo-inducom.com\/cl\/wp-content\/uploads\/sites\/11\/2024\/10\/52_1_.webp","contentUrl":"https:\/\/www.grupo-inducom.com\/cl\/wp-content\/uploads\/sites\/11\/2024\/10\/52_1_.webp","width":300,"height":225},{"@type":"BreadcrumbList","@id":"https:\/\/www.grupo-inducom.com\/cl\/producto\/bomba-de-alta-presion-hidrolavadora\/#breadcrumb","itemListElement":[{"@type":"ListItem","position":1,"name":"Portada","item":"https:\/\/www.grupo-inducom.com\/cl\/"},{"@type":"ListItem","position":2,"name":"Productos","item":"https:\/\/www.grupo-inducom.com\/cl\/tienda__trashed\/"},{"@type":"ListItem","position":3,"name":"Bomba de alta presi\u00f3n &#8211; Hidrolavadora"}]},{"@type":"WebSite","@id":"https:\/\/www.grupo-inducom.com\/cl\/#website","url":"https:\/\/www.grupo-inducom.com\/cl\/","name":"Inducom Chile","description":"","potentialAction":[{"@type":"SearchAction","target":{"@type":"EntryPoint","urlTemplate":"https:\/\/www.grupo-inducom.com\/cl\/?s={search_term_string}"},"query-input":{"@type":"PropertyValueSpecification","valueRequired":true,"valueName":"search_term_string"}}],"inLanguage":"es"}]}},"_links":{"self":[{"href":"https:\/\/www.grupo-inducom.com\/cl\/wp-json\/wp\/v2\/product\/230223","targetHints":{"allow":["GET"]}}],"collection":[{"href":"https:\/\/www.grupo-inducom.com\/cl\/wp-json\/wp\/v2\/product"}],"about":[{"href":"https:\/\/www.grupo-inducom.com\/cl\/wp-json\/wp\/v2\/types\/product"}],"replies":[{"embeddable":true,"href":"https:\/\/www.grupo-inducom.com\/cl\/wp-json\/wp\/v2\/comments?post=230223"}],"wp:featuredmedia":[{"embeddable":true,"href":"https:\/\/www.grupo-inducom.com\/cl\/wp-json\/wp\/v2\/media\/230268"}],"wp:attachment":[{"href":"https:\/\/www.grupo-inducom.com\/cl\/wp-json\/wp\/v2\/media?parent=230223"}],"wp:term":[{"taxonomy":"product_brand","embeddable":true,"href":"https:\/\/www.grupo-inducom.com\/cl\/wp-json\/wp\/v2\/product_brand?post=230223"},{"taxonomy":"product_cat","embeddable":true,"href":"https:\/\/www.grupo-inducom.com\/cl\/wp-json\/wp\/v2\/product_cat?post=230223"},{"taxonomy":"product_tag","embeddable":true,"href":"https:\/\/www.grupo-inducom.com\/cl\/wp-json\/wp\/v2\/product_tag?post=230223"}],"curies":[{"name":"wp","href":"https:\/\/api.w.org\/{rel}","templated":true}]}}