{"id":230222,"date":"2024-10-22T15:33:23","date_gmt":"2024-10-22T20:33:23","guid":{"rendered":"https:\/\/www.grupo-inducom.com\/cl\/?post_type=product&#038;p=230222"},"modified":"2024-10-22T15:33:51","modified_gmt":"2024-10-22T20:33:51","slug":"compresor-de-aire-de-tornillo-apex","status":"publish","type":"product","link":"https:\/\/www.grupo-inducom.com\/cl\/producto\/compresor-de-aire-de-tornillo-apex\/","title":{"rendered":"Compresor de aire de tornillo Apex"},"content":{"rendered":"","protected":false},"excerpt":{"rendered":"<p>La serie Apex es simple para ofrecer el mejor rendimiento sin distracciones.<\/p>\n<ul>\n<li>Una construcci\u00f3n simple le brinda un rendimiento confiable y duradero en un sistema que es f\u00e1cil de operar<\/li>\n<li>Menos componentes que el est\u00e1ndar de la industria para brindarle la potencia que necesita en un paquete simple y eficiente<\/li>\n<li>El mantenimiento es f\u00e1cil y se puede realizar en minutos;\u00a0minimizando el tiempo de inactividad y ahorrando dinero en el camino<\/li>\n<\/ul>\n","protected":false},"featured_media":230267,"comment_status":"open","ping_status":"closed","template":"","meta":{"_acf_changed":false,"_et_pb_use_builder":"","_et_pb_old_content":"","_et_gb_content_width":"","content-type":""},"product_brand":[],"product_cat":[121],"product_tag":[120,122,149],"class_list":{"0":"post-230222","1":"product","2":"type-product","3":"status-publish","4":"has-post-thumbnail","6":"product_cat-compresor-de-aire","7":"product_tag-compresor-de-aire","8":"product_tag-compresor-industrial","9":"product_tag-gardner-denver","11":"first","12":"instock","13":"shipping-taxable","14":"product-type-simple"},"acf":[],"yoast_head":"<!-- This site is optimized with the Yoast SEO plugin v27.4 - https:\/\/yoast.com\/product\/yoast-seo-wordpress\/ -->\n<title>Compresor de aire de tornillo Apex - Inducom Chile<\/title>\n<meta name=\"robots\" content=\"index, follow, max-snippet:-1, max-image-preview:large, max-video-preview:-1\" \/>\n<link rel=\"canonical\" href=\"https:\/\/www.grupo-inducom.com\/cl\/producto\/compresor-de-aire-de-tornillo-apex\/\" \/>\n<meta property=\"og:locale\" content=\"es_ES\" \/>\n<meta property=\"og:type\" content=\"article\" \/>\n<meta property=\"og:title\" content=\"Compresor de aire de tornillo Apex - Inducom Chile\" \/>\n<meta property=\"og:description\" content=\"La serie Apex es simple para ofrecer el mejor rendimiento sin distracciones.   Una construcci\u00f3n simple le brinda un rendimiento confiable y duradero en un sistema que es f\u00e1cil de operar  Menos componentes que el est\u00e1ndar de la industria para brindarle la potencia que necesita en un paquete simple y eficiente  El mantenimiento es f\u00e1cil y se puede realizar en minutos;\u00a0minimizando el tiempo de inactividad y ahorrando dinero en el camino\" \/>\n<meta property=\"og:url\" content=\"https:\/\/www.grupo-inducom.com\/cl\/producto\/compresor-de-aire-de-tornillo-apex\/\" \/>\n<meta property=\"og:site_name\" content=\"Inducom Chile\" \/>\n<meta property=\"article:modified_time\" content=\"2024-10-22T20:33:51+00:00\" \/>\n<meta name=\"twitter:card\" content=\"summary_large_image\" \/>\n<script type=\"application\/ld+json\" class=\"yoast-schema-graph\">{\"@context\":\"https:\\\/\\\/schema.org\",\"@graph\":[{\"@type\":\"WebPage\",\"@id\":\"https:\\\/\\\/www.grupo-inducom.com\\\/cl\\\/producto\\\/compresor-de-aire-de-tornillo-apex\\\/\",\"url\":\"https:\\\/\\\/www.grupo-inducom.com\\\/cl\\\/producto\\\/compresor-de-aire-de-tornillo-apex\\\/\",\"name\":\"Compresor de aire de tornillo Apex - Inducom Chile\",\"isPartOf\":{\"@id\":\"https:\\\/\\\/www.grupo-inducom.com\\\/cl\\\/#website\"},\"primaryImageOfPage\":{\"@id\":\"https:\\\/\\\/www.grupo-inducom.com\\\/cl\\\/producto\\\/compresor-de-aire-de-tornillo-apex\\\/#primaryimage\"},\"image\":{\"@id\":\"https:\\\/\\\/www.grupo-inducom.com\\\/cl\\\/producto\\\/compresor-de-aire-de-tornillo-apex\\\/#primaryimage\"},\"thumbnailUrl\":\"https:\\\/\\\/www.grupo-inducom.com\\\/cl\\\/wp-content\\\/uploads\\\/sites\\\/11\\\/2024\\\/10\\\/49.png\",\"datePublished\":\"2024-10-22T20:33:23+00:00\",\"dateModified\":\"2024-10-22T20:33:51+00:00\",\"breadcrumb\":{\"@id\":\"https:\\\/\\\/www.grupo-inducom.com\\\/cl\\\/producto\\\/compresor-de-aire-de-tornillo-apex\\\/#breadcrumb\"},\"inLanguage\":\"es\",\"potentialAction\":[{\"@type\":\"ReadAction\",\"target\":[\"https:\\\/\\\/www.grupo-inducom.com\\\/cl\\\/producto\\\/compresor-de-aire-de-tornillo-apex\\\/\"]}]},{\"@type\":\"ImageObject\",\"inLanguage\":\"es\",\"@id\":\"https:\\\/\\\/www.grupo-inducom.com\\\/cl\\\/producto\\\/compresor-de-aire-de-tornillo-apex\\\/#primaryimage\",\"url\":\"https:\\\/\\\/www.grupo-inducom.com\\\/cl\\\/wp-content\\\/uploads\\\/sites\\\/11\\\/2024\\\/10\\\/49.png\",\"contentUrl\":\"https:\\\/\\\/www.grupo-inducom.com\\\/cl\\\/wp-content\\\/uploads\\\/sites\\\/11\\\/2024\\\/10\\\/49.png\",\"width\":300,\"height\":225},{\"@type\":\"BreadcrumbList\",\"@id\":\"https:\\\/\\\/www.grupo-inducom.com\\\/cl\\\/producto\\\/compresor-de-aire-de-tornillo-apex\\\/#breadcrumb\",\"itemListElement\":[{\"@type\":\"ListItem\",\"position\":1,\"name\":\"Portada\",\"item\":\"https:\\\/\\\/www.grupo-inducom.com\\\/cl\\\/\"},{\"@type\":\"ListItem\",\"position\":2,\"name\":\"Productos\",\"item\":\"https:\\\/\\\/www.grupo-inducom.com\\\/cl\\\/tienda__trashed\\\/\"},{\"@type\":\"ListItem\",\"position\":3,\"name\":\"Compresor de aire de tornillo Apex\"}]},{\"@type\":\"WebSite\",\"@id\":\"https:\\\/\\\/www.grupo-inducom.com\\\/cl\\\/#website\",\"url\":\"https:\\\/\\\/www.grupo-inducom.com\\\/cl\\\/\",\"name\":\"Inducom Chile\",\"description\":\"\",\"potentialAction\":[{\"@type\":\"SearchAction\",\"target\":{\"@type\":\"EntryPoint\",\"urlTemplate\":\"https:\\\/\\\/www.grupo-inducom.com\\\/cl\\\/?s={search_term_string}\"},\"query-input\":{\"@type\":\"PropertyValueSpecification\",\"valueRequired\":true,\"valueName\":\"search_term_string\"}}],\"inLanguage\":\"es\"}]}<\/script>\n<!-- \/ Yoast SEO plugin. -->","yoast_head_json":{"title":"Compresor de aire de tornillo Apex - Inducom Chile","robots":{"index":"index","follow":"follow","max-snippet":"max-snippet:-1","max-image-preview":"max-image-preview:large","max-video-preview":"max-video-preview:-1"},"canonical":"https:\/\/www.grupo-inducom.com\/cl\/producto\/compresor-de-aire-de-tornillo-apex\/","og_locale":"es_ES","og_type":"article","og_title":"Compresor de aire de tornillo Apex - Inducom Chile","og_description":"La serie Apex es simple para ofrecer el mejor rendimiento sin distracciones.   Una construcci\u00f3n simple le brinda un rendimiento confiable y duradero en un sistema que es f\u00e1cil de operar  Menos componentes que el est\u00e1ndar de la industria para brindarle la potencia que necesita en un paquete simple y eficiente  El mantenimiento es f\u00e1cil y se puede realizar en minutos;\u00a0minimizando el tiempo de inactividad y ahorrando dinero en el camino","og_url":"https:\/\/www.grupo-inducom.com\/cl\/producto\/compresor-de-aire-de-tornillo-apex\/","og_site_name":"Inducom Chile","article_modified_time":"2024-10-22T20:33:51+00:00","twitter_card":"summary_large_image","schema":{"@context":"https:\/\/schema.org","@graph":[{"@type":"WebPage","@id":"https:\/\/www.grupo-inducom.com\/cl\/producto\/compresor-de-aire-de-tornillo-apex\/","url":"https:\/\/www.grupo-inducom.com\/cl\/producto\/compresor-de-aire-de-tornillo-apex\/","name":"Compresor de aire de tornillo Apex - Inducom Chile","isPartOf":{"@id":"https:\/\/www.grupo-inducom.com\/cl\/#website"},"primaryImageOfPage":{"@id":"https:\/\/www.grupo-inducom.com\/cl\/producto\/compresor-de-aire-de-tornillo-apex\/#primaryimage"},"image":{"@id":"https:\/\/www.grupo-inducom.com\/cl\/producto\/compresor-de-aire-de-tornillo-apex\/#primaryimage"},"thumbnailUrl":"https:\/\/www.grupo-inducom.com\/cl\/wp-content\/uploads\/sites\/11\/2024\/10\/49.png","datePublished":"2024-10-22T20:33:23+00:00","dateModified":"2024-10-22T20:33:51+00:00","breadcrumb":{"@id":"https:\/\/www.grupo-inducom.com\/cl\/producto\/compresor-de-aire-de-tornillo-apex\/#breadcrumb"},"inLanguage":"es","potentialAction":[{"@type":"ReadAction","target":["https:\/\/www.grupo-inducom.com\/cl\/producto\/compresor-de-aire-de-tornillo-apex\/"]}]},{"@type":"ImageObject","inLanguage":"es","@id":"https:\/\/www.grupo-inducom.com\/cl\/producto\/compresor-de-aire-de-tornillo-apex\/#primaryimage","url":"https:\/\/www.grupo-inducom.com\/cl\/wp-content\/uploads\/sites\/11\/2024\/10\/49.png","contentUrl":"https:\/\/www.grupo-inducom.com\/cl\/wp-content\/uploads\/sites\/11\/2024\/10\/49.png","width":300,"height":225},{"@type":"BreadcrumbList","@id":"https:\/\/www.grupo-inducom.com\/cl\/producto\/compresor-de-aire-de-tornillo-apex\/#breadcrumb","itemListElement":[{"@type":"ListItem","position":1,"name":"Portada","item":"https:\/\/www.grupo-inducom.com\/cl\/"},{"@type":"ListItem","position":2,"name":"Productos","item":"https:\/\/www.grupo-inducom.com\/cl\/tienda__trashed\/"},{"@type":"ListItem","position":3,"name":"Compresor de aire de tornillo Apex"}]},{"@type":"WebSite","@id":"https:\/\/www.grupo-inducom.com\/cl\/#website","url":"https:\/\/www.grupo-inducom.com\/cl\/","name":"Inducom Chile","description":"","potentialAction":[{"@type":"SearchAction","target":{"@type":"EntryPoint","urlTemplate":"https:\/\/www.grupo-inducom.com\/cl\/?s={search_term_string}"},"query-input":{"@type":"PropertyValueSpecification","valueRequired":true,"valueName":"search_term_string"}}],"inLanguage":"es"}]}},"_links":{"self":[{"href":"https:\/\/www.grupo-inducom.com\/cl\/wp-json\/wp\/v2\/product\/230222","targetHints":{"allow":["GET"]}}],"collection":[{"href":"https:\/\/www.grupo-inducom.com\/cl\/wp-json\/wp\/v2\/product"}],"about":[{"href":"https:\/\/www.grupo-inducom.com\/cl\/wp-json\/wp\/v2\/types\/product"}],"replies":[{"embeddable":true,"href":"https:\/\/www.grupo-inducom.com\/cl\/wp-json\/wp\/v2\/comments?post=230222"}],"wp:featuredmedia":[{"embeddable":true,"href":"https:\/\/www.grupo-inducom.com\/cl\/wp-json\/wp\/v2\/media\/230267"}],"wp:attachment":[{"href":"https:\/\/www.grupo-inducom.com\/cl\/wp-json\/wp\/v2\/media?parent=230222"}],"wp:term":[{"taxonomy":"product_brand","embeddable":true,"href":"https:\/\/www.grupo-inducom.com\/cl\/wp-json\/wp\/v2\/product_brand?post=230222"},{"taxonomy":"product_cat","embeddable":true,"href":"https:\/\/www.grupo-inducom.com\/cl\/wp-json\/wp\/v2\/product_cat?post=230222"},{"taxonomy":"product_tag","embeddable":true,"href":"https:\/\/www.grupo-inducom.com\/cl\/wp-json\/wp\/v2\/product_tag?post=230222"}],"curies":[{"name":"wp","href":"https:\/\/api.w.org\/{rel}","templated":true}]}}