{"id":230196,"date":"2024-10-22T15:33:01","date_gmt":"2024-10-22T20:33:01","guid":{"rendered":"https:\/\/www.grupo-inducom.com\/cl\/?post_type=product&#038;p=230196"},"modified":"2024-10-22T15:33:43","modified_gmt":"2024-10-22T20:33:43","slug":"bomba-para-pozo-profundo-tipo-lapiz","status":"publish","type":"product","link":"https:\/\/www.grupo-inducom.com\/cl\/producto\/bomba-para-pozo-profundo-tipo-lapiz\/","title":{"rendered":"Bomba para pozo profundo tipo lapiz"},"content":{"rendered":"<p>Adecuadas para la extracci\u00f3n de agua desde pozos, aplicaciones agr\u00edcolas, dom\u00e9sticas e industriales, peque\u00f1as depuradoras, grupos autom\u00e1ticos de presi\u00f3n, riego, llenado de dep\u00f3sitos y movimiento de agua en general<\/p>\n<p><strong>Bomba Sumergible De Pozo Tipo L\u00e1piz<\/strong><\/p>\n<p><strong>Ebara Pumps Iberia, S.A.<\/strong>, empresa fabricante de Equipos y Sistemas de Bombeo.<\/p>\n<p><span style=\"color: #ffffff;\">Bombas de pozo, Bombas verticales, Bomba tipo L\u00e1piz<\/span><\/p>\n","protected":false},"excerpt":{"rendered":"<ul>\n<li>Marca: EBARA<\/li>\n<li>Disponible en varios materiales.<\/li>\n<li>Trif\u00e1sicas y mon\u00f3fasicas<\/li>\n<li>Eficiencia y fiabilidad<\/li>\n<li>Motor de alto rendimiento<\/li>\n<\/ul>\n","protected":false},"featured_media":230247,"comment_status":"closed","ping_status":"closed","template":"","meta":{"_acf_changed":false,"_et_pb_use_builder":"","_et_pb_old_content":"","_et_gb_content_width":"","content-type":""},"product_brand":[],"product_cat":[94],"product_tag":[104,109,142],"class_list":{"0":"post-230196","1":"product","2":"type-product","3":"status-publish","4":"has-post-thumbnail","6":"product_cat-bombas-centrifugas","7":"product_tag-bombas-para-pozos","8":"product_tag-bombas-sumergibes","9":"product_tag-ebara","11":"first","12":"instock","13":"shipping-taxable","14":"product-type-simple"},"acf":[],"yoast_head":"<!-- This site is optimized with the Yoast SEO plugin v27.4 - https:\/\/yoast.com\/product\/yoast-seo-wordpress\/ -->\n<title>Bomba para pozo profundo tipo lapiz - Inducom Chile<\/title>\n<meta name=\"robots\" content=\"index, follow, max-snippet:-1, max-image-preview:large, max-video-preview:-1\" \/>\n<link rel=\"canonical\" href=\"https:\/\/www.grupo-inducom.com\/cl\/producto\/bomba-para-pozo-profundo-tipo-lapiz\/\" \/>\n<meta property=\"og:locale\" content=\"es_ES\" \/>\n<meta property=\"og:type\" content=\"article\" \/>\n<meta property=\"og:title\" content=\"Bomba para pozo profundo tipo lapiz - Inducom Chile\" \/>\n<meta property=\"og:description\" content=\"Marca: EBARA  Disponible en varios materiales.  Trif\u00e1sicas y mon\u00f3fasicas  Eficiencia y fiabilidad  Motor de alto rendimiento\" \/>\n<meta property=\"og:url\" content=\"https:\/\/www.grupo-inducom.com\/cl\/producto\/bomba-para-pozo-profundo-tipo-lapiz\/\" \/>\n<meta property=\"og:site_name\" content=\"Inducom Chile\" \/>\n<meta property=\"article:modified_time\" content=\"2024-10-22T20:33:43+00:00\" \/>\n<meta name=\"twitter:card\" content=\"summary_large_image\" \/>\n<script type=\"application\/ld+json\" class=\"yoast-schema-graph\">{\"@context\":\"https:\\\/\\\/schema.org\",\"@graph\":[{\"@type\":\"WebPage\",\"@id\":\"https:\\\/\\\/www.grupo-inducom.com\\\/cl\\\/producto\\\/bomba-para-pozo-profundo-tipo-lapiz\\\/\",\"url\":\"https:\\\/\\\/www.grupo-inducom.com\\\/cl\\\/producto\\\/bomba-para-pozo-profundo-tipo-lapiz\\\/\",\"name\":\"Bomba para pozo profundo tipo lapiz - Inducom Chile\",\"isPartOf\":{\"@id\":\"https:\\\/\\\/www.grupo-inducom.com\\\/cl\\\/#website\"},\"primaryImageOfPage\":{\"@id\":\"https:\\\/\\\/www.grupo-inducom.com\\\/cl\\\/producto\\\/bomba-para-pozo-profundo-tipo-lapiz\\\/#primaryimage\"},\"image\":{\"@id\":\"https:\\\/\\\/www.grupo-inducom.com\\\/cl\\\/producto\\\/bomba-para-pozo-profundo-tipo-lapiz\\\/#primaryimage\"},\"thumbnailUrl\":\"https:\\\/\\\/www.grupo-inducom.com\\\/cl\\\/wp-content\\\/uploads\\\/sites\\\/11\\\/2024\\\/10\\\/31.png\",\"datePublished\":\"2024-10-22T20:33:01+00:00\",\"dateModified\":\"2024-10-22T20:33:43+00:00\",\"breadcrumb\":{\"@id\":\"https:\\\/\\\/www.grupo-inducom.com\\\/cl\\\/producto\\\/bomba-para-pozo-profundo-tipo-lapiz\\\/#breadcrumb\"},\"inLanguage\":\"es\",\"potentialAction\":[{\"@type\":\"ReadAction\",\"target\":[\"https:\\\/\\\/www.grupo-inducom.com\\\/cl\\\/producto\\\/bomba-para-pozo-profundo-tipo-lapiz\\\/\"]}]},{\"@type\":\"ImageObject\",\"inLanguage\":\"es\",\"@id\":\"https:\\\/\\\/www.grupo-inducom.com\\\/cl\\\/producto\\\/bomba-para-pozo-profundo-tipo-lapiz\\\/#primaryimage\",\"url\":\"https:\\\/\\\/www.grupo-inducom.com\\\/cl\\\/wp-content\\\/uploads\\\/sites\\\/11\\\/2024\\\/10\\\/31.png\",\"contentUrl\":\"https:\\\/\\\/www.grupo-inducom.com\\\/cl\\\/wp-content\\\/uploads\\\/sites\\\/11\\\/2024\\\/10\\\/31.png\",\"width\":300,\"height\":225},{\"@type\":\"BreadcrumbList\",\"@id\":\"https:\\\/\\\/www.grupo-inducom.com\\\/cl\\\/producto\\\/bomba-para-pozo-profundo-tipo-lapiz\\\/#breadcrumb\",\"itemListElement\":[{\"@type\":\"ListItem\",\"position\":1,\"name\":\"Portada\",\"item\":\"https:\\\/\\\/www.grupo-inducom.com\\\/cl\\\/\"},{\"@type\":\"ListItem\",\"position\":2,\"name\":\"Productos\",\"item\":\"https:\\\/\\\/www.grupo-inducom.com\\\/cl\\\/tienda__trashed\\\/\"},{\"@type\":\"ListItem\",\"position\":3,\"name\":\"Bomba para pozo profundo tipo lapiz\"}]},{\"@type\":\"WebSite\",\"@id\":\"https:\\\/\\\/www.grupo-inducom.com\\\/cl\\\/#website\",\"url\":\"https:\\\/\\\/www.grupo-inducom.com\\\/cl\\\/\",\"name\":\"Inducom Chile\",\"description\":\"\",\"potentialAction\":[{\"@type\":\"SearchAction\",\"target\":{\"@type\":\"EntryPoint\",\"urlTemplate\":\"https:\\\/\\\/www.grupo-inducom.com\\\/cl\\\/?s={search_term_string}\"},\"query-input\":{\"@type\":\"PropertyValueSpecification\",\"valueRequired\":true,\"valueName\":\"search_term_string\"}}],\"inLanguage\":\"es\"}]}<\/script>\n<!-- \/ Yoast SEO plugin. -->","yoast_head_json":{"title":"Bomba para pozo profundo tipo lapiz - Inducom Chile","robots":{"index":"index","follow":"follow","max-snippet":"max-snippet:-1","max-image-preview":"max-image-preview:large","max-video-preview":"max-video-preview:-1"},"canonical":"https:\/\/www.grupo-inducom.com\/cl\/producto\/bomba-para-pozo-profundo-tipo-lapiz\/","og_locale":"es_ES","og_type":"article","og_title":"Bomba para pozo profundo tipo lapiz - Inducom Chile","og_description":"Marca: EBARA  Disponible en varios materiales.  Trif\u00e1sicas y mon\u00f3fasicas  Eficiencia y fiabilidad  Motor de alto rendimiento","og_url":"https:\/\/www.grupo-inducom.com\/cl\/producto\/bomba-para-pozo-profundo-tipo-lapiz\/","og_site_name":"Inducom Chile","article_modified_time":"2024-10-22T20:33:43+00:00","twitter_card":"summary_large_image","schema":{"@context":"https:\/\/schema.org","@graph":[{"@type":"WebPage","@id":"https:\/\/www.grupo-inducom.com\/cl\/producto\/bomba-para-pozo-profundo-tipo-lapiz\/","url":"https:\/\/www.grupo-inducom.com\/cl\/producto\/bomba-para-pozo-profundo-tipo-lapiz\/","name":"Bomba para pozo profundo tipo lapiz - Inducom Chile","isPartOf":{"@id":"https:\/\/www.grupo-inducom.com\/cl\/#website"},"primaryImageOfPage":{"@id":"https:\/\/www.grupo-inducom.com\/cl\/producto\/bomba-para-pozo-profundo-tipo-lapiz\/#primaryimage"},"image":{"@id":"https:\/\/www.grupo-inducom.com\/cl\/producto\/bomba-para-pozo-profundo-tipo-lapiz\/#primaryimage"},"thumbnailUrl":"https:\/\/www.grupo-inducom.com\/cl\/wp-content\/uploads\/sites\/11\/2024\/10\/31.png","datePublished":"2024-10-22T20:33:01+00:00","dateModified":"2024-10-22T20:33:43+00:00","breadcrumb":{"@id":"https:\/\/www.grupo-inducom.com\/cl\/producto\/bomba-para-pozo-profundo-tipo-lapiz\/#breadcrumb"},"inLanguage":"es","potentialAction":[{"@type":"ReadAction","target":["https:\/\/www.grupo-inducom.com\/cl\/producto\/bomba-para-pozo-profundo-tipo-lapiz\/"]}]},{"@type":"ImageObject","inLanguage":"es","@id":"https:\/\/www.grupo-inducom.com\/cl\/producto\/bomba-para-pozo-profundo-tipo-lapiz\/#primaryimage","url":"https:\/\/www.grupo-inducom.com\/cl\/wp-content\/uploads\/sites\/11\/2024\/10\/31.png","contentUrl":"https:\/\/www.grupo-inducom.com\/cl\/wp-content\/uploads\/sites\/11\/2024\/10\/31.png","width":300,"height":225},{"@type":"BreadcrumbList","@id":"https:\/\/www.grupo-inducom.com\/cl\/producto\/bomba-para-pozo-profundo-tipo-lapiz\/#breadcrumb","itemListElement":[{"@type":"ListItem","position":1,"name":"Portada","item":"https:\/\/www.grupo-inducom.com\/cl\/"},{"@type":"ListItem","position":2,"name":"Productos","item":"https:\/\/www.grupo-inducom.com\/cl\/tienda__trashed\/"},{"@type":"ListItem","position":3,"name":"Bomba para pozo profundo tipo lapiz"}]},{"@type":"WebSite","@id":"https:\/\/www.grupo-inducom.com\/cl\/#website","url":"https:\/\/www.grupo-inducom.com\/cl\/","name":"Inducom Chile","description":"","potentialAction":[{"@type":"SearchAction","target":{"@type":"EntryPoint","urlTemplate":"https:\/\/www.grupo-inducom.com\/cl\/?s={search_term_string}"},"query-input":{"@type":"PropertyValueSpecification","valueRequired":true,"valueName":"search_term_string"}}],"inLanguage":"es"}]}},"_links":{"self":[{"href":"https:\/\/www.grupo-inducom.com\/cl\/wp-json\/wp\/v2\/product\/230196","targetHints":{"allow":["GET"]}}],"collection":[{"href":"https:\/\/www.grupo-inducom.com\/cl\/wp-json\/wp\/v2\/product"}],"about":[{"href":"https:\/\/www.grupo-inducom.com\/cl\/wp-json\/wp\/v2\/types\/product"}],"replies":[{"embeddable":true,"href":"https:\/\/www.grupo-inducom.com\/cl\/wp-json\/wp\/v2\/comments?post=230196"}],"wp:featuredmedia":[{"embeddable":true,"href":"https:\/\/www.grupo-inducom.com\/cl\/wp-json\/wp\/v2\/media\/230247"}],"wp:attachment":[{"href":"https:\/\/www.grupo-inducom.com\/cl\/wp-json\/wp\/v2\/media?parent=230196"}],"wp:term":[{"taxonomy":"product_brand","embeddable":true,"href":"https:\/\/www.grupo-inducom.com\/cl\/wp-json\/wp\/v2\/product_brand?post=230196"},{"taxonomy":"product_cat","embeddable":true,"href":"https:\/\/www.grupo-inducom.com\/cl\/wp-json\/wp\/v2\/product_cat?post=230196"},{"taxonomy":"product_tag","embeddable":true,"href":"https:\/\/www.grupo-inducom.com\/cl\/wp-json\/wp\/v2\/product_tag?post=230196"}],"curies":[{"name":"wp","href":"https:\/\/api.w.org\/{rel}","templated":true}]}}