{"id":230194,"date":"2024-10-22T15:33:00","date_gmt":"2024-10-22T20:33:00","guid":{"rendered":"https:\/\/www.grupo-inducom.com\/cl\/?post_type=product&#038;p=230194"},"modified":"2024-10-22T15:33:41","modified_gmt":"2024-10-22T20:33:41","slug":"bomba-centrifuga-multietapa-vertical","status":"publish","type":"product","link":"https:\/\/www.grupo-inducom.com\/cl\/producto\/bomba-centrifuga-multietapa-vertical\/","title":{"rendered":"Bomba centr\u00edfuga multietapa vertical"},"content":{"rendered":"<p>La bomba\u00a0 multietapa\u00a0 EBARA como resultado de las investigaciones en la tecnolog\u00eda industrial se ha destacado por proteger y mejorar el medio ambiente permitiendo desarrollar productos de gran calidad del mismo modo se ha anticipado a las necesidades de la comunidad fabricando las bombas centrifugas multietapas verticales destacando que son de hierro fundido y con certificaci\u00f3n AISI 304. Como resultado permite satisfacer las mas variadas necesidades de bombeo domesticas e industriales tales como:<\/p>\n<p>&nbsp;<\/p>\n<ul>\n<li>Plantas de tratamiento de agua (\u00f3smosis inversa, filtraci\u00f3n, etc.),<\/li>\n<li>Sistemas\u00a0y equipos de riego,<\/li>\n<li>Equipos de lavado industrial,<\/li>\n<li>Alimentaci\u00f3n de calderas,<\/li>\n<li>Grupos de presurizaci\u00f3n y\u00a0contra incendios e incorporada a las m\u00e1s diversas aplicaciones industriales.<\/li>\n<li>Eje estriado garantiza una gran robustez\u00a0mec\u00e1nica.<\/li>\n<li>Los cojinetes en contacto con el l\u00edquido son de\u00a0carburo de tungsteno.<\/li>\n<li>Los anillos de cierre son de tipo flotante y f\u00e1ciles\u00a0de reemplazar.<\/li>\n<\/ul>\n<p>&nbsp;<\/p>\n","protected":false},"excerpt":{"rendered":"<ul>\n<li>Marca: EBARA<\/li>\n<li>Bomba vertical<\/li>\n<li>Dise\u00f1o de alta eficiencia<\/li>\n<li>Eje libre alta presi\u00f3n<\/li>\n<li>Variedad de sello mec\u00e1nicos<\/li>\n<li>Modelos en hierro fundido (EVMG)<\/li>\n<li>Resiste a qu\u00edmicos<\/li>\n<li>Monof\u00e1sicas y trif\u00e1sicas<\/li>\n<\/ul>\n","protected":false},"featured_media":230244,"comment_status":"closed","ping_status":"closed","template":"","meta":{"_acf_changed":false,"_et_pb_use_builder":"","_et_pb_old_content":"","_et_gb_content_width":"","content-type":""},"product_brand":[],"product_cat":[94],"product_tag":[92,95,142],"class_list":{"0":"post-230194","1":"product","2":"type-product","3":"status-publish","4":"has-post-thumbnail","6":"product_cat-bombas-centrifugas","7":"product_tag-bomba-vertical","8":"product_tag-bombas-centrifugas","9":"product_tag-ebara","11":"first","12":"instock","13":"shipping-taxable","14":"product-type-simple"},"acf":[],"yoast_head":"<!-- This site is optimized with the Yoast SEO plugin v27.4 - https:\/\/yoast.com\/product\/yoast-seo-wordpress\/ -->\n<title>Bomba centr\u00edfuga multietapa vertical - Inducom Chile<\/title>\n<meta name=\"robots\" content=\"index, follow, max-snippet:-1, max-image-preview:large, max-video-preview:-1\" \/>\n<link rel=\"canonical\" href=\"https:\/\/www.grupo-inducom.com\/cl\/producto\/bomba-centrifuga-multietapa-vertical\/\" \/>\n<meta property=\"og:locale\" content=\"es_ES\" \/>\n<meta property=\"og:type\" content=\"article\" \/>\n<meta property=\"og:title\" content=\"Bomba centr\u00edfuga multietapa vertical - Inducom Chile\" \/>\n<meta property=\"og:description\" content=\"Marca: EBARA  Bomba vertical  Dise\u00f1o de alta eficiencia  Eje libre alta presi\u00f3n  Variedad de sello mec\u00e1nicos  Modelos en hierro fundido (EVMG)  Resiste a qu\u00edmicos  Monof\u00e1sicas y trif\u00e1sicas\" \/>\n<meta property=\"og:url\" content=\"https:\/\/www.grupo-inducom.com\/cl\/producto\/bomba-centrifuga-multietapa-vertical\/\" \/>\n<meta property=\"og:site_name\" content=\"Inducom Chile\" \/>\n<meta property=\"article:modified_time\" content=\"2024-10-22T20:33:41+00:00\" \/>\n<meta name=\"twitter:card\" content=\"summary_large_image\" \/>\n<meta name=\"twitter:label1\" content=\"Tiempo de lectura\" \/>\n\t<meta name=\"twitter:data1\" content=\"1 minuto\" \/>\n<script type=\"application\/ld+json\" class=\"yoast-schema-graph\">{\"@context\":\"https:\\\/\\\/schema.org\",\"@graph\":[{\"@type\":\"WebPage\",\"@id\":\"https:\\\/\\\/www.grupo-inducom.com\\\/cl\\\/producto\\\/bomba-centrifuga-multietapa-vertical\\\/\",\"url\":\"https:\\\/\\\/www.grupo-inducom.com\\\/cl\\\/producto\\\/bomba-centrifuga-multietapa-vertical\\\/\",\"name\":\"Bomba centr\u00edfuga multietapa vertical - Inducom Chile\",\"isPartOf\":{\"@id\":\"https:\\\/\\\/www.grupo-inducom.com\\\/cl\\\/#website\"},\"primaryImageOfPage\":{\"@id\":\"https:\\\/\\\/www.grupo-inducom.com\\\/cl\\\/producto\\\/bomba-centrifuga-multietapa-vertical\\\/#primaryimage\"},\"image\":{\"@id\":\"https:\\\/\\\/www.grupo-inducom.com\\\/cl\\\/producto\\\/bomba-centrifuga-multietapa-vertical\\\/#primaryimage\"},\"thumbnailUrl\":\"https:\\\/\\\/www.grupo-inducom.com\\\/cl\\\/wp-content\\\/uploads\\\/sites\\\/11\\\/2024\\\/10\\\/8-2.webp\",\"datePublished\":\"2024-10-22T20:33:00+00:00\",\"dateModified\":\"2024-10-22T20:33:41+00:00\",\"breadcrumb\":{\"@id\":\"https:\\\/\\\/www.grupo-inducom.com\\\/cl\\\/producto\\\/bomba-centrifuga-multietapa-vertical\\\/#breadcrumb\"},\"inLanguage\":\"es\",\"potentialAction\":[{\"@type\":\"ReadAction\",\"target\":[\"https:\\\/\\\/www.grupo-inducom.com\\\/cl\\\/producto\\\/bomba-centrifuga-multietapa-vertical\\\/\"]}]},{\"@type\":\"ImageObject\",\"inLanguage\":\"es\",\"@id\":\"https:\\\/\\\/www.grupo-inducom.com\\\/cl\\\/producto\\\/bomba-centrifuga-multietapa-vertical\\\/#primaryimage\",\"url\":\"https:\\\/\\\/www.grupo-inducom.com\\\/cl\\\/wp-content\\\/uploads\\\/sites\\\/11\\\/2024\\\/10\\\/8-2.webp\",\"contentUrl\":\"https:\\\/\\\/www.grupo-inducom.com\\\/cl\\\/wp-content\\\/uploads\\\/sites\\\/11\\\/2024\\\/10\\\/8-2.webp\",\"width\":300,\"height\":225},{\"@type\":\"BreadcrumbList\",\"@id\":\"https:\\\/\\\/www.grupo-inducom.com\\\/cl\\\/producto\\\/bomba-centrifuga-multietapa-vertical\\\/#breadcrumb\",\"itemListElement\":[{\"@type\":\"ListItem\",\"position\":1,\"name\":\"Portada\",\"item\":\"https:\\\/\\\/www.grupo-inducom.com\\\/cl\\\/\"},{\"@type\":\"ListItem\",\"position\":2,\"name\":\"Productos\",\"item\":\"https:\\\/\\\/www.grupo-inducom.com\\\/cl\\\/tienda__trashed\\\/\"},{\"@type\":\"ListItem\",\"position\":3,\"name\":\"Bomba centr\u00edfuga multietapa vertical\"}]},{\"@type\":\"WebSite\",\"@id\":\"https:\\\/\\\/www.grupo-inducom.com\\\/cl\\\/#website\",\"url\":\"https:\\\/\\\/www.grupo-inducom.com\\\/cl\\\/\",\"name\":\"Inducom Chile\",\"description\":\"\",\"potentialAction\":[{\"@type\":\"SearchAction\",\"target\":{\"@type\":\"EntryPoint\",\"urlTemplate\":\"https:\\\/\\\/www.grupo-inducom.com\\\/cl\\\/?s={search_term_string}\"},\"query-input\":{\"@type\":\"PropertyValueSpecification\",\"valueRequired\":true,\"valueName\":\"search_term_string\"}}],\"inLanguage\":\"es\"}]}<\/script>\n<!-- \/ Yoast SEO plugin. -->","yoast_head_json":{"title":"Bomba centr\u00edfuga multietapa vertical - Inducom Chile","robots":{"index":"index","follow":"follow","max-snippet":"max-snippet:-1","max-image-preview":"max-image-preview:large","max-video-preview":"max-video-preview:-1"},"canonical":"https:\/\/www.grupo-inducom.com\/cl\/producto\/bomba-centrifuga-multietapa-vertical\/","og_locale":"es_ES","og_type":"article","og_title":"Bomba centr\u00edfuga multietapa vertical - Inducom Chile","og_description":"Marca: EBARA  Bomba vertical  Dise\u00f1o de alta eficiencia  Eje libre alta presi\u00f3n  Variedad de sello mec\u00e1nicos  Modelos en hierro fundido (EVMG)  Resiste a qu\u00edmicos  Monof\u00e1sicas y trif\u00e1sicas","og_url":"https:\/\/www.grupo-inducom.com\/cl\/producto\/bomba-centrifuga-multietapa-vertical\/","og_site_name":"Inducom Chile","article_modified_time":"2024-10-22T20:33:41+00:00","twitter_card":"summary_large_image","twitter_misc":{"Tiempo de lectura":"1 minuto"},"schema":{"@context":"https:\/\/schema.org","@graph":[{"@type":"WebPage","@id":"https:\/\/www.grupo-inducom.com\/cl\/producto\/bomba-centrifuga-multietapa-vertical\/","url":"https:\/\/www.grupo-inducom.com\/cl\/producto\/bomba-centrifuga-multietapa-vertical\/","name":"Bomba centr\u00edfuga multietapa vertical - Inducom Chile","isPartOf":{"@id":"https:\/\/www.grupo-inducom.com\/cl\/#website"},"primaryImageOfPage":{"@id":"https:\/\/www.grupo-inducom.com\/cl\/producto\/bomba-centrifuga-multietapa-vertical\/#primaryimage"},"image":{"@id":"https:\/\/www.grupo-inducom.com\/cl\/producto\/bomba-centrifuga-multietapa-vertical\/#primaryimage"},"thumbnailUrl":"https:\/\/www.grupo-inducom.com\/cl\/wp-content\/uploads\/sites\/11\/2024\/10\/8-2.webp","datePublished":"2024-10-22T20:33:00+00:00","dateModified":"2024-10-22T20:33:41+00:00","breadcrumb":{"@id":"https:\/\/www.grupo-inducom.com\/cl\/producto\/bomba-centrifuga-multietapa-vertical\/#breadcrumb"},"inLanguage":"es","potentialAction":[{"@type":"ReadAction","target":["https:\/\/www.grupo-inducom.com\/cl\/producto\/bomba-centrifuga-multietapa-vertical\/"]}]},{"@type":"ImageObject","inLanguage":"es","@id":"https:\/\/www.grupo-inducom.com\/cl\/producto\/bomba-centrifuga-multietapa-vertical\/#primaryimage","url":"https:\/\/www.grupo-inducom.com\/cl\/wp-content\/uploads\/sites\/11\/2024\/10\/8-2.webp","contentUrl":"https:\/\/www.grupo-inducom.com\/cl\/wp-content\/uploads\/sites\/11\/2024\/10\/8-2.webp","width":300,"height":225},{"@type":"BreadcrumbList","@id":"https:\/\/www.grupo-inducom.com\/cl\/producto\/bomba-centrifuga-multietapa-vertical\/#breadcrumb","itemListElement":[{"@type":"ListItem","position":1,"name":"Portada","item":"https:\/\/www.grupo-inducom.com\/cl\/"},{"@type":"ListItem","position":2,"name":"Productos","item":"https:\/\/www.grupo-inducom.com\/cl\/tienda__trashed\/"},{"@type":"ListItem","position":3,"name":"Bomba centr\u00edfuga multietapa vertical"}]},{"@type":"WebSite","@id":"https:\/\/www.grupo-inducom.com\/cl\/#website","url":"https:\/\/www.grupo-inducom.com\/cl\/","name":"Inducom Chile","description":"","potentialAction":[{"@type":"SearchAction","target":{"@type":"EntryPoint","urlTemplate":"https:\/\/www.grupo-inducom.com\/cl\/?s={search_term_string}"},"query-input":{"@type":"PropertyValueSpecification","valueRequired":true,"valueName":"search_term_string"}}],"inLanguage":"es"}]}},"_links":{"self":[{"href":"https:\/\/www.grupo-inducom.com\/cl\/wp-json\/wp\/v2\/product\/230194","targetHints":{"allow":["GET"]}}],"collection":[{"href":"https:\/\/www.grupo-inducom.com\/cl\/wp-json\/wp\/v2\/product"}],"about":[{"href":"https:\/\/www.grupo-inducom.com\/cl\/wp-json\/wp\/v2\/types\/product"}],"replies":[{"embeddable":true,"href":"https:\/\/www.grupo-inducom.com\/cl\/wp-json\/wp\/v2\/comments?post=230194"}],"wp:featuredmedia":[{"embeddable":true,"href":"https:\/\/www.grupo-inducom.com\/cl\/wp-json\/wp\/v2\/media\/230244"}],"wp:attachment":[{"href":"https:\/\/www.grupo-inducom.com\/cl\/wp-json\/wp\/v2\/media?parent=230194"}],"wp:term":[{"taxonomy":"product_brand","embeddable":true,"href":"https:\/\/www.grupo-inducom.com\/cl\/wp-json\/wp\/v2\/product_brand?post=230194"},{"taxonomy":"product_cat","embeddable":true,"href":"https:\/\/www.grupo-inducom.com\/cl\/wp-json\/wp\/v2\/product_cat?post=230194"},{"taxonomy":"product_tag","embeddable":true,"href":"https:\/\/www.grupo-inducom.com\/cl\/wp-json\/wp\/v2\/product_tag?post=230194"}],"curies":[{"name":"wp","href":"https:\/\/api.w.org\/{rel}","templated":true}]}}